{"id":28917,"date":"2023-05-10T13:47:25","date_gmt":"2023-05-10T11:47:25","guid":{"rendered":"https:\/\/librairie7l.com\/?post_type=product&#038;p=28917"},"modified":"2026-04-06T17:19:32","modified_gmt":"2026-04-06T15:19:32","slug":"leila-menchari-la-reine-mage","status":"publish","type":"product","link":"https:\/\/librairie7l.com\/en\/produit\/leila-menchari-la-reine-mage\/","title":{"rendered":"LE\u00cfLA MENCHARI, LA REINE MAGE"},"content":{"rendered":"<p>Le\u00efla Menchari a pr\u00e9sid\u00e9, entre 1978 et 2013, \u00e0 la d\u00e9coration de la prestigieuse maison Herm\u00e8s. Ses vitrines retracent une histoire exceptionnelle commenc\u00e9e dans les ann\u00e9es 1930 du c\u00f4t\u00e9 de Tunis. Mich\u00e8le Gazier fait ici le r\u00e9cit de vie et de cette oeuvre ancr\u00e9s dans des lieux et des rencontres d&#8217;exception.<\/p>\n","protected":false},"excerpt":{"rendered":"<p>Le\u00efla Menchari a pr\u00e9sid\u00e9, entre 1978 et 2013, \u00e0 la d\u00e9coration de la prestigieuse maison Herm\u00e8s. Ses vitrines retracent une histoire exceptionnelle commenc\u00e9e dans les ann\u00e9es 1930 du c\u00f4t\u00e9 de Tunis. Mich\u00e8le Gazier fait ici le r\u00e9cit de vie et de cette oeuvre ancr\u00e9s dans des lieux et des rencontres d&#8217;exception.<\/p>\n","protected":false},"featured_media":28915,"template":"","meta":[],"product_cat":[55,2948,2957,19],"product_tag":[],"acf":[],"yoast_head":"<!-- This site is optimized with the Yoast SEO plugin v20.11 - https:\/\/yoast.com\/wordpress\/plugins\/seo\/ -->\n<title>LE\u00cfLA MENCHARI, LA REINE MAGE - Librairie 7L<\/title>\n<meta name=\"robots\" content=\"index, follow, max-snippet:-1, max-image-preview:large, max-video-preview:-1\" \/>\n<link rel=\"canonical\" href=\"https:\/\/librairie7l.com\/en\/produit\/leila-menchari-la-reine-mage\/\" \/>\n<meta property=\"og:locale\" content=\"en_US\" \/>\n<meta property=\"og:type\" content=\"article\" \/>\n<meta property=\"og:title\" content=\"LE\u00cfLA MENCHARI, LA REINE MAGE - Librairie 7L\" \/>\n<meta property=\"og:description\" content=\"Le\u00efla Menchari a pr\u00e9sid\u00e9, entre 1978 et 2013, \u00e0 la d\u00e9coration de la prestigieuse maison Herm\u00e8s. Ses vitrines retracent une histoire exceptionnelle commenc\u00e9e dans les ann\u00e9es 1930 du c\u00f4t\u00e9 de Tunis. Mich\u00e8le Gazier fait ici le r\u00e9cit de vie et de cette oeuvre ancr\u00e9s dans des lieux et des rencontres d&#8217;exception.\" \/>\n<meta property=\"og:url\" content=\"https:\/\/librairie7l.com\/en\/produit\/leila-menchari-la-reine-mage\/\" \/>\n<meta property=\"og:site_name\" content=\"Librairie 7L\" \/>\n<meta property=\"article:modified_time\" content=\"2026-04-06T15:19:32+00:00\" \/>\n<meta property=\"og:image\" content=\"https:\/\/librairie7l.com\/wp-content\/uploads\/2017\/06\/9782330084141_1_75.jpg\" \/>\n\t<meta property=\"og:image:width\" content=\"600\" \/>\n\t<meta property=\"og:image:height\" content=\"902\" \/>\n\t<meta property=\"og:image:type\" content=\"image\/jpeg\" \/>\n<meta name=\"twitter:card\" content=\"summary_large_image\" \/>\n<script type=\"application\/ld+json\" class=\"yoast-schema-graph\">{\"@context\":\"https:\/\/schema.org\",\"@graph\":[{\"@type\":\"WebPage\",\"@id\":\"https:\/\/librairie7l.com\/en\/produit\/leila-menchari-la-reine-mage\/\",\"url\":\"https:\/\/librairie7l.com\/en\/produit\/leila-menchari-la-reine-mage\/\",\"name\":\"LE\u00cfLA MENCHARI, LA REINE MAGE - Librairie 7L\",\"isPartOf\":{\"@id\":\"https:\/\/librairie7l.com\/en\/#website\"},\"datePublished\":\"2023-05-10T11:47:25+00:00\",\"dateModified\":\"2026-04-06T15:19:32+00:00\",\"breadcrumb\":{\"@id\":\"https:\/\/librairie7l.com\/en\/produit\/leila-menchari-la-reine-mage\/#breadcrumb\"},\"inLanguage\":\"en-US\",\"potentialAction\":[{\"@type\":\"ReadAction\",\"target\":[\"https:\/\/librairie7l.com\/en\/produit\/leila-menchari-la-reine-mage\/\"]}]},{\"@type\":\"BreadcrumbList\",\"@id\":\"https:\/\/librairie7l.com\/en\/produit\/leila-menchari-la-reine-mage\/#breadcrumb\",\"itemListElement\":[{\"@type\":\"ListItem\",\"position\":1,\"name\":\"Accueil\",\"item\":\"https:\/\/librairie7l.com\/en\/\"},{\"@type\":\"ListItem\",\"position\":2,\"name\":\"Shop\",\"item\":\"https:\/\/librairie7l.com\/en\/shop\/\"},{\"@type\":\"ListItem\",\"position\":3,\"name\":\"LE\u00cfLA MENCHARI, LA REINE MAGE\"}]},{\"@type\":\"WebSite\",\"@id\":\"https:\/\/librairie7l.com\/en\/#website\",\"url\":\"https:\/\/librairie7l.com\/en\/\",\"name\":\"Librairie 7L\",\"description\":\"Librairie fond\u00e9e en 1999 par Karl Lagerfeld \u00e0 Paris\",\"publisher\":{\"@id\":\"https:\/\/librairie7l.com\/en\/#organization\"},\"potentialAction\":[{\"@type\":\"SearchAction\",\"target\":{\"@type\":\"EntryPoint\",\"urlTemplate\":\"https:\/\/librairie7l.com\/en\/?s={search_term_string}\"},\"query-input\":\"required name=search_term_string\"}],\"inLanguage\":\"en-US\"},{\"@type\":\"Organization\",\"@id\":\"https:\/\/librairie7l.com\/en\/#organization\",\"name\":\"Librairie 7L\",\"url\":\"https:\/\/librairie7l.com\/en\/\",\"logo\":{\"@type\":\"ImageObject\",\"inLanguage\":\"en-US\",\"@id\":\"https:\/\/librairie7l.com\/en\/#\/schema\/logo\/image\/\",\"url\":\"https:\/\/librairie7l.com\/wp-content\/uploads\/2022\/08\/logo-1.png\",\"contentUrl\":\"https:\/\/librairie7l.com\/wp-content\/uploads\/2022\/08\/logo-1.png\",\"width\":227,\"height\":301,\"caption\":\"Librairie 7L\"},\"image\":{\"@id\":\"https:\/\/librairie7l.com\/en\/#\/schema\/logo\/image\/\"}}]}<\/script>\n<!-- \/ Yoast SEO plugin. -->","yoast_head_json":{"title":"LE\u00cfLA MENCHARI, LA REINE MAGE - Librairie 7L","robots":{"index":"index","follow":"follow","max-snippet":"max-snippet:-1","max-image-preview":"max-image-preview:large","max-video-preview":"max-video-preview:-1"},"canonical":"https:\/\/librairie7l.com\/en\/produit\/leila-menchari-la-reine-mage\/","og_locale":"en_US","og_type":"article","og_title":"LE\u00cfLA MENCHARI, LA REINE MAGE - Librairie 7L","og_description":"Le\u00efla Menchari a pr\u00e9sid\u00e9, entre 1978 et 2013, \u00e0 la d\u00e9coration de la prestigieuse maison Herm\u00e8s. Ses vitrines retracent une histoire exceptionnelle commenc\u00e9e dans les ann\u00e9es 1930 du c\u00f4t\u00e9 de Tunis. Mich\u00e8le Gazier fait ici le r\u00e9cit de vie et de cette oeuvre ancr\u00e9s dans des lieux et des rencontres d&#8217;exception.","og_url":"https:\/\/librairie7l.com\/en\/produit\/leila-menchari-la-reine-mage\/","og_site_name":"Librairie 7L","article_modified_time":"2026-04-06T15:19:32+00:00","og_image":[{"width":600,"height":902,"url":"https:\/\/librairie7l.com\/wp-content\/uploads\/2017\/06\/9782330084141_1_75.jpg","type":"image\/jpeg"}],"twitter_card":"summary_large_image","schema":{"@context":"https:\/\/schema.org","@graph":[{"@type":"WebPage","@id":"https:\/\/librairie7l.com\/en\/produit\/leila-menchari-la-reine-mage\/","url":"https:\/\/librairie7l.com\/en\/produit\/leila-menchari-la-reine-mage\/","name":"LE\u00cfLA MENCHARI, LA REINE MAGE - Librairie 7L","isPartOf":{"@id":"https:\/\/librairie7l.com\/en\/#website"},"datePublished":"2023-05-10T11:47:25+00:00","dateModified":"2026-04-06T15:19:32+00:00","breadcrumb":{"@id":"https:\/\/librairie7l.com\/en\/produit\/leila-menchari-la-reine-mage\/#breadcrumb"},"inLanguage":"en-US","potentialAction":[{"@type":"ReadAction","target":["https:\/\/librairie7l.com\/en\/produit\/leila-menchari-la-reine-mage\/"]}]},{"@type":"BreadcrumbList","@id":"https:\/\/librairie7l.com\/en\/produit\/leila-menchari-la-reine-mage\/#breadcrumb","itemListElement":[{"@type":"ListItem","position":1,"name":"Accueil","item":"https:\/\/librairie7l.com\/en\/"},{"@type":"ListItem","position":2,"name":"Shop","item":"https:\/\/librairie7l.com\/en\/shop\/"},{"@type":"ListItem","position":3,"name":"LE\u00cfLA MENCHARI, LA REINE MAGE"}]},{"@type":"WebSite","@id":"https:\/\/librairie7l.com\/en\/#website","url":"https:\/\/librairie7l.com\/en\/","name":"Librairie 7L","description":"Librairie fond\u00e9e en 1999 par Karl Lagerfeld \u00e0 Paris","publisher":{"@id":"https:\/\/librairie7l.com\/en\/#organization"},"potentialAction":[{"@type":"SearchAction","target":{"@type":"EntryPoint","urlTemplate":"https:\/\/librairie7l.com\/en\/?s={search_term_string}"},"query-input":"required name=search_term_string"}],"inLanguage":"en-US"},{"@type":"Organization","@id":"https:\/\/librairie7l.com\/en\/#organization","name":"Librairie 7L","url":"https:\/\/librairie7l.com\/en\/","logo":{"@type":"ImageObject","inLanguage":"en-US","@id":"https:\/\/librairie7l.com\/en\/#\/schema\/logo\/image\/","url":"https:\/\/librairie7l.com\/wp-content\/uploads\/2022\/08\/logo-1.png","contentUrl":"https:\/\/librairie7l.com\/wp-content\/uploads\/2022\/08\/logo-1.png","width":227,"height":301,"caption":"Librairie 7L"},"image":{"@id":"https:\/\/librairie7l.com\/en\/#\/schema\/logo\/image\/"}}]}},"_links":{"self":[{"href":"https:\/\/librairie7l.com\/en\/wp-json\/wp\/v2\/product\/28917"}],"collection":[{"href":"https:\/\/librairie7l.com\/en\/wp-json\/wp\/v2\/product"}],"about":[{"href":"https:\/\/librairie7l.com\/en\/wp-json\/wp\/v2\/types\/product"}],"wp:featuredmedia":[{"embeddable":true,"href":"https:\/\/librairie7l.com\/en\/wp-json\/wp\/v2\/media\/28915"}],"wp:attachment":[{"href":"https:\/\/librairie7l.com\/en\/wp-json\/wp\/v2\/media?parent=28917"}],"wp:term":[{"taxonomy":"product_cat","embeddable":true,"href":"https:\/\/librairie7l.com\/en\/wp-json\/wp\/v2\/product_cat?post=28917"},{"taxonomy":"product_tag","embeddable":true,"href":"https:\/\/librairie7l.com\/en\/wp-json\/wp\/v2\/product_tag?post=28917"}],"curies":[{"name":"wp","href":"https:\/\/api.w.org\/{rel}","templated":true}]}}