{"id":28921,"date":"2023-05-10T13:47:28","date_gmt":"2023-05-10T11:47:28","guid":{"rendered":"https:\/\/librairie7l.com\/?post_type=product&#038;p=28921"},"modified":"2026-04-09T19:37:20","modified_gmt":"2026-04-09T17:37:20","slug":"de-la-tete-aux-pieds-accessoires-du-monde-chapeaux-sacs-chaussures","status":"publish","type":"product","link":"https:\/\/librairie7l.com\/en\/produit\/de-la-tete-aux-pieds-accessoires-du-monde-chapeaux-sacs-chaussures\/","title":{"rendered":"DE LA T\u00caTE AUX PIEDS ; ACCESSOIRES DU MONDE : CHAPEAUX, SACS, CHAUSSURES"},"content":{"rendered":"<p>300 accessoires du monde entier.<\/p>\n<p>Depuis sa toute premi\u00e8re aum\u00f4ni\u00e8re, confectionn\u00e9e en 1977 pour sa marque de v\u00eatements \u00c0 La Bonne Renomm\u00e9e, la styliste Catherine Legrand n&#8217;a jamais cess\u00e9 de s&#8217;int\u00e9resser aux accessoires. Entre nostalgie pour les colifichets du pass\u00e9 et fascination pour l&#8217;immense richesse des accessoires ethniques, elle chine, collectionne, voyage et note tous les d\u00e9tails qui font l&#8217;\u00e9l\u00e9gance d&#8217;une tenue et la singularit\u00e9 d&#8217;une personne. Elle nous invite \u00e0 un tour du monde des accessoires, du Japon au P\u00e9rou, en passant par Madagascar, la Finlande ou la Chine, comme une source d&#8217;inspiration in\u00e9puisable, un catalogue des formes et des savoir-faire, une invitation au r\u00eave&#8230;<\/p>\n<p>Catherine Legrand participe en tant que graphiste \u00e0 la fondation du Th\u00e9\u00e2tre du Soleil en 1963. Maquettiste \u00e0 New York et Paris, elle devient ensuite cr\u00e9atrice textile et styliste. Elle cr\u00e9e la marque \u00c0 La Bonne Renomm\u00e9e et ouvre avec une amie, en 1977, une boutique o\u00f9 sont expos\u00e9es leurs cr\u00e9ations con\u00e7ues autour de th\u00e8mes ethniques. Elle a publi\u00e9 plusieurs ouvrages aux \u00c9ditions de La Martini\u00e8re : Textiles et v\u00eatements du monde (2007), Carnet d&#8217;inspirations textiles (2008) et Indigo. P\u00e9riple bleu d&#8217;une cr\u00e9atrice textile (2012). Enfin, elle est \u00e0 l&#8217;initiative de l&#8217;exposition \u00ab Indigo. V\u00eatements et textiles \u00bb, accueillie par plusieurs mus\u00e9es en France et \u00e0 l&#8217;\u00e9tranger.<\/p>\n<p>Sophie Tramier photographie les univers de la gastronomie, de l&#8217;art de vivre, du luxe et du design tant pour l&#8217;\u00e9dition que pour la presse. La singularit\u00e9 de son regard, avec ses mises en sc\u00e8ne po\u00e9tiques et la magie de sa lumi\u00e8re, signe son style. Aux \u00c9ditions de La Martini\u00e8re, elle a publi\u00e9 P\u00eaches de haute mer (2006).<\/p>\n","protected":false},"excerpt":{"rendered":"<p>300 accessoires du monde entier. Depuis sa toute premi\u00e8re aum\u00f4ni\u00e8re, confectionn\u00e9e en 1977 pour sa marque de v\u00eatements \u00c0 La Bonne Renomm\u00e9e, la styliste Catherine Legrand n&#8217;a jamais cess\u00e9 de s&#8217;int\u00e9resser aux accessoires. Entre nostalgie pour les colifichets du pass\u00e9 et fascination pour l&#8217;immense richesse des accessoires ethniques, elle chine, collectionne, voyage et note tous [&hellip;]<\/p>\n","protected":false},"featured_media":28919,"template":"","meta":[],"product_cat":[55,2948,2957,19],"product_tag":[],"acf":[],"yoast_head":"<!-- This site is optimized with the Yoast SEO plugin v20.11 - https:\/\/yoast.com\/wordpress\/plugins\/seo\/ -->\n<title>DE LA T\u00caTE AUX PIEDS ; ACCESSOIRES DU MONDE : CHAPEAUX, SACS, CHAUSSURES - Librairie 7L<\/title>\n<meta name=\"robots\" content=\"index, follow, max-snippet:-1, max-image-preview:large, max-video-preview:-1\" \/>\n<link rel=\"canonical\" href=\"https:\/\/librairie7l.com\/en\/produit\/de-la-tete-aux-pieds-accessoires-du-monde-chapeaux-sacs-chaussures\/\" \/>\n<meta property=\"og:locale\" content=\"en_US\" \/>\n<meta property=\"og:type\" content=\"article\" \/>\n<meta property=\"og:title\" content=\"DE LA T\u00caTE AUX PIEDS ; ACCESSOIRES DU MONDE : CHAPEAUX, SACS, CHAUSSURES - Librairie 7L\" \/>\n<meta property=\"og:description\" content=\"300 accessoires du monde entier. Depuis sa toute premi\u00e8re aum\u00f4ni\u00e8re, confectionn\u00e9e en 1977 pour sa marque de v\u00eatements \u00c0 La Bonne Renomm\u00e9e, la styliste Catherine Legrand n&#8217;a jamais cess\u00e9 de s&#8217;int\u00e9resser aux accessoires. Entre nostalgie pour les colifichets du pass\u00e9 et fascination pour l&#8217;immense richesse des accessoires ethniques, elle chine, collectionne, voyage et note tous [&hellip;]\" \/>\n<meta property=\"og:url\" content=\"https:\/\/librairie7l.com\/en\/produit\/de-la-tete-aux-pieds-accessoires-du-monde-chapeaux-sacs-chaussures\/\" \/>\n<meta property=\"og:site_name\" content=\"Librairie 7L\" \/>\n<meta property=\"article:modified_time\" content=\"2026-04-09T17:37:20+00:00\" \/>\n<meta property=\"og:image\" content=\"https:\/\/librairie7l.com\/wp-content\/uploads\/2017\/06\/9782732480008_1_75.jpg\" \/>\n\t<meta property=\"og:image:width\" content=\"400\" \/>\n\t<meta property=\"og:image:height\" content=\"516\" \/>\n\t<meta property=\"og:image:type\" content=\"image\/jpeg\" \/>\n<meta name=\"twitter:card\" content=\"summary_large_image\" \/>\n<meta name=\"twitter:label1\" content=\"Est. reading time\" \/>\n\t<meta name=\"twitter:data1\" content=\"1 minute\" \/>\n<script type=\"application\/ld+json\" class=\"yoast-schema-graph\">{\"@context\":\"https:\/\/schema.org\",\"@graph\":[{\"@type\":\"WebPage\",\"@id\":\"https:\/\/librairie7l.com\/en\/produit\/de-la-tete-aux-pieds-accessoires-du-monde-chapeaux-sacs-chaussures\/\",\"url\":\"https:\/\/librairie7l.com\/en\/produit\/de-la-tete-aux-pieds-accessoires-du-monde-chapeaux-sacs-chaussures\/\",\"name\":\"DE LA T\u00caTE AUX PIEDS ; ACCESSOIRES DU MONDE : CHAPEAUX, SACS, CHAUSSURES - Librairie 7L\",\"isPartOf\":{\"@id\":\"https:\/\/librairie7l.com\/en\/#website\"},\"datePublished\":\"2023-05-10T11:47:28+00:00\",\"dateModified\":\"2026-04-09T17:37:20+00:00\",\"breadcrumb\":{\"@id\":\"https:\/\/librairie7l.com\/en\/produit\/de-la-tete-aux-pieds-accessoires-du-monde-chapeaux-sacs-chaussures\/#breadcrumb\"},\"inLanguage\":\"en-US\",\"potentialAction\":[{\"@type\":\"ReadAction\",\"target\":[\"https:\/\/librairie7l.com\/en\/produit\/de-la-tete-aux-pieds-accessoires-du-monde-chapeaux-sacs-chaussures\/\"]}]},{\"@type\":\"BreadcrumbList\",\"@id\":\"https:\/\/librairie7l.com\/en\/produit\/de-la-tete-aux-pieds-accessoires-du-monde-chapeaux-sacs-chaussures\/#breadcrumb\",\"itemListElement\":[{\"@type\":\"ListItem\",\"position\":1,\"name\":\"Accueil\",\"item\":\"https:\/\/librairie7l.com\/en\/\"},{\"@type\":\"ListItem\",\"position\":2,\"name\":\"Shop\",\"item\":\"https:\/\/librairie7l.com\/en\/shop\/\"},{\"@type\":\"ListItem\",\"position\":3,\"name\":\"DE LA T\u00caTE AUX PIEDS ; ACCESSOIRES DU MONDE : CHAPEAUX, SACS, CHAUSSURES\"}]},{\"@type\":\"WebSite\",\"@id\":\"https:\/\/librairie7l.com\/en\/#website\",\"url\":\"https:\/\/librairie7l.com\/en\/\",\"name\":\"Librairie 7L\",\"description\":\"Librairie fond\u00e9e en 1999 par Karl Lagerfeld \u00e0 Paris\",\"publisher\":{\"@id\":\"https:\/\/librairie7l.com\/en\/#organization\"},\"potentialAction\":[{\"@type\":\"SearchAction\",\"target\":{\"@type\":\"EntryPoint\",\"urlTemplate\":\"https:\/\/librairie7l.com\/en\/?s={search_term_string}\"},\"query-input\":\"required name=search_term_string\"}],\"inLanguage\":\"en-US\"},{\"@type\":\"Organization\",\"@id\":\"https:\/\/librairie7l.com\/en\/#organization\",\"name\":\"Librairie 7L\",\"url\":\"https:\/\/librairie7l.com\/en\/\",\"logo\":{\"@type\":\"ImageObject\",\"inLanguage\":\"en-US\",\"@id\":\"https:\/\/librairie7l.com\/en\/#\/schema\/logo\/image\/\",\"url\":\"https:\/\/librairie7l.com\/wp-content\/uploads\/2022\/08\/logo-1.png\",\"contentUrl\":\"https:\/\/librairie7l.com\/wp-content\/uploads\/2022\/08\/logo-1.png\",\"width\":227,\"height\":301,\"caption\":\"Librairie 7L\"},\"image\":{\"@id\":\"https:\/\/librairie7l.com\/en\/#\/schema\/logo\/image\/\"}}]}<\/script>\n<!-- \/ Yoast SEO plugin. -->","yoast_head_json":{"title":"DE LA T\u00caTE AUX PIEDS ; ACCESSOIRES DU MONDE : CHAPEAUX, SACS, CHAUSSURES - Librairie 7L","robots":{"index":"index","follow":"follow","max-snippet":"max-snippet:-1","max-image-preview":"max-image-preview:large","max-video-preview":"max-video-preview:-1"},"canonical":"https:\/\/librairie7l.com\/en\/produit\/de-la-tete-aux-pieds-accessoires-du-monde-chapeaux-sacs-chaussures\/","og_locale":"en_US","og_type":"article","og_title":"DE LA T\u00caTE AUX PIEDS ; ACCESSOIRES DU MONDE : CHAPEAUX, SACS, CHAUSSURES - Librairie 7L","og_description":"300 accessoires du monde entier. Depuis sa toute premi\u00e8re aum\u00f4ni\u00e8re, confectionn\u00e9e en 1977 pour sa marque de v\u00eatements \u00c0 La Bonne Renomm\u00e9e, la styliste Catherine Legrand n&#8217;a jamais cess\u00e9 de s&#8217;int\u00e9resser aux accessoires. Entre nostalgie pour les colifichets du pass\u00e9 et fascination pour l&#8217;immense richesse des accessoires ethniques, elle chine, collectionne, voyage et note tous [&hellip;]","og_url":"https:\/\/librairie7l.com\/en\/produit\/de-la-tete-aux-pieds-accessoires-du-monde-chapeaux-sacs-chaussures\/","og_site_name":"Librairie 7L","article_modified_time":"2026-04-09T17:37:20+00:00","og_image":[{"width":400,"height":516,"url":"https:\/\/librairie7l.com\/wp-content\/uploads\/2017\/06\/9782732480008_1_75.jpg","type":"image\/jpeg"}],"twitter_card":"summary_large_image","twitter_misc":{"Est. reading time":"1 minute"},"schema":{"@context":"https:\/\/schema.org","@graph":[{"@type":"WebPage","@id":"https:\/\/librairie7l.com\/en\/produit\/de-la-tete-aux-pieds-accessoires-du-monde-chapeaux-sacs-chaussures\/","url":"https:\/\/librairie7l.com\/en\/produit\/de-la-tete-aux-pieds-accessoires-du-monde-chapeaux-sacs-chaussures\/","name":"DE LA T\u00caTE AUX PIEDS ; ACCESSOIRES DU MONDE : CHAPEAUX, SACS, CHAUSSURES - Librairie 7L","isPartOf":{"@id":"https:\/\/librairie7l.com\/en\/#website"},"datePublished":"2023-05-10T11:47:28+00:00","dateModified":"2026-04-09T17:37:20+00:00","breadcrumb":{"@id":"https:\/\/librairie7l.com\/en\/produit\/de-la-tete-aux-pieds-accessoires-du-monde-chapeaux-sacs-chaussures\/#breadcrumb"},"inLanguage":"en-US","potentialAction":[{"@type":"ReadAction","target":["https:\/\/librairie7l.com\/en\/produit\/de-la-tete-aux-pieds-accessoires-du-monde-chapeaux-sacs-chaussures\/"]}]},{"@type":"BreadcrumbList","@id":"https:\/\/librairie7l.com\/en\/produit\/de-la-tete-aux-pieds-accessoires-du-monde-chapeaux-sacs-chaussures\/#breadcrumb","itemListElement":[{"@type":"ListItem","position":1,"name":"Accueil","item":"https:\/\/librairie7l.com\/en\/"},{"@type":"ListItem","position":2,"name":"Shop","item":"https:\/\/librairie7l.com\/en\/shop\/"},{"@type":"ListItem","position":3,"name":"DE LA T\u00caTE AUX PIEDS ; ACCESSOIRES DU MONDE : CHAPEAUX, SACS, CHAUSSURES"}]},{"@type":"WebSite","@id":"https:\/\/librairie7l.com\/en\/#website","url":"https:\/\/librairie7l.com\/en\/","name":"Librairie 7L","description":"Librairie fond\u00e9e en 1999 par Karl Lagerfeld \u00e0 Paris","publisher":{"@id":"https:\/\/librairie7l.com\/en\/#organization"},"potentialAction":[{"@type":"SearchAction","target":{"@type":"EntryPoint","urlTemplate":"https:\/\/librairie7l.com\/en\/?s={search_term_string}"},"query-input":"required name=search_term_string"}],"inLanguage":"en-US"},{"@type":"Organization","@id":"https:\/\/librairie7l.com\/en\/#organization","name":"Librairie 7L","url":"https:\/\/librairie7l.com\/en\/","logo":{"@type":"ImageObject","inLanguage":"en-US","@id":"https:\/\/librairie7l.com\/en\/#\/schema\/logo\/image\/","url":"https:\/\/librairie7l.com\/wp-content\/uploads\/2022\/08\/logo-1.png","contentUrl":"https:\/\/librairie7l.com\/wp-content\/uploads\/2022\/08\/logo-1.png","width":227,"height":301,"caption":"Librairie 7L"},"image":{"@id":"https:\/\/librairie7l.com\/en\/#\/schema\/logo\/image\/"}}]}},"_links":{"self":[{"href":"https:\/\/librairie7l.com\/en\/wp-json\/wp\/v2\/product\/28921"}],"collection":[{"href":"https:\/\/librairie7l.com\/en\/wp-json\/wp\/v2\/product"}],"about":[{"href":"https:\/\/librairie7l.com\/en\/wp-json\/wp\/v2\/types\/product"}],"wp:featuredmedia":[{"embeddable":true,"href":"https:\/\/librairie7l.com\/en\/wp-json\/wp\/v2\/media\/28919"}],"wp:attachment":[{"href":"https:\/\/librairie7l.com\/en\/wp-json\/wp\/v2\/media?parent=28921"}],"wp:term":[{"taxonomy":"product_cat","embeddable":true,"href":"https:\/\/librairie7l.com\/en\/wp-json\/wp\/v2\/product_cat?post=28921"},{"taxonomy":"product_tag","embeddable":true,"href":"https:\/\/librairie7l.com\/en\/wp-json\/wp\/v2\/product_tag?post=28921"}],"curies":[{"name":"wp","href":"https:\/\/api.w.org\/{rel}","templated":true}]}}