{"id":28925,"date":"2023-05-10T13:47:31","date_gmt":"2023-05-10T11:47:31","guid":{"rendered":"https:\/\/librairie7l.com\/?post_type=product&#038;p=28925"},"modified":"2026-04-24T09:54:56","modified_gmt":"2026-04-24T07:54:56","slug":"atlas-of-furniture-design","status":"publish","type":"product","link":"https:\/\/librairie7l.com\/en\/produit\/atlas-of-furniture-design\/","title":{"rendered":"ATLAS OF FURNITURE DESIGN"},"content":{"rendered":"<p>Le guide ultime du design mobilier. The Atlas of Furniture Design est le plus grand ouvrage sur l&#8217;histoire du design mobilier jamais publi\u00e9. 1000 pages, 2500 images, 1691 objets r\u00e9alis\u00e9s par plus de 300 designers et 120 manufactures, ce livre, bas\u00e9 sur les collections du Vitra Design Museum est \u00e0 la fois une encyclop\u00e9die de r\u00e9f\u00e9rence et une indispensable ressource pour les designers et les collectionneurs.<\/p>\n","protected":false},"excerpt":{"rendered":"<p>Le guide ultime du design mobilier. The Atlas of Furniture Design est le plus grand ouvrage sur l&#8217;histoire du design mobilier jamais publi\u00e9. 1000 pages, 2500 images, 1691 objets r\u00e9alis\u00e9s par plus de 300 designers et 120 manufactures, ce livre, bas\u00e9 sur les collections du Vitra Design Museum est \u00e0 la fois une encyclop\u00e9die de [&hellip;]<\/p>\n","protected":false},"featured_media":28923,"template":"","meta":[],"product_cat":[55,2948,18,2952],"product_tag":[],"acf":[],"yoast_head":"<!-- This site is optimized with the Yoast SEO plugin v20.11 - https:\/\/yoast.com\/wordpress\/plugins\/seo\/ -->\n<title>ATLAS OF FURNITURE DESIGN - Librairie 7L<\/title>\n<meta name=\"robots\" content=\"index, follow, max-snippet:-1, max-image-preview:large, max-video-preview:-1\" \/>\n<link rel=\"canonical\" href=\"https:\/\/librairie7l.com\/en\/produit\/atlas-of-furniture-design\/\" \/>\n<meta property=\"og:locale\" content=\"en_US\" \/>\n<meta property=\"og:type\" content=\"article\" \/>\n<meta property=\"og:title\" content=\"ATLAS OF FURNITURE DESIGN - Librairie 7L\" \/>\n<meta property=\"og:description\" content=\"Le guide ultime du design mobilier. The Atlas of Furniture Design est le plus grand ouvrage sur l&#8217;histoire du design mobilier jamais publi\u00e9. 1000 pages, 2500 images, 1691 objets r\u00e9alis\u00e9s par plus de 300 designers et 120 manufactures, ce livre, bas\u00e9 sur les collections du Vitra Design Museum est \u00e0 la fois une encyclop\u00e9die de [&hellip;]\" \/>\n<meta property=\"og:url\" content=\"https:\/\/librairie7l.com\/en\/produit\/atlas-of-furniture-design\/\" \/>\n<meta property=\"og:site_name\" content=\"Librairie 7L\" \/>\n<meta property=\"article:modified_time\" content=\"2026-04-24T07:54:56+00:00\" \/>\n<meta property=\"og:image\" content=\"https:\/\/librairie7l.com\/wp-content\/uploads\/2017\/07\/9783931936990_1_75.jpg\" \/>\n\t<meta property=\"og:image:width\" content=\"600\" \/>\n\t<meta property=\"og:image:height\" content=\"870\" \/>\n\t<meta property=\"og:image:type\" content=\"image\/jpeg\" \/>\n<meta name=\"twitter:card\" content=\"summary_large_image\" \/>\n<script type=\"application\/ld+json\" class=\"yoast-schema-graph\">{\"@context\":\"https:\/\/schema.org\",\"@graph\":[{\"@type\":\"WebPage\",\"@id\":\"https:\/\/librairie7l.com\/en\/produit\/atlas-of-furniture-design\/\",\"url\":\"https:\/\/librairie7l.com\/en\/produit\/atlas-of-furniture-design\/\",\"name\":\"ATLAS OF FURNITURE DESIGN - Librairie 7L\",\"isPartOf\":{\"@id\":\"https:\/\/librairie7l.com\/en\/#website\"},\"datePublished\":\"2023-05-10T11:47:31+00:00\",\"dateModified\":\"2026-04-24T07:54:56+00:00\",\"breadcrumb\":{\"@id\":\"https:\/\/librairie7l.com\/en\/produit\/atlas-of-furniture-design\/#breadcrumb\"},\"inLanguage\":\"en-US\",\"potentialAction\":[{\"@type\":\"ReadAction\",\"target\":[\"https:\/\/librairie7l.com\/en\/produit\/atlas-of-furniture-design\/\"]}]},{\"@type\":\"BreadcrumbList\",\"@id\":\"https:\/\/librairie7l.com\/en\/produit\/atlas-of-furniture-design\/#breadcrumb\",\"itemListElement\":[{\"@type\":\"ListItem\",\"position\":1,\"name\":\"Accueil\",\"item\":\"https:\/\/librairie7l.com\/en\/\"},{\"@type\":\"ListItem\",\"position\":2,\"name\":\"Shop\",\"item\":\"https:\/\/librairie7l.com\/en\/shop\/\"},{\"@type\":\"ListItem\",\"position\":3,\"name\":\"ATLAS OF FURNITURE DESIGN\"}]},{\"@type\":\"WebSite\",\"@id\":\"https:\/\/librairie7l.com\/en\/#website\",\"url\":\"https:\/\/librairie7l.com\/en\/\",\"name\":\"Librairie 7L\",\"description\":\"Librairie fond\u00e9e en 1999 par Karl Lagerfeld \u00e0 Paris\",\"publisher\":{\"@id\":\"https:\/\/librairie7l.com\/en\/#organization\"},\"potentialAction\":[{\"@type\":\"SearchAction\",\"target\":{\"@type\":\"EntryPoint\",\"urlTemplate\":\"https:\/\/librairie7l.com\/en\/?s={search_term_string}\"},\"query-input\":\"required name=search_term_string\"}],\"inLanguage\":\"en-US\"},{\"@type\":\"Organization\",\"@id\":\"https:\/\/librairie7l.com\/en\/#organization\",\"name\":\"Librairie 7L\",\"url\":\"https:\/\/librairie7l.com\/en\/\",\"logo\":{\"@type\":\"ImageObject\",\"inLanguage\":\"en-US\",\"@id\":\"https:\/\/librairie7l.com\/en\/#\/schema\/logo\/image\/\",\"url\":\"https:\/\/librairie7l.com\/wp-content\/uploads\/2022\/08\/logo-1.png\",\"contentUrl\":\"https:\/\/librairie7l.com\/wp-content\/uploads\/2022\/08\/logo-1.png\",\"width\":227,\"height\":301,\"caption\":\"Librairie 7L\"},\"image\":{\"@id\":\"https:\/\/librairie7l.com\/en\/#\/schema\/logo\/image\/\"}}]}<\/script>\n<!-- \/ Yoast SEO plugin. -->","yoast_head_json":{"title":"ATLAS OF FURNITURE DESIGN - Librairie 7L","robots":{"index":"index","follow":"follow","max-snippet":"max-snippet:-1","max-image-preview":"max-image-preview:large","max-video-preview":"max-video-preview:-1"},"canonical":"https:\/\/librairie7l.com\/en\/produit\/atlas-of-furniture-design\/","og_locale":"en_US","og_type":"article","og_title":"ATLAS OF FURNITURE DESIGN - Librairie 7L","og_description":"Le guide ultime du design mobilier. The Atlas of Furniture Design est le plus grand ouvrage sur l&#8217;histoire du design mobilier jamais publi\u00e9. 1000 pages, 2500 images, 1691 objets r\u00e9alis\u00e9s par plus de 300 designers et 120 manufactures, ce livre, bas\u00e9 sur les collections du Vitra Design Museum est \u00e0 la fois une encyclop\u00e9die de [&hellip;]","og_url":"https:\/\/librairie7l.com\/en\/produit\/atlas-of-furniture-design\/","og_site_name":"Librairie 7L","article_modified_time":"2026-04-24T07:54:56+00:00","og_image":[{"width":600,"height":870,"url":"https:\/\/librairie7l.com\/wp-content\/uploads\/2017\/07\/9783931936990_1_75.jpg","type":"image\/jpeg"}],"twitter_card":"summary_large_image","schema":{"@context":"https:\/\/schema.org","@graph":[{"@type":"WebPage","@id":"https:\/\/librairie7l.com\/en\/produit\/atlas-of-furniture-design\/","url":"https:\/\/librairie7l.com\/en\/produit\/atlas-of-furniture-design\/","name":"ATLAS OF FURNITURE DESIGN - Librairie 7L","isPartOf":{"@id":"https:\/\/librairie7l.com\/en\/#website"},"datePublished":"2023-05-10T11:47:31+00:00","dateModified":"2026-04-24T07:54:56+00:00","breadcrumb":{"@id":"https:\/\/librairie7l.com\/en\/produit\/atlas-of-furniture-design\/#breadcrumb"},"inLanguage":"en-US","potentialAction":[{"@type":"ReadAction","target":["https:\/\/librairie7l.com\/en\/produit\/atlas-of-furniture-design\/"]}]},{"@type":"BreadcrumbList","@id":"https:\/\/librairie7l.com\/en\/produit\/atlas-of-furniture-design\/#breadcrumb","itemListElement":[{"@type":"ListItem","position":1,"name":"Accueil","item":"https:\/\/librairie7l.com\/en\/"},{"@type":"ListItem","position":2,"name":"Shop","item":"https:\/\/librairie7l.com\/en\/shop\/"},{"@type":"ListItem","position":3,"name":"ATLAS OF FURNITURE DESIGN"}]},{"@type":"WebSite","@id":"https:\/\/librairie7l.com\/en\/#website","url":"https:\/\/librairie7l.com\/en\/","name":"Librairie 7L","description":"Librairie fond\u00e9e en 1999 par Karl Lagerfeld \u00e0 Paris","publisher":{"@id":"https:\/\/librairie7l.com\/en\/#organization"},"potentialAction":[{"@type":"SearchAction","target":{"@type":"EntryPoint","urlTemplate":"https:\/\/librairie7l.com\/en\/?s={search_term_string}"},"query-input":"required name=search_term_string"}],"inLanguage":"en-US"},{"@type":"Organization","@id":"https:\/\/librairie7l.com\/en\/#organization","name":"Librairie 7L","url":"https:\/\/librairie7l.com\/en\/","logo":{"@type":"ImageObject","inLanguage":"en-US","@id":"https:\/\/librairie7l.com\/en\/#\/schema\/logo\/image\/","url":"https:\/\/librairie7l.com\/wp-content\/uploads\/2022\/08\/logo-1.png","contentUrl":"https:\/\/librairie7l.com\/wp-content\/uploads\/2022\/08\/logo-1.png","width":227,"height":301,"caption":"Librairie 7L"},"image":{"@id":"https:\/\/librairie7l.com\/en\/#\/schema\/logo\/image\/"}}]}},"_links":{"self":[{"href":"https:\/\/librairie7l.com\/en\/wp-json\/wp\/v2\/product\/28925"}],"collection":[{"href":"https:\/\/librairie7l.com\/en\/wp-json\/wp\/v2\/product"}],"about":[{"href":"https:\/\/librairie7l.com\/en\/wp-json\/wp\/v2\/types\/product"}],"wp:featuredmedia":[{"embeddable":true,"href":"https:\/\/librairie7l.com\/en\/wp-json\/wp\/v2\/media\/28923"}],"wp:attachment":[{"href":"https:\/\/librairie7l.com\/en\/wp-json\/wp\/v2\/media?parent=28925"}],"wp:term":[{"taxonomy":"product_cat","embeddable":true,"href":"https:\/\/librairie7l.com\/en\/wp-json\/wp\/v2\/product_cat?post=28925"},{"taxonomy":"product_tag","embeddable":true,"href":"https:\/\/librairie7l.com\/en\/wp-json\/wp\/v2\/product_tag?post=28925"}],"curies":[{"name":"wp","href":"https:\/\/api.w.org\/{rel}","templated":true}]}}