{"id":28929,"date":"2023-05-10T13:47:36","date_gmt":"2023-05-10T11:47:36","guid":{"rendered":"https:\/\/librairie7l.com\/?post_type=product&#038;p=28929"},"modified":"2026-04-09T12:31:14","modified_gmt":"2026-04-09T10:31:14","slug":"correspondance-1915-1963","status":"publish","type":"product","link":"https:\/\/librairie7l.com\/en\/produit\/correspondance-1915-1963\/","title":{"rendered":"CORRESPONDANCE, 1915-1963"},"content":{"rendered":"<p>Cette correspondance crois\u00e9e entre Pablo Picasso (1881-1973) et Jean Cocteau (1889-1963), en grande partie in\u00e9dite, rassemble 450 pi\u00e8ces enrichies de documents et d&#8217;illustrations rares. Elle couvre la p\u00e9riode qui va de 1915 jusqu&#8217;\u00e0 la mort de Cocteau en 1963. La relation qui s&#8217;instaure entre les deux artistes est d&#8217;embl\u00e9e dialectique : Picasso consolide chez Cocteau un vocabulaire nouveau, celui de l&#8217;avant-garde et de la modernit\u00e9. Cocteau entra\u00eene Picasso dans l&#8217;aventure des Ballets russes, l&#8217;initiant ainsi \u00e0 l&#8217;esth\u00e9tique somptueuse des arts du th\u00e9\u00e2tre. Leur collaboration dans Parade (1917) se trouve \u00e0 l&#8217;origine de l&#8217;une des plus belles p\u00e9riodes cr\u00e9atrices de l&#8217;oeuvre de Picasso, son \u00abrappel \u00e0 l&#8217;ordre\u00bb selon l&#8217;heureuse formule de Cocteau qui, lui, m\u00e9dite sur sa propre esth\u00e9tique et sur sa propre \u00e9thique. <\/p>\n<p>\u00c9dition de Pierre Caizergues et Ioannis Kontaxopoulos.<\/p>\n","protected":false},"excerpt":{"rendered":"<p>Cette correspondance crois\u00e9e entre Pablo Picasso (1881-1973) et Jean Cocteau (1889-1963), en grande partie in\u00e9dite, rassemble 450 pi\u00e8ces enrichies de documents et d&#8217;illustrations rares. Elle couvre la p\u00e9riode qui va de 1915 jusqu&#8217;\u00e0 la mort de Cocteau en 1963. La relation qui s&#8217;instaure entre les deux artistes est d&#8217;embl\u00e9e dialectique : Picasso consolide chez Cocteau [&hellip;]<\/p>\n","protected":false},"featured_media":28927,"template":"","meta":[],"product_cat":[55,2948,47,2953],"product_tag":[],"acf":[],"yoast_head":"<!-- This site is optimized with the Yoast SEO plugin v20.11 - https:\/\/yoast.com\/wordpress\/plugins\/seo\/ -->\n<title>CORRESPONDANCE, 1915-1963 - Librairie 7L<\/title>\n<meta name=\"robots\" content=\"index, follow, max-snippet:-1, max-image-preview:large, max-video-preview:-1\" \/>\n<link rel=\"canonical\" href=\"https:\/\/librairie7l.com\/en\/produit\/correspondance-1915-1963\/\" \/>\n<meta property=\"og:locale\" content=\"en_US\" \/>\n<meta property=\"og:type\" content=\"article\" \/>\n<meta property=\"og:title\" content=\"CORRESPONDANCE, 1915-1963 - Librairie 7L\" \/>\n<meta property=\"og:description\" content=\"Cette correspondance crois\u00e9e entre Pablo Picasso (1881-1973) et Jean Cocteau (1889-1963), en grande partie in\u00e9dite, rassemble 450 pi\u00e8ces enrichies de documents et d&#8217;illustrations rares. Elle couvre la p\u00e9riode qui va de 1915 jusqu&#8217;\u00e0 la mort de Cocteau en 1963. La relation qui s&#8217;instaure entre les deux artistes est d&#8217;embl\u00e9e dialectique : Picasso consolide chez Cocteau [&hellip;]\" \/>\n<meta property=\"og:url\" content=\"https:\/\/librairie7l.com\/en\/produit\/correspondance-1915-1963\/\" \/>\n<meta property=\"og:site_name\" content=\"Librairie 7L\" \/>\n<meta property=\"article:modified_time\" content=\"2026-04-09T10:31:14+00:00\" \/>\n<meta property=\"og:image\" content=\"https:\/\/librairie7l.com\/wp-content\/uploads\/2017\/06\/9782072701245_1_75.jpg\" \/>\n\t<meta property=\"og:image:width\" content=\"1000\" \/>\n\t<meta property=\"og:image:height\" content=\"1352\" \/>\n\t<meta property=\"og:image:type\" content=\"image\/jpeg\" \/>\n<meta name=\"twitter:card\" content=\"summary_large_image\" \/>\n<meta name=\"twitter:label1\" content=\"Est. reading time\" \/>\n\t<meta name=\"twitter:data1\" content=\"1 minute\" \/>\n<script type=\"application\/ld+json\" class=\"yoast-schema-graph\">{\"@context\":\"https:\/\/schema.org\",\"@graph\":[{\"@type\":\"WebPage\",\"@id\":\"https:\/\/librairie7l.com\/en\/produit\/correspondance-1915-1963\/\",\"url\":\"https:\/\/librairie7l.com\/en\/produit\/correspondance-1915-1963\/\",\"name\":\"CORRESPONDANCE, 1915-1963 - Librairie 7L\",\"isPartOf\":{\"@id\":\"https:\/\/librairie7l.com\/en\/#website\"},\"datePublished\":\"2023-05-10T11:47:36+00:00\",\"dateModified\":\"2026-04-09T10:31:14+00:00\",\"breadcrumb\":{\"@id\":\"https:\/\/librairie7l.com\/en\/produit\/correspondance-1915-1963\/#breadcrumb\"},\"inLanguage\":\"en-US\",\"potentialAction\":[{\"@type\":\"ReadAction\",\"target\":[\"https:\/\/librairie7l.com\/en\/produit\/correspondance-1915-1963\/\"]}]},{\"@type\":\"BreadcrumbList\",\"@id\":\"https:\/\/librairie7l.com\/en\/produit\/correspondance-1915-1963\/#breadcrumb\",\"itemListElement\":[{\"@type\":\"ListItem\",\"position\":1,\"name\":\"Accueil\",\"item\":\"https:\/\/librairie7l.com\/en\/\"},{\"@type\":\"ListItem\",\"position\":2,\"name\":\"Shop\",\"item\":\"https:\/\/librairie7l.com\/en\/shop\/\"},{\"@type\":\"ListItem\",\"position\":3,\"name\":\"CORRESPONDANCE, 1915-1963\"}]},{\"@type\":\"WebSite\",\"@id\":\"https:\/\/librairie7l.com\/en\/#website\",\"url\":\"https:\/\/librairie7l.com\/en\/\",\"name\":\"Librairie 7L\",\"description\":\"Librairie fond\u00e9e en 1999 par Karl Lagerfeld \u00e0 Paris\",\"publisher\":{\"@id\":\"https:\/\/librairie7l.com\/en\/#organization\"},\"potentialAction\":[{\"@type\":\"SearchAction\",\"target\":{\"@type\":\"EntryPoint\",\"urlTemplate\":\"https:\/\/librairie7l.com\/en\/?s={search_term_string}\"},\"query-input\":\"required name=search_term_string\"}],\"inLanguage\":\"en-US\"},{\"@type\":\"Organization\",\"@id\":\"https:\/\/librairie7l.com\/en\/#organization\",\"name\":\"Librairie 7L\",\"url\":\"https:\/\/librairie7l.com\/en\/\",\"logo\":{\"@type\":\"ImageObject\",\"inLanguage\":\"en-US\",\"@id\":\"https:\/\/librairie7l.com\/en\/#\/schema\/logo\/image\/\",\"url\":\"https:\/\/librairie7l.com\/wp-content\/uploads\/2022\/08\/logo-1.png\",\"contentUrl\":\"https:\/\/librairie7l.com\/wp-content\/uploads\/2022\/08\/logo-1.png\",\"width\":227,\"height\":301,\"caption\":\"Librairie 7L\"},\"image\":{\"@id\":\"https:\/\/librairie7l.com\/en\/#\/schema\/logo\/image\/\"}}]}<\/script>\n<!-- \/ Yoast SEO plugin. -->","yoast_head_json":{"title":"CORRESPONDANCE, 1915-1963 - Librairie 7L","robots":{"index":"index","follow":"follow","max-snippet":"max-snippet:-1","max-image-preview":"max-image-preview:large","max-video-preview":"max-video-preview:-1"},"canonical":"https:\/\/librairie7l.com\/en\/produit\/correspondance-1915-1963\/","og_locale":"en_US","og_type":"article","og_title":"CORRESPONDANCE, 1915-1963 - Librairie 7L","og_description":"Cette correspondance crois\u00e9e entre Pablo Picasso (1881-1973) et Jean Cocteau (1889-1963), en grande partie in\u00e9dite, rassemble 450 pi\u00e8ces enrichies de documents et d&#8217;illustrations rares. Elle couvre la p\u00e9riode qui va de 1915 jusqu&#8217;\u00e0 la mort de Cocteau en 1963. La relation qui s&#8217;instaure entre les deux artistes est d&#8217;embl\u00e9e dialectique : Picasso consolide chez Cocteau [&hellip;]","og_url":"https:\/\/librairie7l.com\/en\/produit\/correspondance-1915-1963\/","og_site_name":"Librairie 7L","article_modified_time":"2026-04-09T10:31:14+00:00","og_image":[{"width":1000,"height":1352,"url":"https:\/\/librairie7l.com\/wp-content\/uploads\/2017\/06\/9782072701245_1_75.jpg","type":"image\/jpeg"}],"twitter_card":"summary_large_image","twitter_misc":{"Est. reading time":"1 minute"},"schema":{"@context":"https:\/\/schema.org","@graph":[{"@type":"WebPage","@id":"https:\/\/librairie7l.com\/en\/produit\/correspondance-1915-1963\/","url":"https:\/\/librairie7l.com\/en\/produit\/correspondance-1915-1963\/","name":"CORRESPONDANCE, 1915-1963 - Librairie 7L","isPartOf":{"@id":"https:\/\/librairie7l.com\/en\/#website"},"datePublished":"2023-05-10T11:47:36+00:00","dateModified":"2026-04-09T10:31:14+00:00","breadcrumb":{"@id":"https:\/\/librairie7l.com\/en\/produit\/correspondance-1915-1963\/#breadcrumb"},"inLanguage":"en-US","potentialAction":[{"@type":"ReadAction","target":["https:\/\/librairie7l.com\/en\/produit\/correspondance-1915-1963\/"]}]},{"@type":"BreadcrumbList","@id":"https:\/\/librairie7l.com\/en\/produit\/correspondance-1915-1963\/#breadcrumb","itemListElement":[{"@type":"ListItem","position":1,"name":"Accueil","item":"https:\/\/librairie7l.com\/en\/"},{"@type":"ListItem","position":2,"name":"Shop","item":"https:\/\/librairie7l.com\/en\/shop\/"},{"@type":"ListItem","position":3,"name":"CORRESPONDANCE, 1915-1963"}]},{"@type":"WebSite","@id":"https:\/\/librairie7l.com\/en\/#website","url":"https:\/\/librairie7l.com\/en\/","name":"Librairie 7L","description":"Librairie fond\u00e9e en 1999 par Karl Lagerfeld \u00e0 Paris","publisher":{"@id":"https:\/\/librairie7l.com\/en\/#organization"},"potentialAction":[{"@type":"SearchAction","target":{"@type":"EntryPoint","urlTemplate":"https:\/\/librairie7l.com\/en\/?s={search_term_string}"},"query-input":"required name=search_term_string"}],"inLanguage":"en-US"},{"@type":"Organization","@id":"https:\/\/librairie7l.com\/en\/#organization","name":"Librairie 7L","url":"https:\/\/librairie7l.com\/en\/","logo":{"@type":"ImageObject","inLanguage":"en-US","@id":"https:\/\/librairie7l.com\/en\/#\/schema\/logo\/image\/","url":"https:\/\/librairie7l.com\/wp-content\/uploads\/2022\/08\/logo-1.png","contentUrl":"https:\/\/librairie7l.com\/wp-content\/uploads\/2022\/08\/logo-1.png","width":227,"height":301,"caption":"Librairie 7L"},"image":{"@id":"https:\/\/librairie7l.com\/en\/#\/schema\/logo\/image\/"}}]}},"_links":{"self":[{"href":"https:\/\/librairie7l.com\/en\/wp-json\/wp\/v2\/product\/28929"}],"collection":[{"href":"https:\/\/librairie7l.com\/en\/wp-json\/wp\/v2\/product"}],"about":[{"href":"https:\/\/librairie7l.com\/en\/wp-json\/wp\/v2\/types\/product"}],"wp:featuredmedia":[{"embeddable":true,"href":"https:\/\/librairie7l.com\/en\/wp-json\/wp\/v2\/media\/28927"}],"wp:attachment":[{"href":"https:\/\/librairie7l.com\/en\/wp-json\/wp\/v2\/media?parent=28929"}],"wp:term":[{"taxonomy":"product_cat","embeddable":true,"href":"https:\/\/librairie7l.com\/en\/wp-json\/wp\/v2\/product_cat?post=28929"},{"taxonomy":"product_tag","embeddable":true,"href":"https:\/\/librairie7l.com\/en\/wp-json\/wp\/v2\/product_tag?post=28929"}],"curies":[{"name":"wp","href":"https:\/\/api.w.org\/{rel}","templated":true}]}}