{"id":28957,"date":"2023-05-10T13:48:16","date_gmt":"2023-05-10T11:48:16","guid":{"rendered":"https:\/\/librairie7l.com\/?post_type=product&#038;p=28957"},"modified":"2026-04-09T19:38:34","modified_gmt":"2026-04-09T17:38:34","slug":"wo-man-ray-la-seduction-dans-la-photographie","status":"publish","type":"product","link":"https:\/\/librairie7l.com\/en\/produit\/wo-man-ray-la-seduction-dans-la-photographie\/","title":{"rendered":"WO\/MAN RAY ; LA S\u00c9DUCTION DANS LA PHOTOGRAPHIE"},"content":{"rendered":"<p>Man Ray, ma\u00eetre surr\u00e9aliste et repr\u00e9sentant du dada\u00efsme, a su r\u00e9inventer \u00e0 la fois le langage photographique mais aussi la repr\u00e9sentation du corps et du visage ainsi que le genre m\u00eame du nu et du portrait. Le volume rassemble deux cents photographies ayant comme th\u00e8me de pr\u00e9dilection la femme, principale source d&#8217;inspiration de toute la po\u00e9sie de Man Ray. Par des radiographies, des solarisations et des doubles expositions, le corps de la femme est soumis \u00e0 une m\u00e9tamorphose continue de formes et de significations, devenant tour \u00e0 tour une abstraction, un objet de s\u00e9duction, un portrait r\u00e9aliste, dans une pr\u00e9sentation ludique et raffin\u00e9e.<\/p>\n","protected":false},"excerpt":{"rendered":"<p>Man Ray, ma\u00eetre surr\u00e9aliste et repr\u00e9sentant du dada\u00efsme, a su r\u00e9inventer \u00e0 la fois le langage photographique mais aussi la repr\u00e9sentation du corps et du visage ainsi que le genre m\u00eame du nu et du portrait. Le volume rassemble deux cents photographies ayant comme th\u00e8me de pr\u00e9dilection la femme, principale source d&#8217;inspiration de toute la [&hellip;]<\/p>\n","protected":false},"featured_media":28955,"template":"","meta":[],"product_cat":[55,2948,2958,17],"product_tag":[],"acf":[],"yoast_head":"<!-- This site is optimized with the Yoast SEO plugin v20.11 - https:\/\/yoast.com\/wordpress\/plugins\/seo\/ -->\n<title>WO\/MAN RAY ; LA S\u00c9DUCTION DANS LA PHOTOGRAPHIE - Librairie 7L<\/title>\n<meta name=\"robots\" content=\"index, follow, max-snippet:-1, max-image-preview:large, max-video-preview:-1\" \/>\n<link rel=\"canonical\" href=\"https:\/\/librairie7l.com\/en\/produit\/wo-man-ray-la-seduction-dans-la-photographie\/\" \/>\n<meta property=\"og:locale\" content=\"en_US\" \/>\n<meta property=\"og:type\" content=\"article\" \/>\n<meta property=\"og:title\" content=\"WO\/MAN RAY ; LA S\u00c9DUCTION DANS LA PHOTOGRAPHIE - Librairie 7L\" \/>\n<meta property=\"og:description\" content=\"Man Ray, ma\u00eetre surr\u00e9aliste et repr\u00e9sentant du dada\u00efsme, a su r\u00e9inventer \u00e0 la fois le langage photographique mais aussi la repr\u00e9sentation du corps et du visage ainsi que le genre m\u00eame du nu et du portrait. Le volume rassemble deux cents photographies ayant comme th\u00e8me de pr\u00e9dilection la femme, principale source d&#8217;inspiration de toute la [&hellip;]\" \/>\n<meta property=\"og:url\" content=\"https:\/\/librairie7l.com\/en\/produit\/wo-man-ray-la-seduction-dans-la-photographie\/\" \/>\n<meta property=\"og:site_name\" content=\"Librairie 7L\" \/>\n<meta property=\"article:modified_time\" content=\"2026-04-09T17:38:34+00:00\" \/>\n<meta property=\"og:image\" content=\"https:\/\/librairie7l.com\/wp-content\/uploads\/2019\/10\/9788836645077_1_75.jpg\" \/>\n\t<meta property=\"og:image:width\" content=\"600\" \/>\n\t<meta property=\"og:image:height\" content=\"839\" \/>\n\t<meta property=\"og:image:type\" content=\"image\/jpeg\" \/>\n<meta name=\"twitter:card\" content=\"summary_large_image\" \/>\n<meta name=\"twitter:label1\" content=\"Est. reading time\" \/>\n\t<meta name=\"twitter:data1\" content=\"1 minute\" \/>\n<script type=\"application\/ld+json\" class=\"yoast-schema-graph\">{\"@context\":\"https:\/\/schema.org\",\"@graph\":[{\"@type\":\"WebPage\",\"@id\":\"https:\/\/librairie7l.com\/en\/produit\/wo-man-ray-la-seduction-dans-la-photographie\/\",\"url\":\"https:\/\/librairie7l.com\/en\/produit\/wo-man-ray-la-seduction-dans-la-photographie\/\",\"name\":\"WO\/MAN RAY ; LA S\u00c9DUCTION DANS LA PHOTOGRAPHIE - Librairie 7L\",\"isPartOf\":{\"@id\":\"https:\/\/librairie7l.com\/en\/#website\"},\"datePublished\":\"2023-05-10T11:48:16+00:00\",\"dateModified\":\"2026-04-09T17:38:34+00:00\",\"breadcrumb\":{\"@id\":\"https:\/\/librairie7l.com\/en\/produit\/wo-man-ray-la-seduction-dans-la-photographie\/#breadcrumb\"},\"inLanguage\":\"en-US\",\"potentialAction\":[{\"@type\":\"ReadAction\",\"target\":[\"https:\/\/librairie7l.com\/en\/produit\/wo-man-ray-la-seduction-dans-la-photographie\/\"]}]},{\"@type\":\"BreadcrumbList\",\"@id\":\"https:\/\/librairie7l.com\/en\/produit\/wo-man-ray-la-seduction-dans-la-photographie\/#breadcrumb\",\"itemListElement\":[{\"@type\":\"ListItem\",\"position\":1,\"name\":\"Accueil\",\"item\":\"https:\/\/librairie7l.com\/en\/\"},{\"@type\":\"ListItem\",\"position\":2,\"name\":\"Shop\",\"item\":\"https:\/\/librairie7l.com\/en\/shop\/\"},{\"@type\":\"ListItem\",\"position\":3,\"name\":\"WO\/MAN RAY ; LA S\u00c9DUCTION DANS LA PHOTOGRAPHIE\"}]},{\"@type\":\"WebSite\",\"@id\":\"https:\/\/librairie7l.com\/en\/#website\",\"url\":\"https:\/\/librairie7l.com\/en\/\",\"name\":\"Librairie 7L\",\"description\":\"Librairie fond\u00e9e en 1999 par Karl Lagerfeld \u00e0 Paris\",\"publisher\":{\"@id\":\"https:\/\/librairie7l.com\/en\/#organization\"},\"potentialAction\":[{\"@type\":\"SearchAction\",\"target\":{\"@type\":\"EntryPoint\",\"urlTemplate\":\"https:\/\/librairie7l.com\/en\/?s={search_term_string}\"},\"query-input\":\"required name=search_term_string\"}],\"inLanguage\":\"en-US\"},{\"@type\":\"Organization\",\"@id\":\"https:\/\/librairie7l.com\/en\/#organization\",\"name\":\"Librairie 7L\",\"url\":\"https:\/\/librairie7l.com\/en\/\",\"logo\":{\"@type\":\"ImageObject\",\"inLanguage\":\"en-US\",\"@id\":\"https:\/\/librairie7l.com\/en\/#\/schema\/logo\/image\/\",\"url\":\"https:\/\/librairie7l.com\/wp-content\/uploads\/2022\/08\/logo-1.png\",\"contentUrl\":\"https:\/\/librairie7l.com\/wp-content\/uploads\/2022\/08\/logo-1.png\",\"width\":227,\"height\":301,\"caption\":\"Librairie 7L\"},\"image\":{\"@id\":\"https:\/\/librairie7l.com\/en\/#\/schema\/logo\/image\/\"}}]}<\/script>\n<!-- \/ Yoast SEO plugin. -->","yoast_head_json":{"title":"WO\/MAN RAY ; LA S\u00c9DUCTION DANS LA PHOTOGRAPHIE - Librairie 7L","robots":{"index":"index","follow":"follow","max-snippet":"max-snippet:-1","max-image-preview":"max-image-preview:large","max-video-preview":"max-video-preview:-1"},"canonical":"https:\/\/librairie7l.com\/en\/produit\/wo-man-ray-la-seduction-dans-la-photographie\/","og_locale":"en_US","og_type":"article","og_title":"WO\/MAN RAY ; LA S\u00c9DUCTION DANS LA PHOTOGRAPHIE - Librairie 7L","og_description":"Man Ray, ma\u00eetre surr\u00e9aliste et repr\u00e9sentant du dada\u00efsme, a su r\u00e9inventer \u00e0 la fois le langage photographique mais aussi la repr\u00e9sentation du corps et du visage ainsi que le genre m\u00eame du nu et du portrait. Le volume rassemble deux cents photographies ayant comme th\u00e8me de pr\u00e9dilection la femme, principale source d&#8217;inspiration de toute la [&hellip;]","og_url":"https:\/\/librairie7l.com\/en\/produit\/wo-man-ray-la-seduction-dans-la-photographie\/","og_site_name":"Librairie 7L","article_modified_time":"2026-04-09T17:38:34+00:00","og_image":[{"width":600,"height":839,"url":"https:\/\/librairie7l.com\/wp-content\/uploads\/2019\/10\/9788836645077_1_75.jpg","type":"image\/jpeg"}],"twitter_card":"summary_large_image","twitter_misc":{"Est. reading time":"1 minute"},"schema":{"@context":"https:\/\/schema.org","@graph":[{"@type":"WebPage","@id":"https:\/\/librairie7l.com\/en\/produit\/wo-man-ray-la-seduction-dans-la-photographie\/","url":"https:\/\/librairie7l.com\/en\/produit\/wo-man-ray-la-seduction-dans-la-photographie\/","name":"WO\/MAN RAY ; LA S\u00c9DUCTION DANS LA PHOTOGRAPHIE - Librairie 7L","isPartOf":{"@id":"https:\/\/librairie7l.com\/en\/#website"},"datePublished":"2023-05-10T11:48:16+00:00","dateModified":"2026-04-09T17:38:34+00:00","breadcrumb":{"@id":"https:\/\/librairie7l.com\/en\/produit\/wo-man-ray-la-seduction-dans-la-photographie\/#breadcrumb"},"inLanguage":"en-US","potentialAction":[{"@type":"ReadAction","target":["https:\/\/librairie7l.com\/en\/produit\/wo-man-ray-la-seduction-dans-la-photographie\/"]}]},{"@type":"BreadcrumbList","@id":"https:\/\/librairie7l.com\/en\/produit\/wo-man-ray-la-seduction-dans-la-photographie\/#breadcrumb","itemListElement":[{"@type":"ListItem","position":1,"name":"Accueil","item":"https:\/\/librairie7l.com\/en\/"},{"@type":"ListItem","position":2,"name":"Shop","item":"https:\/\/librairie7l.com\/en\/shop\/"},{"@type":"ListItem","position":3,"name":"WO\/MAN RAY ; LA S\u00c9DUCTION DANS LA PHOTOGRAPHIE"}]},{"@type":"WebSite","@id":"https:\/\/librairie7l.com\/en\/#website","url":"https:\/\/librairie7l.com\/en\/","name":"Librairie 7L","description":"Librairie fond\u00e9e en 1999 par Karl Lagerfeld \u00e0 Paris","publisher":{"@id":"https:\/\/librairie7l.com\/en\/#organization"},"potentialAction":[{"@type":"SearchAction","target":{"@type":"EntryPoint","urlTemplate":"https:\/\/librairie7l.com\/en\/?s={search_term_string}"},"query-input":"required name=search_term_string"}],"inLanguage":"en-US"},{"@type":"Organization","@id":"https:\/\/librairie7l.com\/en\/#organization","name":"Librairie 7L","url":"https:\/\/librairie7l.com\/en\/","logo":{"@type":"ImageObject","inLanguage":"en-US","@id":"https:\/\/librairie7l.com\/en\/#\/schema\/logo\/image\/","url":"https:\/\/librairie7l.com\/wp-content\/uploads\/2022\/08\/logo-1.png","contentUrl":"https:\/\/librairie7l.com\/wp-content\/uploads\/2022\/08\/logo-1.png","width":227,"height":301,"caption":"Librairie 7L"},"image":{"@id":"https:\/\/librairie7l.com\/en\/#\/schema\/logo\/image\/"}}]}},"_links":{"self":[{"href":"https:\/\/librairie7l.com\/en\/wp-json\/wp\/v2\/product\/28957"}],"collection":[{"href":"https:\/\/librairie7l.com\/en\/wp-json\/wp\/v2\/product"}],"about":[{"href":"https:\/\/librairie7l.com\/en\/wp-json\/wp\/v2\/types\/product"}],"wp:featuredmedia":[{"embeddable":true,"href":"https:\/\/librairie7l.com\/en\/wp-json\/wp\/v2\/media\/28955"}],"wp:attachment":[{"href":"https:\/\/librairie7l.com\/en\/wp-json\/wp\/v2\/media?parent=28957"}],"wp:term":[{"taxonomy":"product_cat","embeddable":true,"href":"https:\/\/librairie7l.com\/en\/wp-json\/wp\/v2\/product_cat?post=28957"},{"taxonomy":"product_tag","embeddable":true,"href":"https:\/\/librairie7l.com\/en\/wp-json\/wp\/v2\/product_tag?post=28957"}],"curies":[{"name":"wp","href":"https:\/\/api.w.org\/{rel}","templated":true}]}}