{"id":28961,"date":"2023-05-10T13:48:20","date_gmt":"2023-05-10T11:48:20","guid":{"rendered":"https:\/\/librairie7l.com\/?post_type=product&#038;p=28961"},"modified":"2026-04-11T14:26:58","modified_gmt":"2026-04-11T12:26:58","slug":"dentelle-de-calais-caudry-lart-de-tisser-le-reve-the-art-of-weaving-dreams","status":"publish","type":"product","link":"https:\/\/librairie7l.com\/en\/produit\/dentelle-de-calais-caudry-lart-de-tisser-le-reve-the-art-of-weaving-dreams\/","title":{"rendered":"DENTELLE DE CALAIS-CAUDRY ; L&#8217;ART DE TISSER LE R\u00caVE\/THE ART OF WEAVING DREAMS"},"content":{"rendered":"<p>Pour la somptueuse robe port\u00e9e par Kate Middleton lors de son mariage avec le Prince William, qui a \u00e9bloui le monde entier, Sarah Burton, directrice artistique de la maison Alexander Mac Queen, a choisi l&#8217;exceptionnelle Dentelle de Calais-Caudry pour magnifier sa cr\u00e9ation.<br \/>\nLa \u00ab Dentelle de Calais-Caudry\u00ae \u00bb est, en effet, la marque d&#8217;une dentelle iconique, \u00e9toffe de r\u00eave de haute facture et du glamour intemporel. Intimement li\u00e9e \u00e0 l&#8217;\u00e2me du chic \u00e0 la fran\u00e7aise, elle est indissociable de l&#8217;\u00e9l\u00e9gance et de la f\u00e9minit\u00e9, sublimant, sous le talent des cr\u00e9ateurs, les courbes du corps, comme en transparence la d\u00e9licatesse de la peau. Infinie dans ses effets, elle se pr\u00eate aussi \u00e0 la cr\u00e9ativit\u00e9 du design et de la d\u00e9coration pour enchanter des univers tout en po\u00e9sie.<br \/>\nSous cette appellation, une dizaine de maisons de dentelle, \u00e0 Calais et \u00e0 Caudry, perp\u00e9tuent un savoir-faire historique aussi exceptionnel que remarquable. La fabrication de la Dentelle de Calais-Caudry, exclusivement sur m\u00e9tiers Leavers, est rendue possible gr\u00e2ce \u00e0 la ma\u00eetrise d&#8217;un m\u00e9tier d&#8217;art unique au monde. Ce label certifie la sp\u00e9cificit\u00e9 de cette dentelle pr\u00e9cieuse, tiss\u00e9e selon un proc\u00e9d\u00e9 original et in\u00e9gal\u00e9 depuis deux cents ans d&#8217;entrelacements de fils. Il permet de distinguer la dentelle de luxe tiss\u00e9e \u00e0 Calais et \u00e0 Caudry des dentelles tricot\u00e9es, beaucoup plus r\u00e9pandues.<\/p>\n","protected":false},"excerpt":{"rendered":"<p>Pour la somptueuse robe port\u00e9e par Kate Middleton lors de son mariage avec le Prince William, qui a \u00e9bloui le monde entier, Sarah Burton, directrice artistique de la maison Alexander Mac Queen, a choisi l&#8217;exceptionnelle Dentelle de Calais-Caudry pour magnifier sa cr\u00e9ation. La \u00ab Dentelle de Calais-Caudry\u00ae \u00bb est, en effet, la marque d&#8217;une dentelle [&hellip;]<\/p>\n","protected":false},"featured_media":28959,"template":"","meta":[],"product_cat":[55,2948,2957,19],"product_tag":[],"acf":[],"yoast_head":"<!-- This site is optimized with the Yoast SEO plugin v20.11 - https:\/\/yoast.com\/wordpress\/plugins\/seo\/ -->\n<title>DENTELLE DE CALAIS-CAUDRY ; L&#039;ART DE TISSER LE R\u00caVE\/THE ART OF WEAVING DREAMS - Librairie 7L<\/title>\n<meta name=\"robots\" content=\"index, follow, max-snippet:-1, max-image-preview:large, max-video-preview:-1\" \/>\n<link rel=\"canonical\" href=\"https:\/\/librairie7l.com\/en\/produit\/dentelle-de-calais-caudry-lart-de-tisser-le-reve-the-art-of-weaving-dreams\/\" \/>\n<meta property=\"og:locale\" content=\"en_US\" \/>\n<meta property=\"og:type\" content=\"article\" \/>\n<meta property=\"og:title\" content=\"DENTELLE DE CALAIS-CAUDRY ; L&#039;ART DE TISSER LE R\u00caVE\/THE ART OF WEAVING DREAMS - Librairie 7L\" \/>\n<meta property=\"og:description\" content=\"Pour la somptueuse robe port\u00e9e par Kate Middleton lors de son mariage avec le Prince William, qui a \u00e9bloui le monde entier, Sarah Burton, directrice artistique de la maison Alexander Mac Queen, a choisi l&#8217;exceptionnelle Dentelle de Calais-Caudry pour magnifier sa cr\u00e9ation. La \u00ab Dentelle de Calais-Caudry\u00ae \u00bb est, en effet, la marque d&#8217;une dentelle [&hellip;]\" \/>\n<meta property=\"og:url\" content=\"https:\/\/librairie7l.com\/en\/produit\/dentelle-de-calais-caudry-lart-de-tisser-le-reve-the-art-of-weaving-dreams\/\" \/>\n<meta property=\"og:site_name\" content=\"Librairie 7L\" \/>\n<meta property=\"article:modified_time\" content=\"2026-04-11T12:26:58+00:00\" \/>\n<meta property=\"og:image\" content=\"https:\/\/librairie7l.com\/wp-content\/uploads\/2019\/11\/9782359062724_1_75.jpg\" \/>\n\t<meta property=\"og:image:width\" content=\"600\" \/>\n\t<meta property=\"og:image:height\" content=\"730\" \/>\n\t<meta property=\"og:image:type\" content=\"image\/jpeg\" \/>\n<meta name=\"twitter:card\" content=\"summary_large_image\" \/>\n<meta name=\"twitter:label1\" content=\"Est. reading time\" \/>\n\t<meta name=\"twitter:data1\" content=\"1 minute\" \/>\n<script type=\"application\/ld+json\" class=\"yoast-schema-graph\">{\"@context\":\"https:\/\/schema.org\",\"@graph\":[{\"@type\":\"WebPage\",\"@id\":\"https:\/\/librairie7l.com\/en\/produit\/dentelle-de-calais-caudry-lart-de-tisser-le-reve-the-art-of-weaving-dreams\/\",\"url\":\"https:\/\/librairie7l.com\/en\/produit\/dentelle-de-calais-caudry-lart-de-tisser-le-reve-the-art-of-weaving-dreams\/\",\"name\":\"DENTELLE DE CALAIS-CAUDRY ; L'ART DE TISSER LE R\u00caVE\/THE ART OF WEAVING DREAMS - Librairie 7L\",\"isPartOf\":{\"@id\":\"https:\/\/librairie7l.com\/en\/#website\"},\"datePublished\":\"2023-05-10T11:48:20+00:00\",\"dateModified\":\"2026-04-11T12:26:58+00:00\",\"breadcrumb\":{\"@id\":\"https:\/\/librairie7l.com\/en\/produit\/dentelle-de-calais-caudry-lart-de-tisser-le-reve-the-art-of-weaving-dreams\/#breadcrumb\"},\"inLanguage\":\"en-US\",\"potentialAction\":[{\"@type\":\"ReadAction\",\"target\":[\"https:\/\/librairie7l.com\/en\/produit\/dentelle-de-calais-caudry-lart-de-tisser-le-reve-the-art-of-weaving-dreams\/\"]}]},{\"@type\":\"BreadcrumbList\",\"@id\":\"https:\/\/librairie7l.com\/en\/produit\/dentelle-de-calais-caudry-lart-de-tisser-le-reve-the-art-of-weaving-dreams\/#breadcrumb\",\"itemListElement\":[{\"@type\":\"ListItem\",\"position\":1,\"name\":\"Accueil\",\"item\":\"https:\/\/librairie7l.com\/en\/\"},{\"@type\":\"ListItem\",\"position\":2,\"name\":\"Shop\",\"item\":\"https:\/\/librairie7l.com\/en\/shop\/\"},{\"@type\":\"ListItem\",\"position\":3,\"name\":\"DENTELLE DE CALAIS-CAUDRY ; L&#8217;ART DE TISSER LE R\u00caVE\/THE ART OF WEAVING DREAMS\"}]},{\"@type\":\"WebSite\",\"@id\":\"https:\/\/librairie7l.com\/en\/#website\",\"url\":\"https:\/\/librairie7l.com\/en\/\",\"name\":\"Librairie 7L\",\"description\":\"Librairie fond\u00e9e en 1999 par Karl Lagerfeld \u00e0 Paris\",\"publisher\":{\"@id\":\"https:\/\/librairie7l.com\/en\/#organization\"},\"potentialAction\":[{\"@type\":\"SearchAction\",\"target\":{\"@type\":\"EntryPoint\",\"urlTemplate\":\"https:\/\/librairie7l.com\/en\/?s={search_term_string}\"},\"query-input\":\"required name=search_term_string\"}],\"inLanguage\":\"en-US\"},{\"@type\":\"Organization\",\"@id\":\"https:\/\/librairie7l.com\/en\/#organization\",\"name\":\"Librairie 7L\",\"url\":\"https:\/\/librairie7l.com\/en\/\",\"logo\":{\"@type\":\"ImageObject\",\"inLanguage\":\"en-US\",\"@id\":\"https:\/\/librairie7l.com\/en\/#\/schema\/logo\/image\/\",\"url\":\"https:\/\/librairie7l.com\/wp-content\/uploads\/2022\/08\/logo-1.png\",\"contentUrl\":\"https:\/\/librairie7l.com\/wp-content\/uploads\/2022\/08\/logo-1.png\",\"width\":227,\"height\":301,\"caption\":\"Librairie 7L\"},\"image\":{\"@id\":\"https:\/\/librairie7l.com\/en\/#\/schema\/logo\/image\/\"}}]}<\/script>\n<!-- \/ Yoast SEO plugin. -->","yoast_head_json":{"title":"DENTELLE DE CALAIS-CAUDRY ; L'ART DE TISSER LE R\u00caVE\/THE ART OF WEAVING DREAMS - Librairie 7L","robots":{"index":"index","follow":"follow","max-snippet":"max-snippet:-1","max-image-preview":"max-image-preview:large","max-video-preview":"max-video-preview:-1"},"canonical":"https:\/\/librairie7l.com\/en\/produit\/dentelle-de-calais-caudry-lart-de-tisser-le-reve-the-art-of-weaving-dreams\/","og_locale":"en_US","og_type":"article","og_title":"DENTELLE DE CALAIS-CAUDRY ; L'ART DE TISSER LE R\u00caVE\/THE ART OF WEAVING DREAMS - Librairie 7L","og_description":"Pour la somptueuse robe port\u00e9e par Kate Middleton lors de son mariage avec le Prince William, qui a \u00e9bloui le monde entier, Sarah Burton, directrice artistique de la maison Alexander Mac Queen, a choisi l&#8217;exceptionnelle Dentelle de Calais-Caudry pour magnifier sa cr\u00e9ation. La \u00ab Dentelle de Calais-Caudry\u00ae \u00bb est, en effet, la marque d&#8217;une dentelle [&hellip;]","og_url":"https:\/\/librairie7l.com\/en\/produit\/dentelle-de-calais-caudry-lart-de-tisser-le-reve-the-art-of-weaving-dreams\/","og_site_name":"Librairie 7L","article_modified_time":"2026-04-11T12:26:58+00:00","og_image":[{"width":600,"height":730,"url":"https:\/\/librairie7l.com\/wp-content\/uploads\/2019\/11\/9782359062724_1_75.jpg","type":"image\/jpeg"}],"twitter_card":"summary_large_image","twitter_misc":{"Est. reading time":"1 minute"},"schema":{"@context":"https:\/\/schema.org","@graph":[{"@type":"WebPage","@id":"https:\/\/librairie7l.com\/en\/produit\/dentelle-de-calais-caudry-lart-de-tisser-le-reve-the-art-of-weaving-dreams\/","url":"https:\/\/librairie7l.com\/en\/produit\/dentelle-de-calais-caudry-lart-de-tisser-le-reve-the-art-of-weaving-dreams\/","name":"DENTELLE DE CALAIS-CAUDRY ; L'ART DE TISSER LE R\u00caVE\/THE ART OF WEAVING DREAMS - Librairie 7L","isPartOf":{"@id":"https:\/\/librairie7l.com\/en\/#website"},"datePublished":"2023-05-10T11:48:20+00:00","dateModified":"2026-04-11T12:26:58+00:00","breadcrumb":{"@id":"https:\/\/librairie7l.com\/en\/produit\/dentelle-de-calais-caudry-lart-de-tisser-le-reve-the-art-of-weaving-dreams\/#breadcrumb"},"inLanguage":"en-US","potentialAction":[{"@type":"ReadAction","target":["https:\/\/librairie7l.com\/en\/produit\/dentelle-de-calais-caudry-lart-de-tisser-le-reve-the-art-of-weaving-dreams\/"]}]},{"@type":"BreadcrumbList","@id":"https:\/\/librairie7l.com\/en\/produit\/dentelle-de-calais-caudry-lart-de-tisser-le-reve-the-art-of-weaving-dreams\/#breadcrumb","itemListElement":[{"@type":"ListItem","position":1,"name":"Accueil","item":"https:\/\/librairie7l.com\/en\/"},{"@type":"ListItem","position":2,"name":"Shop","item":"https:\/\/librairie7l.com\/en\/shop\/"},{"@type":"ListItem","position":3,"name":"DENTELLE DE CALAIS-CAUDRY ; L&#8217;ART DE TISSER LE R\u00caVE\/THE ART OF WEAVING DREAMS"}]},{"@type":"WebSite","@id":"https:\/\/librairie7l.com\/en\/#website","url":"https:\/\/librairie7l.com\/en\/","name":"Librairie 7L","description":"Librairie fond\u00e9e en 1999 par Karl Lagerfeld \u00e0 Paris","publisher":{"@id":"https:\/\/librairie7l.com\/en\/#organization"},"potentialAction":[{"@type":"SearchAction","target":{"@type":"EntryPoint","urlTemplate":"https:\/\/librairie7l.com\/en\/?s={search_term_string}"},"query-input":"required name=search_term_string"}],"inLanguage":"en-US"},{"@type":"Organization","@id":"https:\/\/librairie7l.com\/en\/#organization","name":"Librairie 7L","url":"https:\/\/librairie7l.com\/en\/","logo":{"@type":"ImageObject","inLanguage":"en-US","@id":"https:\/\/librairie7l.com\/en\/#\/schema\/logo\/image\/","url":"https:\/\/librairie7l.com\/wp-content\/uploads\/2022\/08\/logo-1.png","contentUrl":"https:\/\/librairie7l.com\/wp-content\/uploads\/2022\/08\/logo-1.png","width":227,"height":301,"caption":"Librairie 7L"},"image":{"@id":"https:\/\/librairie7l.com\/en\/#\/schema\/logo\/image\/"}}]}},"_links":{"self":[{"href":"https:\/\/librairie7l.com\/en\/wp-json\/wp\/v2\/product\/28961"}],"collection":[{"href":"https:\/\/librairie7l.com\/en\/wp-json\/wp\/v2\/product"}],"about":[{"href":"https:\/\/librairie7l.com\/en\/wp-json\/wp\/v2\/types\/product"}],"wp:featuredmedia":[{"embeddable":true,"href":"https:\/\/librairie7l.com\/en\/wp-json\/wp\/v2\/media\/28959"}],"wp:attachment":[{"href":"https:\/\/librairie7l.com\/en\/wp-json\/wp\/v2\/media?parent=28961"}],"wp:term":[{"taxonomy":"product_cat","embeddable":true,"href":"https:\/\/librairie7l.com\/en\/wp-json\/wp\/v2\/product_cat?post=28961"},{"taxonomy":"product_tag","embeddable":true,"href":"https:\/\/librairie7l.com\/en\/wp-json\/wp\/v2\/product_tag?post=28961"}],"curies":[{"name":"wp","href":"https:\/\/api.w.org\/{rel}","templated":true}]}}