{"id":29067,"date":"2023-05-10T13:52:22","date_gmt":"2023-05-10T11:52:22","guid":{"rendered":"https:\/\/librairie7l.com\/?post_type=product&#038;p=29067"},"modified":"2026-04-05T04:06:52","modified_gmt":"2026-04-05T02:06:52","slug":"piece-detachee-n-2-le-pantalon","status":"publish","type":"product","link":"https:\/\/librairie7l.com\/en\/produit\/piece-detachee-n-2-le-pantalon\/","title":{"rendered":"PI\u00c8CE D\u00c9TACH\u00c9E N.2 : LE PANTALON"},"content":{"rendered":"<p>Pi\u00e8ce d\u00e9tach\u00e9e est une revue culturelle consacr\u00e9e au v\u00eatement. Monoth\u00e9matique, elle met \u00e0 l&#8217;honneur un v\u00eatement (ou, par extension, un accessoire) par num\u00e9ro \u00e0 travers des articles relevant de champs divers (soci\u00e9t\u00e9  mode  histoire  art &amp; litt\u00e9rature  culture pop), des nouvelles, des entretiens et des reportages. Elle donne ainsi la voix \u00e0 des chercheur\u00b7euse\u00b7s mais \u00e9galement des \u00e9crivain\u00b7e\u00b7s, des bloggeur\u00b7euse\u00b7s et autres acteur\u00b7trice\u00b7s de la mode.  \u00c0 rebours de la presse dite \u00ab f\u00e9minine \u00bb, Pi\u00e8ce d\u00e9tach\u00e9e se veut non genr\u00e9e et int\u00e9ressera aussi bien les hommes que les femmes. Intemporelle, elle ne traite pas de lactualit\u00e9 de la mode et peut donc, comme un livre, aussi bien se d\u00e9vorer que se lire parcimonieusement, se garder pr\u00e9cieusement et se ch\u00e9rir ! Apr\u00e8s la robe, Pi\u00e8ce d\u00e9tach\u00e9e s&#8217;attaque au pantalon. Des sans-culottes \u00e0 Lady Oscar, en passant par Yves Saint Laurent et le hip-hop, ce num\u00e9ro vous dira tout sur cette pi\u00e8ce devenue mixte, mais indissociable de l&#8217;histoire de l&#8217;\u00e9mancipation des femmes.<\/p>\n","protected":false},"excerpt":{"rendered":"<p>Pi\u00e8ce d\u00e9tach\u00e9e est une revue culturelle consacr\u00e9e au v\u00eatement. Monoth\u00e9matique, elle met \u00e0 l&#8217;honneur un v\u00eatement (ou, par extension, un accessoire) par num\u00e9ro \u00e0 travers des articles relevant de champs divers (soci\u00e9t\u00e9 mode histoire art &amp; litt\u00e9rature culture pop), des nouvelles, des entretiens et des reportages. Elle donne ainsi la voix \u00e0 des chercheur\u00b7euse\u00b7s mais [&hellip;]<\/p>\n","protected":false},"featured_media":29065,"template":"","meta":[],"product_cat":[55,2948,2957,19],"product_tag":[],"acf":[],"yoast_head":"<!-- This site is optimized with the Yoast SEO plugin v20.11 - https:\/\/yoast.com\/wordpress\/plugins\/seo\/ -->\n<title>PI\u00c8CE D\u00c9TACH\u00c9E N.2 : LE PANTALON - Librairie 7L<\/title>\n<meta name=\"robots\" content=\"index, follow, max-snippet:-1, max-image-preview:large, max-video-preview:-1\" \/>\n<link rel=\"canonical\" href=\"https:\/\/librairie7l.com\/en\/produit\/piece-detachee-n-2-le-pantalon\/\" \/>\n<meta property=\"og:locale\" content=\"en_US\" \/>\n<meta property=\"og:type\" content=\"article\" \/>\n<meta property=\"og:title\" content=\"PI\u00c8CE D\u00c9TACH\u00c9E N.2 : LE PANTALON - Librairie 7L\" \/>\n<meta property=\"og:description\" content=\"Pi\u00e8ce d\u00e9tach\u00e9e est une revue culturelle consacr\u00e9e au v\u00eatement. Monoth\u00e9matique, elle met \u00e0 l&#8217;honneur un v\u00eatement (ou, par extension, un accessoire) par num\u00e9ro \u00e0 travers des articles relevant de champs divers (soci\u00e9t\u00e9 mode histoire art &amp; litt\u00e9rature culture pop), des nouvelles, des entretiens et des reportages. Elle donne ainsi la voix \u00e0 des chercheur\u00b7euse\u00b7s mais [&hellip;]\" \/>\n<meta property=\"og:url\" content=\"https:\/\/librairie7l.com\/en\/produit\/piece-detachee-n-2-le-pantalon\/\" \/>\n<meta property=\"og:site_name\" content=\"Librairie 7L\" \/>\n<meta property=\"article:modified_time\" content=\"2026-04-05T02:06:52+00:00\" \/>\n<meta property=\"og:image\" content=\"https:\/\/librairie7l.com\/wp-content\/uploads\/2019\/07\/9782956455813_1_75.jpg\" \/>\n\t<meta property=\"og:image:width\" content=\"600\" \/>\n\t<meta property=\"og:image:height\" content=\"835\" \/>\n\t<meta property=\"og:image:type\" content=\"image\/jpeg\" \/>\n<meta name=\"twitter:card\" content=\"summary_large_image\" \/>\n<meta name=\"twitter:label1\" content=\"Est. reading time\" \/>\n\t<meta name=\"twitter:data1\" content=\"1 minute\" \/>\n<script type=\"application\/ld+json\" class=\"yoast-schema-graph\">{\"@context\":\"https:\/\/schema.org\",\"@graph\":[{\"@type\":\"WebPage\",\"@id\":\"https:\/\/librairie7l.com\/en\/produit\/piece-detachee-n-2-le-pantalon\/\",\"url\":\"https:\/\/librairie7l.com\/en\/produit\/piece-detachee-n-2-le-pantalon\/\",\"name\":\"PI\u00c8CE D\u00c9TACH\u00c9E N.2 : LE PANTALON - Librairie 7L\",\"isPartOf\":{\"@id\":\"https:\/\/librairie7l.com\/en\/#website\"},\"datePublished\":\"2023-05-10T11:52:22+00:00\",\"dateModified\":\"2026-04-05T02:06:52+00:00\",\"breadcrumb\":{\"@id\":\"https:\/\/librairie7l.com\/en\/produit\/piece-detachee-n-2-le-pantalon\/#breadcrumb\"},\"inLanguage\":\"en-US\",\"potentialAction\":[{\"@type\":\"ReadAction\",\"target\":[\"https:\/\/librairie7l.com\/en\/produit\/piece-detachee-n-2-le-pantalon\/\"]}]},{\"@type\":\"BreadcrumbList\",\"@id\":\"https:\/\/librairie7l.com\/en\/produit\/piece-detachee-n-2-le-pantalon\/#breadcrumb\",\"itemListElement\":[{\"@type\":\"ListItem\",\"position\":1,\"name\":\"Accueil\",\"item\":\"https:\/\/librairie7l.com\/en\/\"},{\"@type\":\"ListItem\",\"position\":2,\"name\":\"Shop\",\"item\":\"https:\/\/librairie7l.com\/en\/shop\/\"},{\"@type\":\"ListItem\",\"position\":3,\"name\":\"PI\u00c8CE D\u00c9TACH\u00c9E N.2 : LE PANTALON\"}]},{\"@type\":\"WebSite\",\"@id\":\"https:\/\/librairie7l.com\/en\/#website\",\"url\":\"https:\/\/librairie7l.com\/en\/\",\"name\":\"Librairie 7L\",\"description\":\"Librairie fond\u00e9e en 1999 par Karl Lagerfeld \u00e0 Paris\",\"publisher\":{\"@id\":\"https:\/\/librairie7l.com\/en\/#organization\"},\"potentialAction\":[{\"@type\":\"SearchAction\",\"target\":{\"@type\":\"EntryPoint\",\"urlTemplate\":\"https:\/\/librairie7l.com\/en\/?s={search_term_string}\"},\"query-input\":\"required name=search_term_string\"}],\"inLanguage\":\"en-US\"},{\"@type\":\"Organization\",\"@id\":\"https:\/\/librairie7l.com\/en\/#organization\",\"name\":\"Librairie 7L\",\"url\":\"https:\/\/librairie7l.com\/en\/\",\"logo\":{\"@type\":\"ImageObject\",\"inLanguage\":\"en-US\",\"@id\":\"https:\/\/librairie7l.com\/en\/#\/schema\/logo\/image\/\",\"url\":\"https:\/\/librairie7l.com\/wp-content\/uploads\/2022\/08\/logo-1.png\",\"contentUrl\":\"https:\/\/librairie7l.com\/wp-content\/uploads\/2022\/08\/logo-1.png\",\"width\":227,\"height\":301,\"caption\":\"Librairie 7L\"},\"image\":{\"@id\":\"https:\/\/librairie7l.com\/en\/#\/schema\/logo\/image\/\"}}]}<\/script>\n<!-- \/ Yoast SEO plugin. -->","yoast_head_json":{"title":"PI\u00c8CE D\u00c9TACH\u00c9E N.2 : LE PANTALON - Librairie 7L","robots":{"index":"index","follow":"follow","max-snippet":"max-snippet:-1","max-image-preview":"max-image-preview:large","max-video-preview":"max-video-preview:-1"},"canonical":"https:\/\/librairie7l.com\/en\/produit\/piece-detachee-n-2-le-pantalon\/","og_locale":"en_US","og_type":"article","og_title":"PI\u00c8CE D\u00c9TACH\u00c9E N.2 : LE PANTALON - Librairie 7L","og_description":"Pi\u00e8ce d\u00e9tach\u00e9e est une revue culturelle consacr\u00e9e au v\u00eatement. Monoth\u00e9matique, elle met \u00e0 l&#8217;honneur un v\u00eatement (ou, par extension, un accessoire) par num\u00e9ro \u00e0 travers des articles relevant de champs divers (soci\u00e9t\u00e9 mode histoire art &amp; litt\u00e9rature culture pop), des nouvelles, des entretiens et des reportages. Elle donne ainsi la voix \u00e0 des chercheur\u00b7euse\u00b7s mais [&hellip;]","og_url":"https:\/\/librairie7l.com\/en\/produit\/piece-detachee-n-2-le-pantalon\/","og_site_name":"Librairie 7L","article_modified_time":"2026-04-05T02:06:52+00:00","og_image":[{"width":600,"height":835,"url":"https:\/\/librairie7l.com\/wp-content\/uploads\/2019\/07\/9782956455813_1_75.jpg","type":"image\/jpeg"}],"twitter_card":"summary_large_image","twitter_misc":{"Est. reading time":"1 minute"},"schema":{"@context":"https:\/\/schema.org","@graph":[{"@type":"WebPage","@id":"https:\/\/librairie7l.com\/en\/produit\/piece-detachee-n-2-le-pantalon\/","url":"https:\/\/librairie7l.com\/en\/produit\/piece-detachee-n-2-le-pantalon\/","name":"PI\u00c8CE D\u00c9TACH\u00c9E N.2 : LE PANTALON - Librairie 7L","isPartOf":{"@id":"https:\/\/librairie7l.com\/en\/#website"},"datePublished":"2023-05-10T11:52:22+00:00","dateModified":"2026-04-05T02:06:52+00:00","breadcrumb":{"@id":"https:\/\/librairie7l.com\/en\/produit\/piece-detachee-n-2-le-pantalon\/#breadcrumb"},"inLanguage":"en-US","potentialAction":[{"@type":"ReadAction","target":["https:\/\/librairie7l.com\/en\/produit\/piece-detachee-n-2-le-pantalon\/"]}]},{"@type":"BreadcrumbList","@id":"https:\/\/librairie7l.com\/en\/produit\/piece-detachee-n-2-le-pantalon\/#breadcrumb","itemListElement":[{"@type":"ListItem","position":1,"name":"Accueil","item":"https:\/\/librairie7l.com\/en\/"},{"@type":"ListItem","position":2,"name":"Shop","item":"https:\/\/librairie7l.com\/en\/shop\/"},{"@type":"ListItem","position":3,"name":"PI\u00c8CE D\u00c9TACH\u00c9E N.2 : LE PANTALON"}]},{"@type":"WebSite","@id":"https:\/\/librairie7l.com\/en\/#website","url":"https:\/\/librairie7l.com\/en\/","name":"Librairie 7L","description":"Librairie fond\u00e9e en 1999 par Karl Lagerfeld \u00e0 Paris","publisher":{"@id":"https:\/\/librairie7l.com\/en\/#organization"},"potentialAction":[{"@type":"SearchAction","target":{"@type":"EntryPoint","urlTemplate":"https:\/\/librairie7l.com\/en\/?s={search_term_string}"},"query-input":"required name=search_term_string"}],"inLanguage":"en-US"},{"@type":"Organization","@id":"https:\/\/librairie7l.com\/en\/#organization","name":"Librairie 7L","url":"https:\/\/librairie7l.com\/en\/","logo":{"@type":"ImageObject","inLanguage":"en-US","@id":"https:\/\/librairie7l.com\/en\/#\/schema\/logo\/image\/","url":"https:\/\/librairie7l.com\/wp-content\/uploads\/2022\/08\/logo-1.png","contentUrl":"https:\/\/librairie7l.com\/wp-content\/uploads\/2022\/08\/logo-1.png","width":227,"height":301,"caption":"Librairie 7L"},"image":{"@id":"https:\/\/librairie7l.com\/en\/#\/schema\/logo\/image\/"}}]}},"_links":{"self":[{"href":"https:\/\/librairie7l.com\/en\/wp-json\/wp\/v2\/product\/29067"}],"collection":[{"href":"https:\/\/librairie7l.com\/en\/wp-json\/wp\/v2\/product"}],"about":[{"href":"https:\/\/librairie7l.com\/en\/wp-json\/wp\/v2\/types\/product"}],"wp:featuredmedia":[{"embeddable":true,"href":"https:\/\/librairie7l.com\/en\/wp-json\/wp\/v2\/media\/29065"}],"wp:attachment":[{"href":"https:\/\/librairie7l.com\/en\/wp-json\/wp\/v2\/media?parent=29067"}],"wp:term":[{"taxonomy":"product_cat","embeddable":true,"href":"https:\/\/librairie7l.com\/en\/wp-json\/wp\/v2\/product_cat?post=29067"},{"taxonomy":"product_tag","embeddable":true,"href":"https:\/\/librairie7l.com\/en\/wp-json\/wp\/v2\/product_tag?post=29067"}],"curies":[{"name":"wp","href":"https:\/\/api.w.org\/{rel}","templated":true}]}}