{"id":29103,"date":"2023-05-10T13:53:22","date_gmt":"2023-05-10T11:53:22","guid":{"rendered":"https:\/\/librairie7l.com\/?post_type=product&#038;p=29103"},"modified":"2026-04-11T16:01:38","modified_gmt":"2026-04-11T14:01:38","slug":"columbia","status":"publish","type":"product","link":"https:\/\/librairie7l.com\/en\/produit\/columbia\/","title":{"rendered":"COLUMBIA"},"content":{"rendered":"<p>Photographi\u00e9 par S\u00f8lve Sundsb\u00f8, la Colombie-Britannique r\u00e9v\u00e8le dans une immensit\u00e9 d\u00e9concertante la beaut\u00e9 sauvage de la nature. Voil\u00e0 maintenant treize saisons, par amour du ski, que l&#8217;artiste retrouve cette province canadienne \u00e0 la marge du Pacifique pour descendre les pentes enneig\u00e9es des Selkirk. Une exp\u00e9rience de libert\u00e9 qui lui permet de saisir au plus pr\u00e8s la v\u00e9rit\u00e9 nue d&#8217;un monde en soi. En une s\u00e9rie de quarante-et-une images, montagnes et moraines, cimes et vall\u00e9es, for\u00eats et rivi\u00e8res apparaissent imp\u00e9rieuses. L&#8217;\u00e9criture photographique de British Columbia mythifie les paysages en sublimant les \u00e9l\u00e9ments qui les composent. S\u00f8lve Sundsb\u00f8 porte un autre regard sur ces territoires abrupts.<\/p>\n","protected":false},"excerpt":{"rendered":"<p>Photographi\u00e9 par S\u00f8lve Sundsb\u00f8, la Colombie-Britannique r\u00e9v\u00e8le dans une immensit\u00e9 d\u00e9concertante la beaut\u00e9 sauvage de la nature. Voil\u00e0 maintenant treize saisons, par amour du ski, que l&#8217;artiste retrouve cette province canadienne \u00e0 la marge du Pacifique pour descendre les pentes enneig\u00e9es des Selkirk. Une exp\u00e9rience de libert\u00e9 qui lui permet de saisir au plus pr\u00e8s [&hellip;]<\/p>\n","protected":false},"featured_media":29101,"template":"","meta":[],"product_cat":[55,2948,2958,17],"product_tag":[],"acf":[],"yoast_head":"<!-- This site is optimized with the Yoast SEO plugin v20.11 - https:\/\/yoast.com\/wordpress\/plugins\/seo\/ -->\n<title>COLUMBIA - Librairie 7L<\/title>\n<meta name=\"robots\" content=\"index, follow, max-snippet:-1, max-image-preview:large, max-video-preview:-1\" \/>\n<link rel=\"canonical\" href=\"https:\/\/librairie7l.com\/en\/produit\/columbia\/\" \/>\n<meta property=\"og:locale\" content=\"en_US\" \/>\n<meta property=\"og:type\" content=\"article\" \/>\n<meta property=\"og:title\" content=\"COLUMBIA - Librairie 7L\" \/>\n<meta property=\"og:description\" content=\"Photographi\u00e9 par S\u00f8lve Sundsb\u00f8, la Colombie-Britannique r\u00e9v\u00e8le dans une immensit\u00e9 d\u00e9concertante la beaut\u00e9 sauvage de la nature. Voil\u00e0 maintenant treize saisons, par amour du ski, que l&#8217;artiste retrouve cette province canadienne \u00e0 la marge du Pacifique pour descendre les pentes enneig\u00e9es des Selkirk. Une exp\u00e9rience de libert\u00e9 qui lui permet de saisir au plus pr\u00e8s [&hellip;]\" \/>\n<meta property=\"og:url\" content=\"https:\/\/librairie7l.com\/en\/produit\/columbia\/\" \/>\n<meta property=\"og:site_name\" content=\"Librairie 7L\" \/>\n<meta property=\"article:modified_time\" content=\"2026-04-11T14:01:38+00:00\" \/>\n<meta property=\"og:image\" content=\"https:\/\/librairie7l.com\/wp-content\/uploads\/2017\/08\/9782369831334_1_75.jpg\" \/>\n\t<meta property=\"og:image:width\" content=\"600\" \/>\n\t<meta property=\"og:image:height\" content=\"768\" \/>\n\t<meta property=\"og:image:type\" content=\"image\/jpeg\" \/>\n<meta name=\"twitter:card\" content=\"summary_large_image\" \/>\n<meta name=\"twitter:label1\" content=\"Est. reading time\" \/>\n\t<meta name=\"twitter:data1\" content=\"1 minute\" \/>\n<script type=\"application\/ld+json\" class=\"yoast-schema-graph\">{\"@context\":\"https:\/\/schema.org\",\"@graph\":[{\"@type\":\"WebPage\",\"@id\":\"https:\/\/librairie7l.com\/en\/produit\/columbia\/\",\"url\":\"https:\/\/librairie7l.com\/en\/produit\/columbia\/\",\"name\":\"COLUMBIA - Librairie 7L\",\"isPartOf\":{\"@id\":\"https:\/\/librairie7l.com\/en\/#website\"},\"datePublished\":\"2023-05-10T11:53:22+00:00\",\"dateModified\":\"2026-04-11T14:01:38+00:00\",\"breadcrumb\":{\"@id\":\"https:\/\/librairie7l.com\/en\/produit\/columbia\/#breadcrumb\"},\"inLanguage\":\"en-US\",\"potentialAction\":[{\"@type\":\"ReadAction\",\"target\":[\"https:\/\/librairie7l.com\/en\/produit\/columbia\/\"]}]},{\"@type\":\"BreadcrumbList\",\"@id\":\"https:\/\/librairie7l.com\/en\/produit\/columbia\/#breadcrumb\",\"itemListElement\":[{\"@type\":\"ListItem\",\"position\":1,\"name\":\"Accueil\",\"item\":\"https:\/\/librairie7l.com\/en\/\"},{\"@type\":\"ListItem\",\"position\":2,\"name\":\"Shop\",\"item\":\"https:\/\/librairie7l.com\/en\/shop\/\"},{\"@type\":\"ListItem\",\"position\":3,\"name\":\"COLUMBIA\"}]},{\"@type\":\"WebSite\",\"@id\":\"https:\/\/librairie7l.com\/en\/#website\",\"url\":\"https:\/\/librairie7l.com\/en\/\",\"name\":\"Librairie 7L\",\"description\":\"Librairie fond\u00e9e en 1999 par Karl Lagerfeld \u00e0 Paris\",\"publisher\":{\"@id\":\"https:\/\/librairie7l.com\/en\/#organization\"},\"potentialAction\":[{\"@type\":\"SearchAction\",\"target\":{\"@type\":\"EntryPoint\",\"urlTemplate\":\"https:\/\/librairie7l.com\/en\/?s={search_term_string}\"},\"query-input\":\"required name=search_term_string\"}],\"inLanguage\":\"en-US\"},{\"@type\":\"Organization\",\"@id\":\"https:\/\/librairie7l.com\/en\/#organization\",\"name\":\"Librairie 7L\",\"url\":\"https:\/\/librairie7l.com\/en\/\",\"logo\":{\"@type\":\"ImageObject\",\"inLanguage\":\"en-US\",\"@id\":\"https:\/\/librairie7l.com\/en\/#\/schema\/logo\/image\/\",\"url\":\"https:\/\/librairie7l.com\/wp-content\/uploads\/2022\/08\/logo-1.png\",\"contentUrl\":\"https:\/\/librairie7l.com\/wp-content\/uploads\/2022\/08\/logo-1.png\",\"width\":227,\"height\":301,\"caption\":\"Librairie 7L\"},\"image\":{\"@id\":\"https:\/\/librairie7l.com\/en\/#\/schema\/logo\/image\/\"}}]}<\/script>\n<!-- \/ Yoast SEO plugin. -->","yoast_head_json":{"title":"COLUMBIA - Librairie 7L","robots":{"index":"index","follow":"follow","max-snippet":"max-snippet:-1","max-image-preview":"max-image-preview:large","max-video-preview":"max-video-preview:-1"},"canonical":"https:\/\/librairie7l.com\/en\/produit\/columbia\/","og_locale":"en_US","og_type":"article","og_title":"COLUMBIA - Librairie 7L","og_description":"Photographi\u00e9 par S\u00f8lve Sundsb\u00f8, la Colombie-Britannique r\u00e9v\u00e8le dans une immensit\u00e9 d\u00e9concertante la beaut\u00e9 sauvage de la nature. Voil\u00e0 maintenant treize saisons, par amour du ski, que l&#8217;artiste retrouve cette province canadienne \u00e0 la marge du Pacifique pour descendre les pentes enneig\u00e9es des Selkirk. Une exp\u00e9rience de libert\u00e9 qui lui permet de saisir au plus pr\u00e8s [&hellip;]","og_url":"https:\/\/librairie7l.com\/en\/produit\/columbia\/","og_site_name":"Librairie 7L","article_modified_time":"2026-04-11T14:01:38+00:00","og_image":[{"width":600,"height":768,"url":"https:\/\/librairie7l.com\/wp-content\/uploads\/2017\/08\/9782369831334_1_75.jpg","type":"image\/jpeg"}],"twitter_card":"summary_large_image","twitter_misc":{"Est. reading time":"1 minute"},"schema":{"@context":"https:\/\/schema.org","@graph":[{"@type":"WebPage","@id":"https:\/\/librairie7l.com\/en\/produit\/columbia\/","url":"https:\/\/librairie7l.com\/en\/produit\/columbia\/","name":"COLUMBIA - Librairie 7L","isPartOf":{"@id":"https:\/\/librairie7l.com\/en\/#website"},"datePublished":"2023-05-10T11:53:22+00:00","dateModified":"2026-04-11T14:01:38+00:00","breadcrumb":{"@id":"https:\/\/librairie7l.com\/en\/produit\/columbia\/#breadcrumb"},"inLanguage":"en-US","potentialAction":[{"@type":"ReadAction","target":["https:\/\/librairie7l.com\/en\/produit\/columbia\/"]}]},{"@type":"BreadcrumbList","@id":"https:\/\/librairie7l.com\/en\/produit\/columbia\/#breadcrumb","itemListElement":[{"@type":"ListItem","position":1,"name":"Accueil","item":"https:\/\/librairie7l.com\/en\/"},{"@type":"ListItem","position":2,"name":"Shop","item":"https:\/\/librairie7l.com\/en\/shop\/"},{"@type":"ListItem","position":3,"name":"COLUMBIA"}]},{"@type":"WebSite","@id":"https:\/\/librairie7l.com\/en\/#website","url":"https:\/\/librairie7l.com\/en\/","name":"Librairie 7L","description":"Librairie fond\u00e9e en 1999 par Karl Lagerfeld \u00e0 Paris","publisher":{"@id":"https:\/\/librairie7l.com\/en\/#organization"},"potentialAction":[{"@type":"SearchAction","target":{"@type":"EntryPoint","urlTemplate":"https:\/\/librairie7l.com\/en\/?s={search_term_string}"},"query-input":"required name=search_term_string"}],"inLanguage":"en-US"},{"@type":"Organization","@id":"https:\/\/librairie7l.com\/en\/#organization","name":"Librairie 7L","url":"https:\/\/librairie7l.com\/en\/","logo":{"@type":"ImageObject","inLanguage":"en-US","@id":"https:\/\/librairie7l.com\/en\/#\/schema\/logo\/image\/","url":"https:\/\/librairie7l.com\/wp-content\/uploads\/2022\/08\/logo-1.png","contentUrl":"https:\/\/librairie7l.com\/wp-content\/uploads\/2022\/08\/logo-1.png","width":227,"height":301,"caption":"Librairie 7L"},"image":{"@id":"https:\/\/librairie7l.com\/en\/#\/schema\/logo\/image\/"}}]}},"_links":{"self":[{"href":"https:\/\/librairie7l.com\/en\/wp-json\/wp\/v2\/product\/29103"}],"collection":[{"href":"https:\/\/librairie7l.com\/en\/wp-json\/wp\/v2\/product"}],"about":[{"href":"https:\/\/librairie7l.com\/en\/wp-json\/wp\/v2\/types\/product"}],"wp:featuredmedia":[{"embeddable":true,"href":"https:\/\/librairie7l.com\/en\/wp-json\/wp\/v2\/media\/29101"}],"wp:attachment":[{"href":"https:\/\/librairie7l.com\/en\/wp-json\/wp\/v2\/media?parent=29103"}],"wp:term":[{"taxonomy":"product_cat","embeddable":true,"href":"https:\/\/librairie7l.com\/en\/wp-json\/wp\/v2\/product_cat?post=29103"},{"taxonomy":"product_tag","embeddable":true,"href":"https:\/\/librairie7l.com\/en\/wp-json\/wp\/v2\/product_tag?post=29103"}],"curies":[{"name":"wp","href":"https:\/\/api.w.org\/{rel}","templated":true}]}}