{"id":29115,"date":"2023-05-10T13:53:44","date_gmt":"2023-05-10T11:53:44","guid":{"rendered":"https:\/\/librairie7l.com\/?post_type=product&#038;p=29115"},"modified":"2026-04-06T03:06:25","modified_gmt":"2026-04-06T01:06:25","slug":"masterclass-storyboard-25-interviews-de-storyboardeurs-et-de-realisateurs","status":"publish","type":"product","link":"https:\/\/librairie7l.com\/en\/produit\/masterclass-storyboard-25-interviews-de-storyboardeurs-et-de-realisateurs\/","title":{"rendered":"MASTERCLASS STORYBOARD ; 25 INTERVIEWS DE STORYBOARDEURS ET DE R\u00c9ALISATEURS"},"content":{"rendered":"<p>Recueillant les propos in\u00e9dits de professionnels du cin\u00e9ma (storyboardeurs, r\u00e9alisateurs, assistants r\u00e9alisateurs, chef d\u00e9corateur, productrice&#8230;), cet ouvrage apporte une vision vivante et complexe d&#8217;un m\u00e9tier qui reste souvent m\u00e9connu en France. Compl\u00e9mentaire des manuels destin\u00e9s \u00e0 apprendre les techniques du storyboard, il r\u00e9v\u00e8le les coulisses de plusieurs films connus et les m\u00e9thodes de travail de cin\u00e9astes chevronn\u00e9s, mais aussi de ceux qui travaillent \u00e0 leurs c\u00f4t\u00e9s.<\/p>\n<p>Destin\u00e9 aussi bien aux apprentis storyboardeurs qu&#8217;aux \u00e9tudiants en \u00e9cole de cin\u00e9ma ou aux cin\u00e9philes curieux, ce livre original ouvre une porte dans l&#8217;univers de ces cr\u00e9ateurs de l&#8217;ombre que sont les storyboardeurs.<\/p>\n","protected":false},"excerpt":{"rendered":"<p>Recueillant les propos in\u00e9dits de professionnels du cin\u00e9ma (storyboardeurs, r\u00e9alisateurs, assistants r\u00e9alisateurs, chef d\u00e9corateur, productrice&#8230;), cet ouvrage apporte une vision vivante et complexe d&#8217;un m\u00e9tier qui reste souvent m\u00e9connu en France. Compl\u00e9mentaire des manuels destin\u00e9s \u00e0 apprendre les techniques du storyboard, il r\u00e9v\u00e8le les coulisses de plusieurs films connus et les m\u00e9thodes de travail de [&hellip;]<\/p>\n","protected":false},"featured_media":29113,"template":"","meta":[],"product_cat":[55,2948,2958,17],"product_tag":[],"acf":[],"yoast_head":"<!-- This site is optimized with the Yoast SEO plugin v20.11 - https:\/\/yoast.com\/wordpress\/plugins\/seo\/ -->\n<title>MASTERCLASS STORYBOARD ; 25 INTERVIEWS DE STORYBOARDEURS ET DE R\u00c9ALISATEURS - Librairie 7L<\/title>\n<meta name=\"robots\" content=\"index, follow, max-snippet:-1, max-image-preview:large, max-video-preview:-1\" \/>\n<link rel=\"canonical\" href=\"https:\/\/librairie7l.com\/en\/produit\/masterclass-storyboard-25-interviews-de-storyboardeurs-et-de-realisateurs\/\" \/>\n<meta property=\"og:locale\" content=\"en_US\" \/>\n<meta property=\"og:type\" content=\"article\" \/>\n<meta property=\"og:title\" content=\"MASTERCLASS STORYBOARD ; 25 INTERVIEWS DE STORYBOARDEURS ET DE R\u00c9ALISATEURS - Librairie 7L\" \/>\n<meta property=\"og:description\" content=\"Recueillant les propos in\u00e9dits de professionnels du cin\u00e9ma (storyboardeurs, r\u00e9alisateurs, assistants r\u00e9alisateurs, chef d\u00e9corateur, productrice&#8230;), cet ouvrage apporte une vision vivante et complexe d&#8217;un m\u00e9tier qui reste souvent m\u00e9connu en France. Compl\u00e9mentaire des manuels destin\u00e9s \u00e0 apprendre les techniques du storyboard, il r\u00e9v\u00e8le les coulisses de plusieurs films connus et les m\u00e9thodes de travail de [&hellip;]\" \/>\n<meta property=\"og:url\" content=\"https:\/\/librairie7l.com\/en\/produit\/masterclass-storyboard-25-interviews-de-storyboardeurs-et-de-realisateurs\/\" \/>\n<meta property=\"og:site_name\" content=\"Librairie 7L\" \/>\n<meta property=\"article:modified_time\" content=\"2026-04-06T01:06:25+00:00\" \/>\n<meta property=\"og:image\" content=\"https:\/\/librairie7l.com\/wp-content\/uploads\/2012\/08\/9782212135039_1_75.jpg\" \/>\n\t<meta property=\"og:image:width\" content=\"1388\" \/>\n\t<meta property=\"og:image:height\" content=\"946\" \/>\n\t<meta property=\"og:image:type\" content=\"image\/jpeg\" \/>\n<meta name=\"twitter:card\" content=\"summary_large_image\" \/>\n<meta name=\"twitter:label1\" content=\"Est. reading time\" \/>\n\t<meta name=\"twitter:data1\" content=\"1 minute\" \/>\n<script type=\"application\/ld+json\" class=\"yoast-schema-graph\">{\"@context\":\"https:\/\/schema.org\",\"@graph\":[{\"@type\":\"WebPage\",\"@id\":\"https:\/\/librairie7l.com\/en\/produit\/masterclass-storyboard-25-interviews-de-storyboardeurs-et-de-realisateurs\/\",\"url\":\"https:\/\/librairie7l.com\/en\/produit\/masterclass-storyboard-25-interviews-de-storyboardeurs-et-de-realisateurs\/\",\"name\":\"MASTERCLASS STORYBOARD ; 25 INTERVIEWS DE STORYBOARDEURS ET DE R\u00c9ALISATEURS - Librairie 7L\",\"isPartOf\":{\"@id\":\"https:\/\/librairie7l.com\/en\/#website\"},\"datePublished\":\"2023-05-10T11:53:44+00:00\",\"dateModified\":\"2026-04-06T01:06:25+00:00\",\"breadcrumb\":{\"@id\":\"https:\/\/librairie7l.com\/en\/produit\/masterclass-storyboard-25-interviews-de-storyboardeurs-et-de-realisateurs\/#breadcrumb\"},\"inLanguage\":\"en-US\",\"potentialAction\":[{\"@type\":\"ReadAction\",\"target\":[\"https:\/\/librairie7l.com\/en\/produit\/masterclass-storyboard-25-interviews-de-storyboardeurs-et-de-realisateurs\/\"]}]},{\"@type\":\"BreadcrumbList\",\"@id\":\"https:\/\/librairie7l.com\/en\/produit\/masterclass-storyboard-25-interviews-de-storyboardeurs-et-de-realisateurs\/#breadcrumb\",\"itemListElement\":[{\"@type\":\"ListItem\",\"position\":1,\"name\":\"Accueil\",\"item\":\"https:\/\/librairie7l.com\/en\/\"},{\"@type\":\"ListItem\",\"position\":2,\"name\":\"Shop\",\"item\":\"https:\/\/librairie7l.com\/en\/shop\/\"},{\"@type\":\"ListItem\",\"position\":3,\"name\":\"MASTERCLASS STORYBOARD ; 25 INTERVIEWS DE STORYBOARDEURS ET DE R\u00c9ALISATEURS\"}]},{\"@type\":\"WebSite\",\"@id\":\"https:\/\/librairie7l.com\/en\/#website\",\"url\":\"https:\/\/librairie7l.com\/en\/\",\"name\":\"Librairie 7L\",\"description\":\"Librairie fond\u00e9e en 1999 par Karl Lagerfeld \u00e0 Paris\",\"publisher\":{\"@id\":\"https:\/\/librairie7l.com\/en\/#organization\"},\"potentialAction\":[{\"@type\":\"SearchAction\",\"target\":{\"@type\":\"EntryPoint\",\"urlTemplate\":\"https:\/\/librairie7l.com\/en\/?s={search_term_string}\"},\"query-input\":\"required name=search_term_string\"}],\"inLanguage\":\"en-US\"},{\"@type\":\"Organization\",\"@id\":\"https:\/\/librairie7l.com\/en\/#organization\",\"name\":\"Librairie 7L\",\"url\":\"https:\/\/librairie7l.com\/en\/\",\"logo\":{\"@type\":\"ImageObject\",\"inLanguage\":\"en-US\",\"@id\":\"https:\/\/librairie7l.com\/en\/#\/schema\/logo\/image\/\",\"url\":\"https:\/\/librairie7l.com\/wp-content\/uploads\/2022\/08\/logo-1.png\",\"contentUrl\":\"https:\/\/librairie7l.com\/wp-content\/uploads\/2022\/08\/logo-1.png\",\"width\":227,\"height\":301,\"caption\":\"Librairie 7L\"},\"image\":{\"@id\":\"https:\/\/librairie7l.com\/en\/#\/schema\/logo\/image\/\"}}]}<\/script>\n<!-- \/ Yoast SEO plugin. -->","yoast_head_json":{"title":"MASTERCLASS STORYBOARD ; 25 INTERVIEWS DE STORYBOARDEURS ET DE R\u00c9ALISATEURS - Librairie 7L","robots":{"index":"index","follow":"follow","max-snippet":"max-snippet:-1","max-image-preview":"max-image-preview:large","max-video-preview":"max-video-preview:-1"},"canonical":"https:\/\/librairie7l.com\/en\/produit\/masterclass-storyboard-25-interviews-de-storyboardeurs-et-de-realisateurs\/","og_locale":"en_US","og_type":"article","og_title":"MASTERCLASS STORYBOARD ; 25 INTERVIEWS DE STORYBOARDEURS ET DE R\u00c9ALISATEURS - Librairie 7L","og_description":"Recueillant les propos in\u00e9dits de professionnels du cin\u00e9ma (storyboardeurs, r\u00e9alisateurs, assistants r\u00e9alisateurs, chef d\u00e9corateur, productrice&#8230;), cet ouvrage apporte une vision vivante et complexe d&#8217;un m\u00e9tier qui reste souvent m\u00e9connu en France. Compl\u00e9mentaire des manuels destin\u00e9s \u00e0 apprendre les techniques du storyboard, il r\u00e9v\u00e8le les coulisses de plusieurs films connus et les m\u00e9thodes de travail de [&hellip;]","og_url":"https:\/\/librairie7l.com\/en\/produit\/masterclass-storyboard-25-interviews-de-storyboardeurs-et-de-realisateurs\/","og_site_name":"Librairie 7L","article_modified_time":"2026-04-06T01:06:25+00:00","og_image":[{"width":1388,"height":946,"url":"https:\/\/librairie7l.com\/wp-content\/uploads\/2012\/08\/9782212135039_1_75.jpg","type":"image\/jpeg"}],"twitter_card":"summary_large_image","twitter_misc":{"Est. reading time":"1 minute"},"schema":{"@context":"https:\/\/schema.org","@graph":[{"@type":"WebPage","@id":"https:\/\/librairie7l.com\/en\/produit\/masterclass-storyboard-25-interviews-de-storyboardeurs-et-de-realisateurs\/","url":"https:\/\/librairie7l.com\/en\/produit\/masterclass-storyboard-25-interviews-de-storyboardeurs-et-de-realisateurs\/","name":"MASTERCLASS STORYBOARD ; 25 INTERVIEWS DE STORYBOARDEURS ET DE R\u00c9ALISATEURS - Librairie 7L","isPartOf":{"@id":"https:\/\/librairie7l.com\/en\/#website"},"datePublished":"2023-05-10T11:53:44+00:00","dateModified":"2026-04-06T01:06:25+00:00","breadcrumb":{"@id":"https:\/\/librairie7l.com\/en\/produit\/masterclass-storyboard-25-interviews-de-storyboardeurs-et-de-realisateurs\/#breadcrumb"},"inLanguage":"en-US","potentialAction":[{"@type":"ReadAction","target":["https:\/\/librairie7l.com\/en\/produit\/masterclass-storyboard-25-interviews-de-storyboardeurs-et-de-realisateurs\/"]}]},{"@type":"BreadcrumbList","@id":"https:\/\/librairie7l.com\/en\/produit\/masterclass-storyboard-25-interviews-de-storyboardeurs-et-de-realisateurs\/#breadcrumb","itemListElement":[{"@type":"ListItem","position":1,"name":"Accueil","item":"https:\/\/librairie7l.com\/en\/"},{"@type":"ListItem","position":2,"name":"Shop","item":"https:\/\/librairie7l.com\/en\/shop\/"},{"@type":"ListItem","position":3,"name":"MASTERCLASS STORYBOARD ; 25 INTERVIEWS DE STORYBOARDEURS ET DE R\u00c9ALISATEURS"}]},{"@type":"WebSite","@id":"https:\/\/librairie7l.com\/en\/#website","url":"https:\/\/librairie7l.com\/en\/","name":"Librairie 7L","description":"Librairie fond\u00e9e en 1999 par Karl Lagerfeld \u00e0 Paris","publisher":{"@id":"https:\/\/librairie7l.com\/en\/#organization"},"potentialAction":[{"@type":"SearchAction","target":{"@type":"EntryPoint","urlTemplate":"https:\/\/librairie7l.com\/en\/?s={search_term_string}"},"query-input":"required name=search_term_string"}],"inLanguage":"en-US"},{"@type":"Organization","@id":"https:\/\/librairie7l.com\/en\/#organization","name":"Librairie 7L","url":"https:\/\/librairie7l.com\/en\/","logo":{"@type":"ImageObject","inLanguage":"en-US","@id":"https:\/\/librairie7l.com\/en\/#\/schema\/logo\/image\/","url":"https:\/\/librairie7l.com\/wp-content\/uploads\/2022\/08\/logo-1.png","contentUrl":"https:\/\/librairie7l.com\/wp-content\/uploads\/2022\/08\/logo-1.png","width":227,"height":301,"caption":"Librairie 7L"},"image":{"@id":"https:\/\/librairie7l.com\/en\/#\/schema\/logo\/image\/"}}]}},"_links":{"self":[{"href":"https:\/\/librairie7l.com\/en\/wp-json\/wp\/v2\/product\/29115"}],"collection":[{"href":"https:\/\/librairie7l.com\/en\/wp-json\/wp\/v2\/product"}],"about":[{"href":"https:\/\/librairie7l.com\/en\/wp-json\/wp\/v2\/types\/product"}],"wp:featuredmedia":[{"embeddable":true,"href":"https:\/\/librairie7l.com\/en\/wp-json\/wp\/v2\/media\/29113"}],"wp:attachment":[{"href":"https:\/\/librairie7l.com\/en\/wp-json\/wp\/v2\/media?parent=29115"}],"wp:term":[{"taxonomy":"product_cat","embeddable":true,"href":"https:\/\/librairie7l.com\/en\/wp-json\/wp\/v2\/product_cat?post=29115"},{"taxonomy":"product_tag","embeddable":true,"href":"https:\/\/librairie7l.com\/en\/wp-json\/wp\/v2\/product_tag?post=29115"}],"curies":[{"name":"wp","href":"https:\/\/api.w.org\/{rel}","templated":true}]}}