{"id":29123,"date":"2023-05-10T13:54:02","date_gmt":"2023-05-10T11:54:02","guid":{"rendered":"https:\/\/librairie7l.com\/?post_type=product&#038;p=29123"},"modified":"2026-04-12T12:59:55","modified_gmt":"2026-04-12T10:59:55","slug":"deboutonner-la-mode","status":"publish","type":"product","link":"https:\/\/librairie7l.com\/en\/produit\/deboutonner-la-mode\/","title":{"rendered":"D\u00c9BOUTONNER LA MODE"},"content":{"rendered":"<p>Ce livre rend hommage aux quelque 3000 boutons rassembl\u00e9s avec patience et passion par le collectionneur Lo\u00efc Allio durant de longues ann\u00e9es. Cette collection exceptionnelle a \u00e9t\u00e9 acquise en 2012 par le mus\u00e9e des Arts d\u00e9coratifs et 3000 de ces boutons, du XVIIIe au XXe si\u00e8cle, sont pr\u00e9sent\u00e9s pour la premi\u00e8re fois au public dans l&#8217;exposition.<br \/>\nL&#8217;objet, d&#8217;apparence si modeste et fragile, et ne tenant qu&#8217;\u00e0 un fil, se r\u00e9v\u00e8le \u00eatre un miroir fid\u00e8le des convenances sociales, de la production artistique contemporaine ou encore des progr\u00e8s techniques dans les arts appliqu\u00e9s. Le bouton endosse diverses fonctions utilitaires et d\u00e9coratives : il appara\u00eet aussi bien en tant qu&#8217;insigne, ornement, catalyseur de la pens\u00e9e d&#8217;un artiste ou d&#8217;un cr\u00e9ateur, que comme signe d&#8217;appartenance \u00e0 un certain milieu social ou professionnel.<br \/>\nLe propos se concentre sur le rapport du bouton au v\u00eatement. Bien qu&#8217;il ait parfois disparu de certaines de nos tenues contemporaines, le bouton n&#8217;a jamais \u00e9t\u00e9 supplant\u00e9 par d&#8217;autres syst\u00e8mes de fermeture. Il sculpte la silhouette, donne son rythme \u00e0 la tenue, sert de point d&#8217;\u00e9quilibre et de d\u00e9s\u00e9quilibre. Sa rotondit\u00e9 \u00e9voque celle du monde, dans toute sa diversit\u00e9.<br \/>\nUne commande photographique sp\u00e9cifique a \u00e9t\u00e9 pass\u00e9e pour cet ouvrage : elle rend compte de l&#8217;extr\u00eame vari\u00e9t\u00e9 des mat\u00e9riaux et des techniques employ\u00e9s dans la cr\u00e9ation de boutons d&#8217;exception (ivoire, nacre, porcelaine, m\u00e9taux, pierres pr\u00e9cieuses.) comme de plus humbles (coquillages, graines, fleurs s\u00e9ch\u00e9es, cheveux.).<br \/>\nCe livre est indispensable pour d\u00e9couvrir ce microcosme flirtant parfois avec le luxe de la joaillerie, mais \u00e9galement pr\u00e9sent au quotidien, au coeur de gestes inconscients<\/p>\n","protected":false},"excerpt":{"rendered":"<p>Ce livre rend hommage aux quelque 3000 boutons rassembl\u00e9s avec patience et passion par le collectionneur Lo\u00efc Allio durant de longues ann\u00e9es. Cette collection exceptionnelle a \u00e9t\u00e9 acquise en 2012 par le mus\u00e9e des Arts d\u00e9coratifs et 3000 de ces boutons, du XVIIIe au XXe si\u00e8cle, sont pr\u00e9sent\u00e9s pour la premi\u00e8re fois au public dans [&hellip;]<\/p>\n","protected":false},"featured_media":29121,"template":"","meta":[],"product_cat":[55,2948,2957,19],"product_tag":[],"acf":[],"yoast_head":"<!-- This site is optimized with the Yoast SEO plugin v20.11 - https:\/\/yoast.com\/wordpress\/plugins\/seo\/ -->\n<title>D\u00c9BOUTONNER LA MODE - Librairie 7L<\/title>\n<meta name=\"robots\" content=\"index, follow, max-snippet:-1, max-image-preview:large, max-video-preview:-1\" \/>\n<link rel=\"canonical\" href=\"https:\/\/librairie7l.com\/en\/produit\/deboutonner-la-mode\/\" \/>\n<meta property=\"og:locale\" content=\"en_US\" \/>\n<meta property=\"og:type\" content=\"article\" \/>\n<meta property=\"og:title\" content=\"D\u00c9BOUTONNER LA MODE - Librairie 7L\" \/>\n<meta property=\"og:description\" content=\"Ce livre rend hommage aux quelque 3000 boutons rassembl\u00e9s avec patience et passion par le collectionneur Lo\u00efc Allio durant de longues ann\u00e9es. Cette collection exceptionnelle a \u00e9t\u00e9 acquise en 2012 par le mus\u00e9e des Arts d\u00e9coratifs et 3000 de ces boutons, du XVIIIe au XXe si\u00e8cle, sont pr\u00e9sent\u00e9s pour la premi\u00e8re fois au public dans [&hellip;]\" \/>\n<meta property=\"og:url\" content=\"https:\/\/librairie7l.com\/en\/produit\/deboutonner-la-mode\/\" \/>\n<meta property=\"og:site_name\" content=\"Librairie 7L\" \/>\n<meta property=\"article:modified_time\" content=\"2026-04-12T10:59:55+00:00\" \/>\n<meta property=\"og:image\" content=\"https:\/\/librairie7l.com\/wp-content\/uploads\/2014\/12\/9782916914541_1_75.jpg\" \/>\n\t<meta property=\"og:image:width\" content=\"224\" \/>\n\t<meta property=\"og:image:height\" content=\"279\" \/>\n\t<meta property=\"og:image:type\" content=\"image\/jpeg\" \/>\n<meta name=\"twitter:card\" content=\"summary_large_image\" \/>\n<meta name=\"twitter:label1\" content=\"Est. reading time\" \/>\n\t<meta name=\"twitter:data1\" content=\"1 minute\" \/>\n<script type=\"application\/ld+json\" class=\"yoast-schema-graph\">{\"@context\":\"https:\/\/schema.org\",\"@graph\":[{\"@type\":\"WebPage\",\"@id\":\"https:\/\/librairie7l.com\/en\/produit\/deboutonner-la-mode\/\",\"url\":\"https:\/\/librairie7l.com\/en\/produit\/deboutonner-la-mode\/\",\"name\":\"D\u00c9BOUTONNER LA MODE - Librairie 7L\",\"isPartOf\":{\"@id\":\"https:\/\/librairie7l.com\/en\/#website\"},\"datePublished\":\"2023-05-10T11:54:02+00:00\",\"dateModified\":\"2026-04-12T10:59:55+00:00\",\"breadcrumb\":{\"@id\":\"https:\/\/librairie7l.com\/en\/produit\/deboutonner-la-mode\/#breadcrumb\"},\"inLanguage\":\"en-US\",\"potentialAction\":[{\"@type\":\"ReadAction\",\"target\":[\"https:\/\/librairie7l.com\/en\/produit\/deboutonner-la-mode\/\"]}]},{\"@type\":\"BreadcrumbList\",\"@id\":\"https:\/\/librairie7l.com\/en\/produit\/deboutonner-la-mode\/#breadcrumb\",\"itemListElement\":[{\"@type\":\"ListItem\",\"position\":1,\"name\":\"Accueil\",\"item\":\"https:\/\/librairie7l.com\/en\/\"},{\"@type\":\"ListItem\",\"position\":2,\"name\":\"Shop\",\"item\":\"https:\/\/librairie7l.com\/en\/shop\/\"},{\"@type\":\"ListItem\",\"position\":3,\"name\":\"D\u00c9BOUTONNER LA MODE\"}]},{\"@type\":\"WebSite\",\"@id\":\"https:\/\/librairie7l.com\/en\/#website\",\"url\":\"https:\/\/librairie7l.com\/en\/\",\"name\":\"Librairie 7L\",\"description\":\"Librairie fond\u00e9e en 1999 par Karl Lagerfeld \u00e0 Paris\",\"publisher\":{\"@id\":\"https:\/\/librairie7l.com\/en\/#organization\"},\"potentialAction\":[{\"@type\":\"SearchAction\",\"target\":{\"@type\":\"EntryPoint\",\"urlTemplate\":\"https:\/\/librairie7l.com\/en\/?s={search_term_string}\"},\"query-input\":\"required name=search_term_string\"}],\"inLanguage\":\"en-US\"},{\"@type\":\"Organization\",\"@id\":\"https:\/\/librairie7l.com\/en\/#organization\",\"name\":\"Librairie 7L\",\"url\":\"https:\/\/librairie7l.com\/en\/\",\"logo\":{\"@type\":\"ImageObject\",\"inLanguage\":\"en-US\",\"@id\":\"https:\/\/librairie7l.com\/en\/#\/schema\/logo\/image\/\",\"url\":\"https:\/\/librairie7l.com\/wp-content\/uploads\/2022\/08\/logo-1.png\",\"contentUrl\":\"https:\/\/librairie7l.com\/wp-content\/uploads\/2022\/08\/logo-1.png\",\"width\":227,\"height\":301,\"caption\":\"Librairie 7L\"},\"image\":{\"@id\":\"https:\/\/librairie7l.com\/en\/#\/schema\/logo\/image\/\"}}]}<\/script>\n<!-- \/ Yoast SEO plugin. -->","yoast_head_json":{"title":"D\u00c9BOUTONNER LA MODE - Librairie 7L","robots":{"index":"index","follow":"follow","max-snippet":"max-snippet:-1","max-image-preview":"max-image-preview:large","max-video-preview":"max-video-preview:-1"},"canonical":"https:\/\/librairie7l.com\/en\/produit\/deboutonner-la-mode\/","og_locale":"en_US","og_type":"article","og_title":"D\u00c9BOUTONNER LA MODE - Librairie 7L","og_description":"Ce livre rend hommage aux quelque 3000 boutons rassembl\u00e9s avec patience et passion par le collectionneur Lo\u00efc Allio durant de longues ann\u00e9es. Cette collection exceptionnelle a \u00e9t\u00e9 acquise en 2012 par le mus\u00e9e des Arts d\u00e9coratifs et 3000 de ces boutons, du XVIIIe au XXe si\u00e8cle, sont pr\u00e9sent\u00e9s pour la premi\u00e8re fois au public dans [&hellip;]","og_url":"https:\/\/librairie7l.com\/en\/produit\/deboutonner-la-mode\/","og_site_name":"Librairie 7L","article_modified_time":"2026-04-12T10:59:55+00:00","og_image":[{"width":224,"height":279,"url":"https:\/\/librairie7l.com\/wp-content\/uploads\/2014\/12\/9782916914541_1_75.jpg","type":"image\/jpeg"}],"twitter_card":"summary_large_image","twitter_misc":{"Est. reading time":"1 minute"},"schema":{"@context":"https:\/\/schema.org","@graph":[{"@type":"WebPage","@id":"https:\/\/librairie7l.com\/en\/produit\/deboutonner-la-mode\/","url":"https:\/\/librairie7l.com\/en\/produit\/deboutonner-la-mode\/","name":"D\u00c9BOUTONNER LA MODE - Librairie 7L","isPartOf":{"@id":"https:\/\/librairie7l.com\/en\/#website"},"datePublished":"2023-05-10T11:54:02+00:00","dateModified":"2026-04-12T10:59:55+00:00","breadcrumb":{"@id":"https:\/\/librairie7l.com\/en\/produit\/deboutonner-la-mode\/#breadcrumb"},"inLanguage":"en-US","potentialAction":[{"@type":"ReadAction","target":["https:\/\/librairie7l.com\/en\/produit\/deboutonner-la-mode\/"]}]},{"@type":"BreadcrumbList","@id":"https:\/\/librairie7l.com\/en\/produit\/deboutonner-la-mode\/#breadcrumb","itemListElement":[{"@type":"ListItem","position":1,"name":"Accueil","item":"https:\/\/librairie7l.com\/en\/"},{"@type":"ListItem","position":2,"name":"Shop","item":"https:\/\/librairie7l.com\/en\/shop\/"},{"@type":"ListItem","position":3,"name":"D\u00c9BOUTONNER LA MODE"}]},{"@type":"WebSite","@id":"https:\/\/librairie7l.com\/en\/#website","url":"https:\/\/librairie7l.com\/en\/","name":"Librairie 7L","description":"Librairie fond\u00e9e en 1999 par Karl Lagerfeld \u00e0 Paris","publisher":{"@id":"https:\/\/librairie7l.com\/en\/#organization"},"potentialAction":[{"@type":"SearchAction","target":{"@type":"EntryPoint","urlTemplate":"https:\/\/librairie7l.com\/en\/?s={search_term_string}"},"query-input":"required name=search_term_string"}],"inLanguage":"en-US"},{"@type":"Organization","@id":"https:\/\/librairie7l.com\/en\/#organization","name":"Librairie 7L","url":"https:\/\/librairie7l.com\/en\/","logo":{"@type":"ImageObject","inLanguage":"en-US","@id":"https:\/\/librairie7l.com\/en\/#\/schema\/logo\/image\/","url":"https:\/\/librairie7l.com\/wp-content\/uploads\/2022\/08\/logo-1.png","contentUrl":"https:\/\/librairie7l.com\/wp-content\/uploads\/2022\/08\/logo-1.png","width":227,"height":301,"caption":"Librairie 7L"},"image":{"@id":"https:\/\/librairie7l.com\/en\/#\/schema\/logo\/image\/"}}]}},"_links":{"self":[{"href":"https:\/\/librairie7l.com\/en\/wp-json\/wp\/v2\/product\/29123"}],"collection":[{"href":"https:\/\/librairie7l.com\/en\/wp-json\/wp\/v2\/product"}],"about":[{"href":"https:\/\/librairie7l.com\/en\/wp-json\/wp\/v2\/types\/product"}],"wp:featuredmedia":[{"embeddable":true,"href":"https:\/\/librairie7l.com\/en\/wp-json\/wp\/v2\/media\/29121"}],"wp:attachment":[{"href":"https:\/\/librairie7l.com\/en\/wp-json\/wp\/v2\/media?parent=29123"}],"wp:term":[{"taxonomy":"product_cat","embeddable":true,"href":"https:\/\/librairie7l.com\/en\/wp-json\/wp\/v2\/product_cat?post=29123"},{"taxonomy":"product_tag","embeddable":true,"href":"https:\/\/librairie7l.com\/en\/wp-json\/wp\/v2\/product_tag?post=29123"}],"curies":[{"name":"wp","href":"https:\/\/api.w.org\/{rel}","templated":true}]}}