{"id":29135,"date":"2023-05-10T13:54:31","date_gmt":"2023-05-10T11:54:31","guid":{"rendered":"https:\/\/librairie7l.com\/?post_type=product&#038;p=29135"},"modified":"2026-04-27T02:05:51","modified_gmt":"2026-04-27T00:05:51","slug":"12345","status":"publish","type":"product","link":"https:\/\/librairie7l.com\/en\/produit\/12345\/","title":{"rendered":"12345"},"content":{"rendered":"<p>En cinq temps et un seul mouvement, ce livre va d&#8217;une promesse \u00e0 la cons\u00e9cration.<br \/>\nUn flux qui va d&#8217;une aptitude jusqu&#8217;\u00e0 la maturit\u00e9. De l&#8217;\u00e9vidence d&#8217;un talent pr\u00e9coce \u00e0 l&#8217;oeuvre accomplie. En cinq chapitres, il montre comment d\u00e9bute un go\u00fbt pour une imagerie qui se trouve en phase avec son \u00e9poque mais qui \u00e9volue vite vers l&#8217;expression de sentiments vari\u00e9s, jusqu&#8217;\u00e0 l&#8217;angoisse du temps qui passe. Car Sarah sait d&#8217;instinct que les p\u00e9tales tombent trop vite, que le printemps n&#8217;a qu&#8217;un temps, qu&#8217;il ne faut pas se fier aux apparences, et que cet oeil silencieusement complice qu&#8217;est l&#8217;appareil permet de retenir, de pr\u00e9server l&#8217;instant choisi, et lui donner la forme qui l&#8217;exprime \u00e0 l&#8217;acm\u00e9 de sa raret\u00e9.<br \/>\nRare est le mot qui convient pour tous ces moments fixes au plus fort de l&#8217;\u00e9motion. ou la mer et les ciels pr\u00e9tendent \u00e0 l&#8217;infini, o\u00f9 le regard d&#8217;une femme, la douceur d&#8217;un pelage, l&#8217;harmonie d&#8217;un accord, sont les bonheurs de la vie, &#8211; m\u00eame si Sarah Moon sait que le ver est dans le fruit. Ce qu&#8217;elle a toujours su.<\/p>\n","protected":false},"excerpt":{"rendered":"<p>En cinq temps et un seul mouvement, ce livre va d&#8217;une promesse \u00e0 la cons\u00e9cration. Un flux qui va d&#8217;une aptitude jusqu&#8217;\u00e0 la maturit\u00e9. De l&#8217;\u00e9vidence d&#8217;un talent pr\u00e9coce \u00e0 l&#8217;oeuvre accomplie. En cinq chapitres, il montre comment d\u00e9bute un go\u00fbt pour une imagerie qui se trouve en phase avec son \u00e9poque mais qui \u00e9volue [&hellip;]<\/p>\n","protected":false},"featured_media":29133,"template":"","meta":[],"product_cat":[55,2948,2958,17],"product_tag":[],"acf":[],"yoast_head":"<!-- This site is optimized with the Yoast SEO plugin v20.11 - https:\/\/yoast.com\/wordpress\/plugins\/seo\/ -->\n<title>12345 - Librairie 7L<\/title>\n<meta name=\"robots\" content=\"index, follow, max-snippet:-1, max-image-preview:large, max-video-preview:-1\" \/>\n<link rel=\"canonical\" href=\"https:\/\/librairie7l.com\/en\/produit\/12345\/\" \/>\n<meta property=\"og:locale\" content=\"en_US\" \/>\n<meta property=\"og:type\" content=\"article\" \/>\n<meta property=\"og:title\" content=\"12345 - Librairie 7L\" \/>\n<meta property=\"og:description\" content=\"En cinq temps et un seul mouvement, ce livre va d&#8217;une promesse \u00e0 la cons\u00e9cration. Un flux qui va d&#8217;une aptitude jusqu&#8217;\u00e0 la maturit\u00e9. De l&#8217;\u00e9vidence d&#8217;un talent pr\u00e9coce \u00e0 l&#8217;oeuvre accomplie. En cinq chapitres, il montre comment d\u00e9bute un go\u00fbt pour une imagerie qui se trouve en phase avec son \u00e9poque mais qui \u00e9volue [&hellip;]\" \/>\n<meta property=\"og:url\" content=\"https:\/\/librairie7l.com\/en\/produit\/12345\/\" \/>\n<meta property=\"og:site_name\" content=\"Librairie 7L\" \/>\n<meta property=\"article:modified_time\" content=\"2026-04-27T00:05:51+00:00\" \/>\n<meta property=\"og:image\" content=\"https:\/\/librairie7l.com\/wp-content\/uploads\/2011\/09\/9782851072627_1_75.jpg\" \/>\n\t<meta property=\"og:image:width\" content=\"484\" \/>\n\t<meta property=\"og:image:height\" content=\"475\" \/>\n\t<meta property=\"og:image:type\" content=\"image\/jpeg\" \/>\n<meta name=\"twitter:card\" content=\"summary_large_image\" \/>\n<meta name=\"twitter:label1\" content=\"Est. reading time\" \/>\n\t<meta name=\"twitter:data1\" content=\"1 minute\" \/>\n<script type=\"application\/ld+json\" class=\"yoast-schema-graph\">{\"@context\":\"https:\/\/schema.org\",\"@graph\":[{\"@type\":\"WebPage\",\"@id\":\"https:\/\/librairie7l.com\/en\/produit\/12345\/\",\"url\":\"https:\/\/librairie7l.com\/en\/produit\/12345\/\",\"name\":\"12345 - Librairie 7L\",\"isPartOf\":{\"@id\":\"https:\/\/librairie7l.com\/en\/#website\"},\"datePublished\":\"2023-05-10T11:54:31+00:00\",\"dateModified\":\"2026-04-27T00:05:51+00:00\",\"breadcrumb\":{\"@id\":\"https:\/\/librairie7l.com\/en\/produit\/12345\/#breadcrumb\"},\"inLanguage\":\"en-US\",\"potentialAction\":[{\"@type\":\"ReadAction\",\"target\":[\"https:\/\/librairie7l.com\/en\/produit\/12345\/\"]}]},{\"@type\":\"BreadcrumbList\",\"@id\":\"https:\/\/librairie7l.com\/en\/produit\/12345\/#breadcrumb\",\"itemListElement\":[{\"@type\":\"ListItem\",\"position\":1,\"name\":\"Accueil\",\"item\":\"https:\/\/librairie7l.com\/en\/\"},{\"@type\":\"ListItem\",\"position\":2,\"name\":\"Shop\",\"item\":\"https:\/\/librairie7l.com\/en\/shop\/\"},{\"@type\":\"ListItem\",\"position\":3,\"name\":\"12345\"}]},{\"@type\":\"WebSite\",\"@id\":\"https:\/\/librairie7l.com\/en\/#website\",\"url\":\"https:\/\/librairie7l.com\/en\/\",\"name\":\"Librairie 7L\",\"description\":\"Librairie fond\u00e9e en 1999 par Karl Lagerfeld \u00e0 Paris\",\"publisher\":{\"@id\":\"https:\/\/librairie7l.com\/en\/#organization\"},\"potentialAction\":[{\"@type\":\"SearchAction\",\"target\":{\"@type\":\"EntryPoint\",\"urlTemplate\":\"https:\/\/librairie7l.com\/en\/?s={search_term_string}\"},\"query-input\":\"required name=search_term_string\"}],\"inLanguage\":\"en-US\"},{\"@type\":\"Organization\",\"@id\":\"https:\/\/librairie7l.com\/en\/#organization\",\"name\":\"Librairie 7L\",\"url\":\"https:\/\/librairie7l.com\/en\/\",\"logo\":{\"@type\":\"ImageObject\",\"inLanguage\":\"en-US\",\"@id\":\"https:\/\/librairie7l.com\/en\/#\/schema\/logo\/image\/\",\"url\":\"https:\/\/librairie7l.com\/wp-content\/uploads\/2022\/08\/logo-1.png\",\"contentUrl\":\"https:\/\/librairie7l.com\/wp-content\/uploads\/2022\/08\/logo-1.png\",\"width\":227,\"height\":301,\"caption\":\"Librairie 7L\"},\"image\":{\"@id\":\"https:\/\/librairie7l.com\/en\/#\/schema\/logo\/image\/\"}}]}<\/script>\n<!-- \/ Yoast SEO plugin. -->","yoast_head_json":{"title":"12345 - Librairie 7L","robots":{"index":"index","follow":"follow","max-snippet":"max-snippet:-1","max-image-preview":"max-image-preview:large","max-video-preview":"max-video-preview:-1"},"canonical":"https:\/\/librairie7l.com\/en\/produit\/12345\/","og_locale":"en_US","og_type":"article","og_title":"12345 - Librairie 7L","og_description":"En cinq temps et un seul mouvement, ce livre va d&#8217;une promesse \u00e0 la cons\u00e9cration. Un flux qui va d&#8217;une aptitude jusqu&#8217;\u00e0 la maturit\u00e9. De l&#8217;\u00e9vidence d&#8217;un talent pr\u00e9coce \u00e0 l&#8217;oeuvre accomplie. En cinq chapitres, il montre comment d\u00e9bute un go\u00fbt pour une imagerie qui se trouve en phase avec son \u00e9poque mais qui \u00e9volue [&hellip;]","og_url":"https:\/\/librairie7l.com\/en\/produit\/12345\/","og_site_name":"Librairie 7L","article_modified_time":"2026-04-27T00:05:51+00:00","og_image":[{"width":484,"height":475,"url":"https:\/\/librairie7l.com\/wp-content\/uploads\/2011\/09\/9782851072627_1_75.jpg","type":"image\/jpeg"}],"twitter_card":"summary_large_image","twitter_misc":{"Est. reading time":"1 minute"},"schema":{"@context":"https:\/\/schema.org","@graph":[{"@type":"WebPage","@id":"https:\/\/librairie7l.com\/en\/produit\/12345\/","url":"https:\/\/librairie7l.com\/en\/produit\/12345\/","name":"12345 - Librairie 7L","isPartOf":{"@id":"https:\/\/librairie7l.com\/en\/#website"},"datePublished":"2023-05-10T11:54:31+00:00","dateModified":"2026-04-27T00:05:51+00:00","breadcrumb":{"@id":"https:\/\/librairie7l.com\/en\/produit\/12345\/#breadcrumb"},"inLanguage":"en-US","potentialAction":[{"@type":"ReadAction","target":["https:\/\/librairie7l.com\/en\/produit\/12345\/"]}]},{"@type":"BreadcrumbList","@id":"https:\/\/librairie7l.com\/en\/produit\/12345\/#breadcrumb","itemListElement":[{"@type":"ListItem","position":1,"name":"Accueil","item":"https:\/\/librairie7l.com\/en\/"},{"@type":"ListItem","position":2,"name":"Shop","item":"https:\/\/librairie7l.com\/en\/shop\/"},{"@type":"ListItem","position":3,"name":"12345"}]},{"@type":"WebSite","@id":"https:\/\/librairie7l.com\/en\/#website","url":"https:\/\/librairie7l.com\/en\/","name":"Librairie 7L","description":"Librairie fond\u00e9e en 1999 par Karl Lagerfeld \u00e0 Paris","publisher":{"@id":"https:\/\/librairie7l.com\/en\/#organization"},"potentialAction":[{"@type":"SearchAction","target":{"@type":"EntryPoint","urlTemplate":"https:\/\/librairie7l.com\/en\/?s={search_term_string}"},"query-input":"required name=search_term_string"}],"inLanguage":"en-US"},{"@type":"Organization","@id":"https:\/\/librairie7l.com\/en\/#organization","name":"Librairie 7L","url":"https:\/\/librairie7l.com\/en\/","logo":{"@type":"ImageObject","inLanguage":"en-US","@id":"https:\/\/librairie7l.com\/en\/#\/schema\/logo\/image\/","url":"https:\/\/librairie7l.com\/wp-content\/uploads\/2022\/08\/logo-1.png","contentUrl":"https:\/\/librairie7l.com\/wp-content\/uploads\/2022\/08\/logo-1.png","width":227,"height":301,"caption":"Librairie 7L"},"image":{"@id":"https:\/\/librairie7l.com\/en\/#\/schema\/logo\/image\/"}}]}},"_links":{"self":[{"href":"https:\/\/librairie7l.com\/en\/wp-json\/wp\/v2\/product\/29135"}],"collection":[{"href":"https:\/\/librairie7l.com\/en\/wp-json\/wp\/v2\/product"}],"about":[{"href":"https:\/\/librairie7l.com\/en\/wp-json\/wp\/v2\/types\/product"}],"wp:featuredmedia":[{"embeddable":true,"href":"https:\/\/librairie7l.com\/en\/wp-json\/wp\/v2\/media\/29133"}],"wp:attachment":[{"href":"https:\/\/librairie7l.com\/en\/wp-json\/wp\/v2\/media?parent=29135"}],"wp:term":[{"taxonomy":"product_cat","embeddable":true,"href":"https:\/\/librairie7l.com\/en\/wp-json\/wp\/v2\/product_cat?post=29135"},{"taxonomy":"product_tag","embeddable":true,"href":"https:\/\/librairie7l.com\/en\/wp-json\/wp\/v2\/product_tag?post=29135"}],"curies":[{"name":"wp","href":"https:\/\/api.w.org\/{rel}","templated":true}]}}