{"id":29139,"date":"2023-05-10T13:54:42","date_gmt":"2023-05-10T11:54:42","guid":{"rendered":"https:\/\/librairie7l.com\/?post_type=product&#038;p=29139"},"modified":"2026-04-04T00:15:39","modified_gmt":"2026-04-03T22:15:39","slug":"poush","status":"publish","type":"product","link":"https:\/\/librairie7l.com\/en\/produit\/poush\/","title":{"rendered":"POUSH"},"content":{"rendered":"<p>Cet ouvrage s&#8217;attachera \u00e0 comm\u00e9morer le premier volet de l&#8217;incubateur d&#8217;artistes POUSH Manifesto, de son ouverture en mars 2020 dans un immeuble construit dans les ann\u00e9es 1970 \u00e0  Clichy \u00e0 son d\u00e9m\u00e9nagement courant 2022 \u00e0 Aubervilliers. Il proposera une pr\u00e9sentation des 220 artistes en r\u00e9sidence ainsi qu&#8217;un panorama des \u00e9v\u00e9nements (Portes ouvertes, chef en  r\u00e9sidence, Radio Poush) et des expositions du 16\u00e8me \u00e9tage, de juin 2020 (\u00ab Programme Sp\u00e9cial \u00bb du collectif La M\u00e9diterran\u00e9e) \u00e0 la derni\u00e8re exposition collective \u00ab Global Pool Club \u00bb  cl\u00f4tur\u00e9e en mars 2022.<\/p>\n","protected":false},"excerpt":{"rendered":"<p>Cet ouvrage s&#8217;attachera \u00e0 comm\u00e9morer le premier volet de l&#8217;incubateur d&#8217;artistes POUSH Manifesto, de son ouverture en mars 2020 dans un immeuble construit dans les ann\u00e9es 1970 \u00e0 Clichy \u00e0 son d\u00e9m\u00e9nagement courant 2022 \u00e0 Aubervilliers. Il proposera une pr\u00e9sentation des 220 artistes en r\u00e9sidence ainsi qu&#8217;un panorama des \u00e9v\u00e9nements (Portes ouvertes, chef en r\u00e9sidence, [&hellip;]<\/p>\n","protected":false},"featured_media":47145,"template":"","meta":[],"product_cat":[55,2948,2958,17],"product_tag":[],"acf":[],"yoast_head":"<!-- This site is optimized with the Yoast SEO plugin v20.11 - https:\/\/yoast.com\/wordpress\/plugins\/seo\/ -->\n<title>POUSH - Librairie 7L<\/title>\n<meta name=\"robots\" content=\"index, follow, max-snippet:-1, max-image-preview:large, max-video-preview:-1\" \/>\n<link rel=\"canonical\" href=\"https:\/\/librairie7l.com\/en\/produit\/poush\/\" \/>\n<meta property=\"og:locale\" content=\"en_US\" \/>\n<meta property=\"og:type\" content=\"article\" \/>\n<meta property=\"og:title\" content=\"POUSH - Librairie 7L\" \/>\n<meta property=\"og:description\" content=\"Cet ouvrage s&#8217;attachera \u00e0 comm\u00e9morer le premier volet de l&#8217;incubateur d&#8217;artistes POUSH Manifesto, de son ouverture en mars 2020 dans un immeuble construit dans les ann\u00e9es 1970 \u00e0 Clichy \u00e0 son d\u00e9m\u00e9nagement courant 2022 \u00e0 Aubervilliers. Il proposera une pr\u00e9sentation des 220 artistes en r\u00e9sidence ainsi qu&#8217;un panorama des \u00e9v\u00e9nements (Portes ouvertes, chef en r\u00e9sidence, [&hellip;]\" \/>\n<meta property=\"og:url\" content=\"https:\/\/librairie7l.com\/en\/produit\/poush\/\" \/>\n<meta property=\"og:site_name\" content=\"Librairie 7L\" \/>\n<meta property=\"article:modified_time\" content=\"2026-04-03T22:15:39+00:00\" \/>\n<meta name=\"twitter:card\" content=\"summary_large_image\" \/>\n<script type=\"application\/ld+json\" class=\"yoast-schema-graph\">{\"@context\":\"https:\/\/schema.org\",\"@graph\":[{\"@type\":\"WebPage\",\"@id\":\"https:\/\/librairie7l.com\/en\/produit\/poush\/\",\"url\":\"https:\/\/librairie7l.com\/en\/produit\/poush\/\",\"name\":\"POUSH - Librairie 7L\",\"isPartOf\":{\"@id\":\"https:\/\/librairie7l.com\/en\/#website\"},\"datePublished\":\"2023-05-10T11:54:42+00:00\",\"dateModified\":\"2026-04-03T22:15:39+00:00\",\"breadcrumb\":{\"@id\":\"https:\/\/librairie7l.com\/en\/produit\/poush\/#breadcrumb\"},\"inLanguage\":\"en-US\",\"potentialAction\":[{\"@type\":\"ReadAction\",\"target\":[\"https:\/\/librairie7l.com\/en\/produit\/poush\/\"]}]},{\"@type\":\"BreadcrumbList\",\"@id\":\"https:\/\/librairie7l.com\/en\/produit\/poush\/#breadcrumb\",\"itemListElement\":[{\"@type\":\"ListItem\",\"position\":1,\"name\":\"Accueil\",\"item\":\"https:\/\/librairie7l.com\/en\/\"},{\"@type\":\"ListItem\",\"position\":2,\"name\":\"Shop\",\"item\":\"https:\/\/librairie7l.com\/en\/shop\/\"},{\"@type\":\"ListItem\",\"position\":3,\"name\":\"POUSH\"}]},{\"@type\":\"WebSite\",\"@id\":\"https:\/\/librairie7l.com\/en\/#website\",\"url\":\"https:\/\/librairie7l.com\/en\/\",\"name\":\"Librairie 7L\",\"description\":\"Librairie fond\u00e9e en 1999 par Karl Lagerfeld \u00e0 Paris\",\"publisher\":{\"@id\":\"https:\/\/librairie7l.com\/en\/#organization\"},\"potentialAction\":[{\"@type\":\"SearchAction\",\"target\":{\"@type\":\"EntryPoint\",\"urlTemplate\":\"https:\/\/librairie7l.com\/en\/?s={search_term_string}\"},\"query-input\":\"required name=search_term_string\"}],\"inLanguage\":\"en-US\"},{\"@type\":\"Organization\",\"@id\":\"https:\/\/librairie7l.com\/en\/#organization\",\"name\":\"Librairie 7L\",\"url\":\"https:\/\/librairie7l.com\/en\/\",\"logo\":{\"@type\":\"ImageObject\",\"inLanguage\":\"en-US\",\"@id\":\"https:\/\/librairie7l.com\/en\/#\/schema\/logo\/image\/\",\"url\":\"https:\/\/librairie7l.com\/wp-content\/uploads\/2022\/08\/logo-1.png\",\"contentUrl\":\"https:\/\/librairie7l.com\/wp-content\/uploads\/2022\/08\/logo-1.png\",\"width\":227,\"height\":301,\"caption\":\"Librairie 7L\"},\"image\":{\"@id\":\"https:\/\/librairie7l.com\/en\/#\/schema\/logo\/image\/\"}}]}<\/script>\n<!-- \/ Yoast SEO plugin. -->","yoast_head_json":{"title":"POUSH - Librairie 7L","robots":{"index":"index","follow":"follow","max-snippet":"max-snippet:-1","max-image-preview":"max-image-preview:large","max-video-preview":"max-video-preview:-1"},"canonical":"https:\/\/librairie7l.com\/en\/produit\/poush\/","og_locale":"en_US","og_type":"article","og_title":"POUSH - Librairie 7L","og_description":"Cet ouvrage s&#8217;attachera \u00e0 comm\u00e9morer le premier volet de l&#8217;incubateur d&#8217;artistes POUSH Manifesto, de son ouverture en mars 2020 dans un immeuble construit dans les ann\u00e9es 1970 \u00e0 Clichy \u00e0 son d\u00e9m\u00e9nagement courant 2022 \u00e0 Aubervilliers. Il proposera une pr\u00e9sentation des 220 artistes en r\u00e9sidence ainsi qu&#8217;un panorama des \u00e9v\u00e9nements (Portes ouvertes, chef en r\u00e9sidence, [&hellip;]","og_url":"https:\/\/librairie7l.com\/en\/produit\/poush\/","og_site_name":"Librairie 7L","article_modified_time":"2026-04-03T22:15:39+00:00","twitter_card":"summary_large_image","schema":{"@context":"https:\/\/schema.org","@graph":[{"@type":"WebPage","@id":"https:\/\/librairie7l.com\/en\/produit\/poush\/","url":"https:\/\/librairie7l.com\/en\/produit\/poush\/","name":"POUSH - Librairie 7L","isPartOf":{"@id":"https:\/\/librairie7l.com\/en\/#website"},"datePublished":"2023-05-10T11:54:42+00:00","dateModified":"2026-04-03T22:15:39+00:00","breadcrumb":{"@id":"https:\/\/librairie7l.com\/en\/produit\/poush\/#breadcrumb"},"inLanguage":"en-US","potentialAction":[{"@type":"ReadAction","target":["https:\/\/librairie7l.com\/en\/produit\/poush\/"]}]},{"@type":"BreadcrumbList","@id":"https:\/\/librairie7l.com\/en\/produit\/poush\/#breadcrumb","itemListElement":[{"@type":"ListItem","position":1,"name":"Accueil","item":"https:\/\/librairie7l.com\/en\/"},{"@type":"ListItem","position":2,"name":"Shop","item":"https:\/\/librairie7l.com\/en\/shop\/"},{"@type":"ListItem","position":3,"name":"POUSH"}]},{"@type":"WebSite","@id":"https:\/\/librairie7l.com\/en\/#website","url":"https:\/\/librairie7l.com\/en\/","name":"Librairie 7L","description":"Librairie fond\u00e9e en 1999 par Karl Lagerfeld \u00e0 Paris","publisher":{"@id":"https:\/\/librairie7l.com\/en\/#organization"},"potentialAction":[{"@type":"SearchAction","target":{"@type":"EntryPoint","urlTemplate":"https:\/\/librairie7l.com\/en\/?s={search_term_string}"},"query-input":"required name=search_term_string"}],"inLanguage":"en-US"},{"@type":"Organization","@id":"https:\/\/librairie7l.com\/en\/#organization","name":"Librairie 7L","url":"https:\/\/librairie7l.com\/en\/","logo":{"@type":"ImageObject","inLanguage":"en-US","@id":"https:\/\/librairie7l.com\/en\/#\/schema\/logo\/image\/","url":"https:\/\/librairie7l.com\/wp-content\/uploads\/2022\/08\/logo-1.png","contentUrl":"https:\/\/librairie7l.com\/wp-content\/uploads\/2022\/08\/logo-1.png","width":227,"height":301,"caption":"Librairie 7L"},"image":{"@id":"https:\/\/librairie7l.com\/en\/#\/schema\/logo\/image\/"}}]}},"_links":{"self":[{"href":"https:\/\/librairie7l.com\/en\/wp-json\/wp\/v2\/product\/29139"}],"collection":[{"href":"https:\/\/librairie7l.com\/en\/wp-json\/wp\/v2\/product"}],"about":[{"href":"https:\/\/librairie7l.com\/en\/wp-json\/wp\/v2\/types\/product"}],"wp:featuredmedia":[{"embeddable":true,"href":"https:\/\/librairie7l.com\/en\/wp-json\/wp\/v2\/media\/47145"}],"wp:attachment":[{"href":"https:\/\/librairie7l.com\/en\/wp-json\/wp\/v2\/media?parent=29139"}],"wp:term":[{"taxonomy":"product_cat","embeddable":true,"href":"https:\/\/librairie7l.com\/en\/wp-json\/wp\/v2\/product_cat?post=29139"},{"taxonomy":"product_tag","embeddable":true,"href":"https:\/\/librairie7l.com\/en\/wp-json\/wp\/v2\/product_tag?post=29139"}],"curies":[{"name":"wp","href":"https:\/\/api.w.org\/{rel}","templated":true}]}}