{"id":29143,"date":"2023-05-10T13:54:49","date_gmt":"2023-05-10T11:54:49","guid":{"rendered":"https:\/\/librairie7l.com\/?post_type=product&#038;p=29143"},"modified":"2026-04-09T12:31:13","modified_gmt":"2026-04-09T10:31:13","slug":"dessins","status":"publish","type":"product","link":"https:\/\/librairie7l.com\/en\/produit\/dessins\/","title":{"rendered":"DESSINS"},"content":{"rendered":"<p>\u00ab Le trait est ferme, d\u00e9li\u00e9.<br \/>\nLa main encha\u00eene sans h\u00e9siter boucles et lignes, angles morts et perspectives tronqu\u00e9es. Elle conduit sans r\u00e9pit ses arabesques et ne quittera la feuille qu&#8217;une fois son dessein accompli. Elle a la gr\u00e2ce des funambules et des fi l-de-f\u00e9ristes qui hantent l&#8217;imaginaire de Cocteau, depuis ses premi\u00e8res s\u00e9ances de cirque.<br \/>\n\u00c0 son meilleur, comme dans ces planches publi\u00e9es en 1923 et pour la premi\u00e8re fois r\u00e9\u00e9dit\u00e9es, Cocteau semble dessiner directement avec l&#8217;oeil, seul organe \u00e0 m\u00eame de fi xer pour toujours ce qu&#8217;il per\u00e7oit d&#8217;embl\u00e9e. Le petit ventre de notable d&#8217;Auric, boudin\u00e9 par les boutons de son gilet, les joues poupines de Radiguet, gonfl \u00e9es par les c\u00e9r\u00e9ales laiteuses de l&#8217;enfance, s&#8217;inscrivent durablement sur notre r\u00e9tine. Le trait est un rayon laser \u00e9mis par le troisi\u00e8me oeil d&#8217;un po\u00e8te complet. \u00bbC.A.<\/p>\n","protected":false},"excerpt":{"rendered":"<p>\u00ab Le trait est ferme, d\u00e9li\u00e9. La main encha\u00eene sans h\u00e9siter boucles et lignes, angles morts et perspectives tronqu\u00e9es. Elle conduit sans r\u00e9pit ses arabesques et ne quittera la feuille qu&#8217;une fois son dessein accompli. Elle a la gr\u00e2ce des funambules et des fi l-de-f\u00e9ristes qui hantent l&#8217;imaginaire de Cocteau, depuis ses premi\u00e8res s\u00e9ances de [&hellip;]<\/p>\n","protected":false},"featured_media":29141,"template":"","meta":[],"product_cat":[55,2948,47,2953],"product_tag":[],"acf":[],"yoast_head":"<!-- This site is optimized with the Yoast SEO plugin v20.11 - https:\/\/yoast.com\/wordpress\/plugins\/seo\/ -->\n<title>DESSINS - Librairie 7L<\/title>\n<meta name=\"robots\" content=\"index, follow, max-snippet:-1, max-image-preview:large, max-video-preview:-1\" \/>\n<link rel=\"canonical\" href=\"https:\/\/librairie7l.com\/en\/produit\/dessins\/\" \/>\n<meta property=\"og:locale\" content=\"en_US\" \/>\n<meta property=\"og:type\" content=\"article\" \/>\n<meta property=\"og:title\" content=\"DESSINS - Librairie 7L\" \/>\n<meta property=\"og:description\" content=\"\u00ab Le trait est ferme, d\u00e9li\u00e9. La main encha\u00eene sans h\u00e9siter boucles et lignes, angles morts et perspectives tronqu\u00e9es. Elle conduit sans r\u00e9pit ses arabesques et ne quittera la feuille qu&#8217;une fois son dessein accompli. Elle a la gr\u00e2ce des funambules et des fi l-de-f\u00e9ristes qui hantent l&#8217;imaginaire de Cocteau, depuis ses premi\u00e8res s\u00e9ances de [&hellip;]\" \/>\n<meta property=\"og:url\" content=\"https:\/\/librairie7l.com\/en\/produit\/dessins\/\" \/>\n<meta property=\"og:site_name\" content=\"Librairie 7L\" \/>\n<meta property=\"article:modified_time\" content=\"2026-04-09T10:31:13+00:00\" \/>\n<meta property=\"og:image\" content=\"https:\/\/librairie7l.com\/wp-content\/uploads\/2013\/07\/9782234076167_1_75.jpg\" \/>\n\t<meta property=\"og:image:width\" content=\"600\" \/>\n\t<meta property=\"og:image:height\" content=\"818\" \/>\n\t<meta property=\"og:image:type\" content=\"image\/jpeg\" \/>\n<meta name=\"twitter:card\" content=\"summary_large_image\" \/>\n<meta name=\"twitter:label1\" content=\"Est. reading time\" \/>\n\t<meta name=\"twitter:data1\" content=\"1 minute\" \/>\n<script type=\"application\/ld+json\" class=\"yoast-schema-graph\">{\"@context\":\"https:\/\/schema.org\",\"@graph\":[{\"@type\":\"WebPage\",\"@id\":\"https:\/\/librairie7l.com\/en\/produit\/dessins\/\",\"url\":\"https:\/\/librairie7l.com\/en\/produit\/dessins\/\",\"name\":\"DESSINS - Librairie 7L\",\"isPartOf\":{\"@id\":\"https:\/\/librairie7l.com\/en\/#website\"},\"datePublished\":\"2023-05-10T11:54:49+00:00\",\"dateModified\":\"2026-04-09T10:31:13+00:00\",\"breadcrumb\":{\"@id\":\"https:\/\/librairie7l.com\/en\/produit\/dessins\/#breadcrumb\"},\"inLanguage\":\"en-US\",\"potentialAction\":[{\"@type\":\"ReadAction\",\"target\":[\"https:\/\/librairie7l.com\/en\/produit\/dessins\/\"]}]},{\"@type\":\"BreadcrumbList\",\"@id\":\"https:\/\/librairie7l.com\/en\/produit\/dessins\/#breadcrumb\",\"itemListElement\":[{\"@type\":\"ListItem\",\"position\":1,\"name\":\"Accueil\",\"item\":\"https:\/\/librairie7l.com\/en\/\"},{\"@type\":\"ListItem\",\"position\":2,\"name\":\"Shop\",\"item\":\"https:\/\/librairie7l.com\/en\/shop\/\"},{\"@type\":\"ListItem\",\"position\":3,\"name\":\"DESSINS\"}]},{\"@type\":\"WebSite\",\"@id\":\"https:\/\/librairie7l.com\/en\/#website\",\"url\":\"https:\/\/librairie7l.com\/en\/\",\"name\":\"Librairie 7L\",\"description\":\"Librairie fond\u00e9e en 1999 par Karl Lagerfeld \u00e0 Paris\",\"publisher\":{\"@id\":\"https:\/\/librairie7l.com\/en\/#organization\"},\"potentialAction\":[{\"@type\":\"SearchAction\",\"target\":{\"@type\":\"EntryPoint\",\"urlTemplate\":\"https:\/\/librairie7l.com\/en\/?s={search_term_string}\"},\"query-input\":\"required name=search_term_string\"}],\"inLanguage\":\"en-US\"},{\"@type\":\"Organization\",\"@id\":\"https:\/\/librairie7l.com\/en\/#organization\",\"name\":\"Librairie 7L\",\"url\":\"https:\/\/librairie7l.com\/en\/\",\"logo\":{\"@type\":\"ImageObject\",\"inLanguage\":\"en-US\",\"@id\":\"https:\/\/librairie7l.com\/en\/#\/schema\/logo\/image\/\",\"url\":\"https:\/\/librairie7l.com\/wp-content\/uploads\/2022\/08\/logo-1.png\",\"contentUrl\":\"https:\/\/librairie7l.com\/wp-content\/uploads\/2022\/08\/logo-1.png\",\"width\":227,\"height\":301,\"caption\":\"Librairie 7L\"},\"image\":{\"@id\":\"https:\/\/librairie7l.com\/en\/#\/schema\/logo\/image\/\"}}]}<\/script>\n<!-- \/ Yoast SEO plugin. -->","yoast_head_json":{"title":"DESSINS - Librairie 7L","robots":{"index":"index","follow":"follow","max-snippet":"max-snippet:-1","max-image-preview":"max-image-preview:large","max-video-preview":"max-video-preview:-1"},"canonical":"https:\/\/librairie7l.com\/en\/produit\/dessins\/","og_locale":"en_US","og_type":"article","og_title":"DESSINS - Librairie 7L","og_description":"\u00ab Le trait est ferme, d\u00e9li\u00e9. La main encha\u00eene sans h\u00e9siter boucles et lignes, angles morts et perspectives tronqu\u00e9es. Elle conduit sans r\u00e9pit ses arabesques et ne quittera la feuille qu&#8217;une fois son dessein accompli. Elle a la gr\u00e2ce des funambules et des fi l-de-f\u00e9ristes qui hantent l&#8217;imaginaire de Cocteau, depuis ses premi\u00e8res s\u00e9ances de [&hellip;]","og_url":"https:\/\/librairie7l.com\/en\/produit\/dessins\/","og_site_name":"Librairie 7L","article_modified_time":"2026-04-09T10:31:13+00:00","og_image":[{"width":600,"height":818,"url":"https:\/\/librairie7l.com\/wp-content\/uploads\/2013\/07\/9782234076167_1_75.jpg","type":"image\/jpeg"}],"twitter_card":"summary_large_image","twitter_misc":{"Est. reading time":"1 minute"},"schema":{"@context":"https:\/\/schema.org","@graph":[{"@type":"WebPage","@id":"https:\/\/librairie7l.com\/en\/produit\/dessins\/","url":"https:\/\/librairie7l.com\/en\/produit\/dessins\/","name":"DESSINS - Librairie 7L","isPartOf":{"@id":"https:\/\/librairie7l.com\/en\/#website"},"datePublished":"2023-05-10T11:54:49+00:00","dateModified":"2026-04-09T10:31:13+00:00","breadcrumb":{"@id":"https:\/\/librairie7l.com\/en\/produit\/dessins\/#breadcrumb"},"inLanguage":"en-US","potentialAction":[{"@type":"ReadAction","target":["https:\/\/librairie7l.com\/en\/produit\/dessins\/"]}]},{"@type":"BreadcrumbList","@id":"https:\/\/librairie7l.com\/en\/produit\/dessins\/#breadcrumb","itemListElement":[{"@type":"ListItem","position":1,"name":"Accueil","item":"https:\/\/librairie7l.com\/en\/"},{"@type":"ListItem","position":2,"name":"Shop","item":"https:\/\/librairie7l.com\/en\/shop\/"},{"@type":"ListItem","position":3,"name":"DESSINS"}]},{"@type":"WebSite","@id":"https:\/\/librairie7l.com\/en\/#website","url":"https:\/\/librairie7l.com\/en\/","name":"Librairie 7L","description":"Librairie fond\u00e9e en 1999 par Karl Lagerfeld \u00e0 Paris","publisher":{"@id":"https:\/\/librairie7l.com\/en\/#organization"},"potentialAction":[{"@type":"SearchAction","target":{"@type":"EntryPoint","urlTemplate":"https:\/\/librairie7l.com\/en\/?s={search_term_string}"},"query-input":"required name=search_term_string"}],"inLanguage":"en-US"},{"@type":"Organization","@id":"https:\/\/librairie7l.com\/en\/#organization","name":"Librairie 7L","url":"https:\/\/librairie7l.com\/en\/","logo":{"@type":"ImageObject","inLanguage":"en-US","@id":"https:\/\/librairie7l.com\/en\/#\/schema\/logo\/image\/","url":"https:\/\/librairie7l.com\/wp-content\/uploads\/2022\/08\/logo-1.png","contentUrl":"https:\/\/librairie7l.com\/wp-content\/uploads\/2022\/08\/logo-1.png","width":227,"height":301,"caption":"Librairie 7L"},"image":{"@id":"https:\/\/librairie7l.com\/en\/#\/schema\/logo\/image\/"}}]}},"_links":{"self":[{"href":"https:\/\/librairie7l.com\/en\/wp-json\/wp\/v2\/product\/29143"}],"collection":[{"href":"https:\/\/librairie7l.com\/en\/wp-json\/wp\/v2\/product"}],"about":[{"href":"https:\/\/librairie7l.com\/en\/wp-json\/wp\/v2\/types\/product"}],"wp:featuredmedia":[{"embeddable":true,"href":"https:\/\/librairie7l.com\/en\/wp-json\/wp\/v2\/media\/29141"}],"wp:attachment":[{"href":"https:\/\/librairie7l.com\/en\/wp-json\/wp\/v2\/media?parent=29143"}],"wp:term":[{"taxonomy":"product_cat","embeddable":true,"href":"https:\/\/librairie7l.com\/en\/wp-json\/wp\/v2\/product_cat?post=29143"},{"taxonomy":"product_tag","embeddable":true,"href":"https:\/\/librairie7l.com\/en\/wp-json\/wp\/v2\/product_tag?post=29143"}],"curies":[{"name":"wp","href":"https:\/\/api.w.org\/{rel}","templated":true}]}}