{"id":29147,"date":"2023-05-10T13:54:59","date_gmt":"2023-05-10T11:54:59","guid":{"rendered":"https:\/\/librairie7l.com\/?post_type=product&#038;p=29147"},"modified":"2026-04-27T08:36:10","modified_gmt":"2026-04-27T06:36:10","slug":"a-la-recherche-des-laines-precieuses-bergers-du-monde","status":"publish","type":"product","link":"https:\/\/librairie7l.com\/en\/produit\/a-la-recherche-des-laines-precieuses-bergers-du-monde\/","title":{"rendered":"\u00c0 LA RECHERCHE DES LAINES PR\u00c9CIEUSES ; BERGERS DU MONDE"},"content":{"rendered":"<p>Aussi loin que l&#8217;on remonte dans l&#8217;histoire et que l&#8217;on s&#8217;aventure sur les cinq continents, la laine prot\u00e8ge la peau des hommes contre les morsures du froid et les br\u00fblures du soleil. Partout des pasteurs \u00e9l\u00e8vent des troupeaux dont ils \u00ab\u00a0r\u00e9coltent\u00a0\u00bb la toison qui constitue un v\u00e9ritable tr\u00e9sor.<br \/>\nDominic Dormeuil explore les \u00e9levages du monde afin de s\u00e9lectionner les fibres les plus rares \u00e0 partir desquelles son entreprise produit des tissus d&#8217;exception destin\u00e9s aux plus grandes maisons de couture internationales.Il a entra\u00een\u00e9 le reporter photographe Jean-Baptiste Rabouan \u00e0 travers les steppes, les landes, la toundra et la pampa pour rendre hommage \u00e0 ces \u00ab\u00a0peuples de la laine\u00a0\u00bb dont les troupeaux et les traditions sont \u00e0 la fois si remarquables et si fragiles.<\/p>\n","protected":false},"excerpt":{"rendered":"<p>Aussi loin que l&#8217;on remonte dans l&#8217;histoire et que l&#8217;on s&#8217;aventure sur les cinq continents, la laine prot\u00e8ge la peau des hommes contre les morsures du froid et les br\u00fblures du soleil. Partout des pasteurs \u00e9l\u00e8vent des troupeaux dont ils \u00ab\u00a0r\u00e9coltent\u00a0\u00bb la toison qui constitue un v\u00e9ritable tr\u00e9sor. Dominic Dormeuil explore les \u00e9levages du monde [&hellip;]<\/p>\n","protected":false},"featured_media":29145,"template":"","meta":[],"product_cat":[55,2948,2957,19],"product_tag":[],"acf":[],"yoast_head":"<!-- This site is optimized with the Yoast SEO plugin v20.11 - https:\/\/yoast.com\/wordpress\/plugins\/seo\/ -->\n<title>\u00c0 LA RECHERCHE DES LAINES PR\u00c9CIEUSES ; BERGERS DU MONDE - Librairie 7L<\/title>\n<meta name=\"robots\" content=\"index, follow, max-snippet:-1, max-image-preview:large, max-video-preview:-1\" \/>\n<link rel=\"canonical\" href=\"https:\/\/librairie7l.com\/en\/produit\/a-la-recherche-des-laines-precieuses-bergers-du-monde\/\" \/>\n<meta property=\"og:locale\" content=\"en_US\" \/>\n<meta property=\"og:type\" content=\"article\" \/>\n<meta property=\"og:title\" content=\"\u00c0 LA RECHERCHE DES LAINES PR\u00c9CIEUSES ; BERGERS DU MONDE - Librairie 7L\" \/>\n<meta property=\"og:description\" content=\"Aussi loin que l&#8217;on remonte dans l&#8217;histoire et que l&#8217;on s&#8217;aventure sur les cinq continents, la laine prot\u00e8ge la peau des hommes contre les morsures du froid et les br\u00fblures du soleil. Partout des pasteurs \u00e9l\u00e8vent des troupeaux dont ils \u00ab\u00a0r\u00e9coltent\u00a0\u00bb la toison qui constitue un v\u00e9ritable tr\u00e9sor. Dominic Dormeuil explore les \u00e9levages du monde [&hellip;]\" \/>\n<meta property=\"og:url\" content=\"https:\/\/librairie7l.com\/en\/produit\/a-la-recherche-des-laines-precieuses-bergers-du-monde\/\" \/>\n<meta property=\"og:site_name\" content=\"Librairie 7L\" \/>\n<meta property=\"article:modified_time\" content=\"2026-04-27T06:36:10+00:00\" \/>\n<meta property=\"og:image\" content=\"https:\/\/librairie7l.com\/wp-content\/uploads\/2015\/03\/9782344009062_1_75.jpg\" \/>\n\t<meta property=\"og:image:width\" content=\"1000\" \/>\n\t<meta property=\"og:image:height\" content=\"1203\" \/>\n\t<meta property=\"og:image:type\" content=\"image\/jpeg\" \/>\n<meta name=\"twitter:card\" content=\"summary_large_image\" \/>\n<meta name=\"twitter:label1\" content=\"Est. reading time\" \/>\n\t<meta name=\"twitter:data1\" content=\"1 minute\" \/>\n<script type=\"application\/ld+json\" class=\"yoast-schema-graph\">{\"@context\":\"https:\/\/schema.org\",\"@graph\":[{\"@type\":\"WebPage\",\"@id\":\"https:\/\/librairie7l.com\/en\/produit\/a-la-recherche-des-laines-precieuses-bergers-du-monde\/\",\"url\":\"https:\/\/librairie7l.com\/en\/produit\/a-la-recherche-des-laines-precieuses-bergers-du-monde\/\",\"name\":\"\u00c0 LA RECHERCHE DES LAINES PR\u00c9CIEUSES ; BERGERS DU MONDE - Librairie 7L\",\"isPartOf\":{\"@id\":\"https:\/\/librairie7l.com\/en\/#website\"},\"datePublished\":\"2023-05-10T11:54:59+00:00\",\"dateModified\":\"2026-04-27T06:36:10+00:00\",\"breadcrumb\":{\"@id\":\"https:\/\/librairie7l.com\/en\/produit\/a-la-recherche-des-laines-precieuses-bergers-du-monde\/#breadcrumb\"},\"inLanguage\":\"en-US\",\"potentialAction\":[{\"@type\":\"ReadAction\",\"target\":[\"https:\/\/librairie7l.com\/en\/produit\/a-la-recherche-des-laines-precieuses-bergers-du-monde\/\"]}]},{\"@type\":\"BreadcrumbList\",\"@id\":\"https:\/\/librairie7l.com\/en\/produit\/a-la-recherche-des-laines-precieuses-bergers-du-monde\/#breadcrumb\",\"itemListElement\":[{\"@type\":\"ListItem\",\"position\":1,\"name\":\"Accueil\",\"item\":\"https:\/\/librairie7l.com\/en\/\"},{\"@type\":\"ListItem\",\"position\":2,\"name\":\"Shop\",\"item\":\"https:\/\/librairie7l.com\/en\/shop\/\"},{\"@type\":\"ListItem\",\"position\":3,\"name\":\"\u00c0 LA RECHERCHE DES LAINES PR\u00c9CIEUSES ; BERGERS DU MONDE\"}]},{\"@type\":\"WebSite\",\"@id\":\"https:\/\/librairie7l.com\/en\/#website\",\"url\":\"https:\/\/librairie7l.com\/en\/\",\"name\":\"Librairie 7L\",\"description\":\"Librairie fond\u00e9e en 1999 par Karl Lagerfeld \u00e0 Paris\",\"publisher\":{\"@id\":\"https:\/\/librairie7l.com\/en\/#organization\"},\"potentialAction\":[{\"@type\":\"SearchAction\",\"target\":{\"@type\":\"EntryPoint\",\"urlTemplate\":\"https:\/\/librairie7l.com\/en\/?s={search_term_string}\"},\"query-input\":\"required name=search_term_string\"}],\"inLanguage\":\"en-US\"},{\"@type\":\"Organization\",\"@id\":\"https:\/\/librairie7l.com\/en\/#organization\",\"name\":\"Librairie 7L\",\"url\":\"https:\/\/librairie7l.com\/en\/\",\"logo\":{\"@type\":\"ImageObject\",\"inLanguage\":\"en-US\",\"@id\":\"https:\/\/librairie7l.com\/en\/#\/schema\/logo\/image\/\",\"url\":\"https:\/\/librairie7l.com\/wp-content\/uploads\/2022\/08\/logo-1.png\",\"contentUrl\":\"https:\/\/librairie7l.com\/wp-content\/uploads\/2022\/08\/logo-1.png\",\"width\":227,\"height\":301,\"caption\":\"Librairie 7L\"},\"image\":{\"@id\":\"https:\/\/librairie7l.com\/en\/#\/schema\/logo\/image\/\"}}]}<\/script>\n<!-- \/ Yoast SEO plugin. -->","yoast_head_json":{"title":"\u00c0 LA RECHERCHE DES LAINES PR\u00c9CIEUSES ; BERGERS DU MONDE - Librairie 7L","robots":{"index":"index","follow":"follow","max-snippet":"max-snippet:-1","max-image-preview":"max-image-preview:large","max-video-preview":"max-video-preview:-1"},"canonical":"https:\/\/librairie7l.com\/en\/produit\/a-la-recherche-des-laines-precieuses-bergers-du-monde\/","og_locale":"en_US","og_type":"article","og_title":"\u00c0 LA RECHERCHE DES LAINES PR\u00c9CIEUSES ; BERGERS DU MONDE - Librairie 7L","og_description":"Aussi loin que l&#8217;on remonte dans l&#8217;histoire et que l&#8217;on s&#8217;aventure sur les cinq continents, la laine prot\u00e8ge la peau des hommes contre les morsures du froid et les br\u00fblures du soleil. Partout des pasteurs \u00e9l\u00e8vent des troupeaux dont ils \u00ab\u00a0r\u00e9coltent\u00a0\u00bb la toison qui constitue un v\u00e9ritable tr\u00e9sor. Dominic Dormeuil explore les \u00e9levages du monde [&hellip;]","og_url":"https:\/\/librairie7l.com\/en\/produit\/a-la-recherche-des-laines-precieuses-bergers-du-monde\/","og_site_name":"Librairie 7L","article_modified_time":"2026-04-27T06:36:10+00:00","og_image":[{"width":1000,"height":1203,"url":"https:\/\/librairie7l.com\/wp-content\/uploads\/2015\/03\/9782344009062_1_75.jpg","type":"image\/jpeg"}],"twitter_card":"summary_large_image","twitter_misc":{"Est. reading time":"1 minute"},"schema":{"@context":"https:\/\/schema.org","@graph":[{"@type":"WebPage","@id":"https:\/\/librairie7l.com\/en\/produit\/a-la-recherche-des-laines-precieuses-bergers-du-monde\/","url":"https:\/\/librairie7l.com\/en\/produit\/a-la-recherche-des-laines-precieuses-bergers-du-monde\/","name":"\u00c0 LA RECHERCHE DES LAINES PR\u00c9CIEUSES ; BERGERS DU MONDE - Librairie 7L","isPartOf":{"@id":"https:\/\/librairie7l.com\/en\/#website"},"datePublished":"2023-05-10T11:54:59+00:00","dateModified":"2026-04-27T06:36:10+00:00","breadcrumb":{"@id":"https:\/\/librairie7l.com\/en\/produit\/a-la-recherche-des-laines-precieuses-bergers-du-monde\/#breadcrumb"},"inLanguage":"en-US","potentialAction":[{"@type":"ReadAction","target":["https:\/\/librairie7l.com\/en\/produit\/a-la-recherche-des-laines-precieuses-bergers-du-monde\/"]}]},{"@type":"BreadcrumbList","@id":"https:\/\/librairie7l.com\/en\/produit\/a-la-recherche-des-laines-precieuses-bergers-du-monde\/#breadcrumb","itemListElement":[{"@type":"ListItem","position":1,"name":"Accueil","item":"https:\/\/librairie7l.com\/en\/"},{"@type":"ListItem","position":2,"name":"Shop","item":"https:\/\/librairie7l.com\/en\/shop\/"},{"@type":"ListItem","position":3,"name":"\u00c0 LA RECHERCHE DES LAINES PR\u00c9CIEUSES ; BERGERS DU MONDE"}]},{"@type":"WebSite","@id":"https:\/\/librairie7l.com\/en\/#website","url":"https:\/\/librairie7l.com\/en\/","name":"Librairie 7L","description":"Librairie fond\u00e9e en 1999 par Karl Lagerfeld \u00e0 Paris","publisher":{"@id":"https:\/\/librairie7l.com\/en\/#organization"},"potentialAction":[{"@type":"SearchAction","target":{"@type":"EntryPoint","urlTemplate":"https:\/\/librairie7l.com\/en\/?s={search_term_string}"},"query-input":"required name=search_term_string"}],"inLanguage":"en-US"},{"@type":"Organization","@id":"https:\/\/librairie7l.com\/en\/#organization","name":"Librairie 7L","url":"https:\/\/librairie7l.com\/en\/","logo":{"@type":"ImageObject","inLanguage":"en-US","@id":"https:\/\/librairie7l.com\/en\/#\/schema\/logo\/image\/","url":"https:\/\/librairie7l.com\/wp-content\/uploads\/2022\/08\/logo-1.png","contentUrl":"https:\/\/librairie7l.com\/wp-content\/uploads\/2022\/08\/logo-1.png","width":227,"height":301,"caption":"Librairie 7L"},"image":{"@id":"https:\/\/librairie7l.com\/en\/#\/schema\/logo\/image\/"}}]}},"_links":{"self":[{"href":"https:\/\/librairie7l.com\/en\/wp-json\/wp\/v2\/product\/29147"}],"collection":[{"href":"https:\/\/librairie7l.com\/en\/wp-json\/wp\/v2\/product"}],"about":[{"href":"https:\/\/librairie7l.com\/en\/wp-json\/wp\/v2\/types\/product"}],"wp:featuredmedia":[{"embeddable":true,"href":"https:\/\/librairie7l.com\/en\/wp-json\/wp\/v2\/media\/29145"}],"wp:attachment":[{"href":"https:\/\/librairie7l.com\/en\/wp-json\/wp\/v2\/media?parent=29147"}],"wp:term":[{"taxonomy":"product_cat","embeddable":true,"href":"https:\/\/librairie7l.com\/en\/wp-json\/wp\/v2\/product_cat?post=29147"},{"taxonomy":"product_tag","embeddable":true,"href":"https:\/\/librairie7l.com\/en\/wp-json\/wp\/v2\/product_tag?post=29147"}],"curies":[{"name":"wp","href":"https:\/\/api.w.org\/{rel}","templated":true}]}}