{"id":29159,"date":"2023-05-10T13:55:32","date_gmt":"2023-05-10T11:55:32","guid":{"rendered":"https:\/\/librairie7l.com\/?post_type=product&#038;p=29159"},"modified":"2026-04-19T13:28:37","modified_gmt":"2026-04-19T11:28:37","slug":"roman-cieslewicz","status":"publish","type":"product","link":"https:\/\/librairie7l.com\/en\/produit\/roman-cieslewicz\/","title":{"rendered":"ROMAN CIESLEWICZ"},"content":{"rendered":"<p>D?origine polonaise, Roman Cieslewicz (1930-1994) est un acteur majeur du graphisme en France dans les ann\u00e9es 1960-1970. Form\u00e9 \u00e0 l?\u00e9cole des Beaux-Arts de Cracovie, il s?installe \u00e0 Paris en 1963 pour fuir la dictature, apportant avec lui l?esth\u00e9tique de l?\u00e9cole polonaise de l?affiche.<br \/>\nGraphiste infatigable et v\u00e9ritable banque d?images \u00e0 lui seul, il s?emploie \u00e0 refl\u00e9ter son temps \u00e0 travers une esth\u00e9tique minimaliste et percutante, influenc\u00e9e par les mouvements d?avant-garde du d\u00e9but du XXe si\u00e8cle.<br \/>\nL??uvre de Cieslewicz, d?une grande diversit\u00e9, rassemble travaux de commande et projets personnels : affiches pour le cin\u00e9ma, le th\u00e9\u00e2tre, les expositions du Centre Pompidou, mises en pages pour Elle, Vogue ou encore L?Autre Journal, photomontages, collages, couvertures de livres pour le Seuil, Hazan, 18\/18 ou encore les Guides bleus?<br \/>\nInquiet de l?uniformisation visuelle croissante dans les m\u00e9dias, qui vide de leur signification des repr\u00e9sentations pourtant violentes, il choisit soigneusement des images pour les associer et les confronter.<br \/>\nLe lecteur d\u00e9couvrira deux livres r\u00e9unis sous un emballage en carton s\u00e9rigraphi\u00e9 : un livre consacr\u00e9 au travail pr\u00e9paratoire de Cieslewicz (esquisses, maquettes?) et un autre pr\u00e9sentant ses r\u00e9alisations finales. Le tout est organis\u00e9 sous la forme d?un ab\u00e9c\u00e9daire, de A comme affiche \u00e0 Z comme zoom.<br \/>\nLes textes sont \u00e9crits par des contemporains de Cieslewicz, qui l?ont c\u00f4toy\u00e9, ainsi que par des historiens de l?art, du graphisme ou de la photographie actuels. Les tr\u00e8s nombreuses illustrations sont largement extraites du fonds d?archives constitu\u00e9 par l?artiste lui-m\u00eame.<br \/>\nExceptionnel par l?ampleur de son contenu et par sa forme, ce livre de r\u00e9f\u00e9rence invite \u00e0 plonger dans la d\u00e9marche m\u00eame de Cieslewicz lorsqu?il fabriquait ses images.<\/p>\n","protected":false},"excerpt":{"rendered":"<p>D?origine polonaise, Roman Cieslewicz (1930-1994) est un acteur majeur du graphisme en France dans les ann\u00e9es 1960-1970. Form\u00e9 \u00e0 l?\u00e9cole des Beaux-Arts de Cracovie, il s?installe \u00e0 Paris en 1963 pour fuir la dictature, apportant avec lui l?esth\u00e9tique de l?\u00e9cole polonaise de l?affiche. Graphiste infatigable et v\u00e9ritable banque d?images \u00e0 lui seul, il s?emploie \u00e0 [&hellip;]<\/p>\n","protected":false},"featured_media":29157,"template":"","meta":[],"product_cat":[55,2948,18,2952],"product_tag":[],"acf":[],"yoast_head":"<!-- This site is optimized with the Yoast SEO plugin v20.11 - https:\/\/yoast.com\/wordpress\/plugins\/seo\/ -->\n<title>ROMAN CIESLEWICZ - Librairie 7L<\/title>\n<meta name=\"robots\" content=\"index, follow, max-snippet:-1, max-image-preview:large, max-video-preview:-1\" \/>\n<link rel=\"canonical\" href=\"https:\/\/librairie7l.com\/en\/produit\/roman-cieslewicz\/\" \/>\n<meta property=\"og:locale\" content=\"en_US\" \/>\n<meta property=\"og:type\" content=\"article\" \/>\n<meta property=\"og:title\" content=\"ROMAN CIESLEWICZ - Librairie 7L\" \/>\n<meta property=\"og:description\" content=\"D?origine polonaise, Roman Cieslewicz (1930-1994) est un acteur majeur du graphisme en France dans les ann\u00e9es 1960-1970. Form\u00e9 \u00e0 l?\u00e9cole des Beaux-Arts de Cracovie, il s?installe \u00e0 Paris en 1963 pour fuir la dictature, apportant avec lui l?esth\u00e9tique de l?\u00e9cole polonaise de l?affiche. Graphiste infatigable et v\u00e9ritable banque d?images \u00e0 lui seul, il s?emploie \u00e0 [&hellip;]\" \/>\n<meta property=\"og:url\" content=\"https:\/\/librairie7l.com\/en\/produit\/roman-cieslewicz\/\" \/>\n<meta property=\"og:site_name\" content=\"Librairie 7L\" \/>\n<meta property=\"article:modified_time\" content=\"2026-04-19T11:28:37+00:00\" \/>\n<meta property=\"og:image\" content=\"https:\/\/librairie7l.com\/wp-content\/uploads\/2017\/12\/9782916914732_1_75.jpg\" \/>\n\t<meta property=\"og:image:width\" content=\"600\" \/>\n\t<meta property=\"og:image:height\" content=\"817\" \/>\n\t<meta property=\"og:image:type\" content=\"image\/jpeg\" \/>\n<meta name=\"twitter:card\" content=\"summary_large_image\" \/>\n<meta name=\"twitter:label1\" content=\"Est. reading time\" \/>\n\t<meta name=\"twitter:data1\" content=\"2 minutes\" \/>\n<script type=\"application\/ld+json\" class=\"yoast-schema-graph\">{\"@context\":\"https:\/\/schema.org\",\"@graph\":[{\"@type\":\"WebPage\",\"@id\":\"https:\/\/librairie7l.com\/en\/produit\/roman-cieslewicz\/\",\"url\":\"https:\/\/librairie7l.com\/en\/produit\/roman-cieslewicz\/\",\"name\":\"ROMAN CIESLEWICZ - Librairie 7L\",\"isPartOf\":{\"@id\":\"https:\/\/librairie7l.com\/en\/#website\"},\"datePublished\":\"2023-05-10T11:55:32+00:00\",\"dateModified\":\"2026-04-19T11:28:37+00:00\",\"breadcrumb\":{\"@id\":\"https:\/\/librairie7l.com\/en\/produit\/roman-cieslewicz\/#breadcrumb\"},\"inLanguage\":\"en-US\",\"potentialAction\":[{\"@type\":\"ReadAction\",\"target\":[\"https:\/\/librairie7l.com\/en\/produit\/roman-cieslewicz\/\"]}]},{\"@type\":\"BreadcrumbList\",\"@id\":\"https:\/\/librairie7l.com\/en\/produit\/roman-cieslewicz\/#breadcrumb\",\"itemListElement\":[{\"@type\":\"ListItem\",\"position\":1,\"name\":\"Accueil\",\"item\":\"https:\/\/librairie7l.com\/en\/\"},{\"@type\":\"ListItem\",\"position\":2,\"name\":\"Shop\",\"item\":\"https:\/\/librairie7l.com\/en\/shop\/\"},{\"@type\":\"ListItem\",\"position\":3,\"name\":\"ROMAN CIESLEWICZ\"}]},{\"@type\":\"WebSite\",\"@id\":\"https:\/\/librairie7l.com\/en\/#website\",\"url\":\"https:\/\/librairie7l.com\/en\/\",\"name\":\"Librairie 7L\",\"description\":\"Librairie fond\u00e9e en 1999 par Karl Lagerfeld \u00e0 Paris\",\"publisher\":{\"@id\":\"https:\/\/librairie7l.com\/en\/#organization\"},\"potentialAction\":[{\"@type\":\"SearchAction\",\"target\":{\"@type\":\"EntryPoint\",\"urlTemplate\":\"https:\/\/librairie7l.com\/en\/?s={search_term_string}\"},\"query-input\":\"required name=search_term_string\"}],\"inLanguage\":\"en-US\"},{\"@type\":\"Organization\",\"@id\":\"https:\/\/librairie7l.com\/en\/#organization\",\"name\":\"Librairie 7L\",\"url\":\"https:\/\/librairie7l.com\/en\/\",\"logo\":{\"@type\":\"ImageObject\",\"inLanguage\":\"en-US\",\"@id\":\"https:\/\/librairie7l.com\/en\/#\/schema\/logo\/image\/\",\"url\":\"https:\/\/librairie7l.com\/wp-content\/uploads\/2022\/08\/logo-1.png\",\"contentUrl\":\"https:\/\/librairie7l.com\/wp-content\/uploads\/2022\/08\/logo-1.png\",\"width\":227,\"height\":301,\"caption\":\"Librairie 7L\"},\"image\":{\"@id\":\"https:\/\/librairie7l.com\/en\/#\/schema\/logo\/image\/\"}}]}<\/script>\n<!-- \/ Yoast SEO plugin. -->","yoast_head_json":{"title":"ROMAN CIESLEWICZ - Librairie 7L","robots":{"index":"index","follow":"follow","max-snippet":"max-snippet:-1","max-image-preview":"max-image-preview:large","max-video-preview":"max-video-preview:-1"},"canonical":"https:\/\/librairie7l.com\/en\/produit\/roman-cieslewicz\/","og_locale":"en_US","og_type":"article","og_title":"ROMAN CIESLEWICZ - Librairie 7L","og_description":"D?origine polonaise, Roman Cieslewicz (1930-1994) est un acteur majeur du graphisme en France dans les ann\u00e9es 1960-1970. Form\u00e9 \u00e0 l?\u00e9cole des Beaux-Arts de Cracovie, il s?installe \u00e0 Paris en 1963 pour fuir la dictature, apportant avec lui l?esth\u00e9tique de l?\u00e9cole polonaise de l?affiche. Graphiste infatigable et v\u00e9ritable banque d?images \u00e0 lui seul, il s?emploie \u00e0 [&hellip;]","og_url":"https:\/\/librairie7l.com\/en\/produit\/roman-cieslewicz\/","og_site_name":"Librairie 7L","article_modified_time":"2026-04-19T11:28:37+00:00","og_image":[{"width":600,"height":817,"url":"https:\/\/librairie7l.com\/wp-content\/uploads\/2017\/12\/9782916914732_1_75.jpg","type":"image\/jpeg"}],"twitter_card":"summary_large_image","twitter_misc":{"Est. reading time":"2 minutes"},"schema":{"@context":"https:\/\/schema.org","@graph":[{"@type":"WebPage","@id":"https:\/\/librairie7l.com\/en\/produit\/roman-cieslewicz\/","url":"https:\/\/librairie7l.com\/en\/produit\/roman-cieslewicz\/","name":"ROMAN CIESLEWICZ - Librairie 7L","isPartOf":{"@id":"https:\/\/librairie7l.com\/en\/#website"},"datePublished":"2023-05-10T11:55:32+00:00","dateModified":"2026-04-19T11:28:37+00:00","breadcrumb":{"@id":"https:\/\/librairie7l.com\/en\/produit\/roman-cieslewicz\/#breadcrumb"},"inLanguage":"en-US","potentialAction":[{"@type":"ReadAction","target":["https:\/\/librairie7l.com\/en\/produit\/roman-cieslewicz\/"]}]},{"@type":"BreadcrumbList","@id":"https:\/\/librairie7l.com\/en\/produit\/roman-cieslewicz\/#breadcrumb","itemListElement":[{"@type":"ListItem","position":1,"name":"Accueil","item":"https:\/\/librairie7l.com\/en\/"},{"@type":"ListItem","position":2,"name":"Shop","item":"https:\/\/librairie7l.com\/en\/shop\/"},{"@type":"ListItem","position":3,"name":"ROMAN CIESLEWICZ"}]},{"@type":"WebSite","@id":"https:\/\/librairie7l.com\/en\/#website","url":"https:\/\/librairie7l.com\/en\/","name":"Librairie 7L","description":"Librairie fond\u00e9e en 1999 par Karl Lagerfeld \u00e0 Paris","publisher":{"@id":"https:\/\/librairie7l.com\/en\/#organization"},"potentialAction":[{"@type":"SearchAction","target":{"@type":"EntryPoint","urlTemplate":"https:\/\/librairie7l.com\/en\/?s={search_term_string}"},"query-input":"required name=search_term_string"}],"inLanguage":"en-US"},{"@type":"Organization","@id":"https:\/\/librairie7l.com\/en\/#organization","name":"Librairie 7L","url":"https:\/\/librairie7l.com\/en\/","logo":{"@type":"ImageObject","inLanguage":"en-US","@id":"https:\/\/librairie7l.com\/en\/#\/schema\/logo\/image\/","url":"https:\/\/librairie7l.com\/wp-content\/uploads\/2022\/08\/logo-1.png","contentUrl":"https:\/\/librairie7l.com\/wp-content\/uploads\/2022\/08\/logo-1.png","width":227,"height":301,"caption":"Librairie 7L"},"image":{"@id":"https:\/\/librairie7l.com\/en\/#\/schema\/logo\/image\/"}}]}},"_links":{"self":[{"href":"https:\/\/librairie7l.com\/en\/wp-json\/wp\/v2\/product\/29159"}],"collection":[{"href":"https:\/\/librairie7l.com\/en\/wp-json\/wp\/v2\/product"}],"about":[{"href":"https:\/\/librairie7l.com\/en\/wp-json\/wp\/v2\/types\/product"}],"wp:featuredmedia":[{"embeddable":true,"href":"https:\/\/librairie7l.com\/en\/wp-json\/wp\/v2\/media\/29157"}],"wp:attachment":[{"href":"https:\/\/librairie7l.com\/en\/wp-json\/wp\/v2\/media?parent=29159"}],"wp:term":[{"taxonomy":"product_cat","embeddable":true,"href":"https:\/\/librairie7l.com\/en\/wp-json\/wp\/v2\/product_cat?post=29159"},{"taxonomy":"product_tag","embeddable":true,"href":"https:\/\/librairie7l.com\/en\/wp-json\/wp\/v2\/product_tag?post=29159"}],"curies":[{"name":"wp","href":"https:\/\/api.w.org\/{rel}","templated":true}]}}