{"id":29167,"date":"2023-05-10T13:55:54","date_gmt":"2023-05-10T11:55:54","guid":{"rendered":"https:\/\/librairie7l.com\/?post_type=product&#038;p=29167"},"modified":"2026-05-06T07:19:36","modified_gmt":"2026-05-06T05:19:36","slug":"le-camelia-de-ma-mere","status":"publish","type":"product","link":"https:\/\/librairie7l.com\/en\/produit\/le-camelia-de-ma-mere\/","title":{"rendered":"LE CAM\u00c9LIA DE MA M\u00c8RE"},"content":{"rendered":"<p>Alain Baraton, conteur hors pair comme il est un jardinier hors pair, r\u00e9v\u00e8le dans ce livre que tout a commenc\u00e9 par un cam\u00e9lia. C&#8217;\u00e9tait le jour o\u00f9 sa m\u00e8re a re\u00e7u pour pr\u00e9sent une de ces fleurs. Elle a marqu\u00e9 \u00e0 jamais son imagination.<br \/>\nCam\u00e9lia de sa m\u00e8re, cam\u00e9lia de la reine, cam\u00e9lia d&#8217;Asie, cam\u00e9lia \u00e0 l&#8217;origine du th\u00e9, du blanc au rouge en passant par le rose, c&#8217;est la fleur qui offre le plus de nuances. Chacune est, pour l&#8217;auteur, un pr\u00e9texte \u00e0 digression intime. Dans sa maison d&#8217;enfance, on d\u00e9couvre le jeune Alain entretenant passionn\u00e9ment le jardin de famille. Plus tard, la maison est devenue ch\u00e2teau, et le jardin, un parc : celui de Versailles, o\u00f9 il exerce son m\u00e9tier avec le m\u00eame amour.<\/p>\n","protected":false},"excerpt":{"rendered":"<p>Alain Baraton, conteur hors pair comme il est un jardinier hors pair, r\u00e9v\u00e8le dans ce livre que tout a commenc\u00e9 par un cam\u00e9lia. C&#8217;\u00e9tait le jour o\u00f9 sa m\u00e8re a re\u00e7u pour pr\u00e9sent une de ces fleurs. Elle a marqu\u00e9 \u00e0 jamais son imagination. Cam\u00e9lia de sa m\u00e8re, cam\u00e9lia de la reine, cam\u00e9lia d&#8217;Asie, cam\u00e9lia [&hellip;]<\/p>\n","protected":false},"featured_media":29165,"template":"","meta":[],"product_cat":[55,2948,2956,23],"product_tag":[],"acf":[],"yoast_head":"<!-- This site is optimized with the Yoast SEO plugin v20.11 - https:\/\/yoast.com\/wordpress\/plugins\/seo\/ -->\n<title>LE CAM\u00c9LIA DE MA M\u00c8RE - Librairie 7L<\/title>\n<meta name=\"robots\" content=\"index, follow, max-snippet:-1, max-image-preview:large, max-video-preview:-1\" \/>\n<link rel=\"canonical\" href=\"https:\/\/librairie7l.com\/en\/produit\/le-camelia-de-ma-mere\/\" \/>\n<meta property=\"og:locale\" content=\"en_US\" \/>\n<meta property=\"og:type\" content=\"article\" \/>\n<meta property=\"og:title\" content=\"LE CAM\u00c9LIA DE MA M\u00c8RE - Librairie 7L\" \/>\n<meta property=\"og:description\" content=\"Alain Baraton, conteur hors pair comme il est un jardinier hors pair, r\u00e9v\u00e8le dans ce livre que tout a commenc\u00e9 par un cam\u00e9lia. C&#8217;\u00e9tait le jour o\u00f9 sa m\u00e8re a re\u00e7u pour pr\u00e9sent une de ces fleurs. Elle a marqu\u00e9 \u00e0 jamais son imagination. Cam\u00e9lia de sa m\u00e8re, cam\u00e9lia de la reine, cam\u00e9lia d&#8217;Asie, cam\u00e9lia [&hellip;]\" \/>\n<meta property=\"og:url\" content=\"https:\/\/librairie7l.com\/en\/produit\/le-camelia-de-ma-mere\/\" \/>\n<meta property=\"og:site_name\" content=\"Librairie 7L\" \/>\n<meta property=\"article:modified_time\" content=\"2026-05-06T05:19:36+00:00\" \/>\n<meta property=\"og:image\" content=\"https:\/\/librairie7l.com\/wp-content\/uploads\/2017\/01\/9782246858812_1_75.jpg\" \/>\n\t<meta property=\"og:image:width\" content=\"1000\" \/>\n\t<meta property=\"og:image:height\" content=\"1588\" \/>\n\t<meta property=\"og:image:type\" content=\"image\/jpeg\" \/>\n<meta name=\"twitter:card\" content=\"summary_large_image\" \/>\n<meta name=\"twitter:label1\" content=\"Est. reading time\" \/>\n\t<meta name=\"twitter:data1\" content=\"1 minute\" \/>\n<script type=\"application\/ld+json\" class=\"yoast-schema-graph\">{\"@context\":\"https:\/\/schema.org\",\"@graph\":[{\"@type\":\"WebPage\",\"@id\":\"https:\/\/librairie7l.com\/en\/produit\/le-camelia-de-ma-mere\/\",\"url\":\"https:\/\/librairie7l.com\/en\/produit\/le-camelia-de-ma-mere\/\",\"name\":\"LE CAM\u00c9LIA DE MA M\u00c8RE - Librairie 7L\",\"isPartOf\":{\"@id\":\"https:\/\/librairie7l.com\/en\/#website\"},\"datePublished\":\"2023-05-10T11:55:54+00:00\",\"dateModified\":\"2026-05-06T05:19:36+00:00\",\"breadcrumb\":{\"@id\":\"https:\/\/librairie7l.com\/en\/produit\/le-camelia-de-ma-mere\/#breadcrumb\"},\"inLanguage\":\"en-US\",\"potentialAction\":[{\"@type\":\"ReadAction\",\"target\":[\"https:\/\/librairie7l.com\/en\/produit\/le-camelia-de-ma-mere\/\"]}]},{\"@type\":\"BreadcrumbList\",\"@id\":\"https:\/\/librairie7l.com\/en\/produit\/le-camelia-de-ma-mere\/#breadcrumb\",\"itemListElement\":[{\"@type\":\"ListItem\",\"position\":1,\"name\":\"Accueil\",\"item\":\"https:\/\/librairie7l.com\/en\/\"},{\"@type\":\"ListItem\",\"position\":2,\"name\":\"Shop\",\"item\":\"https:\/\/librairie7l.com\/en\/shop\/\"},{\"@type\":\"ListItem\",\"position\":3,\"name\":\"LE CAM\u00c9LIA DE MA M\u00c8RE\"}]},{\"@type\":\"WebSite\",\"@id\":\"https:\/\/librairie7l.com\/en\/#website\",\"url\":\"https:\/\/librairie7l.com\/en\/\",\"name\":\"Librairie 7L\",\"description\":\"Librairie fond\u00e9e en 1999 par Karl Lagerfeld \u00e0 Paris\",\"publisher\":{\"@id\":\"https:\/\/librairie7l.com\/en\/#organization\"},\"potentialAction\":[{\"@type\":\"SearchAction\",\"target\":{\"@type\":\"EntryPoint\",\"urlTemplate\":\"https:\/\/librairie7l.com\/en\/?s={search_term_string}\"},\"query-input\":\"required name=search_term_string\"}],\"inLanguage\":\"en-US\"},{\"@type\":\"Organization\",\"@id\":\"https:\/\/librairie7l.com\/en\/#organization\",\"name\":\"Librairie 7L\",\"url\":\"https:\/\/librairie7l.com\/en\/\",\"logo\":{\"@type\":\"ImageObject\",\"inLanguage\":\"en-US\",\"@id\":\"https:\/\/librairie7l.com\/en\/#\/schema\/logo\/image\/\",\"url\":\"https:\/\/librairie7l.com\/wp-content\/uploads\/2022\/08\/logo-1.png\",\"contentUrl\":\"https:\/\/librairie7l.com\/wp-content\/uploads\/2022\/08\/logo-1.png\",\"width\":227,\"height\":301,\"caption\":\"Librairie 7L\"},\"image\":{\"@id\":\"https:\/\/librairie7l.com\/en\/#\/schema\/logo\/image\/\"}}]}<\/script>\n<!-- \/ Yoast SEO plugin. -->","yoast_head_json":{"title":"LE CAM\u00c9LIA DE MA M\u00c8RE - Librairie 7L","robots":{"index":"index","follow":"follow","max-snippet":"max-snippet:-1","max-image-preview":"max-image-preview:large","max-video-preview":"max-video-preview:-1"},"canonical":"https:\/\/librairie7l.com\/en\/produit\/le-camelia-de-ma-mere\/","og_locale":"en_US","og_type":"article","og_title":"LE CAM\u00c9LIA DE MA M\u00c8RE - Librairie 7L","og_description":"Alain Baraton, conteur hors pair comme il est un jardinier hors pair, r\u00e9v\u00e8le dans ce livre que tout a commenc\u00e9 par un cam\u00e9lia. C&#8217;\u00e9tait le jour o\u00f9 sa m\u00e8re a re\u00e7u pour pr\u00e9sent une de ces fleurs. Elle a marqu\u00e9 \u00e0 jamais son imagination. Cam\u00e9lia de sa m\u00e8re, cam\u00e9lia de la reine, cam\u00e9lia d&#8217;Asie, cam\u00e9lia [&hellip;]","og_url":"https:\/\/librairie7l.com\/en\/produit\/le-camelia-de-ma-mere\/","og_site_name":"Librairie 7L","article_modified_time":"2026-05-06T05:19:36+00:00","og_image":[{"width":1000,"height":1588,"url":"https:\/\/librairie7l.com\/wp-content\/uploads\/2017\/01\/9782246858812_1_75.jpg","type":"image\/jpeg"}],"twitter_card":"summary_large_image","twitter_misc":{"Est. reading time":"1 minute"},"schema":{"@context":"https:\/\/schema.org","@graph":[{"@type":"WebPage","@id":"https:\/\/librairie7l.com\/en\/produit\/le-camelia-de-ma-mere\/","url":"https:\/\/librairie7l.com\/en\/produit\/le-camelia-de-ma-mere\/","name":"LE CAM\u00c9LIA DE MA M\u00c8RE - Librairie 7L","isPartOf":{"@id":"https:\/\/librairie7l.com\/en\/#website"},"datePublished":"2023-05-10T11:55:54+00:00","dateModified":"2026-05-06T05:19:36+00:00","breadcrumb":{"@id":"https:\/\/librairie7l.com\/en\/produit\/le-camelia-de-ma-mere\/#breadcrumb"},"inLanguage":"en-US","potentialAction":[{"@type":"ReadAction","target":["https:\/\/librairie7l.com\/en\/produit\/le-camelia-de-ma-mere\/"]}]},{"@type":"BreadcrumbList","@id":"https:\/\/librairie7l.com\/en\/produit\/le-camelia-de-ma-mere\/#breadcrumb","itemListElement":[{"@type":"ListItem","position":1,"name":"Accueil","item":"https:\/\/librairie7l.com\/en\/"},{"@type":"ListItem","position":2,"name":"Shop","item":"https:\/\/librairie7l.com\/en\/shop\/"},{"@type":"ListItem","position":3,"name":"LE CAM\u00c9LIA DE MA M\u00c8RE"}]},{"@type":"WebSite","@id":"https:\/\/librairie7l.com\/en\/#website","url":"https:\/\/librairie7l.com\/en\/","name":"Librairie 7L","description":"Librairie fond\u00e9e en 1999 par Karl Lagerfeld \u00e0 Paris","publisher":{"@id":"https:\/\/librairie7l.com\/en\/#organization"},"potentialAction":[{"@type":"SearchAction","target":{"@type":"EntryPoint","urlTemplate":"https:\/\/librairie7l.com\/en\/?s={search_term_string}"},"query-input":"required name=search_term_string"}],"inLanguage":"en-US"},{"@type":"Organization","@id":"https:\/\/librairie7l.com\/en\/#organization","name":"Librairie 7L","url":"https:\/\/librairie7l.com\/en\/","logo":{"@type":"ImageObject","inLanguage":"en-US","@id":"https:\/\/librairie7l.com\/en\/#\/schema\/logo\/image\/","url":"https:\/\/librairie7l.com\/wp-content\/uploads\/2022\/08\/logo-1.png","contentUrl":"https:\/\/librairie7l.com\/wp-content\/uploads\/2022\/08\/logo-1.png","width":227,"height":301,"caption":"Librairie 7L"},"image":{"@id":"https:\/\/librairie7l.com\/en\/#\/schema\/logo\/image\/"}}]}},"_links":{"self":[{"href":"https:\/\/librairie7l.com\/en\/wp-json\/wp\/v2\/product\/29167"}],"collection":[{"href":"https:\/\/librairie7l.com\/en\/wp-json\/wp\/v2\/product"}],"about":[{"href":"https:\/\/librairie7l.com\/en\/wp-json\/wp\/v2\/types\/product"}],"wp:featuredmedia":[{"embeddable":true,"href":"https:\/\/librairie7l.com\/en\/wp-json\/wp\/v2\/media\/29165"}],"wp:attachment":[{"href":"https:\/\/librairie7l.com\/en\/wp-json\/wp\/v2\/media?parent=29167"}],"wp:term":[{"taxonomy":"product_cat","embeddable":true,"href":"https:\/\/librairie7l.com\/en\/wp-json\/wp\/v2\/product_cat?post=29167"},{"taxonomy":"product_tag","embeddable":true,"href":"https:\/\/librairie7l.com\/en\/wp-json\/wp\/v2\/product_tag?post=29167"}],"curies":[{"name":"wp","href":"https:\/\/api.w.org\/{rel}","templated":true}]}}