{"id":29175,"date":"2023-05-10T13:56:14","date_gmt":"2023-05-10T11:56:14","guid":{"rendered":"https:\/\/librairie7l.com\/?post_type=product&#038;p=29175"},"modified":"2026-04-06T10:40:55","modified_gmt":"2026-04-06T08:40:55","slug":"parer-la-mode","status":"publish","type":"product","link":"https:\/\/librairie7l.com\/en\/produit\/parer-la-mode\/","title":{"rendered":"PARER LA MODE"},"content":{"rendered":"<p>Les bijoux non pr\u00e9cieux sont le fil conducteur de ce livre. Ils ont marqu\u00e9, du milieu du XVIIIe si\u00e8cle \u00e0 la derni\u00e8re d\u00e9cennie du XXe si\u00e8cle, l&#8217;histoire du costume et son \u00e9volution, mais aussi les transformations du go\u00fbt f\u00e9minin et plus encore. Ces objets en mat\u00e9riaux non pr\u00e9cieux sont d&#8217;un prix accessible. Deanna Farneti propose une narration illustr\u00e9e, au fil des \u00e9poques et des styles (bijoux victoriens, \u00e9douardiens, Arts &amp; Crafts, Jugendstil, Liberty, cr\u00e9ations des ann\u00e9es 1910 et 1920 jusqu&#8217;aux ann\u00e9es 1980), mettant en relief pour chaque p\u00e9riode le lien \u00e9troit qui unit l&#8217;histoire du costume et les d\u00e9clinaisons stylistiques de l&#8217;accessoire qui vient l&#8217;enrichir et l&#8217;embellir. La veine sentimentale et romantique des cr\u00e9ations victoriennes s&#8217;estompe devant les strass et les ornements argent\u00e9s qui caract\u00e9risent les productions de l&#8217;\u00e9poque \u00e9douardienne. Dans le m\u00eame temps, les formes abstraites et g\u00e9om\u00e9triques se r\u00e9pandent en Autriche et en Allemagne, et l&#8217;av\u00e8nement de l&#8217;\u00e8re industrielle, associ\u00e9e \u00e0 l&#8217;\u00e9volution du r\u00f4le des femmes &#8211; avec la fin de la Premi\u00e8re Guerre mondiale &#8211; fait le succ\u00e8s de pi\u00e8ces en plastique, souvent color\u00e9es, qui tranchent sur les robes noires de la grande \u00e9poque du charleston. Lignes nettes, couleurs contrast\u00e9es et abstraction caract\u00e9risent le style Art d\u00e9co. C&#8217;est justement dans les ann\u00e9es 1920 que s&#8217;affirme en France, gr\u00e2ce \u00e0 Coco Chanel, le concept de bijoux de mode. La r\u00e9flexion de Deanna Farneti est illustr\u00e9e encore plus pr\u00e9cis\u00e9ment pour cette p\u00e9riode, l&#8217;auteure soulignant que le bijou refl\u00e8te de fa\u00e7on surprenante le style de la femme qui le porte. Pour correspondre aux go\u00fbts des ann\u00e9es 1930, les \u00ab bijoux fantaisie \u00bb deviennent tr\u00e8s voyants et d\u00e9lib\u00e9r\u00e9ment factices. Dans les ann\u00e9es 1950, Dior lance une sorte de renaissance, et les bijoux apparaissent comme des tissus qui s&#8217;adaptent au corps. La r\u00e9volution des ann\u00e9es 1960 bouleverse aussi le costume, tandis que les mat\u00e9riaux innovants et les couleurs fluo sont au premier plan. Les ann\u00e9es 1970 revisitent le pass\u00e9 et les ann\u00e9es 1980, en conclusion de l&#8217;ouvrage, sont marqu\u00e9es par des cr\u00e9ations tr\u00e8s inventives \u00e0 grand succ\u00e8s, comme celles d&#8217;Ugo Correani pour Versace et de Karl Lagerfeld pour Chanel.<\/p>\n","protected":false},"excerpt":{"rendered":"<p>Les bijoux non pr\u00e9cieux sont le fil conducteur de ce livre. Ils ont marqu\u00e9, du milieu du XVIIIe si\u00e8cle \u00e0 la derni\u00e8re d\u00e9cennie du XXe si\u00e8cle, l&#8217;histoire du costume et son \u00e9volution, mais aussi les transformations du go\u00fbt f\u00e9minin et plus encore. Ces objets en mat\u00e9riaux non pr\u00e9cieux sont d&#8217;un prix accessible. Deanna Farneti propose [&hellip;]<\/p>\n","protected":false},"featured_media":29173,"template":"","meta":[],"product_cat":[55,2948,2957,19],"product_tag":[],"acf":[],"yoast_head":"<!-- This site is optimized with the Yoast SEO plugin v20.11 - https:\/\/yoast.com\/wordpress\/plugins\/seo\/ -->\n<title>PARER LA MODE - Librairie 7L<\/title>\n<meta name=\"robots\" content=\"index, follow, max-snippet:-1, max-image-preview:large, max-video-preview:-1\" \/>\n<link rel=\"canonical\" href=\"https:\/\/librairie7l.com\/en\/produit\/parer-la-mode\/\" \/>\n<meta property=\"og:locale\" content=\"en_US\" \/>\n<meta property=\"og:type\" content=\"article\" \/>\n<meta property=\"og:title\" content=\"PARER LA MODE - Librairie 7L\" \/>\n<meta property=\"og:description\" content=\"Les bijoux non pr\u00e9cieux sont le fil conducteur de ce livre. Ils ont marqu\u00e9, du milieu du XVIIIe si\u00e8cle \u00e0 la derni\u00e8re d\u00e9cennie du XXe si\u00e8cle, l&#8217;histoire du costume et son \u00e9volution, mais aussi les transformations du go\u00fbt f\u00e9minin et plus encore. Ces objets en mat\u00e9riaux non pr\u00e9cieux sont d&#8217;un prix accessible. Deanna Farneti propose [&hellip;]\" \/>\n<meta property=\"og:url\" content=\"https:\/\/librairie7l.com\/en\/produit\/parer-la-mode\/\" \/>\n<meta property=\"og:site_name\" content=\"Librairie 7L\" \/>\n<meta property=\"article:modified_time\" content=\"2026-04-06T08:40:55+00:00\" \/>\n<meta property=\"og:image\" content=\"https:\/\/librairie7l.com\/wp-content\/uploads\/2019\/04\/9788874399017_1_75.jpg\" \/>\n\t<meta property=\"og:image:width\" content=\"600\" \/>\n\t<meta property=\"og:image:height\" content=\"742\" \/>\n\t<meta property=\"og:image:type\" content=\"image\/jpeg\" \/>\n<meta name=\"twitter:card\" content=\"summary_large_image\" \/>\n<meta name=\"twitter:label1\" content=\"Est. reading time\" \/>\n\t<meta name=\"twitter:data1\" content=\"2 minutes\" \/>\n<script type=\"application\/ld+json\" class=\"yoast-schema-graph\">{\"@context\":\"https:\/\/schema.org\",\"@graph\":[{\"@type\":\"WebPage\",\"@id\":\"https:\/\/librairie7l.com\/en\/produit\/parer-la-mode\/\",\"url\":\"https:\/\/librairie7l.com\/en\/produit\/parer-la-mode\/\",\"name\":\"PARER LA MODE - Librairie 7L\",\"isPartOf\":{\"@id\":\"https:\/\/librairie7l.com\/en\/#website\"},\"datePublished\":\"2023-05-10T11:56:14+00:00\",\"dateModified\":\"2026-04-06T08:40:55+00:00\",\"breadcrumb\":{\"@id\":\"https:\/\/librairie7l.com\/en\/produit\/parer-la-mode\/#breadcrumb\"},\"inLanguage\":\"en-US\",\"potentialAction\":[{\"@type\":\"ReadAction\",\"target\":[\"https:\/\/librairie7l.com\/en\/produit\/parer-la-mode\/\"]}]},{\"@type\":\"BreadcrumbList\",\"@id\":\"https:\/\/librairie7l.com\/en\/produit\/parer-la-mode\/#breadcrumb\",\"itemListElement\":[{\"@type\":\"ListItem\",\"position\":1,\"name\":\"Accueil\",\"item\":\"https:\/\/librairie7l.com\/en\/\"},{\"@type\":\"ListItem\",\"position\":2,\"name\":\"Shop\",\"item\":\"https:\/\/librairie7l.com\/en\/shop\/\"},{\"@type\":\"ListItem\",\"position\":3,\"name\":\"PARER LA MODE\"}]},{\"@type\":\"WebSite\",\"@id\":\"https:\/\/librairie7l.com\/en\/#website\",\"url\":\"https:\/\/librairie7l.com\/en\/\",\"name\":\"Librairie 7L\",\"description\":\"Librairie fond\u00e9e en 1999 par Karl Lagerfeld \u00e0 Paris\",\"publisher\":{\"@id\":\"https:\/\/librairie7l.com\/en\/#organization\"},\"potentialAction\":[{\"@type\":\"SearchAction\",\"target\":{\"@type\":\"EntryPoint\",\"urlTemplate\":\"https:\/\/librairie7l.com\/en\/?s={search_term_string}\"},\"query-input\":\"required name=search_term_string\"}],\"inLanguage\":\"en-US\"},{\"@type\":\"Organization\",\"@id\":\"https:\/\/librairie7l.com\/en\/#organization\",\"name\":\"Librairie 7L\",\"url\":\"https:\/\/librairie7l.com\/en\/\",\"logo\":{\"@type\":\"ImageObject\",\"inLanguage\":\"en-US\",\"@id\":\"https:\/\/librairie7l.com\/en\/#\/schema\/logo\/image\/\",\"url\":\"https:\/\/librairie7l.com\/wp-content\/uploads\/2022\/08\/logo-1.png\",\"contentUrl\":\"https:\/\/librairie7l.com\/wp-content\/uploads\/2022\/08\/logo-1.png\",\"width\":227,\"height\":301,\"caption\":\"Librairie 7L\"},\"image\":{\"@id\":\"https:\/\/librairie7l.com\/en\/#\/schema\/logo\/image\/\"}}]}<\/script>\n<!-- \/ Yoast SEO plugin. -->","yoast_head_json":{"title":"PARER LA MODE - Librairie 7L","robots":{"index":"index","follow":"follow","max-snippet":"max-snippet:-1","max-image-preview":"max-image-preview:large","max-video-preview":"max-video-preview:-1"},"canonical":"https:\/\/librairie7l.com\/en\/produit\/parer-la-mode\/","og_locale":"en_US","og_type":"article","og_title":"PARER LA MODE - Librairie 7L","og_description":"Les bijoux non pr\u00e9cieux sont le fil conducteur de ce livre. Ils ont marqu\u00e9, du milieu du XVIIIe si\u00e8cle \u00e0 la derni\u00e8re d\u00e9cennie du XXe si\u00e8cle, l&#8217;histoire du costume et son \u00e9volution, mais aussi les transformations du go\u00fbt f\u00e9minin et plus encore. Ces objets en mat\u00e9riaux non pr\u00e9cieux sont d&#8217;un prix accessible. Deanna Farneti propose [&hellip;]","og_url":"https:\/\/librairie7l.com\/en\/produit\/parer-la-mode\/","og_site_name":"Librairie 7L","article_modified_time":"2026-04-06T08:40:55+00:00","og_image":[{"width":600,"height":742,"url":"https:\/\/librairie7l.com\/wp-content\/uploads\/2019\/04\/9788874399017_1_75.jpg","type":"image\/jpeg"}],"twitter_card":"summary_large_image","twitter_misc":{"Est. reading time":"2 minutes"},"schema":{"@context":"https:\/\/schema.org","@graph":[{"@type":"WebPage","@id":"https:\/\/librairie7l.com\/en\/produit\/parer-la-mode\/","url":"https:\/\/librairie7l.com\/en\/produit\/parer-la-mode\/","name":"PARER LA MODE - Librairie 7L","isPartOf":{"@id":"https:\/\/librairie7l.com\/en\/#website"},"datePublished":"2023-05-10T11:56:14+00:00","dateModified":"2026-04-06T08:40:55+00:00","breadcrumb":{"@id":"https:\/\/librairie7l.com\/en\/produit\/parer-la-mode\/#breadcrumb"},"inLanguage":"en-US","potentialAction":[{"@type":"ReadAction","target":["https:\/\/librairie7l.com\/en\/produit\/parer-la-mode\/"]}]},{"@type":"BreadcrumbList","@id":"https:\/\/librairie7l.com\/en\/produit\/parer-la-mode\/#breadcrumb","itemListElement":[{"@type":"ListItem","position":1,"name":"Accueil","item":"https:\/\/librairie7l.com\/en\/"},{"@type":"ListItem","position":2,"name":"Shop","item":"https:\/\/librairie7l.com\/en\/shop\/"},{"@type":"ListItem","position":3,"name":"PARER LA MODE"}]},{"@type":"WebSite","@id":"https:\/\/librairie7l.com\/en\/#website","url":"https:\/\/librairie7l.com\/en\/","name":"Librairie 7L","description":"Librairie fond\u00e9e en 1999 par Karl Lagerfeld \u00e0 Paris","publisher":{"@id":"https:\/\/librairie7l.com\/en\/#organization"},"potentialAction":[{"@type":"SearchAction","target":{"@type":"EntryPoint","urlTemplate":"https:\/\/librairie7l.com\/en\/?s={search_term_string}"},"query-input":"required name=search_term_string"}],"inLanguage":"en-US"},{"@type":"Organization","@id":"https:\/\/librairie7l.com\/en\/#organization","name":"Librairie 7L","url":"https:\/\/librairie7l.com\/en\/","logo":{"@type":"ImageObject","inLanguage":"en-US","@id":"https:\/\/librairie7l.com\/en\/#\/schema\/logo\/image\/","url":"https:\/\/librairie7l.com\/wp-content\/uploads\/2022\/08\/logo-1.png","contentUrl":"https:\/\/librairie7l.com\/wp-content\/uploads\/2022\/08\/logo-1.png","width":227,"height":301,"caption":"Librairie 7L"},"image":{"@id":"https:\/\/librairie7l.com\/en\/#\/schema\/logo\/image\/"}}]}},"_links":{"self":[{"href":"https:\/\/librairie7l.com\/en\/wp-json\/wp\/v2\/product\/29175"}],"collection":[{"href":"https:\/\/librairie7l.com\/en\/wp-json\/wp\/v2\/product"}],"about":[{"href":"https:\/\/librairie7l.com\/en\/wp-json\/wp\/v2\/types\/product"}],"wp:featuredmedia":[{"embeddable":true,"href":"https:\/\/librairie7l.com\/en\/wp-json\/wp\/v2\/media\/29173"}],"wp:attachment":[{"href":"https:\/\/librairie7l.com\/en\/wp-json\/wp\/v2\/media?parent=29175"}],"wp:term":[{"taxonomy":"product_cat","embeddable":true,"href":"https:\/\/librairie7l.com\/en\/wp-json\/wp\/v2\/product_cat?post=29175"},{"taxonomy":"product_tag","embeddable":true,"href":"https:\/\/librairie7l.com\/en\/wp-json\/wp\/v2\/product_tag?post=29175"}],"curies":[{"name":"wp","href":"https:\/\/api.w.org\/{rel}","templated":true}]}}