{"id":29235,"date":"2023-05-10T13:57:58","date_gmt":"2023-05-10T11:57:58","guid":{"rendered":"https:\/\/librairie7l.com\/?post_type=product&#038;p=29235"},"modified":"2026-04-23T14:34:55","modified_gmt":"2026-04-23T12:34:55","slug":"mike-mandel-zone-eleven-photographs-by-ansel-adams","status":"publish","type":"product","link":"https:\/\/librairie7l.com\/en\/produit\/mike-mandel-zone-eleven-photographs-by-ansel-adams\/","title":{"rendered":"MIKE MANDEL  ZONE ELEVEN : PHOTOGRAPHS BY ANSEL ADAMS"},"content":{"rendered":"<p>Ansel Adams avait d\u00e9velopp\u00e9 un syst\u00e8me de zonage allant de z\u00e9ro \u00e0 dix pour contr\u00f4ler l&#8217;exposition de ses n\u00e9gatifs et obtenir des noir &amp; blancs exceptionnels. Pour cet ouvrage, Mike Mandel s&#8217;est plong\u00e9 dans plus de 50 000 images d&#8217;Ansel Adams diss\u00e9min\u00e9es dans quatre lieux d&#8217;archive diff\u00e9rents. Il a con\u00e7u le d\u00e9roul\u00e9 intitul\u00e9 &#8220;Zone 11&#8221; comme une volont\u00e9 de proposer un nouveau regard sur le grand photographe de la nature am\u00e9ricaine, pour montrer un Ansel Adams qui aurait outrepass\u00e9 ses propres limites. Certaines de ses images sont des travaux de commande, d&#8217;autres sont le r\u00e9sultat de ses exp\u00e9rimentations au polaro\u00efd, et elles sont agenc\u00e9es pour former une s\u00e9quence inattendue.<\/p>\n","protected":false},"excerpt":{"rendered":"<p>Ansel Adams avait d\u00e9velopp\u00e9 un syst\u00e8me de zonage allant de z\u00e9ro \u00e0 dix pour contr\u00f4ler l&#8217;exposition de ses n\u00e9gatifs et obtenir des noir &amp; blancs exceptionnels. Pour cet ouvrage, Mike Mandel s&#8217;est plong\u00e9 dans plus de 50 000 images d&#8217;Ansel Adams diss\u00e9min\u00e9es dans quatre lieux d&#8217;archive diff\u00e9rents. Il a con\u00e7u le d\u00e9roul\u00e9 intitul\u00e9 &#8220;Zone 11&#8221; [&hellip;]<\/p>\n","protected":false},"featured_media":29233,"template":"","meta":[],"product_cat":[55,2948,2958,17],"product_tag":[],"acf":[],"yoast_head":"<!-- This site is optimized with the Yoast SEO plugin v20.11 - https:\/\/yoast.com\/wordpress\/plugins\/seo\/ -->\n<title>MIKE MANDEL ZONE ELEVEN : PHOTOGRAPHS BY ANSEL ADAMS - Librairie 7L<\/title>\n<meta name=\"robots\" content=\"index, follow, max-snippet:-1, max-image-preview:large, max-video-preview:-1\" \/>\n<link rel=\"canonical\" href=\"https:\/\/librairie7l.com\/en\/produit\/mike-mandel-zone-eleven-photographs-by-ansel-adams\/\" \/>\n<meta property=\"og:locale\" content=\"en_US\" \/>\n<meta property=\"og:type\" content=\"article\" \/>\n<meta property=\"og:title\" content=\"MIKE MANDEL ZONE ELEVEN : PHOTOGRAPHS BY ANSEL ADAMS - Librairie 7L\" \/>\n<meta property=\"og:description\" content=\"Ansel Adams avait d\u00e9velopp\u00e9 un syst\u00e8me de zonage allant de z\u00e9ro \u00e0 dix pour contr\u00f4ler l&#8217;exposition de ses n\u00e9gatifs et obtenir des noir &amp; blancs exceptionnels. Pour cet ouvrage, Mike Mandel s&#8217;est plong\u00e9 dans plus de 50 000 images d&#8217;Ansel Adams diss\u00e9min\u00e9es dans quatre lieux d&#8217;archive diff\u00e9rents. Il a con\u00e7u le d\u00e9roul\u00e9 intitul\u00e9 &#8220;Zone 11&#8221; [&hellip;]\" \/>\n<meta property=\"og:url\" content=\"https:\/\/librairie7l.com\/en\/produit\/mike-mandel-zone-eleven-photographs-by-ansel-adams\/\" \/>\n<meta property=\"og:site_name\" content=\"Librairie 7L\" \/>\n<meta property=\"article:modified_time\" content=\"2026-04-23T12:34:55+00:00\" \/>\n<meta property=\"og:image\" content=\"https:\/\/librairie7l.com\/wp-content\/uploads\/2021\/07\/9788862087483_1_75.jpg\" \/>\n\t<meta property=\"og:image:width\" content=\"500\" \/>\n\t<meta property=\"og:image:height\" content=\"410\" \/>\n\t<meta property=\"og:image:type\" content=\"image\/jpeg\" \/>\n<meta name=\"twitter:card\" content=\"summary_large_image\" \/>\n<meta name=\"twitter:label1\" content=\"Est. reading time\" \/>\n\t<meta name=\"twitter:data1\" content=\"1 minute\" \/>\n<script type=\"application\/ld+json\" class=\"yoast-schema-graph\">{\"@context\":\"https:\/\/schema.org\",\"@graph\":[{\"@type\":\"WebPage\",\"@id\":\"https:\/\/librairie7l.com\/en\/produit\/mike-mandel-zone-eleven-photographs-by-ansel-adams\/\",\"url\":\"https:\/\/librairie7l.com\/en\/produit\/mike-mandel-zone-eleven-photographs-by-ansel-adams\/\",\"name\":\"MIKE MANDEL ZONE ELEVEN : PHOTOGRAPHS BY ANSEL ADAMS - Librairie 7L\",\"isPartOf\":{\"@id\":\"https:\/\/librairie7l.com\/en\/#website\"},\"datePublished\":\"2023-05-10T11:57:58+00:00\",\"dateModified\":\"2026-04-23T12:34:55+00:00\",\"breadcrumb\":{\"@id\":\"https:\/\/librairie7l.com\/en\/produit\/mike-mandel-zone-eleven-photographs-by-ansel-adams\/#breadcrumb\"},\"inLanguage\":\"en-US\",\"potentialAction\":[{\"@type\":\"ReadAction\",\"target\":[\"https:\/\/librairie7l.com\/en\/produit\/mike-mandel-zone-eleven-photographs-by-ansel-adams\/\"]}]},{\"@type\":\"BreadcrumbList\",\"@id\":\"https:\/\/librairie7l.com\/en\/produit\/mike-mandel-zone-eleven-photographs-by-ansel-adams\/#breadcrumb\",\"itemListElement\":[{\"@type\":\"ListItem\",\"position\":1,\"name\":\"Accueil\",\"item\":\"https:\/\/librairie7l.com\/en\/\"},{\"@type\":\"ListItem\",\"position\":2,\"name\":\"Shop\",\"item\":\"https:\/\/librairie7l.com\/en\/shop\/\"},{\"@type\":\"ListItem\",\"position\":3,\"name\":\"MIKE MANDEL ZONE ELEVEN : PHOTOGRAPHS BY ANSEL ADAMS\"}]},{\"@type\":\"WebSite\",\"@id\":\"https:\/\/librairie7l.com\/en\/#website\",\"url\":\"https:\/\/librairie7l.com\/en\/\",\"name\":\"Librairie 7L\",\"description\":\"Librairie fond\u00e9e en 1999 par Karl Lagerfeld \u00e0 Paris\",\"publisher\":{\"@id\":\"https:\/\/librairie7l.com\/en\/#organization\"},\"potentialAction\":[{\"@type\":\"SearchAction\",\"target\":{\"@type\":\"EntryPoint\",\"urlTemplate\":\"https:\/\/librairie7l.com\/en\/?s={search_term_string}\"},\"query-input\":\"required name=search_term_string\"}],\"inLanguage\":\"en-US\"},{\"@type\":\"Organization\",\"@id\":\"https:\/\/librairie7l.com\/en\/#organization\",\"name\":\"Librairie 7L\",\"url\":\"https:\/\/librairie7l.com\/en\/\",\"logo\":{\"@type\":\"ImageObject\",\"inLanguage\":\"en-US\",\"@id\":\"https:\/\/librairie7l.com\/en\/#\/schema\/logo\/image\/\",\"url\":\"https:\/\/librairie7l.com\/wp-content\/uploads\/2022\/08\/logo-1.png\",\"contentUrl\":\"https:\/\/librairie7l.com\/wp-content\/uploads\/2022\/08\/logo-1.png\",\"width\":227,\"height\":301,\"caption\":\"Librairie 7L\"},\"image\":{\"@id\":\"https:\/\/librairie7l.com\/en\/#\/schema\/logo\/image\/\"}}]}<\/script>\n<!-- \/ Yoast SEO plugin. -->","yoast_head_json":{"title":"MIKE MANDEL ZONE ELEVEN : PHOTOGRAPHS BY ANSEL ADAMS - Librairie 7L","robots":{"index":"index","follow":"follow","max-snippet":"max-snippet:-1","max-image-preview":"max-image-preview:large","max-video-preview":"max-video-preview:-1"},"canonical":"https:\/\/librairie7l.com\/en\/produit\/mike-mandel-zone-eleven-photographs-by-ansel-adams\/","og_locale":"en_US","og_type":"article","og_title":"MIKE MANDEL ZONE ELEVEN : PHOTOGRAPHS BY ANSEL ADAMS - Librairie 7L","og_description":"Ansel Adams avait d\u00e9velopp\u00e9 un syst\u00e8me de zonage allant de z\u00e9ro \u00e0 dix pour contr\u00f4ler l&#8217;exposition de ses n\u00e9gatifs et obtenir des noir &amp; blancs exceptionnels. Pour cet ouvrage, Mike Mandel s&#8217;est plong\u00e9 dans plus de 50 000 images d&#8217;Ansel Adams diss\u00e9min\u00e9es dans quatre lieux d&#8217;archive diff\u00e9rents. Il a con\u00e7u le d\u00e9roul\u00e9 intitul\u00e9 &#8220;Zone 11&#8221; [&hellip;]","og_url":"https:\/\/librairie7l.com\/en\/produit\/mike-mandel-zone-eleven-photographs-by-ansel-adams\/","og_site_name":"Librairie 7L","article_modified_time":"2026-04-23T12:34:55+00:00","og_image":[{"width":500,"height":410,"url":"https:\/\/librairie7l.com\/wp-content\/uploads\/2021\/07\/9788862087483_1_75.jpg","type":"image\/jpeg"}],"twitter_card":"summary_large_image","twitter_misc":{"Est. reading time":"1 minute"},"schema":{"@context":"https:\/\/schema.org","@graph":[{"@type":"WebPage","@id":"https:\/\/librairie7l.com\/en\/produit\/mike-mandel-zone-eleven-photographs-by-ansel-adams\/","url":"https:\/\/librairie7l.com\/en\/produit\/mike-mandel-zone-eleven-photographs-by-ansel-adams\/","name":"MIKE MANDEL ZONE ELEVEN : PHOTOGRAPHS BY ANSEL ADAMS - Librairie 7L","isPartOf":{"@id":"https:\/\/librairie7l.com\/en\/#website"},"datePublished":"2023-05-10T11:57:58+00:00","dateModified":"2026-04-23T12:34:55+00:00","breadcrumb":{"@id":"https:\/\/librairie7l.com\/en\/produit\/mike-mandel-zone-eleven-photographs-by-ansel-adams\/#breadcrumb"},"inLanguage":"en-US","potentialAction":[{"@type":"ReadAction","target":["https:\/\/librairie7l.com\/en\/produit\/mike-mandel-zone-eleven-photographs-by-ansel-adams\/"]}]},{"@type":"BreadcrumbList","@id":"https:\/\/librairie7l.com\/en\/produit\/mike-mandel-zone-eleven-photographs-by-ansel-adams\/#breadcrumb","itemListElement":[{"@type":"ListItem","position":1,"name":"Accueil","item":"https:\/\/librairie7l.com\/en\/"},{"@type":"ListItem","position":2,"name":"Shop","item":"https:\/\/librairie7l.com\/en\/shop\/"},{"@type":"ListItem","position":3,"name":"MIKE MANDEL ZONE ELEVEN : PHOTOGRAPHS BY ANSEL ADAMS"}]},{"@type":"WebSite","@id":"https:\/\/librairie7l.com\/en\/#website","url":"https:\/\/librairie7l.com\/en\/","name":"Librairie 7L","description":"Librairie fond\u00e9e en 1999 par Karl Lagerfeld \u00e0 Paris","publisher":{"@id":"https:\/\/librairie7l.com\/en\/#organization"},"potentialAction":[{"@type":"SearchAction","target":{"@type":"EntryPoint","urlTemplate":"https:\/\/librairie7l.com\/en\/?s={search_term_string}"},"query-input":"required name=search_term_string"}],"inLanguage":"en-US"},{"@type":"Organization","@id":"https:\/\/librairie7l.com\/en\/#organization","name":"Librairie 7L","url":"https:\/\/librairie7l.com\/en\/","logo":{"@type":"ImageObject","inLanguage":"en-US","@id":"https:\/\/librairie7l.com\/en\/#\/schema\/logo\/image\/","url":"https:\/\/librairie7l.com\/wp-content\/uploads\/2022\/08\/logo-1.png","contentUrl":"https:\/\/librairie7l.com\/wp-content\/uploads\/2022\/08\/logo-1.png","width":227,"height":301,"caption":"Librairie 7L"},"image":{"@id":"https:\/\/librairie7l.com\/en\/#\/schema\/logo\/image\/"}}]}},"_links":{"self":[{"href":"https:\/\/librairie7l.com\/en\/wp-json\/wp\/v2\/product\/29235"}],"collection":[{"href":"https:\/\/librairie7l.com\/en\/wp-json\/wp\/v2\/product"}],"about":[{"href":"https:\/\/librairie7l.com\/en\/wp-json\/wp\/v2\/types\/product"}],"wp:featuredmedia":[{"embeddable":true,"href":"https:\/\/librairie7l.com\/en\/wp-json\/wp\/v2\/media\/29233"}],"wp:attachment":[{"href":"https:\/\/librairie7l.com\/en\/wp-json\/wp\/v2\/media?parent=29235"}],"wp:term":[{"taxonomy":"product_cat","embeddable":true,"href":"https:\/\/librairie7l.com\/en\/wp-json\/wp\/v2\/product_cat?post=29235"},{"taxonomy":"product_tag","embeddable":true,"href":"https:\/\/librairie7l.com\/en\/wp-json\/wp\/v2\/product_tag?post=29235"}],"curies":[{"name":"wp","href":"https:\/\/api.w.org\/{rel}","templated":true}]}}