{"id":29263,"date":"2023-05-10T13:58:25","date_gmt":"2023-05-10T11:58:25","guid":{"rendered":"https:\/\/librairie7l.com\/?post_type=product&#038;p=29263"},"modified":"2026-04-23T12:55:26","modified_gmt":"2026-04-23T10:55:26","slug":"rebekka-deubner-tempete-apres-tempete","status":"publish","type":"product","link":"https:\/\/librairie7l.com\/en\/produit\/rebekka-deubner-tempete-apres-tempete\/","title":{"rendered":"REBEKKA DEUBNER : TEMP\u00caTE APR\u00c8S TEMP\u00caTE"},"content":{"rendered":"<p>Rebekka Deubner a r\u00e9alis\u00e9 les images de la s\u00e9rie Temp\u00eate apr\u00e8s temp\u00eate lors de son second voyage \u00e0 Fukushima, durant l&#8217;\u00e9t\u00e9 2019. Pour elle, la destruction ne provoque pas l&#8217;annihilation totale mais laisse \u00e9merger de nouvelles formes de vie. Pour documenter cela, elle utilise souvent des gros plans rapproch\u00e9s et saisit alternativement des algues, les insectes, les gens qui vivent \u00e0 proximit\u00e9 en cadrant sur des d\u00e9tails de leur corps. Le tout semble former une nouvelle structure corporelle hybride. Reliure suisse.<\/p>\n","protected":false},"excerpt":{"rendered":"<p>Rebekka Deubner a r\u00e9alis\u00e9 les images de la s\u00e9rie Temp\u00eate apr\u00e8s temp\u00eate lors de son second voyage \u00e0 Fukushima, durant l&#8217;\u00e9t\u00e9 2019. Pour elle, la destruction ne provoque pas l&#8217;annihilation totale mais laisse \u00e9merger de nouvelles formes de vie. Pour documenter cela, elle utilise souvent des gros plans rapproch\u00e9s et saisit alternativement des algues, les [&hellip;]<\/p>\n","protected":false},"featured_media":29261,"template":"","meta":[],"product_cat":[55,2948,2958,17],"product_tag":[],"acf":[],"yoast_head":"<!-- This site is optimized with the Yoast SEO plugin v20.11 - https:\/\/yoast.com\/wordpress\/plugins\/seo\/ -->\n<title>REBEKKA DEUBNER : TEMP\u00caTE APR\u00c8S TEMP\u00caTE - Librairie 7L<\/title>\n<meta name=\"robots\" content=\"index, follow, max-snippet:-1, max-image-preview:large, max-video-preview:-1\" \/>\n<link rel=\"canonical\" href=\"https:\/\/librairie7l.com\/en\/produit\/rebekka-deubner-tempete-apres-tempete\/\" \/>\n<meta property=\"og:locale\" content=\"en_US\" \/>\n<meta property=\"og:type\" content=\"article\" \/>\n<meta property=\"og:title\" content=\"REBEKKA DEUBNER : TEMP\u00caTE APR\u00c8S TEMP\u00caTE - Librairie 7L\" \/>\n<meta property=\"og:description\" content=\"Rebekka Deubner a r\u00e9alis\u00e9 les images de la s\u00e9rie Temp\u00eate apr\u00e8s temp\u00eate lors de son second voyage \u00e0 Fukushima, durant l&#8217;\u00e9t\u00e9 2019. Pour elle, la destruction ne provoque pas l&#8217;annihilation totale mais laisse \u00e9merger de nouvelles formes de vie. Pour documenter cela, elle utilise souvent des gros plans rapproch\u00e9s et saisit alternativement des algues, les [&hellip;]\" \/>\n<meta property=\"og:url\" content=\"https:\/\/librairie7l.com\/en\/produit\/rebekka-deubner-tempete-apres-tempete\/\" \/>\n<meta property=\"og:site_name\" content=\"Librairie 7L\" \/>\n<meta property=\"article:modified_time\" content=\"2026-04-23T10:55:26+00:00\" \/>\n<meta property=\"og:image\" content=\"https:\/\/librairie7l.com\/wp-content\/uploads\/2021\/10\/9789493146730_1_75.jpg\" \/>\n\t<meta property=\"og:image:width\" content=\"500\" \/>\n\t<meta property=\"og:image:height\" content=\"300\" \/>\n\t<meta property=\"og:image:type\" content=\"image\/jpeg\" \/>\n<meta name=\"twitter:card\" content=\"summary_large_image\" \/>\n<script type=\"application\/ld+json\" class=\"yoast-schema-graph\">{\"@context\":\"https:\/\/schema.org\",\"@graph\":[{\"@type\":\"WebPage\",\"@id\":\"https:\/\/librairie7l.com\/en\/produit\/rebekka-deubner-tempete-apres-tempete\/\",\"url\":\"https:\/\/librairie7l.com\/en\/produit\/rebekka-deubner-tempete-apres-tempete\/\",\"name\":\"REBEKKA DEUBNER : TEMP\u00caTE APR\u00c8S TEMP\u00caTE - Librairie 7L\",\"isPartOf\":{\"@id\":\"https:\/\/librairie7l.com\/en\/#website\"},\"datePublished\":\"2023-05-10T11:58:25+00:00\",\"dateModified\":\"2026-04-23T10:55:26+00:00\",\"breadcrumb\":{\"@id\":\"https:\/\/librairie7l.com\/en\/produit\/rebekka-deubner-tempete-apres-tempete\/#breadcrumb\"},\"inLanguage\":\"en-US\",\"potentialAction\":[{\"@type\":\"ReadAction\",\"target\":[\"https:\/\/librairie7l.com\/en\/produit\/rebekka-deubner-tempete-apres-tempete\/\"]}]},{\"@type\":\"BreadcrumbList\",\"@id\":\"https:\/\/librairie7l.com\/en\/produit\/rebekka-deubner-tempete-apres-tempete\/#breadcrumb\",\"itemListElement\":[{\"@type\":\"ListItem\",\"position\":1,\"name\":\"Accueil\",\"item\":\"https:\/\/librairie7l.com\/en\/\"},{\"@type\":\"ListItem\",\"position\":2,\"name\":\"Shop\",\"item\":\"https:\/\/librairie7l.com\/en\/shop\/\"},{\"@type\":\"ListItem\",\"position\":3,\"name\":\"REBEKKA DEUBNER : TEMP\u00caTE APR\u00c8S TEMP\u00caTE\"}]},{\"@type\":\"WebSite\",\"@id\":\"https:\/\/librairie7l.com\/en\/#website\",\"url\":\"https:\/\/librairie7l.com\/en\/\",\"name\":\"Librairie 7L\",\"description\":\"Librairie fond\u00e9e en 1999 par Karl Lagerfeld \u00e0 Paris\",\"publisher\":{\"@id\":\"https:\/\/librairie7l.com\/en\/#organization\"},\"potentialAction\":[{\"@type\":\"SearchAction\",\"target\":{\"@type\":\"EntryPoint\",\"urlTemplate\":\"https:\/\/librairie7l.com\/en\/?s={search_term_string}\"},\"query-input\":\"required name=search_term_string\"}],\"inLanguage\":\"en-US\"},{\"@type\":\"Organization\",\"@id\":\"https:\/\/librairie7l.com\/en\/#organization\",\"name\":\"Librairie 7L\",\"url\":\"https:\/\/librairie7l.com\/en\/\",\"logo\":{\"@type\":\"ImageObject\",\"inLanguage\":\"en-US\",\"@id\":\"https:\/\/librairie7l.com\/en\/#\/schema\/logo\/image\/\",\"url\":\"https:\/\/librairie7l.com\/wp-content\/uploads\/2022\/08\/logo-1.png\",\"contentUrl\":\"https:\/\/librairie7l.com\/wp-content\/uploads\/2022\/08\/logo-1.png\",\"width\":227,\"height\":301,\"caption\":\"Librairie 7L\"},\"image\":{\"@id\":\"https:\/\/librairie7l.com\/en\/#\/schema\/logo\/image\/\"}}]}<\/script>\n<!-- \/ Yoast SEO plugin. -->","yoast_head_json":{"title":"REBEKKA DEUBNER : TEMP\u00caTE APR\u00c8S TEMP\u00caTE - Librairie 7L","robots":{"index":"index","follow":"follow","max-snippet":"max-snippet:-1","max-image-preview":"max-image-preview:large","max-video-preview":"max-video-preview:-1"},"canonical":"https:\/\/librairie7l.com\/en\/produit\/rebekka-deubner-tempete-apres-tempete\/","og_locale":"en_US","og_type":"article","og_title":"REBEKKA DEUBNER : TEMP\u00caTE APR\u00c8S TEMP\u00caTE - Librairie 7L","og_description":"Rebekka Deubner a r\u00e9alis\u00e9 les images de la s\u00e9rie Temp\u00eate apr\u00e8s temp\u00eate lors de son second voyage \u00e0 Fukushima, durant l&#8217;\u00e9t\u00e9 2019. Pour elle, la destruction ne provoque pas l&#8217;annihilation totale mais laisse \u00e9merger de nouvelles formes de vie. Pour documenter cela, elle utilise souvent des gros plans rapproch\u00e9s et saisit alternativement des algues, les [&hellip;]","og_url":"https:\/\/librairie7l.com\/en\/produit\/rebekka-deubner-tempete-apres-tempete\/","og_site_name":"Librairie 7L","article_modified_time":"2026-04-23T10:55:26+00:00","og_image":[{"width":500,"height":300,"url":"https:\/\/librairie7l.com\/wp-content\/uploads\/2021\/10\/9789493146730_1_75.jpg","type":"image\/jpeg"}],"twitter_card":"summary_large_image","schema":{"@context":"https:\/\/schema.org","@graph":[{"@type":"WebPage","@id":"https:\/\/librairie7l.com\/en\/produit\/rebekka-deubner-tempete-apres-tempete\/","url":"https:\/\/librairie7l.com\/en\/produit\/rebekka-deubner-tempete-apres-tempete\/","name":"REBEKKA DEUBNER : TEMP\u00caTE APR\u00c8S TEMP\u00caTE - Librairie 7L","isPartOf":{"@id":"https:\/\/librairie7l.com\/en\/#website"},"datePublished":"2023-05-10T11:58:25+00:00","dateModified":"2026-04-23T10:55:26+00:00","breadcrumb":{"@id":"https:\/\/librairie7l.com\/en\/produit\/rebekka-deubner-tempete-apres-tempete\/#breadcrumb"},"inLanguage":"en-US","potentialAction":[{"@type":"ReadAction","target":["https:\/\/librairie7l.com\/en\/produit\/rebekka-deubner-tempete-apres-tempete\/"]}]},{"@type":"BreadcrumbList","@id":"https:\/\/librairie7l.com\/en\/produit\/rebekka-deubner-tempete-apres-tempete\/#breadcrumb","itemListElement":[{"@type":"ListItem","position":1,"name":"Accueil","item":"https:\/\/librairie7l.com\/en\/"},{"@type":"ListItem","position":2,"name":"Shop","item":"https:\/\/librairie7l.com\/en\/shop\/"},{"@type":"ListItem","position":3,"name":"REBEKKA DEUBNER : TEMP\u00caTE APR\u00c8S TEMP\u00caTE"}]},{"@type":"WebSite","@id":"https:\/\/librairie7l.com\/en\/#website","url":"https:\/\/librairie7l.com\/en\/","name":"Librairie 7L","description":"Librairie fond\u00e9e en 1999 par Karl Lagerfeld \u00e0 Paris","publisher":{"@id":"https:\/\/librairie7l.com\/en\/#organization"},"potentialAction":[{"@type":"SearchAction","target":{"@type":"EntryPoint","urlTemplate":"https:\/\/librairie7l.com\/en\/?s={search_term_string}"},"query-input":"required name=search_term_string"}],"inLanguage":"en-US"},{"@type":"Organization","@id":"https:\/\/librairie7l.com\/en\/#organization","name":"Librairie 7L","url":"https:\/\/librairie7l.com\/en\/","logo":{"@type":"ImageObject","inLanguage":"en-US","@id":"https:\/\/librairie7l.com\/en\/#\/schema\/logo\/image\/","url":"https:\/\/librairie7l.com\/wp-content\/uploads\/2022\/08\/logo-1.png","contentUrl":"https:\/\/librairie7l.com\/wp-content\/uploads\/2022\/08\/logo-1.png","width":227,"height":301,"caption":"Librairie 7L"},"image":{"@id":"https:\/\/librairie7l.com\/en\/#\/schema\/logo\/image\/"}}]}},"_links":{"self":[{"href":"https:\/\/librairie7l.com\/en\/wp-json\/wp\/v2\/product\/29263"}],"collection":[{"href":"https:\/\/librairie7l.com\/en\/wp-json\/wp\/v2\/product"}],"about":[{"href":"https:\/\/librairie7l.com\/en\/wp-json\/wp\/v2\/types\/product"}],"wp:featuredmedia":[{"embeddable":true,"href":"https:\/\/librairie7l.com\/en\/wp-json\/wp\/v2\/media\/29261"}],"wp:attachment":[{"href":"https:\/\/librairie7l.com\/en\/wp-json\/wp\/v2\/media?parent=29263"}],"wp:term":[{"taxonomy":"product_cat","embeddable":true,"href":"https:\/\/librairie7l.com\/en\/wp-json\/wp\/v2\/product_cat?post=29263"},{"taxonomy":"product_tag","embeddable":true,"href":"https:\/\/librairie7l.com\/en\/wp-json\/wp\/v2\/product_tag?post=29263"}],"curies":[{"name":"wp","href":"https:\/\/api.w.org\/{rel}","templated":true}]}}