{"id":29323,"date":"2023-05-10T14:00:35","date_gmt":"2023-05-10T12:00:35","guid":{"rendered":"https:\/\/librairie7l.com\/?post_type=product&#038;p=29323"},"modified":"2026-04-29T21:27:20","modified_gmt":"2026-04-29T19:27:20","slug":"pol-bury-le-temps-en-mouvement","status":"publish","type":"product","link":"https:\/\/librairie7l.com\/en\/produit\/pol-bury-le-temps-en-mouvement\/","title":{"rendered":"POL BURY, LE TEMPS EN MOUVEMENT"},"content":{"rendered":"<p>Pol Bury (1922-2005) \u00e9tait un peintre, sculpteur, cr\u00e9ateur de bijoux, \u00e9crivain et graphiste belge. Apr\u00e8s ses d\u00e9buts comme peintre surr\u00e9aliste, principalement influenc\u00e9 par Ren\u00e9 Magritte, il exposera avec La Jeune Peinture belge et le mouvement CoBrA. En 1950, il d\u00e9couvre l&#8217;oeuvre de Calder, qui exerce une influence importante sur lui. A partir de 1953, Bury introduit lui-m\u00eame le mouvement dans ses oeuvres et devient ainsi un des protagonistes de l&#8217;art cin\u00e9tique.<br \/>\nAvec ses reliefs et ses sculptures aux mouvements extr\u00eamement lents, il occupe une place tr\u00e8s particuli\u00e8re au sein de ce mouvement. Quant au grand public, il le conna\u00eet probablement surtout par ses fontaines et sculptures dans les espaces publics. Par son oeuvre innovant et d\u00e9cal\u00e9, Pot Bury a conquis \u00e0 la fois les milieux artistiques parisiens et new-yorkais, ce qui lui valut une reconnaissance internationale.<br \/>\nCe bel ouvrage nous invite \u00e0 red\u00e9couvrir l&#8217;oeuvre prot\u00e9iforme de celui qui fut incontestablement un des artistes belges les plus importants de t&#8217;apr\u00e8s-guerre. Avec des contributions de Pierre Alechinsky, Kurt De Boodt &amp; Paul Dujardin, Pamela Lee, Gilles Marquenie, Andr\u00e9 Morain et Johan Pas.<\/p>\n","protected":false},"excerpt":{"rendered":"<p>Pol Bury (1922-2005) \u00e9tait un peintre, sculpteur, cr\u00e9ateur de bijoux, \u00e9crivain et graphiste belge. Apr\u00e8s ses d\u00e9buts comme peintre surr\u00e9aliste, principalement influenc\u00e9 par Ren\u00e9 Magritte, il exposera avec La Jeune Peinture belge et le mouvement CoBrA. En 1950, il d\u00e9couvre l&#8217;oeuvre de Calder, qui exerce une influence importante sur lui. A partir de 1953, Bury [&hellip;]<\/p>\n","protected":false},"featured_media":29321,"template":"","meta":[],"product_cat":[55,2948,47,2953],"product_tag":[],"acf":[],"yoast_head":"<!-- This site is optimized with the Yoast SEO plugin v20.11 - https:\/\/yoast.com\/wordpress\/plugins\/seo\/ -->\n<title>POL BURY, LE TEMPS EN MOUVEMENT - Librairie 7L<\/title>\n<meta name=\"robots\" content=\"index, follow, max-snippet:-1, max-image-preview:large, max-video-preview:-1\" \/>\n<link rel=\"canonical\" href=\"https:\/\/librairie7l.com\/en\/produit\/pol-bury-le-temps-en-mouvement\/\" \/>\n<meta property=\"og:locale\" content=\"en_US\" \/>\n<meta property=\"og:type\" content=\"article\" \/>\n<meta property=\"og:title\" content=\"POL BURY, LE TEMPS EN MOUVEMENT - Librairie 7L\" \/>\n<meta property=\"og:description\" content=\"Pol Bury (1922-2005) \u00e9tait un peintre, sculpteur, cr\u00e9ateur de bijoux, \u00e9crivain et graphiste belge. Apr\u00e8s ses d\u00e9buts comme peintre surr\u00e9aliste, principalement influenc\u00e9 par Ren\u00e9 Magritte, il exposera avec La Jeune Peinture belge et le mouvement CoBrA. En 1950, il d\u00e9couvre l&#8217;oeuvre de Calder, qui exerce une influence importante sur lui. A partir de 1953, Bury [&hellip;]\" \/>\n<meta property=\"og:url\" content=\"https:\/\/librairie7l.com\/en\/produit\/pol-bury-le-temps-en-mouvement\/\" \/>\n<meta property=\"og:site_name\" content=\"Librairie 7L\" \/>\n<meta property=\"article:modified_time\" content=\"2026-04-29T19:27:20+00:00\" \/>\n<meta property=\"og:image\" content=\"https:\/\/librairie7l.com\/wp-content\/uploads\/2016\/11\/9789462301719_1_75.jpg\" \/>\n\t<meta property=\"og:image:width\" content=\"600\" \/>\n\t<meta property=\"og:image:height\" content=\"766\" \/>\n\t<meta property=\"og:image:type\" content=\"image\/jpeg\" \/>\n<meta name=\"twitter:card\" content=\"summary_large_image\" \/>\n<meta name=\"twitter:label1\" content=\"Est. reading time\" \/>\n\t<meta name=\"twitter:data1\" content=\"1 minute\" \/>\n<script type=\"application\/ld+json\" class=\"yoast-schema-graph\">{\"@context\":\"https:\/\/schema.org\",\"@graph\":[{\"@type\":\"WebPage\",\"@id\":\"https:\/\/librairie7l.com\/en\/produit\/pol-bury-le-temps-en-mouvement\/\",\"url\":\"https:\/\/librairie7l.com\/en\/produit\/pol-bury-le-temps-en-mouvement\/\",\"name\":\"POL BURY, LE TEMPS EN MOUVEMENT - Librairie 7L\",\"isPartOf\":{\"@id\":\"https:\/\/librairie7l.com\/en\/#website\"},\"datePublished\":\"2023-05-10T12:00:35+00:00\",\"dateModified\":\"2026-04-29T19:27:20+00:00\",\"breadcrumb\":{\"@id\":\"https:\/\/librairie7l.com\/en\/produit\/pol-bury-le-temps-en-mouvement\/#breadcrumb\"},\"inLanguage\":\"en-US\",\"potentialAction\":[{\"@type\":\"ReadAction\",\"target\":[\"https:\/\/librairie7l.com\/en\/produit\/pol-bury-le-temps-en-mouvement\/\"]}]},{\"@type\":\"BreadcrumbList\",\"@id\":\"https:\/\/librairie7l.com\/en\/produit\/pol-bury-le-temps-en-mouvement\/#breadcrumb\",\"itemListElement\":[{\"@type\":\"ListItem\",\"position\":1,\"name\":\"Accueil\",\"item\":\"https:\/\/librairie7l.com\/en\/\"},{\"@type\":\"ListItem\",\"position\":2,\"name\":\"Shop\",\"item\":\"https:\/\/librairie7l.com\/en\/shop\/\"},{\"@type\":\"ListItem\",\"position\":3,\"name\":\"POL BURY, LE TEMPS EN MOUVEMENT\"}]},{\"@type\":\"WebSite\",\"@id\":\"https:\/\/librairie7l.com\/en\/#website\",\"url\":\"https:\/\/librairie7l.com\/en\/\",\"name\":\"Librairie 7L\",\"description\":\"Librairie fond\u00e9e en 1999 par Karl Lagerfeld \u00e0 Paris\",\"publisher\":{\"@id\":\"https:\/\/librairie7l.com\/en\/#organization\"},\"potentialAction\":[{\"@type\":\"SearchAction\",\"target\":{\"@type\":\"EntryPoint\",\"urlTemplate\":\"https:\/\/librairie7l.com\/en\/?s={search_term_string}\"},\"query-input\":\"required name=search_term_string\"}],\"inLanguage\":\"en-US\"},{\"@type\":\"Organization\",\"@id\":\"https:\/\/librairie7l.com\/en\/#organization\",\"name\":\"Librairie 7L\",\"url\":\"https:\/\/librairie7l.com\/en\/\",\"logo\":{\"@type\":\"ImageObject\",\"inLanguage\":\"en-US\",\"@id\":\"https:\/\/librairie7l.com\/en\/#\/schema\/logo\/image\/\",\"url\":\"https:\/\/librairie7l.com\/wp-content\/uploads\/2022\/08\/logo-1.png\",\"contentUrl\":\"https:\/\/librairie7l.com\/wp-content\/uploads\/2022\/08\/logo-1.png\",\"width\":227,\"height\":301,\"caption\":\"Librairie 7L\"},\"image\":{\"@id\":\"https:\/\/librairie7l.com\/en\/#\/schema\/logo\/image\/\"}}]}<\/script>\n<!-- \/ Yoast SEO plugin. -->","yoast_head_json":{"title":"POL BURY, LE TEMPS EN MOUVEMENT - Librairie 7L","robots":{"index":"index","follow":"follow","max-snippet":"max-snippet:-1","max-image-preview":"max-image-preview:large","max-video-preview":"max-video-preview:-1"},"canonical":"https:\/\/librairie7l.com\/en\/produit\/pol-bury-le-temps-en-mouvement\/","og_locale":"en_US","og_type":"article","og_title":"POL BURY, LE TEMPS EN MOUVEMENT - Librairie 7L","og_description":"Pol Bury (1922-2005) \u00e9tait un peintre, sculpteur, cr\u00e9ateur de bijoux, \u00e9crivain et graphiste belge. Apr\u00e8s ses d\u00e9buts comme peintre surr\u00e9aliste, principalement influenc\u00e9 par Ren\u00e9 Magritte, il exposera avec La Jeune Peinture belge et le mouvement CoBrA. En 1950, il d\u00e9couvre l&#8217;oeuvre de Calder, qui exerce une influence importante sur lui. A partir de 1953, Bury [&hellip;]","og_url":"https:\/\/librairie7l.com\/en\/produit\/pol-bury-le-temps-en-mouvement\/","og_site_name":"Librairie 7L","article_modified_time":"2026-04-29T19:27:20+00:00","og_image":[{"width":600,"height":766,"url":"https:\/\/librairie7l.com\/wp-content\/uploads\/2016\/11\/9789462301719_1_75.jpg","type":"image\/jpeg"}],"twitter_card":"summary_large_image","twitter_misc":{"Est. reading time":"1 minute"},"schema":{"@context":"https:\/\/schema.org","@graph":[{"@type":"WebPage","@id":"https:\/\/librairie7l.com\/en\/produit\/pol-bury-le-temps-en-mouvement\/","url":"https:\/\/librairie7l.com\/en\/produit\/pol-bury-le-temps-en-mouvement\/","name":"POL BURY, LE TEMPS EN MOUVEMENT - Librairie 7L","isPartOf":{"@id":"https:\/\/librairie7l.com\/en\/#website"},"datePublished":"2023-05-10T12:00:35+00:00","dateModified":"2026-04-29T19:27:20+00:00","breadcrumb":{"@id":"https:\/\/librairie7l.com\/en\/produit\/pol-bury-le-temps-en-mouvement\/#breadcrumb"},"inLanguage":"en-US","potentialAction":[{"@type":"ReadAction","target":["https:\/\/librairie7l.com\/en\/produit\/pol-bury-le-temps-en-mouvement\/"]}]},{"@type":"BreadcrumbList","@id":"https:\/\/librairie7l.com\/en\/produit\/pol-bury-le-temps-en-mouvement\/#breadcrumb","itemListElement":[{"@type":"ListItem","position":1,"name":"Accueil","item":"https:\/\/librairie7l.com\/en\/"},{"@type":"ListItem","position":2,"name":"Shop","item":"https:\/\/librairie7l.com\/en\/shop\/"},{"@type":"ListItem","position":3,"name":"POL BURY, LE TEMPS EN MOUVEMENT"}]},{"@type":"WebSite","@id":"https:\/\/librairie7l.com\/en\/#website","url":"https:\/\/librairie7l.com\/en\/","name":"Librairie 7L","description":"Librairie fond\u00e9e en 1999 par Karl Lagerfeld \u00e0 Paris","publisher":{"@id":"https:\/\/librairie7l.com\/en\/#organization"},"potentialAction":[{"@type":"SearchAction","target":{"@type":"EntryPoint","urlTemplate":"https:\/\/librairie7l.com\/en\/?s={search_term_string}"},"query-input":"required name=search_term_string"}],"inLanguage":"en-US"},{"@type":"Organization","@id":"https:\/\/librairie7l.com\/en\/#organization","name":"Librairie 7L","url":"https:\/\/librairie7l.com\/en\/","logo":{"@type":"ImageObject","inLanguage":"en-US","@id":"https:\/\/librairie7l.com\/en\/#\/schema\/logo\/image\/","url":"https:\/\/librairie7l.com\/wp-content\/uploads\/2022\/08\/logo-1.png","contentUrl":"https:\/\/librairie7l.com\/wp-content\/uploads\/2022\/08\/logo-1.png","width":227,"height":301,"caption":"Librairie 7L"},"image":{"@id":"https:\/\/librairie7l.com\/en\/#\/schema\/logo\/image\/"}}]}},"_links":{"self":[{"href":"https:\/\/librairie7l.com\/en\/wp-json\/wp\/v2\/product\/29323"}],"collection":[{"href":"https:\/\/librairie7l.com\/en\/wp-json\/wp\/v2\/product"}],"about":[{"href":"https:\/\/librairie7l.com\/en\/wp-json\/wp\/v2\/types\/product"}],"wp:featuredmedia":[{"embeddable":true,"href":"https:\/\/librairie7l.com\/en\/wp-json\/wp\/v2\/media\/29321"}],"wp:attachment":[{"href":"https:\/\/librairie7l.com\/en\/wp-json\/wp\/v2\/media?parent=29323"}],"wp:term":[{"taxonomy":"product_cat","embeddable":true,"href":"https:\/\/librairie7l.com\/en\/wp-json\/wp\/v2\/product_cat?post=29323"},{"taxonomy":"product_tag","embeddable":true,"href":"https:\/\/librairie7l.com\/en\/wp-json\/wp\/v2\/product_tag?post=29323"}],"curies":[{"name":"wp","href":"https:\/\/api.w.org\/{rel}","templated":true}]}}