{"id":29339,"date":"2023-05-10T14:00:58","date_gmt":"2023-05-10T12:00:58","guid":{"rendered":"https:\/\/librairie7l.com\/?post_type=product&#038;p=29339"},"modified":"2026-04-16T08:06:36","modified_gmt":"2026-04-16T06:06:36","slug":"jacques-de-bascher","status":"publish","type":"product","link":"https:\/\/librairie7l.com\/en\/produit\/jacques-de-bascher\/","title":{"rendered":"JACQUES DE BASCHER"},"content":{"rendered":"<p>Demi-mondain, d\u00e9cadent, d\u00e9pravateur, coca\u00efnomane, dandy, ces cinq qualificatifs ont surv\u00e9cu \u00e0 la disparition de Jacques de Bascher en 1989, \u00e0 l&#8217;\u00e2ge de 38 ans, et le d\u00e9finissent encore aujourd&#8217;hui. M\u00eame s&#8217;il n&#8217;a laiss\u00e9 d&#8217;autre oeuvre que le souvenir d&#8217;avoir marqu\u00e9 une \u00e9poque, les ann\u00e9es 70 et 80, Jacques de Bascher continue d&#8217;intriguer voire de fasciner. Bien s\u00fbr, il fut un personnage sulfureux, le compagnon de Karl Lagerfeld, l&#8217;amant de Yves Saint-Laurent, l&#8217;un des personnages embl\u00e9matiques des nuits gays parisiennes \u00e0 une \u00e9poque o\u00f9 tout semblait permis, o\u00f9 ne r\u00e9gnait aucune limite. Mais n&#8217;\u00e9tait-ce donc que cela ?<br \/>\nPour la premi\u00e8re fois, nous est livr\u00e9 un t\u00e9moignage direct et personnel sur ce qu&#8217;\u00e9tait la vie quotidienne de Jacques de Bascher, par le photographe Philippe Heurtault, qui fut l&#8217;un de ses amis pendant vingt ans, et qui le photographia pendant une d\u00e9cennie, de 1972 \u00e0 1983. Les photographies de Philippe Heurtault, parfois mises en sc\u00e8ne par De Bascher lui-m\u00eame, nous replongent dans l&#8217;univers de la nuit parisienne et des grandes f\u00eates qui l&#8217;ont anim\u00e9e avant que le sida ne vienne mettre un terme \u00e0 cette l\u00e9g\u00e8ret\u00e9. Karl Lagerfeld, Yves Saint-Laurent, Kenzo, Paloma Picasso, Loulou de la Falaise, Mick Jaeger, tous semblent participer \u00e0 une f\u00eate perp\u00e9tuelle souvent initi\u00e9e par Jacques de Bascher.<br \/>\nMais derri\u00e8re ce personnage, que deux films consacr\u00e9s \u00e0 Yves Saint-Laurent ont plus ou moins caricatur\u00e9, se cache un homme fin et cultiv\u00e9 qu&#8217;aimante la face obscure des choses, un amateur de litt\u00e9rature d\u00e9cadentiste dont l&#8217;un des h\u00e9ros est Gilles de Rais, compagnon de Jeanne d&#8217;Arc, mais aussi un homme fascin\u00e9 par la magie noire et le diabolisme, et certainement l&#8217;un des plus cruels de son \u00e9poque.<br \/>\nPhilippe Heurtault qui rencontra Jacques de Bascher quand celui-ci n&#8217;avait que dix-neuf ans l&#8217;accompagna dans ce qui \u00e0 bien des \u00e9gards fut une recherche de ce que De Bascher appelait &#8220;la belle chute&#8221;, une mani\u00e8re d&#8217;autodestruction \u00e9l\u00e9gante et raffin\u00e9e. Dans sa pr\u00e9face, Christian Dumais-Lvowski, qui lui aussi fut un ami de Jacques de Bascher, explique ce processus, cet &#8220;\u00e9loge de la chute&#8221; \u00e9rig\u00e9 en art de vivre, et de mourir&#8230;<\/p>\n","protected":false},"excerpt":{"rendered":"<p>Demi-mondain, d\u00e9cadent, d\u00e9pravateur, coca\u00efnomane, dandy, ces cinq qualificatifs ont surv\u00e9cu \u00e0 la disparition de Jacques de Bascher en 1989, \u00e0 l&#8217;\u00e2ge de 38 ans, et le d\u00e9finissent encore aujourd&#8217;hui. M\u00eame s&#8217;il n&#8217;a laiss\u00e9 d&#8217;autre oeuvre que le souvenir d&#8217;avoir marqu\u00e9 une \u00e9poque, les ann\u00e9es 70 et 80, Jacques de Bascher continue d&#8217;intriguer voire de fasciner. [&hellip;]<\/p>\n","protected":false},"featured_media":29337,"template":"","meta":[],"product_cat":[55,2948,2957,19],"product_tag":[],"acf":[],"yoast_head":"<!-- This site is optimized with the Yoast SEO plugin v20.11 - https:\/\/yoast.com\/wordpress\/plugins\/seo\/ -->\n<title>JACQUES DE BASCHER - Librairie 7L<\/title>\n<meta name=\"robots\" content=\"index, follow, max-snippet:-1, max-image-preview:large, max-video-preview:-1\" \/>\n<link rel=\"canonical\" href=\"https:\/\/librairie7l.com\/en\/produit\/jacques-de-bascher\/\" \/>\n<meta property=\"og:locale\" content=\"en_US\" \/>\n<meta property=\"og:type\" content=\"article\" \/>\n<meta property=\"og:title\" content=\"JACQUES DE BASCHER - Librairie 7L\" \/>\n<meta property=\"og:description\" content=\"Demi-mondain, d\u00e9cadent, d\u00e9pravateur, coca\u00efnomane, dandy, ces cinq qualificatifs ont surv\u00e9cu \u00e0 la disparition de Jacques de Bascher en 1989, \u00e0 l&#8217;\u00e2ge de 38 ans, et le d\u00e9finissent encore aujourd&#8217;hui. M\u00eame s&#8217;il n&#8217;a laiss\u00e9 d&#8217;autre oeuvre que le souvenir d&#8217;avoir marqu\u00e9 une \u00e9poque, les ann\u00e9es 70 et 80, Jacques de Bascher continue d&#8217;intriguer voire de fasciner. [&hellip;]\" \/>\n<meta property=\"og:url\" content=\"https:\/\/librairie7l.com\/en\/produit\/jacques-de-bascher\/\" \/>\n<meta property=\"og:site_name\" content=\"Librairie 7L\" \/>\n<meta property=\"article:modified_time\" content=\"2026-04-16T06:06:36+00:00\" \/>\n<meta property=\"og:image\" content=\"https:\/\/librairie7l.com\/wp-content\/uploads\/2017\/06\/9782876236790_1_75.jpg\" \/>\n\t<meta property=\"og:image:width\" content=\"1000\" \/>\n\t<meta property=\"og:image:height\" content=\"1090\" \/>\n\t<meta property=\"og:image:type\" content=\"image\/jpeg\" \/>\n<meta name=\"twitter:card\" content=\"summary_large_image\" \/>\n<meta name=\"twitter:label1\" content=\"Est. reading time\" \/>\n\t<meta name=\"twitter:data1\" content=\"2 minutes\" \/>\n<script type=\"application\/ld+json\" class=\"yoast-schema-graph\">{\"@context\":\"https:\/\/schema.org\",\"@graph\":[{\"@type\":\"WebPage\",\"@id\":\"https:\/\/librairie7l.com\/en\/produit\/jacques-de-bascher\/\",\"url\":\"https:\/\/librairie7l.com\/en\/produit\/jacques-de-bascher\/\",\"name\":\"JACQUES DE BASCHER - Librairie 7L\",\"isPartOf\":{\"@id\":\"https:\/\/librairie7l.com\/en\/#website\"},\"datePublished\":\"2023-05-10T12:00:58+00:00\",\"dateModified\":\"2026-04-16T06:06:36+00:00\",\"breadcrumb\":{\"@id\":\"https:\/\/librairie7l.com\/en\/produit\/jacques-de-bascher\/#breadcrumb\"},\"inLanguage\":\"en-US\",\"potentialAction\":[{\"@type\":\"ReadAction\",\"target\":[\"https:\/\/librairie7l.com\/en\/produit\/jacques-de-bascher\/\"]}]},{\"@type\":\"BreadcrumbList\",\"@id\":\"https:\/\/librairie7l.com\/en\/produit\/jacques-de-bascher\/#breadcrumb\",\"itemListElement\":[{\"@type\":\"ListItem\",\"position\":1,\"name\":\"Accueil\",\"item\":\"https:\/\/librairie7l.com\/en\/\"},{\"@type\":\"ListItem\",\"position\":2,\"name\":\"Shop\",\"item\":\"https:\/\/librairie7l.com\/en\/shop\/\"},{\"@type\":\"ListItem\",\"position\":3,\"name\":\"JACQUES DE BASCHER\"}]},{\"@type\":\"WebSite\",\"@id\":\"https:\/\/librairie7l.com\/en\/#website\",\"url\":\"https:\/\/librairie7l.com\/en\/\",\"name\":\"Librairie 7L\",\"description\":\"Librairie fond\u00e9e en 1999 par Karl Lagerfeld \u00e0 Paris\",\"publisher\":{\"@id\":\"https:\/\/librairie7l.com\/en\/#organization\"},\"potentialAction\":[{\"@type\":\"SearchAction\",\"target\":{\"@type\":\"EntryPoint\",\"urlTemplate\":\"https:\/\/librairie7l.com\/en\/?s={search_term_string}\"},\"query-input\":\"required name=search_term_string\"}],\"inLanguage\":\"en-US\"},{\"@type\":\"Organization\",\"@id\":\"https:\/\/librairie7l.com\/en\/#organization\",\"name\":\"Librairie 7L\",\"url\":\"https:\/\/librairie7l.com\/en\/\",\"logo\":{\"@type\":\"ImageObject\",\"inLanguage\":\"en-US\",\"@id\":\"https:\/\/librairie7l.com\/en\/#\/schema\/logo\/image\/\",\"url\":\"https:\/\/librairie7l.com\/wp-content\/uploads\/2022\/08\/logo-1.png\",\"contentUrl\":\"https:\/\/librairie7l.com\/wp-content\/uploads\/2022\/08\/logo-1.png\",\"width\":227,\"height\":301,\"caption\":\"Librairie 7L\"},\"image\":{\"@id\":\"https:\/\/librairie7l.com\/en\/#\/schema\/logo\/image\/\"}}]}<\/script>\n<!-- \/ Yoast SEO plugin. -->","yoast_head_json":{"title":"JACQUES DE BASCHER - Librairie 7L","robots":{"index":"index","follow":"follow","max-snippet":"max-snippet:-1","max-image-preview":"max-image-preview:large","max-video-preview":"max-video-preview:-1"},"canonical":"https:\/\/librairie7l.com\/en\/produit\/jacques-de-bascher\/","og_locale":"en_US","og_type":"article","og_title":"JACQUES DE BASCHER - Librairie 7L","og_description":"Demi-mondain, d\u00e9cadent, d\u00e9pravateur, coca\u00efnomane, dandy, ces cinq qualificatifs ont surv\u00e9cu \u00e0 la disparition de Jacques de Bascher en 1989, \u00e0 l&#8217;\u00e2ge de 38 ans, et le d\u00e9finissent encore aujourd&#8217;hui. M\u00eame s&#8217;il n&#8217;a laiss\u00e9 d&#8217;autre oeuvre que le souvenir d&#8217;avoir marqu\u00e9 une \u00e9poque, les ann\u00e9es 70 et 80, Jacques de Bascher continue d&#8217;intriguer voire de fasciner. [&hellip;]","og_url":"https:\/\/librairie7l.com\/en\/produit\/jacques-de-bascher\/","og_site_name":"Librairie 7L","article_modified_time":"2026-04-16T06:06:36+00:00","og_image":[{"width":1000,"height":1090,"url":"https:\/\/librairie7l.com\/wp-content\/uploads\/2017\/06\/9782876236790_1_75.jpg","type":"image\/jpeg"}],"twitter_card":"summary_large_image","twitter_misc":{"Est. reading time":"2 minutes"},"schema":{"@context":"https:\/\/schema.org","@graph":[{"@type":"WebPage","@id":"https:\/\/librairie7l.com\/en\/produit\/jacques-de-bascher\/","url":"https:\/\/librairie7l.com\/en\/produit\/jacques-de-bascher\/","name":"JACQUES DE BASCHER - Librairie 7L","isPartOf":{"@id":"https:\/\/librairie7l.com\/en\/#website"},"datePublished":"2023-05-10T12:00:58+00:00","dateModified":"2026-04-16T06:06:36+00:00","breadcrumb":{"@id":"https:\/\/librairie7l.com\/en\/produit\/jacques-de-bascher\/#breadcrumb"},"inLanguage":"en-US","potentialAction":[{"@type":"ReadAction","target":["https:\/\/librairie7l.com\/en\/produit\/jacques-de-bascher\/"]}]},{"@type":"BreadcrumbList","@id":"https:\/\/librairie7l.com\/en\/produit\/jacques-de-bascher\/#breadcrumb","itemListElement":[{"@type":"ListItem","position":1,"name":"Accueil","item":"https:\/\/librairie7l.com\/en\/"},{"@type":"ListItem","position":2,"name":"Shop","item":"https:\/\/librairie7l.com\/en\/shop\/"},{"@type":"ListItem","position":3,"name":"JACQUES DE BASCHER"}]},{"@type":"WebSite","@id":"https:\/\/librairie7l.com\/en\/#website","url":"https:\/\/librairie7l.com\/en\/","name":"Librairie 7L","description":"Librairie fond\u00e9e en 1999 par Karl Lagerfeld \u00e0 Paris","publisher":{"@id":"https:\/\/librairie7l.com\/en\/#organization"},"potentialAction":[{"@type":"SearchAction","target":{"@type":"EntryPoint","urlTemplate":"https:\/\/librairie7l.com\/en\/?s={search_term_string}"},"query-input":"required name=search_term_string"}],"inLanguage":"en-US"},{"@type":"Organization","@id":"https:\/\/librairie7l.com\/en\/#organization","name":"Librairie 7L","url":"https:\/\/librairie7l.com\/en\/","logo":{"@type":"ImageObject","inLanguage":"en-US","@id":"https:\/\/librairie7l.com\/en\/#\/schema\/logo\/image\/","url":"https:\/\/librairie7l.com\/wp-content\/uploads\/2022\/08\/logo-1.png","contentUrl":"https:\/\/librairie7l.com\/wp-content\/uploads\/2022\/08\/logo-1.png","width":227,"height":301,"caption":"Librairie 7L"},"image":{"@id":"https:\/\/librairie7l.com\/en\/#\/schema\/logo\/image\/"}}]}},"_links":{"self":[{"href":"https:\/\/librairie7l.com\/en\/wp-json\/wp\/v2\/product\/29339"}],"collection":[{"href":"https:\/\/librairie7l.com\/en\/wp-json\/wp\/v2\/product"}],"about":[{"href":"https:\/\/librairie7l.com\/en\/wp-json\/wp\/v2\/types\/product"}],"wp:featuredmedia":[{"embeddable":true,"href":"https:\/\/librairie7l.com\/en\/wp-json\/wp\/v2\/media\/29337"}],"wp:attachment":[{"href":"https:\/\/librairie7l.com\/en\/wp-json\/wp\/v2\/media?parent=29339"}],"wp:term":[{"taxonomy":"product_cat","embeddable":true,"href":"https:\/\/librairie7l.com\/en\/wp-json\/wp\/v2\/product_cat?post=29339"},{"taxonomy":"product_tag","embeddable":true,"href":"https:\/\/librairie7l.com\/en\/wp-json\/wp\/v2\/product_tag?post=29339"}],"curies":[{"name":"wp","href":"https:\/\/api.w.org\/{rel}","templated":true}]}}