{"id":29343,"date":"2023-05-10T14:01:11","date_gmt":"2023-05-10T12:01:11","guid":{"rendered":"https:\/\/librairie7l.com\/?post_type=product&#038;p=29343"},"modified":"2026-04-09T02:31:45","modified_gmt":"2026-04-09T00:31:45","slug":"haute-dentelle","status":"publish","type":"product","link":"https:\/\/librairie7l.com\/en\/produit\/haute-dentelle\/","title":{"rendered":"HAUTE DENTELLE"},"content":{"rendered":"<p>Haute Dentelle offre un \u00e9clairage in\u00e9dit sur les usages contemporains de dentelle tiss\u00e9e sur m\u00e9tiers Leavers par les cr\u00e9ateurs de mode.<br \/>\nInspir\u00e9es et affranchies de la dentelle \u00e0 la main, les dentelles m\u00e9caniques marient tradition et innovation depuis 200 ans. Synonyme de d\u00e9licatesse, l&#8217;apparente fragilit\u00e9 de la dentelle est un leurre : sa texture tiss\u00e9e la rend ind\u00e9maillable. Textile de haute technicit\u00e9, objet de toutes les recherches design pour les dentelliers, la dentelle n&#8217;a jamais \u00e9t\u00e9 aussi multiple. Aux teintes, textures, manipulations et broderies infinies, elle se veut transparente ou opaque, \u00e0 motif floral ou abstrait, l\u00e9g\u00e8re ou tridimensionnelle&#8230; quitte \u00e0 devenir magnifiquement m\u00e9 connaissable. \u00c0 travers plus d&#8217;une soixantaine de robes issues des tout derniers d\u00e9fil\u00e9s haute couture ou pr\u00eat-\u00e0-porter cr\u00e9ateur, l&#8217;exposition d\u00e9voile la dentelle comme mati\u00e8re \u00e0 r\u00e9flexion des maisons de mode. Chaque v\u00eatement marque le point de fusion entre le meilleur de la main et le meilleur de la machine, rendant hommage \u00e0 cette mati\u00e8re d&#8217;exception, famili\u00e8re et pourtant m\u00e9 connue.<\/p>\n<p>Des pi\u00e8ces exceptionnelles ont \u00e9t\u00e9 s\u00e9lectionn\u00e9es parmi treize maisons de mode : Alberta Ferretti, Balenciaga, Chanel, Christian Dior, Jean Paul Gaultier, Maison Margiela, Iris van Herpen, Schiaparelli, Valentino, Viktor&amp;Rolf, Vuitton, Yiqing Yin, Zuhair Murad.<\/p>\n","protected":false},"excerpt":{"rendered":"<p>Haute Dentelle offre un \u00e9clairage in\u00e9dit sur les usages contemporains de dentelle tiss\u00e9e sur m\u00e9tiers Leavers par les cr\u00e9ateurs de mode. Inspir\u00e9es et affranchies de la dentelle \u00e0 la main, les dentelles m\u00e9caniques marient tradition et innovation depuis 200 ans. Synonyme de d\u00e9licatesse, l&#8217;apparente fragilit\u00e9 de la dentelle est un leurre : sa texture tiss\u00e9e [&hellip;]<\/p>\n","protected":false},"featured_media":29341,"template":"","meta":[],"product_cat":[55,2948,2957,19],"product_tag":[],"acf":[],"yoast_head":"<!-- This site is optimized with the Yoast SEO plugin v20.11 - https:\/\/yoast.com\/wordpress\/plugins\/seo\/ -->\n<title>HAUTE DENTELLE - Librairie 7L<\/title>\n<meta name=\"robots\" content=\"index, follow, max-snippet:-1, max-image-preview:large, max-video-preview:-1\" \/>\n<link rel=\"canonical\" href=\"https:\/\/librairie7l.com\/en\/produit\/haute-dentelle\/\" \/>\n<meta property=\"og:locale\" content=\"en_US\" \/>\n<meta property=\"og:type\" content=\"article\" \/>\n<meta property=\"og:title\" content=\"HAUTE DENTELLE - Librairie 7L\" \/>\n<meta property=\"og:description\" content=\"Haute Dentelle offre un \u00e9clairage in\u00e9dit sur les usages contemporains de dentelle tiss\u00e9e sur m\u00e9tiers Leavers par les cr\u00e9ateurs de mode. Inspir\u00e9es et affranchies de la dentelle \u00e0 la main, les dentelles m\u00e9caniques marient tradition et innovation depuis 200 ans. Synonyme de d\u00e9licatesse, l&#8217;apparente fragilit\u00e9 de la dentelle est un leurre : sa texture tiss\u00e9e [&hellip;]\" \/>\n<meta property=\"og:url\" content=\"https:\/\/librairie7l.com\/en\/produit\/haute-dentelle\/\" \/>\n<meta property=\"og:site_name\" content=\"Librairie 7L\" \/>\n<meta property=\"article:modified_time\" content=\"2026-04-09T00:31:45+00:00\" \/>\n<meta property=\"og:image\" content=\"https:\/\/librairie7l.com\/wp-content\/uploads\/2017\/12\/9789461614407_1_75.jpg\" \/>\n\t<meta property=\"og:image:width\" content=\"1000\" \/>\n\t<meta property=\"og:image:height\" content=\"1224\" \/>\n\t<meta property=\"og:image:type\" content=\"image\/jpeg\" \/>\n<meta name=\"twitter:card\" content=\"summary_large_image\" \/>\n<meta name=\"twitter:label1\" content=\"Est. reading time\" \/>\n\t<meta name=\"twitter:data1\" content=\"1 minute\" \/>\n<script type=\"application\/ld+json\" class=\"yoast-schema-graph\">{\"@context\":\"https:\/\/schema.org\",\"@graph\":[{\"@type\":\"WebPage\",\"@id\":\"https:\/\/librairie7l.com\/en\/produit\/haute-dentelle\/\",\"url\":\"https:\/\/librairie7l.com\/en\/produit\/haute-dentelle\/\",\"name\":\"HAUTE DENTELLE - Librairie 7L\",\"isPartOf\":{\"@id\":\"https:\/\/librairie7l.com\/en\/#website\"},\"datePublished\":\"2023-05-10T12:01:11+00:00\",\"dateModified\":\"2026-04-09T00:31:45+00:00\",\"breadcrumb\":{\"@id\":\"https:\/\/librairie7l.com\/en\/produit\/haute-dentelle\/#breadcrumb\"},\"inLanguage\":\"en-US\",\"potentialAction\":[{\"@type\":\"ReadAction\",\"target\":[\"https:\/\/librairie7l.com\/en\/produit\/haute-dentelle\/\"]}]},{\"@type\":\"BreadcrumbList\",\"@id\":\"https:\/\/librairie7l.com\/en\/produit\/haute-dentelle\/#breadcrumb\",\"itemListElement\":[{\"@type\":\"ListItem\",\"position\":1,\"name\":\"Accueil\",\"item\":\"https:\/\/librairie7l.com\/en\/\"},{\"@type\":\"ListItem\",\"position\":2,\"name\":\"Shop\",\"item\":\"https:\/\/librairie7l.com\/en\/shop\/\"},{\"@type\":\"ListItem\",\"position\":3,\"name\":\"HAUTE DENTELLE\"}]},{\"@type\":\"WebSite\",\"@id\":\"https:\/\/librairie7l.com\/en\/#website\",\"url\":\"https:\/\/librairie7l.com\/en\/\",\"name\":\"Librairie 7L\",\"description\":\"Librairie fond\u00e9e en 1999 par Karl Lagerfeld \u00e0 Paris\",\"publisher\":{\"@id\":\"https:\/\/librairie7l.com\/en\/#organization\"},\"potentialAction\":[{\"@type\":\"SearchAction\",\"target\":{\"@type\":\"EntryPoint\",\"urlTemplate\":\"https:\/\/librairie7l.com\/en\/?s={search_term_string}\"},\"query-input\":\"required name=search_term_string\"}],\"inLanguage\":\"en-US\"},{\"@type\":\"Organization\",\"@id\":\"https:\/\/librairie7l.com\/en\/#organization\",\"name\":\"Librairie 7L\",\"url\":\"https:\/\/librairie7l.com\/en\/\",\"logo\":{\"@type\":\"ImageObject\",\"inLanguage\":\"en-US\",\"@id\":\"https:\/\/librairie7l.com\/en\/#\/schema\/logo\/image\/\",\"url\":\"https:\/\/librairie7l.com\/wp-content\/uploads\/2022\/08\/logo-1.png\",\"contentUrl\":\"https:\/\/librairie7l.com\/wp-content\/uploads\/2022\/08\/logo-1.png\",\"width\":227,\"height\":301,\"caption\":\"Librairie 7L\"},\"image\":{\"@id\":\"https:\/\/librairie7l.com\/en\/#\/schema\/logo\/image\/\"}}]}<\/script>\n<!-- \/ Yoast SEO plugin. -->","yoast_head_json":{"title":"HAUTE DENTELLE - Librairie 7L","robots":{"index":"index","follow":"follow","max-snippet":"max-snippet:-1","max-image-preview":"max-image-preview:large","max-video-preview":"max-video-preview:-1"},"canonical":"https:\/\/librairie7l.com\/en\/produit\/haute-dentelle\/","og_locale":"en_US","og_type":"article","og_title":"HAUTE DENTELLE - Librairie 7L","og_description":"Haute Dentelle offre un \u00e9clairage in\u00e9dit sur les usages contemporains de dentelle tiss\u00e9e sur m\u00e9tiers Leavers par les cr\u00e9ateurs de mode. Inspir\u00e9es et affranchies de la dentelle \u00e0 la main, les dentelles m\u00e9caniques marient tradition et innovation depuis 200 ans. Synonyme de d\u00e9licatesse, l&#8217;apparente fragilit\u00e9 de la dentelle est un leurre : sa texture tiss\u00e9e [&hellip;]","og_url":"https:\/\/librairie7l.com\/en\/produit\/haute-dentelle\/","og_site_name":"Librairie 7L","article_modified_time":"2026-04-09T00:31:45+00:00","og_image":[{"width":1000,"height":1224,"url":"https:\/\/librairie7l.com\/wp-content\/uploads\/2017\/12\/9789461614407_1_75.jpg","type":"image\/jpeg"}],"twitter_card":"summary_large_image","twitter_misc":{"Est. reading time":"1 minute"},"schema":{"@context":"https:\/\/schema.org","@graph":[{"@type":"WebPage","@id":"https:\/\/librairie7l.com\/en\/produit\/haute-dentelle\/","url":"https:\/\/librairie7l.com\/en\/produit\/haute-dentelle\/","name":"HAUTE DENTELLE - Librairie 7L","isPartOf":{"@id":"https:\/\/librairie7l.com\/en\/#website"},"datePublished":"2023-05-10T12:01:11+00:00","dateModified":"2026-04-09T00:31:45+00:00","breadcrumb":{"@id":"https:\/\/librairie7l.com\/en\/produit\/haute-dentelle\/#breadcrumb"},"inLanguage":"en-US","potentialAction":[{"@type":"ReadAction","target":["https:\/\/librairie7l.com\/en\/produit\/haute-dentelle\/"]}]},{"@type":"BreadcrumbList","@id":"https:\/\/librairie7l.com\/en\/produit\/haute-dentelle\/#breadcrumb","itemListElement":[{"@type":"ListItem","position":1,"name":"Accueil","item":"https:\/\/librairie7l.com\/en\/"},{"@type":"ListItem","position":2,"name":"Shop","item":"https:\/\/librairie7l.com\/en\/shop\/"},{"@type":"ListItem","position":3,"name":"HAUTE DENTELLE"}]},{"@type":"WebSite","@id":"https:\/\/librairie7l.com\/en\/#website","url":"https:\/\/librairie7l.com\/en\/","name":"Librairie 7L","description":"Librairie fond\u00e9e en 1999 par Karl Lagerfeld \u00e0 Paris","publisher":{"@id":"https:\/\/librairie7l.com\/en\/#organization"},"potentialAction":[{"@type":"SearchAction","target":{"@type":"EntryPoint","urlTemplate":"https:\/\/librairie7l.com\/en\/?s={search_term_string}"},"query-input":"required name=search_term_string"}],"inLanguage":"en-US"},{"@type":"Organization","@id":"https:\/\/librairie7l.com\/en\/#organization","name":"Librairie 7L","url":"https:\/\/librairie7l.com\/en\/","logo":{"@type":"ImageObject","inLanguage":"en-US","@id":"https:\/\/librairie7l.com\/en\/#\/schema\/logo\/image\/","url":"https:\/\/librairie7l.com\/wp-content\/uploads\/2022\/08\/logo-1.png","contentUrl":"https:\/\/librairie7l.com\/wp-content\/uploads\/2022\/08\/logo-1.png","width":227,"height":301,"caption":"Librairie 7L"},"image":{"@id":"https:\/\/librairie7l.com\/en\/#\/schema\/logo\/image\/"}}]}},"_links":{"self":[{"href":"https:\/\/librairie7l.com\/en\/wp-json\/wp\/v2\/product\/29343"}],"collection":[{"href":"https:\/\/librairie7l.com\/en\/wp-json\/wp\/v2\/product"}],"about":[{"href":"https:\/\/librairie7l.com\/en\/wp-json\/wp\/v2\/types\/product"}],"wp:featuredmedia":[{"embeddable":true,"href":"https:\/\/librairie7l.com\/en\/wp-json\/wp\/v2\/media\/29341"}],"wp:attachment":[{"href":"https:\/\/librairie7l.com\/en\/wp-json\/wp\/v2\/media?parent=29343"}],"wp:term":[{"taxonomy":"product_cat","embeddable":true,"href":"https:\/\/librairie7l.com\/en\/wp-json\/wp\/v2\/product_cat?post=29343"},{"taxonomy":"product_tag","embeddable":true,"href":"https:\/\/librairie7l.com\/en\/wp-json\/wp\/v2\/product_tag?post=29343"}],"curies":[{"name":"wp","href":"https:\/\/api.w.org\/{rel}","templated":true}]}}