{"id":29363,"date":"2023-05-10T14:02:14","date_gmt":"2023-05-10T12:02:14","guid":{"rendered":"https:\/\/librairie7l.com\/?post_type=product&#038;p=29363"},"modified":"2026-04-16T08:56:05","modified_gmt":"2026-04-16T06:56:05","slug":"les-scrapbooks-du-baron-de-cabrol-et-la-cafe-society","status":"publish","type":"product","link":"https:\/\/librairie7l.com\/en\/produit\/les-scrapbooks-du-baron-de-cabrol-et-la-cafe-society\/","title":{"rendered":"LES SCRAPBOOKS DU BARON DE CABROL ET LA CAFE SOCIETY"},"content":{"rendered":"<p>Daisy et Fred de Cabrol furent l&#8217;un des couples les plus en vue de la haute soci\u00e9t\u00e9 internationale du XXe si\u00e8cle. Aristocrates, ils chassent \u00e0 courre chez la princesse de Caraman-Chimay, fr\u00e9quentent la maharan\u00e9 de Kapurthala, la reine Am\u00e9lie de Portugal ou le Comte de Paris, sont proches des Windsor, des intimes de la Caf\u00e9 Society. Ils sont de tous les bals, chez \u00c9tienne de Beaumont, Marie-Laure de Noailles ou, en majest\u00e9, au Palazzo Labia en 1951 au bal du Si\u00e8cle photographi\u00e9s par Cecil Beaton. On d\u00e9couvre ce monde privil\u00e9gi\u00e9 au fil des scrapbooks tenus avec talent et esprit par le baron de Cabrol de 1938 jusque dans les ann\u00e9es 1960, retra\u00e7ant \u00e0 travers collages, aquarelles, documents d&#8217;\u00e9poque in\u00e9dits le parcours exceptionnel d&#8217;un couple, acteur et t\u00e9moin d&#8217;un \u00e2ge d&#8217;or de l&#8217;\u00e9l\u00e9gance et de l&#8217;art.<\/p>\n","protected":false},"excerpt":{"rendered":"<p>Daisy et Fred de Cabrol furent l&#8217;un des couples les plus en vue de la haute soci\u00e9t\u00e9 internationale du XXe si\u00e8cle. Aristocrates, ils chassent \u00e0 courre chez la princesse de Caraman-Chimay, fr\u00e9quentent la maharan\u00e9 de Kapurthala, la reine Am\u00e9lie de Portugal ou le Comte de Paris, sont proches des Windsor, des intimes de la Caf\u00e9 [&hellip;]<\/p>\n","protected":false},"featured_media":29361,"template":"","meta":[],"product_cat":[2948,2952],"product_tag":[],"acf":[],"yoast_head":"<!-- This site is optimized with the Yoast SEO plugin v20.11 - https:\/\/yoast.com\/wordpress\/plugins\/seo\/ -->\n<title>LES SCRAPBOOKS DU BARON DE CABROL ET LA CAFE SOCIETY - Librairie 7L<\/title>\n<meta name=\"robots\" content=\"index, follow, max-snippet:-1, max-image-preview:large, max-video-preview:-1\" \/>\n<link rel=\"canonical\" href=\"https:\/\/librairie7l.com\/en\/produit\/les-scrapbooks-du-baron-de-cabrol-et-la-cafe-society\/\" \/>\n<meta property=\"og:locale\" content=\"en_US\" \/>\n<meta property=\"og:type\" content=\"article\" \/>\n<meta property=\"og:title\" content=\"LES SCRAPBOOKS DU BARON DE CABROL ET LA CAFE SOCIETY - Librairie 7L\" \/>\n<meta property=\"og:description\" content=\"Daisy et Fred de Cabrol furent l&#8217;un des couples les plus en vue de la haute soci\u00e9t\u00e9 internationale du XXe si\u00e8cle. Aristocrates, ils chassent \u00e0 courre chez la princesse de Caraman-Chimay, fr\u00e9quentent la maharan\u00e9 de Kapurthala, la reine Am\u00e9lie de Portugal ou le Comte de Paris, sont proches des Windsor, des intimes de la Caf\u00e9 [&hellip;]\" \/>\n<meta property=\"og:url\" content=\"https:\/\/librairie7l.com\/en\/produit\/les-scrapbooks-du-baron-de-cabrol-et-la-cafe-society\/\" \/>\n<meta property=\"og:site_name\" content=\"Librairie 7L\" \/>\n<meta property=\"article:modified_time\" content=\"2026-04-16T06:56:05+00:00\" \/>\n<meta property=\"og:image\" content=\"https:\/\/librairie7l.com\/wp-content\/uploads\/2016\/06\/9782081325128_1_75.jpg\" \/>\n\t<meta property=\"og:image:width\" content=\"600\" \/>\n\t<meta property=\"og:image:height\" content=\"760\" \/>\n\t<meta property=\"og:image:type\" content=\"image\/jpeg\" \/>\n<meta name=\"twitter:card\" content=\"summary_large_image\" \/>\n<meta name=\"twitter:label1\" content=\"Est. reading time\" \/>\n\t<meta name=\"twitter:data1\" content=\"1 minute\" \/>\n<script type=\"application\/ld+json\" class=\"yoast-schema-graph\">{\"@context\":\"https:\/\/schema.org\",\"@graph\":[{\"@type\":\"WebPage\",\"@id\":\"https:\/\/librairie7l.com\/en\/produit\/les-scrapbooks-du-baron-de-cabrol-et-la-cafe-society\/\",\"url\":\"https:\/\/librairie7l.com\/en\/produit\/les-scrapbooks-du-baron-de-cabrol-et-la-cafe-society\/\",\"name\":\"LES SCRAPBOOKS DU BARON DE CABROL ET LA CAFE SOCIETY - Librairie 7L\",\"isPartOf\":{\"@id\":\"https:\/\/librairie7l.com\/en\/#website\"},\"datePublished\":\"2023-05-10T12:02:14+00:00\",\"dateModified\":\"2026-04-16T06:56:05+00:00\",\"breadcrumb\":{\"@id\":\"https:\/\/librairie7l.com\/en\/produit\/les-scrapbooks-du-baron-de-cabrol-et-la-cafe-society\/#breadcrumb\"},\"inLanguage\":\"en-US\",\"potentialAction\":[{\"@type\":\"ReadAction\",\"target\":[\"https:\/\/librairie7l.com\/en\/produit\/les-scrapbooks-du-baron-de-cabrol-et-la-cafe-society\/\"]}]},{\"@type\":\"BreadcrumbList\",\"@id\":\"https:\/\/librairie7l.com\/en\/produit\/les-scrapbooks-du-baron-de-cabrol-et-la-cafe-society\/#breadcrumb\",\"itemListElement\":[{\"@type\":\"ListItem\",\"position\":1,\"name\":\"Accueil\",\"item\":\"https:\/\/librairie7l.com\/en\/\"},{\"@type\":\"ListItem\",\"position\":2,\"name\":\"Shop\",\"item\":\"https:\/\/librairie7l.com\/en\/shop\/\"},{\"@type\":\"ListItem\",\"position\":3,\"name\":\"LES SCRAPBOOKS DU BARON DE CABROL ET LA CAFE SOCIETY\"}]},{\"@type\":\"WebSite\",\"@id\":\"https:\/\/librairie7l.com\/en\/#website\",\"url\":\"https:\/\/librairie7l.com\/en\/\",\"name\":\"Librairie 7L\",\"description\":\"Librairie fond\u00e9e en 1999 par Karl Lagerfeld \u00e0 Paris\",\"publisher\":{\"@id\":\"https:\/\/librairie7l.com\/en\/#organization\"},\"potentialAction\":[{\"@type\":\"SearchAction\",\"target\":{\"@type\":\"EntryPoint\",\"urlTemplate\":\"https:\/\/librairie7l.com\/en\/?s={search_term_string}\"},\"query-input\":\"required name=search_term_string\"}],\"inLanguage\":\"en-US\"},{\"@type\":\"Organization\",\"@id\":\"https:\/\/librairie7l.com\/en\/#organization\",\"name\":\"Librairie 7L\",\"url\":\"https:\/\/librairie7l.com\/en\/\",\"logo\":{\"@type\":\"ImageObject\",\"inLanguage\":\"en-US\",\"@id\":\"https:\/\/librairie7l.com\/en\/#\/schema\/logo\/image\/\",\"url\":\"https:\/\/librairie7l.com\/wp-content\/uploads\/2022\/08\/logo-1.png\",\"contentUrl\":\"https:\/\/librairie7l.com\/wp-content\/uploads\/2022\/08\/logo-1.png\",\"width\":227,\"height\":301,\"caption\":\"Librairie 7L\"},\"image\":{\"@id\":\"https:\/\/librairie7l.com\/en\/#\/schema\/logo\/image\/\"}}]}<\/script>\n<!-- \/ Yoast SEO plugin. -->","yoast_head_json":{"title":"LES SCRAPBOOKS DU BARON DE CABROL ET LA CAFE SOCIETY - Librairie 7L","robots":{"index":"index","follow":"follow","max-snippet":"max-snippet:-1","max-image-preview":"max-image-preview:large","max-video-preview":"max-video-preview:-1"},"canonical":"https:\/\/librairie7l.com\/en\/produit\/les-scrapbooks-du-baron-de-cabrol-et-la-cafe-society\/","og_locale":"en_US","og_type":"article","og_title":"LES SCRAPBOOKS DU BARON DE CABROL ET LA CAFE SOCIETY - Librairie 7L","og_description":"Daisy et Fred de Cabrol furent l&#8217;un des couples les plus en vue de la haute soci\u00e9t\u00e9 internationale du XXe si\u00e8cle. Aristocrates, ils chassent \u00e0 courre chez la princesse de Caraman-Chimay, fr\u00e9quentent la maharan\u00e9 de Kapurthala, la reine Am\u00e9lie de Portugal ou le Comte de Paris, sont proches des Windsor, des intimes de la Caf\u00e9 [&hellip;]","og_url":"https:\/\/librairie7l.com\/en\/produit\/les-scrapbooks-du-baron-de-cabrol-et-la-cafe-society\/","og_site_name":"Librairie 7L","article_modified_time":"2026-04-16T06:56:05+00:00","og_image":[{"width":600,"height":760,"url":"https:\/\/librairie7l.com\/wp-content\/uploads\/2016\/06\/9782081325128_1_75.jpg","type":"image\/jpeg"}],"twitter_card":"summary_large_image","twitter_misc":{"Est. reading time":"1 minute"},"schema":{"@context":"https:\/\/schema.org","@graph":[{"@type":"WebPage","@id":"https:\/\/librairie7l.com\/en\/produit\/les-scrapbooks-du-baron-de-cabrol-et-la-cafe-society\/","url":"https:\/\/librairie7l.com\/en\/produit\/les-scrapbooks-du-baron-de-cabrol-et-la-cafe-society\/","name":"LES SCRAPBOOKS DU BARON DE CABROL ET LA CAFE SOCIETY - Librairie 7L","isPartOf":{"@id":"https:\/\/librairie7l.com\/en\/#website"},"datePublished":"2023-05-10T12:02:14+00:00","dateModified":"2026-04-16T06:56:05+00:00","breadcrumb":{"@id":"https:\/\/librairie7l.com\/en\/produit\/les-scrapbooks-du-baron-de-cabrol-et-la-cafe-society\/#breadcrumb"},"inLanguage":"en-US","potentialAction":[{"@type":"ReadAction","target":["https:\/\/librairie7l.com\/en\/produit\/les-scrapbooks-du-baron-de-cabrol-et-la-cafe-society\/"]}]},{"@type":"BreadcrumbList","@id":"https:\/\/librairie7l.com\/en\/produit\/les-scrapbooks-du-baron-de-cabrol-et-la-cafe-society\/#breadcrumb","itemListElement":[{"@type":"ListItem","position":1,"name":"Accueil","item":"https:\/\/librairie7l.com\/en\/"},{"@type":"ListItem","position":2,"name":"Shop","item":"https:\/\/librairie7l.com\/en\/shop\/"},{"@type":"ListItem","position":3,"name":"LES SCRAPBOOKS DU BARON DE CABROL ET LA CAFE SOCIETY"}]},{"@type":"WebSite","@id":"https:\/\/librairie7l.com\/en\/#website","url":"https:\/\/librairie7l.com\/en\/","name":"Librairie 7L","description":"Librairie fond\u00e9e en 1999 par Karl Lagerfeld \u00e0 Paris","publisher":{"@id":"https:\/\/librairie7l.com\/en\/#organization"},"potentialAction":[{"@type":"SearchAction","target":{"@type":"EntryPoint","urlTemplate":"https:\/\/librairie7l.com\/en\/?s={search_term_string}"},"query-input":"required name=search_term_string"}],"inLanguage":"en-US"},{"@type":"Organization","@id":"https:\/\/librairie7l.com\/en\/#organization","name":"Librairie 7L","url":"https:\/\/librairie7l.com\/en\/","logo":{"@type":"ImageObject","inLanguage":"en-US","@id":"https:\/\/librairie7l.com\/en\/#\/schema\/logo\/image\/","url":"https:\/\/librairie7l.com\/wp-content\/uploads\/2022\/08\/logo-1.png","contentUrl":"https:\/\/librairie7l.com\/wp-content\/uploads\/2022\/08\/logo-1.png","width":227,"height":301,"caption":"Librairie 7L"},"image":{"@id":"https:\/\/librairie7l.com\/en\/#\/schema\/logo\/image\/"}}]}},"_links":{"self":[{"href":"https:\/\/librairie7l.com\/en\/wp-json\/wp\/v2\/product\/29363"}],"collection":[{"href":"https:\/\/librairie7l.com\/en\/wp-json\/wp\/v2\/product"}],"about":[{"href":"https:\/\/librairie7l.com\/en\/wp-json\/wp\/v2\/types\/product"}],"wp:featuredmedia":[{"embeddable":true,"href":"https:\/\/librairie7l.com\/en\/wp-json\/wp\/v2\/media\/29361"}],"wp:attachment":[{"href":"https:\/\/librairie7l.com\/en\/wp-json\/wp\/v2\/media?parent=29363"}],"wp:term":[{"taxonomy":"product_cat","embeddable":true,"href":"https:\/\/librairie7l.com\/en\/wp-json\/wp\/v2\/product_cat?post=29363"},{"taxonomy":"product_tag","embeddable":true,"href":"https:\/\/librairie7l.com\/en\/wp-json\/wp\/v2\/product_tag?post=29363"}],"curies":[{"name":"wp","href":"https:\/\/api.w.org\/{rel}","templated":true}]}}