{"id":29407,"date":"2023-05-10T14:03:14","date_gmt":"2023-05-10T12:03:14","guid":{"rendered":"https:\/\/librairie7l.com\/?post_type=product&#038;p=29407"},"modified":"2026-04-23T04:59:50","modified_gmt":"2026-04-23T02:59:50","slug":"les-marins-font-la-mode","status":"publish","type":"product","link":"https:\/\/librairie7l.com\/en\/produit\/les-marins-font-la-mode\/","title":{"rendered":"LES MARINS FONT LA MODE"},"content":{"rendered":"<p>Copi\u00e9e, d\u00e9tourn\u00e9e, sublim\u00e9e, la tenue du marin est pass\u00e9e, de 1850 \u00e0 aujourd&#8217;hui, du pont des navires au podium des d\u00e9fil\u00e9s de mode.<br \/>\n Caban, tricot ray\u00e9, pantalon \u00e0 pont.  comment cet uniforme a-t-il inspir\u00e9 une mode civile ? \u00e0 partir de quand ? pour les femmes et les enfants d&#8217;abord ? au-del\u00e0 du dress code, un imaginaire marin po\u00e9tique habite l&#8217;oeuvre des cr\u00e9ateurs, d\u00e9rangeant parfois les convenances par son ambigu\u00eft\u00e9.  de chanel \u00e0 jean paul gaultier, les filiations vestimentaires se r\u00e9v\u00e8lent en un surprenant d\u00e9fil\u00e9 sur fond de portraits de marins.<br \/>\n L&#8217;uniforme est devenu une ic\u00f4ne.<\/p>\n","protected":false},"excerpt":{"rendered":"<p>Copi\u00e9e, d\u00e9tourn\u00e9e, sublim\u00e9e, la tenue du marin est pass\u00e9e, de 1850 \u00e0 aujourd&#8217;hui, du pont des navires au podium des d\u00e9fil\u00e9s de mode. Caban, tricot ray\u00e9, pantalon \u00e0 pont. comment cet uniforme a-t-il inspir\u00e9 une mode civile ? \u00e0 partir de quand ? pour les femmes et les enfants d&#8217;abord ? au-del\u00e0 du dress code, [&hellip;]<\/p>\n","protected":false},"featured_media":29405,"template":"","meta":[],"product_cat":[55,2948,2957,19],"product_tag":[],"acf":[],"yoast_head":"<!-- This site is optimized with the Yoast SEO plugin v20.11 - https:\/\/yoast.com\/wordpress\/plugins\/seo\/ -->\n<title>LES MARINS FONT LA MODE - Librairie 7L<\/title>\n<meta name=\"robots\" content=\"index, follow, max-snippet:-1, max-image-preview:large, max-video-preview:-1\" \/>\n<link rel=\"canonical\" href=\"https:\/\/librairie7l.com\/en\/produit\/les-marins-font-la-mode\/\" \/>\n<meta property=\"og:locale\" content=\"en_US\" \/>\n<meta property=\"og:type\" content=\"article\" \/>\n<meta property=\"og:title\" content=\"LES MARINS FONT LA MODE - Librairie 7L\" \/>\n<meta property=\"og:description\" content=\"Copi\u00e9e, d\u00e9tourn\u00e9e, sublim\u00e9e, la tenue du marin est pass\u00e9e, de 1850 \u00e0 aujourd&#8217;hui, du pont des navires au podium des d\u00e9fil\u00e9s de mode. Caban, tricot ray\u00e9, pantalon \u00e0 pont. comment cet uniforme a-t-il inspir\u00e9 une mode civile ? \u00e0 partir de quand ? pour les femmes et les enfants d&#8217;abord ? au-del\u00e0 du dress code, [&hellip;]\" \/>\n<meta property=\"og:url\" content=\"https:\/\/librairie7l.com\/en\/produit\/les-marins-font-la-mode\/\" \/>\n<meta property=\"og:site_name\" content=\"Librairie 7L\" \/>\n<meta property=\"article:modified_time\" content=\"2026-04-23T02:59:50+00:00\" \/>\n<meta property=\"og:image\" content=\"https:\/\/librairie7l.com\/wp-content\/uploads\/2008\/11\/9782070124572_1_75.jpg\" \/>\n\t<meta property=\"og:image:width\" content=\"542\" \/>\n\t<meta property=\"og:image:height\" content=\"814\" \/>\n\t<meta property=\"og:image:type\" content=\"image\/jpeg\" \/>\n<meta name=\"twitter:card\" content=\"summary_large_image\" \/>\n<meta name=\"twitter:label1\" content=\"Est. reading time\" \/>\n\t<meta name=\"twitter:data1\" content=\"1 minute\" \/>\n<script type=\"application\/ld+json\" class=\"yoast-schema-graph\">{\"@context\":\"https:\/\/schema.org\",\"@graph\":[{\"@type\":\"WebPage\",\"@id\":\"https:\/\/librairie7l.com\/en\/produit\/les-marins-font-la-mode\/\",\"url\":\"https:\/\/librairie7l.com\/en\/produit\/les-marins-font-la-mode\/\",\"name\":\"LES MARINS FONT LA MODE - Librairie 7L\",\"isPartOf\":{\"@id\":\"https:\/\/librairie7l.com\/en\/#website\"},\"datePublished\":\"2023-05-10T12:03:14+00:00\",\"dateModified\":\"2026-04-23T02:59:50+00:00\",\"breadcrumb\":{\"@id\":\"https:\/\/librairie7l.com\/en\/produit\/les-marins-font-la-mode\/#breadcrumb\"},\"inLanguage\":\"en-US\",\"potentialAction\":[{\"@type\":\"ReadAction\",\"target\":[\"https:\/\/librairie7l.com\/en\/produit\/les-marins-font-la-mode\/\"]}]},{\"@type\":\"BreadcrumbList\",\"@id\":\"https:\/\/librairie7l.com\/en\/produit\/les-marins-font-la-mode\/#breadcrumb\",\"itemListElement\":[{\"@type\":\"ListItem\",\"position\":1,\"name\":\"Accueil\",\"item\":\"https:\/\/librairie7l.com\/en\/\"},{\"@type\":\"ListItem\",\"position\":2,\"name\":\"Shop\",\"item\":\"https:\/\/librairie7l.com\/en\/shop\/\"},{\"@type\":\"ListItem\",\"position\":3,\"name\":\"LES MARINS FONT LA MODE\"}]},{\"@type\":\"WebSite\",\"@id\":\"https:\/\/librairie7l.com\/en\/#website\",\"url\":\"https:\/\/librairie7l.com\/en\/\",\"name\":\"Librairie 7L\",\"description\":\"Librairie fond\u00e9e en 1999 par Karl Lagerfeld \u00e0 Paris\",\"publisher\":{\"@id\":\"https:\/\/librairie7l.com\/en\/#organization\"},\"potentialAction\":[{\"@type\":\"SearchAction\",\"target\":{\"@type\":\"EntryPoint\",\"urlTemplate\":\"https:\/\/librairie7l.com\/en\/?s={search_term_string}\"},\"query-input\":\"required name=search_term_string\"}],\"inLanguage\":\"en-US\"},{\"@type\":\"Organization\",\"@id\":\"https:\/\/librairie7l.com\/en\/#organization\",\"name\":\"Librairie 7L\",\"url\":\"https:\/\/librairie7l.com\/en\/\",\"logo\":{\"@type\":\"ImageObject\",\"inLanguage\":\"en-US\",\"@id\":\"https:\/\/librairie7l.com\/en\/#\/schema\/logo\/image\/\",\"url\":\"https:\/\/librairie7l.com\/wp-content\/uploads\/2022\/08\/logo-1.png\",\"contentUrl\":\"https:\/\/librairie7l.com\/wp-content\/uploads\/2022\/08\/logo-1.png\",\"width\":227,\"height\":301,\"caption\":\"Librairie 7L\"},\"image\":{\"@id\":\"https:\/\/librairie7l.com\/en\/#\/schema\/logo\/image\/\"}}]}<\/script>\n<!-- \/ Yoast SEO plugin. -->","yoast_head_json":{"title":"LES MARINS FONT LA MODE - Librairie 7L","robots":{"index":"index","follow":"follow","max-snippet":"max-snippet:-1","max-image-preview":"max-image-preview:large","max-video-preview":"max-video-preview:-1"},"canonical":"https:\/\/librairie7l.com\/en\/produit\/les-marins-font-la-mode\/","og_locale":"en_US","og_type":"article","og_title":"LES MARINS FONT LA MODE - Librairie 7L","og_description":"Copi\u00e9e, d\u00e9tourn\u00e9e, sublim\u00e9e, la tenue du marin est pass\u00e9e, de 1850 \u00e0 aujourd&#8217;hui, du pont des navires au podium des d\u00e9fil\u00e9s de mode. Caban, tricot ray\u00e9, pantalon \u00e0 pont. comment cet uniforme a-t-il inspir\u00e9 une mode civile ? \u00e0 partir de quand ? pour les femmes et les enfants d&#8217;abord ? au-del\u00e0 du dress code, [&hellip;]","og_url":"https:\/\/librairie7l.com\/en\/produit\/les-marins-font-la-mode\/","og_site_name":"Librairie 7L","article_modified_time":"2026-04-23T02:59:50+00:00","og_image":[{"width":542,"height":814,"url":"https:\/\/librairie7l.com\/wp-content\/uploads\/2008\/11\/9782070124572_1_75.jpg","type":"image\/jpeg"}],"twitter_card":"summary_large_image","twitter_misc":{"Est. reading time":"1 minute"},"schema":{"@context":"https:\/\/schema.org","@graph":[{"@type":"WebPage","@id":"https:\/\/librairie7l.com\/en\/produit\/les-marins-font-la-mode\/","url":"https:\/\/librairie7l.com\/en\/produit\/les-marins-font-la-mode\/","name":"LES MARINS FONT LA MODE - Librairie 7L","isPartOf":{"@id":"https:\/\/librairie7l.com\/en\/#website"},"datePublished":"2023-05-10T12:03:14+00:00","dateModified":"2026-04-23T02:59:50+00:00","breadcrumb":{"@id":"https:\/\/librairie7l.com\/en\/produit\/les-marins-font-la-mode\/#breadcrumb"},"inLanguage":"en-US","potentialAction":[{"@type":"ReadAction","target":["https:\/\/librairie7l.com\/en\/produit\/les-marins-font-la-mode\/"]}]},{"@type":"BreadcrumbList","@id":"https:\/\/librairie7l.com\/en\/produit\/les-marins-font-la-mode\/#breadcrumb","itemListElement":[{"@type":"ListItem","position":1,"name":"Accueil","item":"https:\/\/librairie7l.com\/en\/"},{"@type":"ListItem","position":2,"name":"Shop","item":"https:\/\/librairie7l.com\/en\/shop\/"},{"@type":"ListItem","position":3,"name":"LES MARINS FONT LA MODE"}]},{"@type":"WebSite","@id":"https:\/\/librairie7l.com\/en\/#website","url":"https:\/\/librairie7l.com\/en\/","name":"Librairie 7L","description":"Librairie fond\u00e9e en 1999 par Karl Lagerfeld \u00e0 Paris","publisher":{"@id":"https:\/\/librairie7l.com\/en\/#organization"},"potentialAction":[{"@type":"SearchAction","target":{"@type":"EntryPoint","urlTemplate":"https:\/\/librairie7l.com\/en\/?s={search_term_string}"},"query-input":"required name=search_term_string"}],"inLanguage":"en-US"},{"@type":"Organization","@id":"https:\/\/librairie7l.com\/en\/#organization","name":"Librairie 7L","url":"https:\/\/librairie7l.com\/en\/","logo":{"@type":"ImageObject","inLanguage":"en-US","@id":"https:\/\/librairie7l.com\/en\/#\/schema\/logo\/image\/","url":"https:\/\/librairie7l.com\/wp-content\/uploads\/2022\/08\/logo-1.png","contentUrl":"https:\/\/librairie7l.com\/wp-content\/uploads\/2022\/08\/logo-1.png","width":227,"height":301,"caption":"Librairie 7L"},"image":{"@id":"https:\/\/librairie7l.com\/en\/#\/schema\/logo\/image\/"}}]}},"_links":{"self":[{"href":"https:\/\/librairie7l.com\/en\/wp-json\/wp\/v2\/product\/29407"}],"collection":[{"href":"https:\/\/librairie7l.com\/en\/wp-json\/wp\/v2\/product"}],"about":[{"href":"https:\/\/librairie7l.com\/en\/wp-json\/wp\/v2\/types\/product"}],"wp:featuredmedia":[{"embeddable":true,"href":"https:\/\/librairie7l.com\/en\/wp-json\/wp\/v2\/media\/29405"}],"wp:attachment":[{"href":"https:\/\/librairie7l.com\/en\/wp-json\/wp\/v2\/media?parent=29407"}],"wp:term":[{"taxonomy":"product_cat","embeddable":true,"href":"https:\/\/librairie7l.com\/en\/wp-json\/wp\/v2\/product_cat?post=29407"},{"taxonomy":"product_tag","embeddable":true,"href":"https:\/\/librairie7l.com\/en\/wp-json\/wp\/v2\/product_tag?post=29407"}],"curies":[{"name":"wp","href":"https:\/\/api.w.org\/{rel}","templated":true}]}}