{"id":29411,"date":"2023-05-10T14:03:18","date_gmt":"2023-05-10T12:03:18","guid":{"rendered":"https:\/\/librairie7l.com\/?post_type=product&#038;p=29411"},"modified":"2026-04-17T05:08:41","modified_gmt":"2026-04-17T03:08:41","slug":"loeil-moteur-art-optique-et-cinetique-1950-1975","status":"publish","type":"product","link":"https:\/\/librairie7l.com\/en\/produit\/loeil-moteur-art-optique-et-cinetique-1950-1975\/","title":{"rendered":"L&#8217;OEIL MOTEUR ; ART OPTIQUE ET CIN\u00c9TIQUE, 1950-1975"},"content":{"rendered":"<p>Catalogue de l&#8217;exposition L&#8217;oeil moteur &#8211; Art optique et cin\u00e9tique, 1950-1975 pr\u00e9sent\u00e9e au Mus\u00e9e d&#8217;Art moderne et contemporain de Strasbourg, du 13 mai au 25 septembre 2005.<br \/>\nCe titre sur l&#8217;art optique et cin\u00e9tique a pour ambition d&#8217;apporter une contribution \u00e0 la connaissance historique et th\u00e9orique de ce courant artistique qui \u00e9mergea dans les ann\u00e9es 50 avec Victor Vasarely, Jes\u00fas-Rafael Soto, Nicolas Sch\u00f6ffer ou Yaacov Agam. Les Mus\u00e9es de Strasbourg souhaitent rendre hommage \u00e0 des artistes qui ont su mettre en place un vocabulaire plastique original en proposant de nouvelles modalit\u00e9s de perception.<br \/>\nL&#8217;ouvrage propose un itin\u00e9raire sensoriel s&#8217;articulant autour de quatre axes : L&#8217;oeil-moteur, L&#8217;oeil-corps, L&#8217;oeil-neuronal, L&#8217;oeil-sonore.<br \/>\nL&#8217;oeil-moteur : la question de la vitesse de la perception, de la dynamog\u00e9nie et de l&#8217;entra\u00eenement cin\u00e9tique du regard, le battement optique, la diastole respiratoire de la surface sont abord\u00e9s.<br \/>\nL&#8217;oeil-corps : les questions de la manipulation et de la contrainte ainsi que la participation du spectateur par ouverture de l&#8217;eouvre \u00e0 l&#8217;espace tactilo-kinesth\u00e9sique constituent les th\u00e8mes principaux de cette deuxi\u00e8me section.<br \/>\nL&#8217;oeil-neuronal : le mod\u00e8le de la cybern\u00e9tique et des th\u00e9ories de l&#8217;information, le cerveau artificiel, le sensorium m\u00e9canique sont les th\u00e8mes centraux de cette section.<br \/>\nL&#8217;oeil-sonore : la question de l&#8217;extension-fusion du regard et des autres sens dans la vis\u00e9e spectaculaire de l&#8217;oeuvre d&#8217;art totale est pr\u00e9sente dans ce chapitre avec les jeux de lumi\u00e8res mouvants et synesth\u00e9siques.<br \/>\nCette articulation n&#8217;est ni chronologique, ni monographique.<br \/>\nElle ne se fonde pas non plus sur des distinctions du type \u00ab mouvement virtuel \u00bb et \u00ab mouvement r\u00e9el \u00bb. Elle maintient une certaine homog\u00e9n\u00e9it\u00e9 entre groupes d&#8217;oeuvres jouant sur la stimulation r\u00e9tinienne, environnements sensoriels et oeuvres lumino-cin\u00e9tiques.<br \/>\nUn ouvrage incontournable.<\/p>\n","protected":false},"excerpt":{"rendered":"<p>Catalogue de l&#8217;exposition L&#8217;oeil moteur &#8211; Art optique et cin\u00e9tique, 1950-1975 pr\u00e9sent\u00e9e au Mus\u00e9e d&#8217;Art moderne et contemporain de Strasbourg, du 13 mai au 25 septembre 2005. Ce titre sur l&#8217;art optique et cin\u00e9tique a pour ambition d&#8217;apporter une contribution \u00e0 la connaissance historique et th\u00e9orique de ce courant artistique qui \u00e9mergea dans les ann\u00e9es [&hellip;]<\/p>\n","protected":false},"featured_media":29409,"template":"","meta":[],"product_cat":[55,2948,47,2953],"product_tag":[],"acf":[],"yoast_head":"<!-- This site is optimized with the Yoast SEO plugin v20.11 - https:\/\/yoast.com\/wordpress\/plugins\/seo\/ -->\n<title>L&#039;OEIL MOTEUR ; ART OPTIQUE ET CIN\u00c9TIQUE, 1950-1975 - Librairie 7L<\/title>\n<meta name=\"robots\" content=\"index, follow, max-snippet:-1, max-image-preview:large, max-video-preview:-1\" \/>\n<link rel=\"canonical\" href=\"https:\/\/librairie7l.com\/en\/produit\/loeil-moteur-art-optique-et-cinetique-1950-1975\/\" \/>\n<meta property=\"og:locale\" content=\"en_US\" \/>\n<meta property=\"og:type\" content=\"article\" \/>\n<meta property=\"og:title\" content=\"L&#039;OEIL MOTEUR ; ART OPTIQUE ET CIN\u00c9TIQUE, 1950-1975 - Librairie 7L\" \/>\n<meta property=\"og:description\" content=\"Catalogue de l&#8217;exposition L&#8217;oeil moteur &#8211; Art optique et cin\u00e9tique, 1950-1975 pr\u00e9sent\u00e9e au Mus\u00e9e d&#8217;Art moderne et contemporain de Strasbourg, du 13 mai au 25 septembre 2005. Ce titre sur l&#8217;art optique et cin\u00e9tique a pour ambition d&#8217;apporter une contribution \u00e0 la connaissance historique et th\u00e9orique de ce courant artistique qui \u00e9mergea dans les ann\u00e9es [&hellip;]\" \/>\n<meta property=\"og:url\" content=\"https:\/\/librairie7l.com\/en\/produit\/loeil-moteur-art-optique-et-cinetique-1950-1975\/\" \/>\n<meta property=\"og:site_name\" content=\"Librairie 7L\" \/>\n<meta property=\"article:modified_time\" content=\"2026-04-17T03:08:41+00:00\" \/>\n<meta property=\"og:image\" content=\"https:\/\/librairie7l.com\/wp-content\/uploads\/2005\/02\/9782901833925_1_75.jpg\" \/>\n\t<meta property=\"og:image:width\" content=\"400\" \/>\n\t<meta property=\"og:image:height\" content=\"472\" \/>\n\t<meta property=\"og:image:type\" content=\"image\/jpeg\" \/>\n<meta name=\"twitter:card\" content=\"summary_large_image\" \/>\n<meta name=\"twitter:label1\" content=\"Est. reading time\" \/>\n\t<meta name=\"twitter:data1\" content=\"1 minute\" \/>\n<script type=\"application\/ld+json\" class=\"yoast-schema-graph\">{\"@context\":\"https:\/\/schema.org\",\"@graph\":[{\"@type\":\"WebPage\",\"@id\":\"https:\/\/librairie7l.com\/en\/produit\/loeil-moteur-art-optique-et-cinetique-1950-1975\/\",\"url\":\"https:\/\/librairie7l.com\/en\/produit\/loeil-moteur-art-optique-et-cinetique-1950-1975\/\",\"name\":\"L'OEIL MOTEUR ; ART OPTIQUE ET CIN\u00c9TIQUE, 1950-1975 - Librairie 7L\",\"isPartOf\":{\"@id\":\"https:\/\/librairie7l.com\/en\/#website\"},\"datePublished\":\"2023-05-10T12:03:18+00:00\",\"dateModified\":\"2026-04-17T03:08:41+00:00\",\"breadcrumb\":{\"@id\":\"https:\/\/librairie7l.com\/en\/produit\/loeil-moteur-art-optique-et-cinetique-1950-1975\/#breadcrumb\"},\"inLanguage\":\"en-US\",\"potentialAction\":[{\"@type\":\"ReadAction\",\"target\":[\"https:\/\/librairie7l.com\/en\/produit\/loeil-moteur-art-optique-et-cinetique-1950-1975\/\"]}]},{\"@type\":\"BreadcrumbList\",\"@id\":\"https:\/\/librairie7l.com\/en\/produit\/loeil-moteur-art-optique-et-cinetique-1950-1975\/#breadcrumb\",\"itemListElement\":[{\"@type\":\"ListItem\",\"position\":1,\"name\":\"Accueil\",\"item\":\"https:\/\/librairie7l.com\/en\/\"},{\"@type\":\"ListItem\",\"position\":2,\"name\":\"Shop\",\"item\":\"https:\/\/librairie7l.com\/en\/shop\/\"},{\"@type\":\"ListItem\",\"position\":3,\"name\":\"L&#8217;OEIL MOTEUR ; ART OPTIQUE ET CIN\u00c9TIQUE, 1950-1975\"}]},{\"@type\":\"WebSite\",\"@id\":\"https:\/\/librairie7l.com\/en\/#website\",\"url\":\"https:\/\/librairie7l.com\/en\/\",\"name\":\"Librairie 7L\",\"description\":\"Librairie fond\u00e9e en 1999 par Karl Lagerfeld \u00e0 Paris\",\"publisher\":{\"@id\":\"https:\/\/librairie7l.com\/en\/#organization\"},\"potentialAction\":[{\"@type\":\"SearchAction\",\"target\":{\"@type\":\"EntryPoint\",\"urlTemplate\":\"https:\/\/librairie7l.com\/en\/?s={search_term_string}\"},\"query-input\":\"required name=search_term_string\"}],\"inLanguage\":\"en-US\"},{\"@type\":\"Organization\",\"@id\":\"https:\/\/librairie7l.com\/en\/#organization\",\"name\":\"Librairie 7L\",\"url\":\"https:\/\/librairie7l.com\/en\/\",\"logo\":{\"@type\":\"ImageObject\",\"inLanguage\":\"en-US\",\"@id\":\"https:\/\/librairie7l.com\/en\/#\/schema\/logo\/image\/\",\"url\":\"https:\/\/librairie7l.com\/wp-content\/uploads\/2022\/08\/logo-1.png\",\"contentUrl\":\"https:\/\/librairie7l.com\/wp-content\/uploads\/2022\/08\/logo-1.png\",\"width\":227,\"height\":301,\"caption\":\"Librairie 7L\"},\"image\":{\"@id\":\"https:\/\/librairie7l.com\/en\/#\/schema\/logo\/image\/\"}}]}<\/script>\n<!-- \/ Yoast SEO plugin. -->","yoast_head_json":{"title":"L'OEIL MOTEUR ; ART OPTIQUE ET CIN\u00c9TIQUE, 1950-1975 - Librairie 7L","robots":{"index":"index","follow":"follow","max-snippet":"max-snippet:-1","max-image-preview":"max-image-preview:large","max-video-preview":"max-video-preview:-1"},"canonical":"https:\/\/librairie7l.com\/en\/produit\/loeil-moteur-art-optique-et-cinetique-1950-1975\/","og_locale":"en_US","og_type":"article","og_title":"L'OEIL MOTEUR ; ART OPTIQUE ET CIN\u00c9TIQUE, 1950-1975 - Librairie 7L","og_description":"Catalogue de l&#8217;exposition L&#8217;oeil moteur &#8211; Art optique et cin\u00e9tique, 1950-1975 pr\u00e9sent\u00e9e au Mus\u00e9e d&#8217;Art moderne et contemporain de Strasbourg, du 13 mai au 25 septembre 2005. Ce titre sur l&#8217;art optique et cin\u00e9tique a pour ambition d&#8217;apporter une contribution \u00e0 la connaissance historique et th\u00e9orique de ce courant artistique qui \u00e9mergea dans les ann\u00e9es [&hellip;]","og_url":"https:\/\/librairie7l.com\/en\/produit\/loeil-moteur-art-optique-et-cinetique-1950-1975\/","og_site_name":"Librairie 7L","article_modified_time":"2026-04-17T03:08:41+00:00","og_image":[{"width":400,"height":472,"url":"https:\/\/librairie7l.com\/wp-content\/uploads\/2005\/02\/9782901833925_1_75.jpg","type":"image\/jpeg"}],"twitter_card":"summary_large_image","twitter_misc":{"Est. reading time":"1 minute"},"schema":{"@context":"https:\/\/schema.org","@graph":[{"@type":"WebPage","@id":"https:\/\/librairie7l.com\/en\/produit\/loeil-moteur-art-optique-et-cinetique-1950-1975\/","url":"https:\/\/librairie7l.com\/en\/produit\/loeil-moteur-art-optique-et-cinetique-1950-1975\/","name":"L'OEIL MOTEUR ; ART OPTIQUE ET CIN\u00c9TIQUE, 1950-1975 - Librairie 7L","isPartOf":{"@id":"https:\/\/librairie7l.com\/en\/#website"},"datePublished":"2023-05-10T12:03:18+00:00","dateModified":"2026-04-17T03:08:41+00:00","breadcrumb":{"@id":"https:\/\/librairie7l.com\/en\/produit\/loeil-moteur-art-optique-et-cinetique-1950-1975\/#breadcrumb"},"inLanguage":"en-US","potentialAction":[{"@type":"ReadAction","target":["https:\/\/librairie7l.com\/en\/produit\/loeil-moteur-art-optique-et-cinetique-1950-1975\/"]}]},{"@type":"BreadcrumbList","@id":"https:\/\/librairie7l.com\/en\/produit\/loeil-moteur-art-optique-et-cinetique-1950-1975\/#breadcrumb","itemListElement":[{"@type":"ListItem","position":1,"name":"Accueil","item":"https:\/\/librairie7l.com\/en\/"},{"@type":"ListItem","position":2,"name":"Shop","item":"https:\/\/librairie7l.com\/en\/shop\/"},{"@type":"ListItem","position":3,"name":"L&#8217;OEIL MOTEUR ; ART OPTIQUE ET CIN\u00c9TIQUE, 1950-1975"}]},{"@type":"WebSite","@id":"https:\/\/librairie7l.com\/en\/#website","url":"https:\/\/librairie7l.com\/en\/","name":"Librairie 7L","description":"Librairie fond\u00e9e en 1999 par Karl Lagerfeld \u00e0 Paris","publisher":{"@id":"https:\/\/librairie7l.com\/en\/#organization"},"potentialAction":[{"@type":"SearchAction","target":{"@type":"EntryPoint","urlTemplate":"https:\/\/librairie7l.com\/en\/?s={search_term_string}"},"query-input":"required name=search_term_string"}],"inLanguage":"en-US"},{"@type":"Organization","@id":"https:\/\/librairie7l.com\/en\/#organization","name":"Librairie 7L","url":"https:\/\/librairie7l.com\/en\/","logo":{"@type":"ImageObject","inLanguage":"en-US","@id":"https:\/\/librairie7l.com\/en\/#\/schema\/logo\/image\/","url":"https:\/\/librairie7l.com\/wp-content\/uploads\/2022\/08\/logo-1.png","contentUrl":"https:\/\/librairie7l.com\/wp-content\/uploads\/2022\/08\/logo-1.png","width":227,"height":301,"caption":"Librairie 7L"},"image":{"@id":"https:\/\/librairie7l.com\/en\/#\/schema\/logo\/image\/"}}]}},"_links":{"self":[{"href":"https:\/\/librairie7l.com\/en\/wp-json\/wp\/v2\/product\/29411"}],"collection":[{"href":"https:\/\/librairie7l.com\/en\/wp-json\/wp\/v2\/product"}],"about":[{"href":"https:\/\/librairie7l.com\/en\/wp-json\/wp\/v2\/types\/product"}],"wp:featuredmedia":[{"embeddable":true,"href":"https:\/\/librairie7l.com\/en\/wp-json\/wp\/v2\/media\/29409"}],"wp:attachment":[{"href":"https:\/\/librairie7l.com\/en\/wp-json\/wp\/v2\/media?parent=29411"}],"wp:term":[{"taxonomy":"product_cat","embeddable":true,"href":"https:\/\/librairie7l.com\/en\/wp-json\/wp\/v2\/product_cat?post=29411"},{"taxonomy":"product_tag","embeddable":true,"href":"https:\/\/librairie7l.com\/en\/wp-json\/wp\/v2\/product_tag?post=29411"}],"curies":[{"name":"wp","href":"https:\/\/api.w.org\/{rel}","templated":true}]}}