{"id":29439,"date":"2023-05-10T14:04:08","date_gmt":"2023-05-10T12:04:08","guid":{"rendered":"https:\/\/librairie7l.com\/?post_type=product&#038;p=29439"},"modified":"2026-04-16T07:19:50","modified_gmt":"2026-04-16T05:19:50","slug":"bomarzo-poetiques-dun-jardin-italien","status":"publish","type":"product","link":"https:\/\/librairie7l.com\/en\/produit\/bomarzo-poetiques-dun-jardin-italien\/","title":{"rendered":"BOMARZO ; PO\u00c9TIQUES D&#8217;UN JARDIN ITALIEN"},"content":{"rendered":"<p>Un essai d&#8217;Andr\u00e9 Pieyre de Mandiargues sur les &#8220;Monstres de Bomarzo&#8221; paru en 1957 a fait connaitre ce &#8220;parc de sculptures&#8221; qui remonte au milieu du XVIe si\u00e8cle, en le pr\u00e9sentant comme le produit d&#8217;un inconscient &#8220;pr\u00e9-freudien&#8221;, un lieu &#8220;inspir\u00e9&#8221; cens\u00e9 pr\u00e9figurer le Surr\u00e9alisme et l&#8217;Art brut. Depuis, les &#8220;monstres&#8221; de Bomarzo sont devenus des ic\u00f4nes de l&#8217;art paysager et leur &#8220;actualit\u00e9&#8221; a nourri la relation entre le Mani\u00e9risme de la Renaissance et le Surr\u00e9alisme.<br \/>\nLe propos de cet ouvrage associe aux photographies de Fran\u00e7ois Sagnes un essai de Gilles Polizzi et &#8220;revisite&#8221; ce parall\u00e8le un demi-si\u00e8cle plus tard, \u00e0 la mani\u00e8re dont on revient dans un jardin connu de longue date, pour mesurer les changements qu&#8217;y aura apport\u00e9s le temps : la maturation des id\u00e9es et des formes, la patine de la pierre, la croissance des v\u00e9g\u00e9taux.<\/p>\n","protected":false},"excerpt":{"rendered":"<p>Un essai d&#8217;Andr\u00e9 Pieyre de Mandiargues sur les &#8220;Monstres de Bomarzo&#8221; paru en 1957 a fait connaitre ce &#8220;parc de sculptures&#8221; qui remonte au milieu du XVIe si\u00e8cle, en le pr\u00e9sentant comme le produit d&#8217;un inconscient &#8220;pr\u00e9-freudien&#8221;, un lieu &#8220;inspir\u00e9&#8221; cens\u00e9 pr\u00e9figurer le Surr\u00e9alisme et l&#8217;Art brut. Depuis, les &#8220;monstres&#8221; de Bomarzo sont devenus des [&hellip;]<\/p>\n","protected":false},"featured_media":29437,"template":"","meta":[],"product_cat":[55,2948,2956,23],"product_tag":[],"acf":[],"yoast_head":"<!-- This site is optimized with the Yoast SEO plugin v20.11 - https:\/\/yoast.com\/wordpress\/plugins\/seo\/ -->\n<title>BOMARZO ; PO\u00c9TIQUES D&#039;UN JARDIN ITALIEN - Librairie 7L<\/title>\n<meta name=\"robots\" content=\"index, follow, max-snippet:-1, max-image-preview:large, max-video-preview:-1\" \/>\n<link rel=\"canonical\" href=\"https:\/\/librairie7l.com\/en\/produit\/bomarzo-poetiques-dun-jardin-italien\/\" \/>\n<meta property=\"og:locale\" content=\"en_US\" \/>\n<meta property=\"og:type\" content=\"article\" \/>\n<meta property=\"og:title\" content=\"BOMARZO ; PO\u00c9TIQUES D&#039;UN JARDIN ITALIEN - Librairie 7L\" \/>\n<meta property=\"og:description\" content=\"Un essai d&#8217;Andr\u00e9 Pieyre de Mandiargues sur les &#8220;Monstres de Bomarzo&#8221; paru en 1957 a fait connaitre ce &#8220;parc de sculptures&#8221; qui remonte au milieu du XVIe si\u00e8cle, en le pr\u00e9sentant comme le produit d&#8217;un inconscient &#8220;pr\u00e9-freudien&#8221;, un lieu &#8220;inspir\u00e9&#8221; cens\u00e9 pr\u00e9figurer le Surr\u00e9alisme et l&#8217;Art brut. Depuis, les &#8220;monstres&#8221; de Bomarzo sont devenus des [&hellip;]\" \/>\n<meta property=\"og:url\" content=\"https:\/\/librairie7l.com\/en\/produit\/bomarzo-poetiques-dun-jardin-italien\/\" \/>\n<meta property=\"og:site_name\" content=\"Librairie 7L\" \/>\n<meta property=\"article:modified_time\" content=\"2026-04-16T05:19:50+00:00\" \/>\n<meta property=\"og:image\" content=\"https:\/\/librairie7l.com\/wp-content\/uploads\/2016\/05\/9782354281120_1_75.jpg\" \/>\n\t<meta property=\"og:image:width\" content=\"400\" \/>\n\t<meta property=\"og:image:height\" content=\"449\" \/>\n\t<meta property=\"og:image:type\" content=\"image\/jpeg\" \/>\n<meta name=\"twitter:card\" content=\"summary_large_image\" \/>\n<meta name=\"twitter:label1\" content=\"Est. reading time\" \/>\n\t<meta name=\"twitter:data1\" content=\"1 minute\" \/>\n<script type=\"application\/ld+json\" class=\"yoast-schema-graph\">{\"@context\":\"https:\/\/schema.org\",\"@graph\":[{\"@type\":\"WebPage\",\"@id\":\"https:\/\/librairie7l.com\/en\/produit\/bomarzo-poetiques-dun-jardin-italien\/\",\"url\":\"https:\/\/librairie7l.com\/en\/produit\/bomarzo-poetiques-dun-jardin-italien\/\",\"name\":\"BOMARZO ; PO\u00c9TIQUES D'UN JARDIN ITALIEN - Librairie 7L\",\"isPartOf\":{\"@id\":\"https:\/\/librairie7l.com\/en\/#website\"},\"datePublished\":\"2023-05-10T12:04:08+00:00\",\"dateModified\":\"2026-04-16T05:19:50+00:00\",\"breadcrumb\":{\"@id\":\"https:\/\/librairie7l.com\/en\/produit\/bomarzo-poetiques-dun-jardin-italien\/#breadcrumb\"},\"inLanguage\":\"en-US\",\"potentialAction\":[{\"@type\":\"ReadAction\",\"target\":[\"https:\/\/librairie7l.com\/en\/produit\/bomarzo-poetiques-dun-jardin-italien\/\"]}]},{\"@type\":\"BreadcrumbList\",\"@id\":\"https:\/\/librairie7l.com\/en\/produit\/bomarzo-poetiques-dun-jardin-italien\/#breadcrumb\",\"itemListElement\":[{\"@type\":\"ListItem\",\"position\":1,\"name\":\"Accueil\",\"item\":\"https:\/\/librairie7l.com\/en\/\"},{\"@type\":\"ListItem\",\"position\":2,\"name\":\"Shop\",\"item\":\"https:\/\/librairie7l.com\/en\/shop\/\"},{\"@type\":\"ListItem\",\"position\":3,\"name\":\"BOMARZO ; PO\u00c9TIQUES D&#8217;UN JARDIN ITALIEN\"}]},{\"@type\":\"WebSite\",\"@id\":\"https:\/\/librairie7l.com\/en\/#website\",\"url\":\"https:\/\/librairie7l.com\/en\/\",\"name\":\"Librairie 7L\",\"description\":\"Librairie fond\u00e9e en 1999 par Karl Lagerfeld \u00e0 Paris\",\"publisher\":{\"@id\":\"https:\/\/librairie7l.com\/en\/#organization\"},\"potentialAction\":[{\"@type\":\"SearchAction\",\"target\":{\"@type\":\"EntryPoint\",\"urlTemplate\":\"https:\/\/librairie7l.com\/en\/?s={search_term_string}\"},\"query-input\":\"required name=search_term_string\"}],\"inLanguage\":\"en-US\"},{\"@type\":\"Organization\",\"@id\":\"https:\/\/librairie7l.com\/en\/#organization\",\"name\":\"Librairie 7L\",\"url\":\"https:\/\/librairie7l.com\/en\/\",\"logo\":{\"@type\":\"ImageObject\",\"inLanguage\":\"en-US\",\"@id\":\"https:\/\/librairie7l.com\/en\/#\/schema\/logo\/image\/\",\"url\":\"https:\/\/librairie7l.com\/wp-content\/uploads\/2022\/08\/logo-1.png\",\"contentUrl\":\"https:\/\/librairie7l.com\/wp-content\/uploads\/2022\/08\/logo-1.png\",\"width\":227,\"height\":301,\"caption\":\"Librairie 7L\"},\"image\":{\"@id\":\"https:\/\/librairie7l.com\/en\/#\/schema\/logo\/image\/\"}}]}<\/script>\n<!-- \/ Yoast SEO plugin. -->","yoast_head_json":{"title":"BOMARZO ; PO\u00c9TIQUES D'UN JARDIN ITALIEN - Librairie 7L","robots":{"index":"index","follow":"follow","max-snippet":"max-snippet:-1","max-image-preview":"max-image-preview:large","max-video-preview":"max-video-preview:-1"},"canonical":"https:\/\/librairie7l.com\/en\/produit\/bomarzo-poetiques-dun-jardin-italien\/","og_locale":"en_US","og_type":"article","og_title":"BOMARZO ; PO\u00c9TIQUES D'UN JARDIN ITALIEN - Librairie 7L","og_description":"Un essai d&#8217;Andr\u00e9 Pieyre de Mandiargues sur les &#8220;Monstres de Bomarzo&#8221; paru en 1957 a fait connaitre ce &#8220;parc de sculptures&#8221; qui remonte au milieu du XVIe si\u00e8cle, en le pr\u00e9sentant comme le produit d&#8217;un inconscient &#8220;pr\u00e9-freudien&#8221;, un lieu &#8220;inspir\u00e9&#8221; cens\u00e9 pr\u00e9figurer le Surr\u00e9alisme et l&#8217;Art brut. Depuis, les &#8220;monstres&#8221; de Bomarzo sont devenus des [&hellip;]","og_url":"https:\/\/librairie7l.com\/en\/produit\/bomarzo-poetiques-dun-jardin-italien\/","og_site_name":"Librairie 7L","article_modified_time":"2026-04-16T05:19:50+00:00","og_image":[{"width":400,"height":449,"url":"https:\/\/librairie7l.com\/wp-content\/uploads\/2016\/05\/9782354281120_1_75.jpg","type":"image\/jpeg"}],"twitter_card":"summary_large_image","twitter_misc":{"Est. reading time":"1 minute"},"schema":{"@context":"https:\/\/schema.org","@graph":[{"@type":"WebPage","@id":"https:\/\/librairie7l.com\/en\/produit\/bomarzo-poetiques-dun-jardin-italien\/","url":"https:\/\/librairie7l.com\/en\/produit\/bomarzo-poetiques-dun-jardin-italien\/","name":"BOMARZO ; PO\u00c9TIQUES D'UN JARDIN ITALIEN - Librairie 7L","isPartOf":{"@id":"https:\/\/librairie7l.com\/en\/#website"},"datePublished":"2023-05-10T12:04:08+00:00","dateModified":"2026-04-16T05:19:50+00:00","breadcrumb":{"@id":"https:\/\/librairie7l.com\/en\/produit\/bomarzo-poetiques-dun-jardin-italien\/#breadcrumb"},"inLanguage":"en-US","potentialAction":[{"@type":"ReadAction","target":["https:\/\/librairie7l.com\/en\/produit\/bomarzo-poetiques-dun-jardin-italien\/"]}]},{"@type":"BreadcrumbList","@id":"https:\/\/librairie7l.com\/en\/produit\/bomarzo-poetiques-dun-jardin-italien\/#breadcrumb","itemListElement":[{"@type":"ListItem","position":1,"name":"Accueil","item":"https:\/\/librairie7l.com\/en\/"},{"@type":"ListItem","position":2,"name":"Shop","item":"https:\/\/librairie7l.com\/en\/shop\/"},{"@type":"ListItem","position":3,"name":"BOMARZO ; PO\u00c9TIQUES D&#8217;UN JARDIN ITALIEN"}]},{"@type":"WebSite","@id":"https:\/\/librairie7l.com\/en\/#website","url":"https:\/\/librairie7l.com\/en\/","name":"Librairie 7L","description":"Librairie fond\u00e9e en 1999 par Karl Lagerfeld \u00e0 Paris","publisher":{"@id":"https:\/\/librairie7l.com\/en\/#organization"},"potentialAction":[{"@type":"SearchAction","target":{"@type":"EntryPoint","urlTemplate":"https:\/\/librairie7l.com\/en\/?s={search_term_string}"},"query-input":"required name=search_term_string"}],"inLanguage":"en-US"},{"@type":"Organization","@id":"https:\/\/librairie7l.com\/en\/#organization","name":"Librairie 7L","url":"https:\/\/librairie7l.com\/en\/","logo":{"@type":"ImageObject","inLanguage":"en-US","@id":"https:\/\/librairie7l.com\/en\/#\/schema\/logo\/image\/","url":"https:\/\/librairie7l.com\/wp-content\/uploads\/2022\/08\/logo-1.png","contentUrl":"https:\/\/librairie7l.com\/wp-content\/uploads\/2022\/08\/logo-1.png","width":227,"height":301,"caption":"Librairie 7L"},"image":{"@id":"https:\/\/librairie7l.com\/en\/#\/schema\/logo\/image\/"}}]}},"_links":{"self":[{"href":"https:\/\/librairie7l.com\/en\/wp-json\/wp\/v2\/product\/29439"}],"collection":[{"href":"https:\/\/librairie7l.com\/en\/wp-json\/wp\/v2\/product"}],"about":[{"href":"https:\/\/librairie7l.com\/en\/wp-json\/wp\/v2\/types\/product"}],"wp:featuredmedia":[{"embeddable":true,"href":"https:\/\/librairie7l.com\/en\/wp-json\/wp\/v2\/media\/29437"}],"wp:attachment":[{"href":"https:\/\/librairie7l.com\/en\/wp-json\/wp\/v2\/media?parent=29439"}],"wp:term":[{"taxonomy":"product_cat","embeddable":true,"href":"https:\/\/librairie7l.com\/en\/wp-json\/wp\/v2\/product_cat?post=29439"},{"taxonomy":"product_tag","embeddable":true,"href":"https:\/\/librairie7l.com\/en\/wp-json\/wp\/v2\/product_tag?post=29439"}],"curies":[{"name":"wp","href":"https:\/\/api.w.org\/{rel}","templated":true}]}}