{"id":29443,"date":"2023-05-10T14:04:11","date_gmt":"2023-05-10T12:04:11","guid":{"rendered":"https:\/\/librairie7l.com\/?post_type=product&#038;p=29443"},"modified":"2026-04-29T21:06:18","modified_gmt":"2026-04-29T19:06:18","slug":"valerie-belin","status":"publish","type":"product","link":"https:\/\/librairie7l.com\/en\/produit\/valerie-belin\/","title":{"rendered":"VAL\u00c9RIE BELIN"},"content":{"rendered":"<p>Cet ouvrage pr\u00e9sente les travaux de Val\u00e9rie Belin r\u00e9alis\u00e9s entre 2007 et 2013, notamment les s\u00e9ries Corbeilles de Fruits, Lido, Ballroom Dancers, Vintage Cars, T\u00eates Couronn\u00e9es, Black-Eyed Susan I et II, D\u00e9cors, Mari\u00e9es, Bob, Int\u00e9rieurs ainsi que Still Life ou All Star. On y trouve \u00e9galement des vues d&#8217;exposition et des images de sa performance Comment devient-on Michael Jackson ? pr\u00e9sent\u00e9e au Centre Pompidou en 2004.<\/p>\n","protected":false},"excerpt":{"rendered":"<p>Cet ouvrage pr\u00e9sente les travaux de Val\u00e9rie Belin r\u00e9alis\u00e9s entre 2007 et 2013, notamment les s\u00e9ries Corbeilles de Fruits, Lido, Ballroom Dancers, Vintage Cars, T\u00eates Couronn\u00e9es, Black-Eyed Susan I et II, D\u00e9cors, Mari\u00e9es, Bob, Int\u00e9rieurs ainsi que Still Life ou All Star. On y trouve \u00e9galement des vues d&#8217;exposition et des images de sa performance [&hellip;]<\/p>\n","protected":false},"featured_media":29441,"template":"","meta":[],"product_cat":[55,2948,47,2953],"product_tag":[],"acf":[],"yoast_head":"<!-- This site is optimized with the Yoast SEO plugin v20.11 - https:\/\/yoast.com\/wordpress\/plugins\/seo\/ -->\n<title>VAL\u00c9RIE BELIN - Librairie 7L<\/title>\n<meta name=\"robots\" content=\"index, follow, max-snippet:-1, max-image-preview:large, max-video-preview:-1\" \/>\n<link rel=\"canonical\" href=\"https:\/\/librairie7l.com\/en\/produit\/valerie-belin\/\" \/>\n<meta property=\"og:locale\" content=\"en_US\" \/>\n<meta property=\"og:type\" content=\"article\" \/>\n<meta property=\"og:title\" content=\"VAL\u00c9RIE BELIN - Librairie 7L\" \/>\n<meta property=\"og:description\" content=\"Cet ouvrage pr\u00e9sente les travaux de Val\u00e9rie Belin r\u00e9alis\u00e9s entre 2007 et 2013, notamment les s\u00e9ries Corbeilles de Fruits, Lido, Ballroom Dancers, Vintage Cars, T\u00eates Couronn\u00e9es, Black-Eyed Susan I et II, D\u00e9cors, Mari\u00e9es, Bob, Int\u00e9rieurs ainsi que Still Life ou All Star. On y trouve \u00e9galement des vues d&#8217;exposition et des images de sa performance [&hellip;]\" \/>\n<meta property=\"og:url\" content=\"https:\/\/librairie7l.com\/en\/produit\/valerie-belin\/\" \/>\n<meta property=\"og:site_name\" content=\"Librairie 7L\" \/>\n<meta property=\"article:modified_time\" content=\"2026-04-29T19:06:18+00:00\" \/>\n<meta property=\"og:image\" content=\"https:\/\/librairie7l.com\/wp-content\/uploads\/2017\/02\/9788862085120_1_75.jpg\" \/>\n\t<meta property=\"og:image:width\" content=\"600\" \/>\n\t<meta property=\"og:image:height\" content=\"791\" \/>\n\t<meta property=\"og:image:type\" content=\"image\/jpeg\" \/>\n<meta name=\"twitter:card\" content=\"summary_large_image\" \/>\n<script type=\"application\/ld+json\" class=\"yoast-schema-graph\">{\"@context\":\"https:\/\/schema.org\",\"@graph\":[{\"@type\":\"WebPage\",\"@id\":\"https:\/\/librairie7l.com\/en\/produit\/valerie-belin\/\",\"url\":\"https:\/\/librairie7l.com\/en\/produit\/valerie-belin\/\",\"name\":\"VAL\u00c9RIE BELIN - Librairie 7L\",\"isPartOf\":{\"@id\":\"https:\/\/librairie7l.com\/en\/#website\"},\"datePublished\":\"2023-05-10T12:04:11+00:00\",\"dateModified\":\"2026-04-29T19:06:18+00:00\",\"breadcrumb\":{\"@id\":\"https:\/\/librairie7l.com\/en\/produit\/valerie-belin\/#breadcrumb\"},\"inLanguage\":\"en-US\",\"potentialAction\":[{\"@type\":\"ReadAction\",\"target\":[\"https:\/\/librairie7l.com\/en\/produit\/valerie-belin\/\"]}]},{\"@type\":\"BreadcrumbList\",\"@id\":\"https:\/\/librairie7l.com\/en\/produit\/valerie-belin\/#breadcrumb\",\"itemListElement\":[{\"@type\":\"ListItem\",\"position\":1,\"name\":\"Accueil\",\"item\":\"https:\/\/librairie7l.com\/en\/\"},{\"@type\":\"ListItem\",\"position\":2,\"name\":\"Shop\",\"item\":\"https:\/\/librairie7l.com\/en\/shop\/\"},{\"@type\":\"ListItem\",\"position\":3,\"name\":\"VAL\u00c9RIE BELIN\"}]},{\"@type\":\"WebSite\",\"@id\":\"https:\/\/librairie7l.com\/en\/#website\",\"url\":\"https:\/\/librairie7l.com\/en\/\",\"name\":\"Librairie 7L\",\"description\":\"Librairie fond\u00e9e en 1999 par Karl Lagerfeld \u00e0 Paris\",\"publisher\":{\"@id\":\"https:\/\/librairie7l.com\/en\/#organization\"},\"potentialAction\":[{\"@type\":\"SearchAction\",\"target\":{\"@type\":\"EntryPoint\",\"urlTemplate\":\"https:\/\/librairie7l.com\/en\/?s={search_term_string}\"},\"query-input\":\"required name=search_term_string\"}],\"inLanguage\":\"en-US\"},{\"@type\":\"Organization\",\"@id\":\"https:\/\/librairie7l.com\/en\/#organization\",\"name\":\"Librairie 7L\",\"url\":\"https:\/\/librairie7l.com\/en\/\",\"logo\":{\"@type\":\"ImageObject\",\"inLanguage\":\"en-US\",\"@id\":\"https:\/\/librairie7l.com\/en\/#\/schema\/logo\/image\/\",\"url\":\"https:\/\/librairie7l.com\/wp-content\/uploads\/2022\/08\/logo-1.png\",\"contentUrl\":\"https:\/\/librairie7l.com\/wp-content\/uploads\/2022\/08\/logo-1.png\",\"width\":227,\"height\":301,\"caption\":\"Librairie 7L\"},\"image\":{\"@id\":\"https:\/\/librairie7l.com\/en\/#\/schema\/logo\/image\/\"}}]}<\/script>\n<!-- \/ Yoast SEO plugin. -->","yoast_head_json":{"title":"VAL\u00c9RIE BELIN - Librairie 7L","robots":{"index":"index","follow":"follow","max-snippet":"max-snippet:-1","max-image-preview":"max-image-preview:large","max-video-preview":"max-video-preview:-1"},"canonical":"https:\/\/librairie7l.com\/en\/produit\/valerie-belin\/","og_locale":"en_US","og_type":"article","og_title":"VAL\u00c9RIE BELIN - Librairie 7L","og_description":"Cet ouvrage pr\u00e9sente les travaux de Val\u00e9rie Belin r\u00e9alis\u00e9s entre 2007 et 2013, notamment les s\u00e9ries Corbeilles de Fruits, Lido, Ballroom Dancers, Vintage Cars, T\u00eates Couronn\u00e9es, Black-Eyed Susan I et II, D\u00e9cors, Mari\u00e9es, Bob, Int\u00e9rieurs ainsi que Still Life ou All Star. On y trouve \u00e9galement des vues d&#8217;exposition et des images de sa performance [&hellip;]","og_url":"https:\/\/librairie7l.com\/en\/produit\/valerie-belin\/","og_site_name":"Librairie 7L","article_modified_time":"2026-04-29T19:06:18+00:00","og_image":[{"width":600,"height":791,"url":"https:\/\/librairie7l.com\/wp-content\/uploads\/2017\/02\/9788862085120_1_75.jpg","type":"image\/jpeg"}],"twitter_card":"summary_large_image","schema":{"@context":"https:\/\/schema.org","@graph":[{"@type":"WebPage","@id":"https:\/\/librairie7l.com\/en\/produit\/valerie-belin\/","url":"https:\/\/librairie7l.com\/en\/produit\/valerie-belin\/","name":"VAL\u00c9RIE BELIN - Librairie 7L","isPartOf":{"@id":"https:\/\/librairie7l.com\/en\/#website"},"datePublished":"2023-05-10T12:04:11+00:00","dateModified":"2026-04-29T19:06:18+00:00","breadcrumb":{"@id":"https:\/\/librairie7l.com\/en\/produit\/valerie-belin\/#breadcrumb"},"inLanguage":"en-US","potentialAction":[{"@type":"ReadAction","target":["https:\/\/librairie7l.com\/en\/produit\/valerie-belin\/"]}]},{"@type":"BreadcrumbList","@id":"https:\/\/librairie7l.com\/en\/produit\/valerie-belin\/#breadcrumb","itemListElement":[{"@type":"ListItem","position":1,"name":"Accueil","item":"https:\/\/librairie7l.com\/en\/"},{"@type":"ListItem","position":2,"name":"Shop","item":"https:\/\/librairie7l.com\/en\/shop\/"},{"@type":"ListItem","position":3,"name":"VAL\u00c9RIE BELIN"}]},{"@type":"WebSite","@id":"https:\/\/librairie7l.com\/en\/#website","url":"https:\/\/librairie7l.com\/en\/","name":"Librairie 7L","description":"Librairie fond\u00e9e en 1999 par Karl Lagerfeld \u00e0 Paris","publisher":{"@id":"https:\/\/librairie7l.com\/en\/#organization"},"potentialAction":[{"@type":"SearchAction","target":{"@type":"EntryPoint","urlTemplate":"https:\/\/librairie7l.com\/en\/?s={search_term_string}"},"query-input":"required name=search_term_string"}],"inLanguage":"en-US"},{"@type":"Organization","@id":"https:\/\/librairie7l.com\/en\/#organization","name":"Librairie 7L","url":"https:\/\/librairie7l.com\/en\/","logo":{"@type":"ImageObject","inLanguage":"en-US","@id":"https:\/\/librairie7l.com\/en\/#\/schema\/logo\/image\/","url":"https:\/\/librairie7l.com\/wp-content\/uploads\/2022\/08\/logo-1.png","contentUrl":"https:\/\/librairie7l.com\/wp-content\/uploads\/2022\/08\/logo-1.png","width":227,"height":301,"caption":"Librairie 7L"},"image":{"@id":"https:\/\/librairie7l.com\/en\/#\/schema\/logo\/image\/"}}]}},"_links":{"self":[{"href":"https:\/\/librairie7l.com\/en\/wp-json\/wp\/v2\/product\/29443"}],"collection":[{"href":"https:\/\/librairie7l.com\/en\/wp-json\/wp\/v2\/product"}],"about":[{"href":"https:\/\/librairie7l.com\/en\/wp-json\/wp\/v2\/types\/product"}],"wp:featuredmedia":[{"embeddable":true,"href":"https:\/\/librairie7l.com\/en\/wp-json\/wp\/v2\/media\/29441"}],"wp:attachment":[{"href":"https:\/\/librairie7l.com\/en\/wp-json\/wp\/v2\/media?parent=29443"}],"wp:term":[{"taxonomy":"product_cat","embeddable":true,"href":"https:\/\/librairie7l.com\/en\/wp-json\/wp\/v2\/product_cat?post=29443"},{"taxonomy":"product_tag","embeddable":true,"href":"https:\/\/librairie7l.com\/en\/wp-json\/wp\/v2\/product_tag?post=29443"}],"curies":[{"name":"wp","href":"https:\/\/api.w.org\/{rel}","templated":true}]}}