{"id":29455,"date":"2023-05-10T14:04:25","date_gmt":"2023-05-10T12:04:25","guid":{"rendered":"https:\/\/librairie7l.com\/?post_type=product&#038;p=29455"},"modified":"2026-04-26T21:06:33","modified_gmt":"2026-04-26T19:06:33","slug":"les-insolites-formes-et-matieres-des-costumes-de-scene","status":"publish","type":"product","link":"https:\/\/librairie7l.com\/en\/produit\/les-insolites-formes-et-matieres-des-costumes-de-scene\/","title":{"rendered":"LES INSOLITES ; FORMES ET MATI\u00c8RES DES COSTUMES DE SC\u00c8NE"},"content":{"rendered":"<p>Ce livre est une invitation \u00e0 explorer l&#8217;\u00e9trange univers des costumes de sc\u00e8ne, fa\u00e7onn\u00e9s dans des mati\u00e8res bien \u00e9loign\u00e9es des brocarts, dentelles, soies et satins&#8230; Les ateliers de couture charg\u00e9s de cr\u00e9er les tenues de sc\u00e8ne se transforment tr\u00e8s souvent en laboratoire exp\u00e9rimental o\u00f9 l&#8217;imagination du d\u00e9corateur et des couturiers est libre et presque sans limite. Devenant tour \u00e0 tour alchimistes, peintres, sculpteurs, ensembliers, ces artistes et ces artisans s&#8217;ing\u00e9nient \u00e0 teinter, malaxer, br\u00fbler, lac\u00e9rer ou superposer des mati\u00e8res o\u00f9 se m\u00ealent carton, bois, m\u00e9tal, toile cir\u00e9e, rhodo\u00efd, ska\u00ef, lycra, \u00e9ponge et jute&#8230; Le caoutchouc devient armure de m\u00e9tal, le plastique cotte de maille, la ficelle et le latex se m\u00e9tamorphosent en d\u00e9licates broderies, boulons, vis et clous se muent en bijoux. Des traitements parfois rudes font oublier les textures d&#8217;origine et donnent vie \u00e0 des effets, se pr\u00eatant au jeu du r\u00eave et de l&#8217;imaginaire, au pouvoir de la suggestion et \u00e0 l&#8217;imitation d\u00e9cal\u00e9e du vrai.<\/p>\n","protected":false},"excerpt":{"rendered":"<p>Ce livre est une invitation \u00e0 explorer l&#8217;\u00e9trange univers des costumes de sc\u00e8ne, fa\u00e7onn\u00e9s dans des mati\u00e8res bien \u00e9loign\u00e9es des brocarts, dentelles, soies et satins&#8230; Les ateliers de couture charg\u00e9s de cr\u00e9er les tenues de sc\u00e8ne se transforment tr\u00e8s souvent en laboratoire exp\u00e9rimental o\u00f9 l&#8217;imagination du d\u00e9corateur et des couturiers est libre et presque sans [&hellip;]<\/p>\n","protected":false},"featured_media":29453,"template":"","meta":[],"product_cat":[55,2948,2957,19],"product_tag":[],"acf":[],"yoast_head":"<!-- This site is optimized with the Yoast SEO plugin v20.11 - https:\/\/yoast.com\/wordpress\/plugins\/seo\/ -->\n<title>LES INSOLITES ; FORMES ET MATI\u00c8RES DES COSTUMES DE SC\u00c8NE - Librairie 7L<\/title>\n<meta name=\"robots\" content=\"index, follow, max-snippet:-1, max-image-preview:large, max-video-preview:-1\" \/>\n<link rel=\"canonical\" href=\"https:\/\/librairie7l.com\/en\/produit\/les-insolites-formes-et-matieres-des-costumes-de-scene\/\" \/>\n<meta property=\"og:locale\" content=\"en_US\" \/>\n<meta property=\"og:type\" content=\"article\" \/>\n<meta property=\"og:title\" content=\"LES INSOLITES ; FORMES ET MATI\u00c8RES DES COSTUMES DE SC\u00c8NE - Librairie 7L\" \/>\n<meta property=\"og:description\" content=\"Ce livre est une invitation \u00e0 explorer l&#8217;\u00e9trange univers des costumes de sc\u00e8ne, fa\u00e7onn\u00e9s dans des mati\u00e8res bien \u00e9loign\u00e9es des brocarts, dentelles, soies et satins&#8230; Les ateliers de couture charg\u00e9s de cr\u00e9er les tenues de sc\u00e8ne se transforment tr\u00e8s souvent en laboratoire exp\u00e9rimental o\u00f9 l&#8217;imagination du d\u00e9corateur et des couturiers est libre et presque sans [&hellip;]\" \/>\n<meta property=\"og:url\" content=\"https:\/\/librairie7l.com\/en\/produit\/les-insolites-formes-et-matieres-des-costumes-de-scene\/\" \/>\n<meta property=\"og:site_name\" content=\"Librairie 7L\" \/>\n<meta property=\"article:modified_time\" content=\"2026-04-26T19:06:33+00:00\" \/>\n<meta property=\"og:image\" content=\"https:\/\/librairie7l.com\/wp-content\/uploads\/2010\/12\/9782353401017_1_75.jpg\" \/>\n\t<meta property=\"og:image:width\" content=\"662\" \/>\n\t<meta property=\"og:image:height\" content=\"834\" \/>\n\t<meta property=\"og:image:type\" content=\"image\/jpeg\" \/>\n<meta name=\"twitter:card\" content=\"summary_large_image\" \/>\n<meta name=\"twitter:label1\" content=\"Est. reading time\" \/>\n\t<meta name=\"twitter:data1\" content=\"1 minute\" \/>\n<script type=\"application\/ld+json\" class=\"yoast-schema-graph\">{\"@context\":\"https:\/\/schema.org\",\"@graph\":[{\"@type\":\"WebPage\",\"@id\":\"https:\/\/librairie7l.com\/en\/produit\/les-insolites-formes-et-matieres-des-costumes-de-scene\/\",\"url\":\"https:\/\/librairie7l.com\/en\/produit\/les-insolites-formes-et-matieres-des-costumes-de-scene\/\",\"name\":\"LES INSOLITES ; FORMES ET MATI\u00c8RES DES COSTUMES DE SC\u00c8NE - Librairie 7L\",\"isPartOf\":{\"@id\":\"https:\/\/librairie7l.com\/en\/#website\"},\"datePublished\":\"2023-05-10T12:04:25+00:00\",\"dateModified\":\"2026-04-26T19:06:33+00:00\",\"breadcrumb\":{\"@id\":\"https:\/\/librairie7l.com\/en\/produit\/les-insolites-formes-et-matieres-des-costumes-de-scene\/#breadcrumb\"},\"inLanguage\":\"en-US\",\"potentialAction\":[{\"@type\":\"ReadAction\",\"target\":[\"https:\/\/librairie7l.com\/en\/produit\/les-insolites-formes-et-matieres-des-costumes-de-scene\/\"]}]},{\"@type\":\"BreadcrumbList\",\"@id\":\"https:\/\/librairie7l.com\/en\/produit\/les-insolites-formes-et-matieres-des-costumes-de-scene\/#breadcrumb\",\"itemListElement\":[{\"@type\":\"ListItem\",\"position\":1,\"name\":\"Accueil\",\"item\":\"https:\/\/librairie7l.com\/en\/\"},{\"@type\":\"ListItem\",\"position\":2,\"name\":\"Shop\",\"item\":\"https:\/\/librairie7l.com\/en\/shop\/\"},{\"@type\":\"ListItem\",\"position\":3,\"name\":\"LES INSOLITES ; FORMES ET MATI\u00c8RES DES COSTUMES DE SC\u00c8NE\"}]},{\"@type\":\"WebSite\",\"@id\":\"https:\/\/librairie7l.com\/en\/#website\",\"url\":\"https:\/\/librairie7l.com\/en\/\",\"name\":\"Librairie 7L\",\"description\":\"Librairie fond\u00e9e en 1999 par Karl Lagerfeld \u00e0 Paris\",\"publisher\":{\"@id\":\"https:\/\/librairie7l.com\/en\/#organization\"},\"potentialAction\":[{\"@type\":\"SearchAction\",\"target\":{\"@type\":\"EntryPoint\",\"urlTemplate\":\"https:\/\/librairie7l.com\/en\/?s={search_term_string}\"},\"query-input\":\"required name=search_term_string\"}],\"inLanguage\":\"en-US\"},{\"@type\":\"Organization\",\"@id\":\"https:\/\/librairie7l.com\/en\/#organization\",\"name\":\"Librairie 7L\",\"url\":\"https:\/\/librairie7l.com\/en\/\",\"logo\":{\"@type\":\"ImageObject\",\"inLanguage\":\"en-US\",\"@id\":\"https:\/\/librairie7l.com\/en\/#\/schema\/logo\/image\/\",\"url\":\"https:\/\/librairie7l.com\/wp-content\/uploads\/2022\/08\/logo-1.png\",\"contentUrl\":\"https:\/\/librairie7l.com\/wp-content\/uploads\/2022\/08\/logo-1.png\",\"width\":227,\"height\":301,\"caption\":\"Librairie 7L\"},\"image\":{\"@id\":\"https:\/\/librairie7l.com\/en\/#\/schema\/logo\/image\/\"}}]}<\/script>\n<!-- \/ Yoast SEO plugin. -->","yoast_head_json":{"title":"LES INSOLITES ; FORMES ET MATI\u00c8RES DES COSTUMES DE SC\u00c8NE - Librairie 7L","robots":{"index":"index","follow":"follow","max-snippet":"max-snippet:-1","max-image-preview":"max-image-preview:large","max-video-preview":"max-video-preview:-1"},"canonical":"https:\/\/librairie7l.com\/en\/produit\/les-insolites-formes-et-matieres-des-costumes-de-scene\/","og_locale":"en_US","og_type":"article","og_title":"LES INSOLITES ; FORMES ET MATI\u00c8RES DES COSTUMES DE SC\u00c8NE - Librairie 7L","og_description":"Ce livre est une invitation \u00e0 explorer l&#8217;\u00e9trange univers des costumes de sc\u00e8ne, fa\u00e7onn\u00e9s dans des mati\u00e8res bien \u00e9loign\u00e9es des brocarts, dentelles, soies et satins&#8230; Les ateliers de couture charg\u00e9s de cr\u00e9er les tenues de sc\u00e8ne se transforment tr\u00e8s souvent en laboratoire exp\u00e9rimental o\u00f9 l&#8217;imagination du d\u00e9corateur et des couturiers est libre et presque sans [&hellip;]","og_url":"https:\/\/librairie7l.com\/en\/produit\/les-insolites-formes-et-matieres-des-costumes-de-scene\/","og_site_name":"Librairie 7L","article_modified_time":"2026-04-26T19:06:33+00:00","og_image":[{"width":662,"height":834,"url":"https:\/\/librairie7l.com\/wp-content\/uploads\/2010\/12\/9782353401017_1_75.jpg","type":"image\/jpeg"}],"twitter_card":"summary_large_image","twitter_misc":{"Est. reading time":"1 minute"},"schema":{"@context":"https:\/\/schema.org","@graph":[{"@type":"WebPage","@id":"https:\/\/librairie7l.com\/en\/produit\/les-insolites-formes-et-matieres-des-costumes-de-scene\/","url":"https:\/\/librairie7l.com\/en\/produit\/les-insolites-formes-et-matieres-des-costumes-de-scene\/","name":"LES INSOLITES ; FORMES ET MATI\u00c8RES DES COSTUMES DE SC\u00c8NE - Librairie 7L","isPartOf":{"@id":"https:\/\/librairie7l.com\/en\/#website"},"datePublished":"2023-05-10T12:04:25+00:00","dateModified":"2026-04-26T19:06:33+00:00","breadcrumb":{"@id":"https:\/\/librairie7l.com\/en\/produit\/les-insolites-formes-et-matieres-des-costumes-de-scene\/#breadcrumb"},"inLanguage":"en-US","potentialAction":[{"@type":"ReadAction","target":["https:\/\/librairie7l.com\/en\/produit\/les-insolites-formes-et-matieres-des-costumes-de-scene\/"]}]},{"@type":"BreadcrumbList","@id":"https:\/\/librairie7l.com\/en\/produit\/les-insolites-formes-et-matieres-des-costumes-de-scene\/#breadcrumb","itemListElement":[{"@type":"ListItem","position":1,"name":"Accueil","item":"https:\/\/librairie7l.com\/en\/"},{"@type":"ListItem","position":2,"name":"Shop","item":"https:\/\/librairie7l.com\/en\/shop\/"},{"@type":"ListItem","position":3,"name":"LES INSOLITES ; FORMES ET MATI\u00c8RES DES COSTUMES DE SC\u00c8NE"}]},{"@type":"WebSite","@id":"https:\/\/librairie7l.com\/en\/#website","url":"https:\/\/librairie7l.com\/en\/","name":"Librairie 7L","description":"Librairie fond\u00e9e en 1999 par Karl Lagerfeld \u00e0 Paris","publisher":{"@id":"https:\/\/librairie7l.com\/en\/#organization"},"potentialAction":[{"@type":"SearchAction","target":{"@type":"EntryPoint","urlTemplate":"https:\/\/librairie7l.com\/en\/?s={search_term_string}"},"query-input":"required name=search_term_string"}],"inLanguage":"en-US"},{"@type":"Organization","@id":"https:\/\/librairie7l.com\/en\/#organization","name":"Librairie 7L","url":"https:\/\/librairie7l.com\/en\/","logo":{"@type":"ImageObject","inLanguage":"en-US","@id":"https:\/\/librairie7l.com\/en\/#\/schema\/logo\/image\/","url":"https:\/\/librairie7l.com\/wp-content\/uploads\/2022\/08\/logo-1.png","contentUrl":"https:\/\/librairie7l.com\/wp-content\/uploads\/2022\/08\/logo-1.png","width":227,"height":301,"caption":"Librairie 7L"},"image":{"@id":"https:\/\/librairie7l.com\/en\/#\/schema\/logo\/image\/"}}]}},"_links":{"self":[{"href":"https:\/\/librairie7l.com\/en\/wp-json\/wp\/v2\/product\/29455"}],"collection":[{"href":"https:\/\/librairie7l.com\/en\/wp-json\/wp\/v2\/product"}],"about":[{"href":"https:\/\/librairie7l.com\/en\/wp-json\/wp\/v2\/types\/product"}],"wp:featuredmedia":[{"embeddable":true,"href":"https:\/\/librairie7l.com\/en\/wp-json\/wp\/v2\/media\/29453"}],"wp:attachment":[{"href":"https:\/\/librairie7l.com\/en\/wp-json\/wp\/v2\/media?parent=29455"}],"wp:term":[{"taxonomy":"product_cat","embeddable":true,"href":"https:\/\/librairie7l.com\/en\/wp-json\/wp\/v2\/product_cat?post=29455"},{"taxonomy":"product_tag","embeddable":true,"href":"https:\/\/librairie7l.com\/en\/wp-json\/wp\/v2\/product_tag?post=29455"}],"curies":[{"name":"wp","href":"https:\/\/api.w.org\/{rel}","templated":true}]}}