{"id":29463,"date":"2023-05-10T14:04:33","date_gmt":"2023-05-10T12:04:33","guid":{"rendered":"https:\/\/librairie7l.com\/?post_type=product&#038;p=29463"},"modified":"2026-04-21T08:05:56","modified_gmt":"2026-04-21T06:05:56","slug":"la-maison-worth-naissance-de-la-haute-couture-1858-1954","status":"publish","type":"product","link":"https:\/\/librairie7l.com\/en\/produit\/la-maison-worth-naissance-de-la-haute-couture-1858-1954\/","title":{"rendered":"LA MAISON WORTH ; NAISSANCE DE LA HAUTE COUTURE ; 1858-1954"},"content":{"rendered":"<p>&#8211; Cet ouvrage retrace le parcours de Charles Frederick Worth, un homme visionnaire, aujourd&#8217;hui universellement reconnu comme le p\u00e8re de la haute couture.<\/p>\n<p> &#8211; A ce jour, c&#8217;est la premi\u00e8re monographie \u00e9crite en fran\u00e7ais &#8211; dont l&#8217;une des auteurs est descendante du grand couturier &#8211; sur l&#8217;histoire de Worth et de ses successeurs.<br \/>\nCet ouvrage retrace le parcours de Charles Frederick Worth, un homme visionnaire. Cet Anglais, arriv\u00e9 jeune \u00e0 Paris, qui ose se lancer dans la mode f\u00e9minine, et qui aujourd&#8217;hui est universellement reconnu comme le p\u00e8re de la haute couture. Il a contribu\u00e9 \u00e0 faire de Paris la capitale mondiale de la mode. Ses descendants ne d\u00e9mentirent pas sa r\u00e9putation, et cela sur pr\u00e8s de quatre g\u00e9n\u00e9rations ! Ainsi Charles Frederick et son \u00e9pouse Marie, Gaston et Jean-Philippe leurs fils, Jacques et Jean-Charles les fils de Gaston, Maurice et Roger les fils de Jacques, toujours en bin\u00f4me, ont forg\u00e9, gr\u00e2ce \u00e0 des cr\u00e9ations fortes, le succ\u00e8s du nom et la p\u00e9rennit\u00e9 de cette grande maison, pendant pr\u00e8s d&#8217;un si\u00e8cle.<\/p>\n<p> Ce magnifique ouvrage pr\u00e9sente sous un angle in\u00e9dit une saga familiale faite de mode, de parfum, d&#8217;architecture et d&#8217;histoire, la grande et la petite, gr\u00e2ce \u00e0 des sources jamais exploit\u00e9es \u00e0 ce jour (archives familiales, objets personnels, robes et accessoires, flacons de parfum&#8230;) ainsi que des sources conserv\u00e9es dans les mus\u00e9es les plus prestigieux, aux quatre coins du monde.<\/p>\n<p> A ce jour, c&#8217;est la premi\u00e8re monographie \u00e9crite en fran\u00e7ais &#8211; dont l&#8217;une des auteurs est descendante du grand couturier &#8211; sur l&#8217;histoire de Worth.<\/p>\n<p> Les auteurs ont sollicit\u00e9 des intervenants de grand talent, qui par leur texte apportent un \u00e9clairage original et pr\u00e9cieux : Christian Lacroix pour la pr\u00e9face, Laure Chabanne, conservateur au mus\u00e9e de Compi\u00e8gne, Carole Damour, charg\u00e9e de conservation chez Tassinari et Chatel, Philippe Thi\u00e9baut, conseiller \u00e0 l&#8217;INHA (Institut National de l&#8217;Histoire de l&#8217;Art), Nadja Swarovski, membre du comit\u00e9 ex\u00e9cutif de Swarovski, Nathalie Gaillard, directrice du mus\u00e9e d&#8217;Argenton-sur-Creuse, Jacqueline Durran, cr\u00e9atrice de costumes.<\/p>\n<p> Obtenir et Tenir, la devise ch\u00e8re \u00e0 Charles Frederick Worth a ainsi forg\u00e9, dans le sillage de l&#8217;\u00e9l\u00e9gance, le destin et l&#8217;esprit de cette maison, que nous racontent quatre auteurs : Chantal Trubert-Tollu, arri\u00e8re-arri\u00e8re-petite-fille de Charles Frederick Worth, a men\u00e9 toute sa carri\u00e8re dans l&#8217;univers du parfum, Francoise T\u00e9tart-Vittu, historienne du costume, ancienne responsable du Cabinet des Estampes du Mus\u00e9e Galliera, Jean-Marie Martin-Hattemberg, sp\u00e9cialiste du patrimoine industriel et artistique de la parfumerie du XX\u00e8me si\u00e8cle, et Fabrice Olivieri, titulaire d&#8217;un DESS Mode et Cr\u00e9ation -Universit\u00e9 de la Mode de Lyon II, fondateur de Parfumologie, cr\u00e9ateur de parfum.<\/p>\n<p> Ce somptueux ouvrage \u00e0 l&#8217;iconographie souvent in\u00e9dite et dont la lecture satisfera les amateurs du monde de la mode les plus exigeants est aussi une merveilleuse source d&#8217;inspiration.<\/p>\n","protected":false},"excerpt":{"rendered":"<p>&#8211; Cet ouvrage retrace le parcours de Charles Frederick Worth, un homme visionnaire, aujourd&#8217;hui universellement reconnu comme le p\u00e8re de la haute couture. &#8211; A ce jour, c&#8217;est la premi\u00e8re monographie \u00e9crite en fran\u00e7ais &#8211; dont l&#8217;une des auteurs est descendante du grand couturier &#8211; sur l&#8217;histoire de Worth et de ses successeurs. Cet ouvrage [&hellip;]<\/p>\n","protected":false},"featured_media":29461,"template":"","meta":[],"product_cat":[55,2948,2957,19],"product_tag":[],"acf":[],"yoast_head":"<!-- This site is optimized with the Yoast SEO plugin v20.11 - https:\/\/yoast.com\/wordpress\/plugins\/seo\/ -->\n<title>LA MAISON WORTH ; NAISSANCE DE LA HAUTE COUTURE ; 1858-1954 - Librairie 7L<\/title>\n<meta name=\"robots\" content=\"index, follow, max-snippet:-1, max-image-preview:large, max-video-preview:-1\" \/>\n<link rel=\"canonical\" href=\"https:\/\/librairie7l.com\/en\/produit\/la-maison-worth-naissance-de-la-haute-couture-1858-1954\/\" \/>\n<meta property=\"og:locale\" content=\"en_US\" \/>\n<meta property=\"og:type\" content=\"article\" \/>\n<meta property=\"og:title\" content=\"LA MAISON WORTH ; NAISSANCE DE LA HAUTE COUTURE ; 1858-1954 - Librairie 7L\" \/>\n<meta property=\"og:description\" content=\"&#8211; Cet ouvrage retrace le parcours de Charles Frederick Worth, un homme visionnaire, aujourd&#8217;hui universellement reconnu comme le p\u00e8re de la haute couture. &#8211; A ce jour, c&#8217;est la premi\u00e8re monographie \u00e9crite en fran\u00e7ais &#8211; dont l&#8217;une des auteurs est descendante du grand couturier &#8211; sur l&#8217;histoire de Worth et de ses successeurs. Cet ouvrage [&hellip;]\" \/>\n<meta property=\"og:url\" content=\"https:\/\/librairie7l.com\/en\/produit\/la-maison-worth-naissance-de-la-haute-couture-1858-1954\/\" \/>\n<meta property=\"og:site_name\" content=\"Librairie 7L\" \/>\n<meta property=\"article:modified_time\" content=\"2026-04-21T06:05:56+00:00\" \/>\n<meta property=\"og:image\" content=\"https:\/\/librairie7l.com\/wp-content\/uploads\/2017\/06\/9782884532105_1_75.jpg\" \/>\n\t<meta property=\"og:image:width\" content=\"400\" \/>\n\t<meta property=\"og:image:height\" content=\"522\" \/>\n\t<meta property=\"og:image:type\" content=\"image\/jpeg\" \/>\n<meta name=\"twitter:card\" content=\"summary_large_image\" \/>\n<meta name=\"twitter:label1\" content=\"Est. reading time\" \/>\n\t<meta name=\"twitter:data1\" content=\"2 minutes\" \/>\n<script type=\"application\/ld+json\" class=\"yoast-schema-graph\">{\"@context\":\"https:\/\/schema.org\",\"@graph\":[{\"@type\":\"WebPage\",\"@id\":\"https:\/\/librairie7l.com\/en\/produit\/la-maison-worth-naissance-de-la-haute-couture-1858-1954\/\",\"url\":\"https:\/\/librairie7l.com\/en\/produit\/la-maison-worth-naissance-de-la-haute-couture-1858-1954\/\",\"name\":\"LA MAISON WORTH ; NAISSANCE DE LA HAUTE COUTURE ; 1858-1954 - Librairie 7L\",\"isPartOf\":{\"@id\":\"https:\/\/librairie7l.com\/en\/#website\"},\"datePublished\":\"2023-05-10T12:04:33+00:00\",\"dateModified\":\"2026-04-21T06:05:56+00:00\",\"breadcrumb\":{\"@id\":\"https:\/\/librairie7l.com\/en\/produit\/la-maison-worth-naissance-de-la-haute-couture-1858-1954\/#breadcrumb\"},\"inLanguage\":\"en-US\",\"potentialAction\":[{\"@type\":\"ReadAction\",\"target\":[\"https:\/\/librairie7l.com\/en\/produit\/la-maison-worth-naissance-de-la-haute-couture-1858-1954\/\"]}]},{\"@type\":\"BreadcrumbList\",\"@id\":\"https:\/\/librairie7l.com\/en\/produit\/la-maison-worth-naissance-de-la-haute-couture-1858-1954\/#breadcrumb\",\"itemListElement\":[{\"@type\":\"ListItem\",\"position\":1,\"name\":\"Accueil\",\"item\":\"https:\/\/librairie7l.com\/en\/\"},{\"@type\":\"ListItem\",\"position\":2,\"name\":\"Shop\",\"item\":\"https:\/\/librairie7l.com\/en\/shop\/\"},{\"@type\":\"ListItem\",\"position\":3,\"name\":\"LA MAISON WORTH ; NAISSANCE DE LA HAUTE COUTURE ; 1858-1954\"}]},{\"@type\":\"WebSite\",\"@id\":\"https:\/\/librairie7l.com\/en\/#website\",\"url\":\"https:\/\/librairie7l.com\/en\/\",\"name\":\"Librairie 7L\",\"description\":\"Librairie fond\u00e9e en 1999 par Karl Lagerfeld \u00e0 Paris\",\"publisher\":{\"@id\":\"https:\/\/librairie7l.com\/en\/#organization\"},\"potentialAction\":[{\"@type\":\"SearchAction\",\"target\":{\"@type\":\"EntryPoint\",\"urlTemplate\":\"https:\/\/librairie7l.com\/en\/?s={search_term_string}\"},\"query-input\":\"required name=search_term_string\"}],\"inLanguage\":\"en-US\"},{\"@type\":\"Organization\",\"@id\":\"https:\/\/librairie7l.com\/en\/#organization\",\"name\":\"Librairie 7L\",\"url\":\"https:\/\/librairie7l.com\/en\/\",\"logo\":{\"@type\":\"ImageObject\",\"inLanguage\":\"en-US\",\"@id\":\"https:\/\/librairie7l.com\/en\/#\/schema\/logo\/image\/\",\"url\":\"https:\/\/librairie7l.com\/wp-content\/uploads\/2022\/08\/logo-1.png\",\"contentUrl\":\"https:\/\/librairie7l.com\/wp-content\/uploads\/2022\/08\/logo-1.png\",\"width\":227,\"height\":301,\"caption\":\"Librairie 7L\"},\"image\":{\"@id\":\"https:\/\/librairie7l.com\/en\/#\/schema\/logo\/image\/\"}}]}<\/script>\n<!-- \/ Yoast SEO plugin. -->","yoast_head_json":{"title":"LA MAISON WORTH ; NAISSANCE DE LA HAUTE COUTURE ; 1858-1954 - Librairie 7L","robots":{"index":"index","follow":"follow","max-snippet":"max-snippet:-1","max-image-preview":"max-image-preview:large","max-video-preview":"max-video-preview:-1"},"canonical":"https:\/\/librairie7l.com\/en\/produit\/la-maison-worth-naissance-de-la-haute-couture-1858-1954\/","og_locale":"en_US","og_type":"article","og_title":"LA MAISON WORTH ; NAISSANCE DE LA HAUTE COUTURE ; 1858-1954 - Librairie 7L","og_description":"&#8211; Cet ouvrage retrace le parcours de Charles Frederick Worth, un homme visionnaire, aujourd&#8217;hui universellement reconnu comme le p\u00e8re de la haute couture. &#8211; A ce jour, c&#8217;est la premi\u00e8re monographie \u00e9crite en fran\u00e7ais &#8211; dont l&#8217;une des auteurs est descendante du grand couturier &#8211; sur l&#8217;histoire de Worth et de ses successeurs. Cet ouvrage [&hellip;]","og_url":"https:\/\/librairie7l.com\/en\/produit\/la-maison-worth-naissance-de-la-haute-couture-1858-1954\/","og_site_name":"Librairie 7L","article_modified_time":"2026-04-21T06:05:56+00:00","og_image":[{"width":400,"height":522,"url":"https:\/\/librairie7l.com\/wp-content\/uploads\/2017\/06\/9782884532105_1_75.jpg","type":"image\/jpeg"}],"twitter_card":"summary_large_image","twitter_misc":{"Est. reading time":"2 minutes"},"schema":{"@context":"https:\/\/schema.org","@graph":[{"@type":"WebPage","@id":"https:\/\/librairie7l.com\/en\/produit\/la-maison-worth-naissance-de-la-haute-couture-1858-1954\/","url":"https:\/\/librairie7l.com\/en\/produit\/la-maison-worth-naissance-de-la-haute-couture-1858-1954\/","name":"LA MAISON WORTH ; NAISSANCE DE LA HAUTE COUTURE ; 1858-1954 - Librairie 7L","isPartOf":{"@id":"https:\/\/librairie7l.com\/en\/#website"},"datePublished":"2023-05-10T12:04:33+00:00","dateModified":"2026-04-21T06:05:56+00:00","breadcrumb":{"@id":"https:\/\/librairie7l.com\/en\/produit\/la-maison-worth-naissance-de-la-haute-couture-1858-1954\/#breadcrumb"},"inLanguage":"en-US","potentialAction":[{"@type":"ReadAction","target":["https:\/\/librairie7l.com\/en\/produit\/la-maison-worth-naissance-de-la-haute-couture-1858-1954\/"]}]},{"@type":"BreadcrumbList","@id":"https:\/\/librairie7l.com\/en\/produit\/la-maison-worth-naissance-de-la-haute-couture-1858-1954\/#breadcrumb","itemListElement":[{"@type":"ListItem","position":1,"name":"Accueil","item":"https:\/\/librairie7l.com\/en\/"},{"@type":"ListItem","position":2,"name":"Shop","item":"https:\/\/librairie7l.com\/en\/shop\/"},{"@type":"ListItem","position":3,"name":"LA MAISON WORTH ; NAISSANCE DE LA HAUTE COUTURE ; 1858-1954"}]},{"@type":"WebSite","@id":"https:\/\/librairie7l.com\/en\/#website","url":"https:\/\/librairie7l.com\/en\/","name":"Librairie 7L","description":"Librairie fond\u00e9e en 1999 par Karl Lagerfeld \u00e0 Paris","publisher":{"@id":"https:\/\/librairie7l.com\/en\/#organization"},"potentialAction":[{"@type":"SearchAction","target":{"@type":"EntryPoint","urlTemplate":"https:\/\/librairie7l.com\/en\/?s={search_term_string}"},"query-input":"required name=search_term_string"}],"inLanguage":"en-US"},{"@type":"Organization","@id":"https:\/\/librairie7l.com\/en\/#organization","name":"Librairie 7L","url":"https:\/\/librairie7l.com\/en\/","logo":{"@type":"ImageObject","inLanguage":"en-US","@id":"https:\/\/librairie7l.com\/en\/#\/schema\/logo\/image\/","url":"https:\/\/librairie7l.com\/wp-content\/uploads\/2022\/08\/logo-1.png","contentUrl":"https:\/\/librairie7l.com\/wp-content\/uploads\/2022\/08\/logo-1.png","width":227,"height":301,"caption":"Librairie 7L"},"image":{"@id":"https:\/\/librairie7l.com\/en\/#\/schema\/logo\/image\/"}}]}},"_links":{"self":[{"href":"https:\/\/librairie7l.com\/en\/wp-json\/wp\/v2\/product\/29463"}],"collection":[{"href":"https:\/\/librairie7l.com\/en\/wp-json\/wp\/v2\/product"}],"about":[{"href":"https:\/\/librairie7l.com\/en\/wp-json\/wp\/v2\/types\/product"}],"wp:featuredmedia":[{"embeddable":true,"href":"https:\/\/librairie7l.com\/en\/wp-json\/wp\/v2\/media\/29461"}],"wp:attachment":[{"href":"https:\/\/librairie7l.com\/en\/wp-json\/wp\/v2\/media?parent=29463"}],"wp:term":[{"taxonomy":"product_cat","embeddable":true,"href":"https:\/\/librairie7l.com\/en\/wp-json\/wp\/v2\/product_cat?post=29463"},{"taxonomy":"product_tag","embeddable":true,"href":"https:\/\/librairie7l.com\/en\/wp-json\/wp\/v2\/product_tag?post=29463"}],"curies":[{"name":"wp","href":"https:\/\/api.w.org\/{rel}","templated":true}]}}