{"id":29487,"date":"2023-05-10T14:05:20","date_gmt":"2023-05-10T12:05:20","guid":{"rendered":"https:\/\/librairie7l.com\/?post_type=product&#038;p=29487"},"modified":"2026-04-15T05:54:30","modified_gmt":"2026-04-15T03:54:30","slug":"luxe-et-retail-a-lere-du-digital","status":"publish","type":"product","link":"https:\/\/librairie7l.com\/en\/produit\/luxe-et-retail-a-lere-du-digital\/","title":{"rendered":"LUXE ET RETAIL \u00c0 L&#8217;\u00c8RE DU DIGITAL"},"content":{"rendered":"<p>Dans leurs magasins, les marques de luxe d\u00e9veloppent depuis toujours la relation qui les lie \u00e0 leurs clients, en offrant l&#8217;exp\u00e9rience d&#8217;un produit de haute qualit\u00e9 et d&#8217;un service client hors du commun. En adaptant \u00e0 leurs besoins les outils du marketing, de la gestion et des ressources humaines, elles pr\u00e9sentent une rentabilit\u00e9 exceptionnelle qui leur permet de se d\u00e9velopper et de r\u00e9sister aux crises.<br \/>\n\u00a0 Comment choisir le bon mod\u00e8le \u00e9conomique pour ses boutiques ?Comment choisir l&#8217;emplacement le plus adapt\u00e9 \u00e0 sa client\u00e8le ?Comment assurer la coh\u00e9rence entre le concept du point de vente et la vision de la marque ?En magasin, comment entretenir une relation privil\u00e9gi\u00e9e avec les clients afin de les fid\u00e9liser ?Comment garantir que la promesse du produit de luxe soit tenue sur le point de vente comme sur internet ?Du marketing \u00e0 la vente, en passant par la supply chain et le mod\u00e8le de distribution, cette 2e \u00e9dition met l&#8217;accent sur les\u00a0 m\u00e9dias sociaux, l&#8217;e-commerce et les liens entre le on et le off.<\/p>\n","protected":false},"excerpt":{"rendered":"<p>Dans leurs magasins, les marques de luxe d\u00e9veloppent depuis toujours la relation qui les lie \u00e0 leurs clients, en offrant l&#8217;exp\u00e9rience d&#8217;un produit de haute qualit\u00e9 et d&#8217;un service client hors du commun. En adaptant \u00e0 leurs besoins les outils du marketing, de la gestion et des ressources humaines, elles pr\u00e9sentent une rentabilit\u00e9 exceptionnelle qui [&hellip;]<\/p>\n","protected":false},"featured_media":29485,"template":"","meta":[],"product_cat":[55,2948,2957,19],"product_tag":[],"acf":[],"yoast_head":"<!-- This site is optimized with the Yoast SEO plugin v20.11 - https:\/\/yoast.com\/wordpress\/plugins\/seo\/ -->\n<title>LUXE ET RETAIL \u00c0 L&#039;\u00c8RE DU DIGITAL - Librairie 7L<\/title>\n<meta name=\"robots\" content=\"index, follow, max-snippet:-1, max-image-preview:large, max-video-preview:-1\" \/>\n<link rel=\"canonical\" href=\"https:\/\/librairie7l.com\/en\/produit\/luxe-et-retail-a-lere-du-digital\/\" \/>\n<meta property=\"og:locale\" content=\"en_US\" \/>\n<meta property=\"og:type\" content=\"article\" \/>\n<meta property=\"og:title\" content=\"LUXE ET RETAIL \u00c0 L&#039;\u00c8RE DU DIGITAL - Librairie 7L\" \/>\n<meta property=\"og:description\" content=\"Dans leurs magasins, les marques de luxe d\u00e9veloppent depuis toujours la relation qui les lie \u00e0 leurs clients, en offrant l&#8217;exp\u00e9rience d&#8217;un produit de haute qualit\u00e9 et d&#8217;un service client hors du commun. En adaptant \u00e0 leurs besoins les outils du marketing, de la gestion et des ressources humaines, elles pr\u00e9sentent une rentabilit\u00e9 exceptionnelle qui [&hellip;]\" \/>\n<meta property=\"og:url\" content=\"https:\/\/librairie7l.com\/en\/produit\/luxe-et-retail-a-lere-du-digital\/\" \/>\n<meta property=\"og:site_name\" content=\"Librairie 7L\" \/>\n<meta property=\"article:modified_time\" content=\"2026-04-15T03:54:30+00:00\" \/>\n<meta property=\"og:image\" content=\"https:\/\/librairie7l.com\/wp-content\/uploads\/2019\/01\/9782100793648_1_75.jpg\" \/>\n\t<meta property=\"og:image:width\" content=\"600\" \/>\n\t<meta property=\"og:image:height\" content=\"830\" \/>\n\t<meta property=\"og:image:type\" content=\"image\/jpeg\" \/>\n<meta name=\"twitter:card\" content=\"summary_large_image\" \/>\n<meta name=\"twitter:label1\" content=\"Est. reading time\" \/>\n\t<meta name=\"twitter:data1\" content=\"1 minute\" \/>\n<script type=\"application\/ld+json\" class=\"yoast-schema-graph\">{\"@context\":\"https:\/\/schema.org\",\"@graph\":[{\"@type\":\"WebPage\",\"@id\":\"https:\/\/librairie7l.com\/en\/produit\/luxe-et-retail-a-lere-du-digital\/\",\"url\":\"https:\/\/librairie7l.com\/en\/produit\/luxe-et-retail-a-lere-du-digital\/\",\"name\":\"LUXE ET RETAIL \u00c0 L'\u00c8RE DU DIGITAL - Librairie 7L\",\"isPartOf\":{\"@id\":\"https:\/\/librairie7l.com\/en\/#website\"},\"datePublished\":\"2023-05-10T12:05:20+00:00\",\"dateModified\":\"2026-04-15T03:54:30+00:00\",\"breadcrumb\":{\"@id\":\"https:\/\/librairie7l.com\/en\/produit\/luxe-et-retail-a-lere-du-digital\/#breadcrumb\"},\"inLanguage\":\"en-US\",\"potentialAction\":[{\"@type\":\"ReadAction\",\"target\":[\"https:\/\/librairie7l.com\/en\/produit\/luxe-et-retail-a-lere-du-digital\/\"]}]},{\"@type\":\"BreadcrumbList\",\"@id\":\"https:\/\/librairie7l.com\/en\/produit\/luxe-et-retail-a-lere-du-digital\/#breadcrumb\",\"itemListElement\":[{\"@type\":\"ListItem\",\"position\":1,\"name\":\"Accueil\",\"item\":\"https:\/\/librairie7l.com\/en\/\"},{\"@type\":\"ListItem\",\"position\":2,\"name\":\"Shop\",\"item\":\"https:\/\/librairie7l.com\/en\/shop\/\"},{\"@type\":\"ListItem\",\"position\":3,\"name\":\"LUXE ET RETAIL \u00c0 L&#8217;\u00c8RE DU DIGITAL\"}]},{\"@type\":\"WebSite\",\"@id\":\"https:\/\/librairie7l.com\/en\/#website\",\"url\":\"https:\/\/librairie7l.com\/en\/\",\"name\":\"Librairie 7L\",\"description\":\"Librairie fond\u00e9e en 1999 par Karl Lagerfeld \u00e0 Paris\",\"publisher\":{\"@id\":\"https:\/\/librairie7l.com\/en\/#organization\"},\"potentialAction\":[{\"@type\":\"SearchAction\",\"target\":{\"@type\":\"EntryPoint\",\"urlTemplate\":\"https:\/\/librairie7l.com\/en\/?s={search_term_string}\"},\"query-input\":\"required name=search_term_string\"}],\"inLanguage\":\"en-US\"},{\"@type\":\"Organization\",\"@id\":\"https:\/\/librairie7l.com\/en\/#organization\",\"name\":\"Librairie 7L\",\"url\":\"https:\/\/librairie7l.com\/en\/\",\"logo\":{\"@type\":\"ImageObject\",\"inLanguage\":\"en-US\",\"@id\":\"https:\/\/librairie7l.com\/en\/#\/schema\/logo\/image\/\",\"url\":\"https:\/\/librairie7l.com\/wp-content\/uploads\/2022\/08\/logo-1.png\",\"contentUrl\":\"https:\/\/librairie7l.com\/wp-content\/uploads\/2022\/08\/logo-1.png\",\"width\":227,\"height\":301,\"caption\":\"Librairie 7L\"},\"image\":{\"@id\":\"https:\/\/librairie7l.com\/en\/#\/schema\/logo\/image\/\"}}]}<\/script>\n<!-- \/ Yoast SEO plugin. -->","yoast_head_json":{"title":"LUXE ET RETAIL \u00c0 L'\u00c8RE DU DIGITAL - Librairie 7L","robots":{"index":"index","follow":"follow","max-snippet":"max-snippet:-1","max-image-preview":"max-image-preview:large","max-video-preview":"max-video-preview:-1"},"canonical":"https:\/\/librairie7l.com\/en\/produit\/luxe-et-retail-a-lere-du-digital\/","og_locale":"en_US","og_type":"article","og_title":"LUXE ET RETAIL \u00c0 L'\u00c8RE DU DIGITAL - Librairie 7L","og_description":"Dans leurs magasins, les marques de luxe d\u00e9veloppent depuis toujours la relation qui les lie \u00e0 leurs clients, en offrant l&#8217;exp\u00e9rience d&#8217;un produit de haute qualit\u00e9 et d&#8217;un service client hors du commun. En adaptant \u00e0 leurs besoins les outils du marketing, de la gestion et des ressources humaines, elles pr\u00e9sentent une rentabilit\u00e9 exceptionnelle qui [&hellip;]","og_url":"https:\/\/librairie7l.com\/en\/produit\/luxe-et-retail-a-lere-du-digital\/","og_site_name":"Librairie 7L","article_modified_time":"2026-04-15T03:54:30+00:00","og_image":[{"width":600,"height":830,"url":"https:\/\/librairie7l.com\/wp-content\/uploads\/2019\/01\/9782100793648_1_75.jpg","type":"image\/jpeg"}],"twitter_card":"summary_large_image","twitter_misc":{"Est. reading time":"1 minute"},"schema":{"@context":"https:\/\/schema.org","@graph":[{"@type":"WebPage","@id":"https:\/\/librairie7l.com\/en\/produit\/luxe-et-retail-a-lere-du-digital\/","url":"https:\/\/librairie7l.com\/en\/produit\/luxe-et-retail-a-lere-du-digital\/","name":"LUXE ET RETAIL \u00c0 L'\u00c8RE DU DIGITAL - Librairie 7L","isPartOf":{"@id":"https:\/\/librairie7l.com\/en\/#website"},"datePublished":"2023-05-10T12:05:20+00:00","dateModified":"2026-04-15T03:54:30+00:00","breadcrumb":{"@id":"https:\/\/librairie7l.com\/en\/produit\/luxe-et-retail-a-lere-du-digital\/#breadcrumb"},"inLanguage":"en-US","potentialAction":[{"@type":"ReadAction","target":["https:\/\/librairie7l.com\/en\/produit\/luxe-et-retail-a-lere-du-digital\/"]}]},{"@type":"BreadcrumbList","@id":"https:\/\/librairie7l.com\/en\/produit\/luxe-et-retail-a-lere-du-digital\/#breadcrumb","itemListElement":[{"@type":"ListItem","position":1,"name":"Accueil","item":"https:\/\/librairie7l.com\/en\/"},{"@type":"ListItem","position":2,"name":"Shop","item":"https:\/\/librairie7l.com\/en\/shop\/"},{"@type":"ListItem","position":3,"name":"LUXE ET RETAIL \u00c0 L&#8217;\u00c8RE DU DIGITAL"}]},{"@type":"WebSite","@id":"https:\/\/librairie7l.com\/en\/#website","url":"https:\/\/librairie7l.com\/en\/","name":"Librairie 7L","description":"Librairie fond\u00e9e en 1999 par Karl Lagerfeld \u00e0 Paris","publisher":{"@id":"https:\/\/librairie7l.com\/en\/#organization"},"potentialAction":[{"@type":"SearchAction","target":{"@type":"EntryPoint","urlTemplate":"https:\/\/librairie7l.com\/en\/?s={search_term_string}"},"query-input":"required name=search_term_string"}],"inLanguage":"en-US"},{"@type":"Organization","@id":"https:\/\/librairie7l.com\/en\/#organization","name":"Librairie 7L","url":"https:\/\/librairie7l.com\/en\/","logo":{"@type":"ImageObject","inLanguage":"en-US","@id":"https:\/\/librairie7l.com\/en\/#\/schema\/logo\/image\/","url":"https:\/\/librairie7l.com\/wp-content\/uploads\/2022\/08\/logo-1.png","contentUrl":"https:\/\/librairie7l.com\/wp-content\/uploads\/2022\/08\/logo-1.png","width":227,"height":301,"caption":"Librairie 7L"},"image":{"@id":"https:\/\/librairie7l.com\/en\/#\/schema\/logo\/image\/"}}]}},"_links":{"self":[{"href":"https:\/\/librairie7l.com\/en\/wp-json\/wp\/v2\/product\/29487"}],"collection":[{"href":"https:\/\/librairie7l.com\/en\/wp-json\/wp\/v2\/product"}],"about":[{"href":"https:\/\/librairie7l.com\/en\/wp-json\/wp\/v2\/types\/product"}],"wp:featuredmedia":[{"embeddable":true,"href":"https:\/\/librairie7l.com\/en\/wp-json\/wp\/v2\/media\/29485"}],"wp:attachment":[{"href":"https:\/\/librairie7l.com\/en\/wp-json\/wp\/v2\/media?parent=29487"}],"wp:term":[{"taxonomy":"product_cat","embeddable":true,"href":"https:\/\/librairie7l.com\/en\/wp-json\/wp\/v2\/product_cat?post=29487"},{"taxonomy":"product_tag","embeddable":true,"href":"https:\/\/librairie7l.com\/en\/wp-json\/wp\/v2\/product_tag?post=29487"}],"curies":[{"name":"wp","href":"https:\/\/api.w.org\/{rel}","templated":true}]}}