{"id":29619,"date":"2023-05-10T14:09:16","date_gmt":"2023-05-10T12:09:16","guid":{"rendered":"https:\/\/librairie7l.com\/?post_type=product&#038;p=29619"},"modified":"2026-04-07T15:16:51","modified_gmt":"2026-04-07T13:16:51","slug":"maurizio-cattelan-all","status":"publish","type":"product","link":"https:\/\/librairie7l.com\/en\/produit\/maurizio-cattelan-all\/","title":{"rendered":"MAURIZIO CATTELAN : ALL"},"content":{"rendered":"<p>Une nouvelle \u00e9dition augment\u00e9e du catalogue de l&#8217;exposition Maurizio Cattelan au mus\u00e9e Guggenheim de New York en 2012. Reli\u00e9 de cuir, orn\u00e9 de dorures, cet ouvrage au format bible pr\u00e9sente l?oeuvre d&#8217;un artiste provocateur, fondateur de la revue Toilet Paper.<\/p>\n","protected":false},"excerpt":{"rendered":"<p>Une nouvelle \u00e9dition augment\u00e9e du catalogue de l&#8217;exposition Maurizio Cattelan au mus\u00e9e Guggenheim de New York en 2012. Reli\u00e9 de cuir, orn\u00e9 de dorures, cet ouvrage au format bible pr\u00e9sente l?oeuvre d&#8217;un artiste provocateur, fondateur de la revue Toilet Paper.<\/p>\n","protected":false},"featured_media":29617,"template":"","meta":[],"product_cat":[55,2948,47,2953],"product_tag":[],"acf":[],"yoast_head":"<!-- This site is optimized with the Yoast SEO plugin v20.11 - https:\/\/yoast.com\/wordpress\/plugins\/seo\/ -->\n<title>MAURIZIO CATTELAN : ALL - Librairie 7L<\/title>\n<meta name=\"robots\" content=\"index, follow, max-snippet:-1, max-image-preview:large, max-video-preview:-1\" \/>\n<link rel=\"canonical\" href=\"https:\/\/librairie7l.com\/en\/produit\/maurizio-cattelan-all\/\" \/>\n<meta property=\"og:locale\" content=\"en_US\" \/>\n<meta property=\"og:type\" content=\"article\" \/>\n<meta property=\"og:title\" content=\"MAURIZIO CATTELAN : ALL - Librairie 7L\" \/>\n<meta property=\"og:description\" content=\"Une nouvelle \u00e9dition augment\u00e9e du catalogue de l&#8217;exposition Maurizio Cattelan au mus\u00e9e Guggenheim de New York en 2012. Reli\u00e9 de cuir, orn\u00e9 de dorures, cet ouvrage au format bible pr\u00e9sente l?oeuvre d&#8217;un artiste provocateur, fondateur de la revue Toilet Paper.\" \/>\n<meta property=\"og:url\" content=\"https:\/\/librairie7l.com\/en\/produit\/maurizio-cattelan-all\/\" \/>\n<meta property=\"og:site_name\" content=\"Librairie 7L\" \/>\n<meta property=\"article:modified_time\" content=\"2026-04-07T13:16:51+00:00\" \/>\n<meta property=\"og:image\" content=\"https:\/\/librairie7l.com\/wp-content\/uploads\/2016\/06\/9780892075317_1_75.jpg\" \/>\n\t<meta property=\"og:image:width\" content=\"345\" \/>\n\t<meta property=\"og:image:height\" content=\"500\" \/>\n\t<meta property=\"og:image:type\" content=\"image\/jpeg\" \/>\n<meta name=\"twitter:card\" content=\"summary_large_image\" \/>\n<script type=\"application\/ld+json\" class=\"yoast-schema-graph\">{\"@context\":\"https:\/\/schema.org\",\"@graph\":[{\"@type\":\"WebPage\",\"@id\":\"https:\/\/librairie7l.com\/en\/produit\/maurizio-cattelan-all\/\",\"url\":\"https:\/\/librairie7l.com\/en\/produit\/maurizio-cattelan-all\/\",\"name\":\"MAURIZIO CATTELAN : ALL - Librairie 7L\",\"isPartOf\":{\"@id\":\"https:\/\/librairie7l.com\/en\/#website\"},\"datePublished\":\"2023-05-10T12:09:16+00:00\",\"dateModified\":\"2026-04-07T13:16:51+00:00\",\"breadcrumb\":{\"@id\":\"https:\/\/librairie7l.com\/en\/produit\/maurizio-cattelan-all\/#breadcrumb\"},\"inLanguage\":\"en-US\",\"potentialAction\":[{\"@type\":\"ReadAction\",\"target\":[\"https:\/\/librairie7l.com\/en\/produit\/maurizio-cattelan-all\/\"]}]},{\"@type\":\"BreadcrumbList\",\"@id\":\"https:\/\/librairie7l.com\/en\/produit\/maurizio-cattelan-all\/#breadcrumb\",\"itemListElement\":[{\"@type\":\"ListItem\",\"position\":1,\"name\":\"Accueil\",\"item\":\"https:\/\/librairie7l.com\/en\/\"},{\"@type\":\"ListItem\",\"position\":2,\"name\":\"Shop\",\"item\":\"https:\/\/librairie7l.com\/en\/shop\/\"},{\"@type\":\"ListItem\",\"position\":3,\"name\":\"MAURIZIO CATTELAN : ALL\"}]},{\"@type\":\"WebSite\",\"@id\":\"https:\/\/librairie7l.com\/en\/#website\",\"url\":\"https:\/\/librairie7l.com\/en\/\",\"name\":\"Librairie 7L\",\"description\":\"Librairie fond\u00e9e en 1999 par Karl Lagerfeld \u00e0 Paris\",\"publisher\":{\"@id\":\"https:\/\/librairie7l.com\/en\/#organization\"},\"potentialAction\":[{\"@type\":\"SearchAction\",\"target\":{\"@type\":\"EntryPoint\",\"urlTemplate\":\"https:\/\/librairie7l.com\/en\/?s={search_term_string}\"},\"query-input\":\"required name=search_term_string\"}],\"inLanguage\":\"en-US\"},{\"@type\":\"Organization\",\"@id\":\"https:\/\/librairie7l.com\/en\/#organization\",\"name\":\"Librairie 7L\",\"url\":\"https:\/\/librairie7l.com\/en\/\",\"logo\":{\"@type\":\"ImageObject\",\"inLanguage\":\"en-US\",\"@id\":\"https:\/\/librairie7l.com\/en\/#\/schema\/logo\/image\/\",\"url\":\"https:\/\/librairie7l.com\/wp-content\/uploads\/2022\/08\/logo-1.png\",\"contentUrl\":\"https:\/\/librairie7l.com\/wp-content\/uploads\/2022\/08\/logo-1.png\",\"width\":227,\"height\":301,\"caption\":\"Librairie 7L\"},\"image\":{\"@id\":\"https:\/\/librairie7l.com\/en\/#\/schema\/logo\/image\/\"}}]}<\/script>\n<!-- \/ Yoast SEO plugin. -->","yoast_head_json":{"title":"MAURIZIO CATTELAN : ALL - Librairie 7L","robots":{"index":"index","follow":"follow","max-snippet":"max-snippet:-1","max-image-preview":"max-image-preview:large","max-video-preview":"max-video-preview:-1"},"canonical":"https:\/\/librairie7l.com\/en\/produit\/maurizio-cattelan-all\/","og_locale":"en_US","og_type":"article","og_title":"MAURIZIO CATTELAN : ALL - Librairie 7L","og_description":"Une nouvelle \u00e9dition augment\u00e9e du catalogue de l&#8217;exposition Maurizio Cattelan au mus\u00e9e Guggenheim de New York en 2012. Reli\u00e9 de cuir, orn\u00e9 de dorures, cet ouvrage au format bible pr\u00e9sente l?oeuvre d&#8217;un artiste provocateur, fondateur de la revue Toilet Paper.","og_url":"https:\/\/librairie7l.com\/en\/produit\/maurizio-cattelan-all\/","og_site_name":"Librairie 7L","article_modified_time":"2026-04-07T13:16:51+00:00","og_image":[{"width":345,"height":500,"url":"https:\/\/librairie7l.com\/wp-content\/uploads\/2016\/06\/9780892075317_1_75.jpg","type":"image\/jpeg"}],"twitter_card":"summary_large_image","schema":{"@context":"https:\/\/schema.org","@graph":[{"@type":"WebPage","@id":"https:\/\/librairie7l.com\/en\/produit\/maurizio-cattelan-all\/","url":"https:\/\/librairie7l.com\/en\/produit\/maurizio-cattelan-all\/","name":"MAURIZIO CATTELAN : ALL - Librairie 7L","isPartOf":{"@id":"https:\/\/librairie7l.com\/en\/#website"},"datePublished":"2023-05-10T12:09:16+00:00","dateModified":"2026-04-07T13:16:51+00:00","breadcrumb":{"@id":"https:\/\/librairie7l.com\/en\/produit\/maurizio-cattelan-all\/#breadcrumb"},"inLanguage":"en-US","potentialAction":[{"@type":"ReadAction","target":["https:\/\/librairie7l.com\/en\/produit\/maurizio-cattelan-all\/"]}]},{"@type":"BreadcrumbList","@id":"https:\/\/librairie7l.com\/en\/produit\/maurizio-cattelan-all\/#breadcrumb","itemListElement":[{"@type":"ListItem","position":1,"name":"Accueil","item":"https:\/\/librairie7l.com\/en\/"},{"@type":"ListItem","position":2,"name":"Shop","item":"https:\/\/librairie7l.com\/en\/shop\/"},{"@type":"ListItem","position":3,"name":"MAURIZIO CATTELAN : ALL"}]},{"@type":"WebSite","@id":"https:\/\/librairie7l.com\/en\/#website","url":"https:\/\/librairie7l.com\/en\/","name":"Librairie 7L","description":"Librairie fond\u00e9e en 1999 par Karl Lagerfeld \u00e0 Paris","publisher":{"@id":"https:\/\/librairie7l.com\/en\/#organization"},"potentialAction":[{"@type":"SearchAction","target":{"@type":"EntryPoint","urlTemplate":"https:\/\/librairie7l.com\/en\/?s={search_term_string}"},"query-input":"required name=search_term_string"}],"inLanguage":"en-US"},{"@type":"Organization","@id":"https:\/\/librairie7l.com\/en\/#organization","name":"Librairie 7L","url":"https:\/\/librairie7l.com\/en\/","logo":{"@type":"ImageObject","inLanguage":"en-US","@id":"https:\/\/librairie7l.com\/en\/#\/schema\/logo\/image\/","url":"https:\/\/librairie7l.com\/wp-content\/uploads\/2022\/08\/logo-1.png","contentUrl":"https:\/\/librairie7l.com\/wp-content\/uploads\/2022\/08\/logo-1.png","width":227,"height":301,"caption":"Librairie 7L"},"image":{"@id":"https:\/\/librairie7l.com\/en\/#\/schema\/logo\/image\/"}}]}},"_links":{"self":[{"href":"https:\/\/librairie7l.com\/en\/wp-json\/wp\/v2\/product\/29619"}],"collection":[{"href":"https:\/\/librairie7l.com\/en\/wp-json\/wp\/v2\/product"}],"about":[{"href":"https:\/\/librairie7l.com\/en\/wp-json\/wp\/v2\/types\/product"}],"wp:featuredmedia":[{"embeddable":true,"href":"https:\/\/librairie7l.com\/en\/wp-json\/wp\/v2\/media\/29617"}],"wp:attachment":[{"href":"https:\/\/librairie7l.com\/en\/wp-json\/wp\/v2\/media?parent=29619"}],"wp:term":[{"taxonomy":"product_cat","embeddable":true,"href":"https:\/\/librairie7l.com\/en\/wp-json\/wp\/v2\/product_cat?post=29619"},{"taxonomy":"product_tag","embeddable":true,"href":"https:\/\/librairie7l.com\/en\/wp-json\/wp\/v2\/product_tag?post=29619"}],"curies":[{"name":"wp","href":"https:\/\/api.w.org\/{rel}","templated":true}]}}