{"id":29623,"date":"2023-05-10T14:09:19","date_gmt":"2023-05-10T12:09:19","guid":{"rendered":"https:\/\/librairie7l.com\/?post_type=product&#038;p=29623"},"modified":"2026-04-17T00:13:33","modified_gmt":"2026-04-16T22:13:33","slug":"walid-akkad-bestiaire","status":"publish","type":"product","link":"https:\/\/librairie7l.com\/en\/produit\/walid-akkad-bestiaire\/","title":{"rendered":"WALID AKKAD : BESTIAIRE"},"content":{"rendered":"<p>Le joaillier Walid Akkad d\u00e9voile aujourd&#8217;hui le fruit d&#8217;un long et patient travail autour du r\u00e8gne animal par la cr\u00e9ation de 21 bagues-sculptures en or rouge qui composent un bestiaire tout \u00e0 fait original et innovant.<br \/>\nUne extr\u00eame simplification des formes et la parfaite ma\u00eetrise du poli ou du bross\u00e9 ne nous interdisent pas d&#8217;\u00e9voquer ici certains Pompon, Moore, Arp et autres Brancusi !<br \/>\nLa remarquable singularit\u00e9 de ces bagues qui toutes se tiennent debout sur leur base permettrait ainsi la constitution d&#8217;un pr\u00e9cieux \u00ab?cabinet de curiosit\u00e9s?\u00bb.<br \/>\nElles sont en piste devant vous, dynamiques et s\u00e9duisantes, pour la parade et pour vos mains&#8230;<\/p>\n","protected":false},"excerpt":{"rendered":"<p>Le joaillier Walid Akkad d\u00e9voile aujourd&#8217;hui le fruit d&#8217;un long et patient travail autour du r\u00e8gne animal par la cr\u00e9ation de 21 bagues-sculptures en or rouge qui composent un bestiaire tout \u00e0 fait original et innovant. Une extr\u00eame simplification des formes et la parfaite ma\u00eetrise du poli ou du bross\u00e9 ne nous interdisent pas d&#8217;\u00e9voquer [&hellip;]<\/p>\n","protected":false},"featured_media":44079,"template":"","meta":[],"product_cat":[55,2948,2957,19],"product_tag":[],"acf":[],"yoast_head":"<!-- This site is optimized with the Yoast SEO plugin v20.11 - https:\/\/yoast.com\/wordpress\/plugins\/seo\/ -->\n<title>WALID AKKAD : BESTIAIRE - Librairie 7L<\/title>\n<meta name=\"robots\" content=\"index, follow, max-snippet:-1, max-image-preview:large, max-video-preview:-1\" \/>\n<link rel=\"canonical\" href=\"https:\/\/librairie7l.com\/en\/produit\/walid-akkad-bestiaire\/\" \/>\n<meta property=\"og:locale\" content=\"en_US\" \/>\n<meta property=\"og:type\" content=\"article\" \/>\n<meta property=\"og:title\" content=\"WALID AKKAD : BESTIAIRE - Librairie 7L\" \/>\n<meta property=\"og:description\" content=\"Le joaillier Walid Akkad d\u00e9voile aujourd&#8217;hui le fruit d&#8217;un long et patient travail autour du r\u00e8gne animal par la cr\u00e9ation de 21 bagues-sculptures en or rouge qui composent un bestiaire tout \u00e0 fait original et innovant. Une extr\u00eame simplification des formes et la parfaite ma\u00eetrise du poli ou du bross\u00e9 ne nous interdisent pas d&#8217;\u00e9voquer [&hellip;]\" \/>\n<meta property=\"og:url\" content=\"https:\/\/librairie7l.com\/en\/produit\/walid-akkad-bestiaire\/\" \/>\n<meta property=\"og:site_name\" content=\"Librairie 7L\" \/>\n<meta property=\"article:modified_time\" content=\"2026-04-16T22:13:33+00:00\" \/>\n<meta property=\"og:image\" content=\"https:\/\/librairie7l.com\/wp-content\/uploads\/2022\/10\/9788836653171_1_75.jpg\" \/>\n\t<meta property=\"og:image:width\" content=\"600\" \/>\n\t<meta property=\"og:image:height\" content=\"769\" \/>\n\t<meta property=\"og:image:type\" content=\"image\/jpeg\" \/>\n<meta name=\"twitter:card\" content=\"summary_large_image\" \/>\n<meta name=\"twitter:label1\" content=\"Est. reading time\" \/>\n\t<meta name=\"twitter:data1\" content=\"1 minute\" \/>\n<script type=\"application\/ld+json\" class=\"yoast-schema-graph\">{\"@context\":\"https:\/\/schema.org\",\"@graph\":[{\"@type\":\"WebPage\",\"@id\":\"https:\/\/librairie7l.com\/en\/produit\/walid-akkad-bestiaire\/\",\"url\":\"https:\/\/librairie7l.com\/en\/produit\/walid-akkad-bestiaire\/\",\"name\":\"WALID AKKAD : BESTIAIRE - Librairie 7L\",\"isPartOf\":{\"@id\":\"https:\/\/librairie7l.com\/en\/#website\"},\"datePublished\":\"2023-05-10T12:09:19+00:00\",\"dateModified\":\"2026-04-16T22:13:33+00:00\",\"breadcrumb\":{\"@id\":\"https:\/\/librairie7l.com\/en\/produit\/walid-akkad-bestiaire\/#breadcrumb\"},\"inLanguage\":\"en-US\",\"potentialAction\":[{\"@type\":\"ReadAction\",\"target\":[\"https:\/\/librairie7l.com\/en\/produit\/walid-akkad-bestiaire\/\"]}]},{\"@type\":\"BreadcrumbList\",\"@id\":\"https:\/\/librairie7l.com\/en\/produit\/walid-akkad-bestiaire\/#breadcrumb\",\"itemListElement\":[{\"@type\":\"ListItem\",\"position\":1,\"name\":\"Accueil\",\"item\":\"https:\/\/librairie7l.com\/en\/\"},{\"@type\":\"ListItem\",\"position\":2,\"name\":\"Shop\",\"item\":\"https:\/\/librairie7l.com\/en\/shop\/\"},{\"@type\":\"ListItem\",\"position\":3,\"name\":\"WALID AKKAD : BESTIAIRE\"}]},{\"@type\":\"WebSite\",\"@id\":\"https:\/\/librairie7l.com\/en\/#website\",\"url\":\"https:\/\/librairie7l.com\/en\/\",\"name\":\"Librairie 7L\",\"description\":\"Librairie fond\u00e9e en 1999 par Karl Lagerfeld \u00e0 Paris\",\"publisher\":{\"@id\":\"https:\/\/librairie7l.com\/en\/#organization\"},\"potentialAction\":[{\"@type\":\"SearchAction\",\"target\":{\"@type\":\"EntryPoint\",\"urlTemplate\":\"https:\/\/librairie7l.com\/en\/?s={search_term_string}\"},\"query-input\":\"required name=search_term_string\"}],\"inLanguage\":\"en-US\"},{\"@type\":\"Organization\",\"@id\":\"https:\/\/librairie7l.com\/en\/#organization\",\"name\":\"Librairie 7L\",\"url\":\"https:\/\/librairie7l.com\/en\/\",\"logo\":{\"@type\":\"ImageObject\",\"inLanguage\":\"en-US\",\"@id\":\"https:\/\/librairie7l.com\/en\/#\/schema\/logo\/image\/\",\"url\":\"https:\/\/librairie7l.com\/wp-content\/uploads\/2022\/08\/logo-1.png\",\"contentUrl\":\"https:\/\/librairie7l.com\/wp-content\/uploads\/2022\/08\/logo-1.png\",\"width\":227,\"height\":301,\"caption\":\"Librairie 7L\"},\"image\":{\"@id\":\"https:\/\/librairie7l.com\/en\/#\/schema\/logo\/image\/\"}}]}<\/script>\n<!-- \/ Yoast SEO plugin. -->","yoast_head_json":{"title":"WALID AKKAD : BESTIAIRE - Librairie 7L","robots":{"index":"index","follow":"follow","max-snippet":"max-snippet:-1","max-image-preview":"max-image-preview:large","max-video-preview":"max-video-preview:-1"},"canonical":"https:\/\/librairie7l.com\/en\/produit\/walid-akkad-bestiaire\/","og_locale":"en_US","og_type":"article","og_title":"WALID AKKAD : BESTIAIRE - Librairie 7L","og_description":"Le joaillier Walid Akkad d\u00e9voile aujourd&#8217;hui le fruit d&#8217;un long et patient travail autour du r\u00e8gne animal par la cr\u00e9ation de 21 bagues-sculptures en or rouge qui composent un bestiaire tout \u00e0 fait original et innovant. Une extr\u00eame simplification des formes et la parfaite ma\u00eetrise du poli ou du bross\u00e9 ne nous interdisent pas d&#8217;\u00e9voquer [&hellip;]","og_url":"https:\/\/librairie7l.com\/en\/produit\/walid-akkad-bestiaire\/","og_site_name":"Librairie 7L","article_modified_time":"2026-04-16T22:13:33+00:00","og_image":[{"width":600,"height":769,"url":"https:\/\/librairie7l.com\/wp-content\/uploads\/2022\/10\/9788836653171_1_75.jpg","type":"image\/jpeg"}],"twitter_card":"summary_large_image","twitter_misc":{"Est. reading time":"1 minute"},"schema":{"@context":"https:\/\/schema.org","@graph":[{"@type":"WebPage","@id":"https:\/\/librairie7l.com\/en\/produit\/walid-akkad-bestiaire\/","url":"https:\/\/librairie7l.com\/en\/produit\/walid-akkad-bestiaire\/","name":"WALID AKKAD : BESTIAIRE - Librairie 7L","isPartOf":{"@id":"https:\/\/librairie7l.com\/en\/#website"},"datePublished":"2023-05-10T12:09:19+00:00","dateModified":"2026-04-16T22:13:33+00:00","breadcrumb":{"@id":"https:\/\/librairie7l.com\/en\/produit\/walid-akkad-bestiaire\/#breadcrumb"},"inLanguage":"en-US","potentialAction":[{"@type":"ReadAction","target":["https:\/\/librairie7l.com\/en\/produit\/walid-akkad-bestiaire\/"]}]},{"@type":"BreadcrumbList","@id":"https:\/\/librairie7l.com\/en\/produit\/walid-akkad-bestiaire\/#breadcrumb","itemListElement":[{"@type":"ListItem","position":1,"name":"Accueil","item":"https:\/\/librairie7l.com\/en\/"},{"@type":"ListItem","position":2,"name":"Shop","item":"https:\/\/librairie7l.com\/en\/shop\/"},{"@type":"ListItem","position":3,"name":"WALID AKKAD : BESTIAIRE"}]},{"@type":"WebSite","@id":"https:\/\/librairie7l.com\/en\/#website","url":"https:\/\/librairie7l.com\/en\/","name":"Librairie 7L","description":"Librairie fond\u00e9e en 1999 par Karl Lagerfeld \u00e0 Paris","publisher":{"@id":"https:\/\/librairie7l.com\/en\/#organization"},"potentialAction":[{"@type":"SearchAction","target":{"@type":"EntryPoint","urlTemplate":"https:\/\/librairie7l.com\/en\/?s={search_term_string}"},"query-input":"required name=search_term_string"}],"inLanguage":"en-US"},{"@type":"Organization","@id":"https:\/\/librairie7l.com\/en\/#organization","name":"Librairie 7L","url":"https:\/\/librairie7l.com\/en\/","logo":{"@type":"ImageObject","inLanguage":"en-US","@id":"https:\/\/librairie7l.com\/en\/#\/schema\/logo\/image\/","url":"https:\/\/librairie7l.com\/wp-content\/uploads\/2022\/08\/logo-1.png","contentUrl":"https:\/\/librairie7l.com\/wp-content\/uploads\/2022\/08\/logo-1.png","width":227,"height":301,"caption":"Librairie 7L"},"image":{"@id":"https:\/\/librairie7l.com\/en\/#\/schema\/logo\/image\/"}}]}},"_links":{"self":[{"href":"https:\/\/librairie7l.com\/en\/wp-json\/wp\/v2\/product\/29623"}],"collection":[{"href":"https:\/\/librairie7l.com\/en\/wp-json\/wp\/v2\/product"}],"about":[{"href":"https:\/\/librairie7l.com\/en\/wp-json\/wp\/v2\/types\/product"}],"wp:featuredmedia":[{"embeddable":true,"href":"https:\/\/librairie7l.com\/en\/wp-json\/wp\/v2\/media\/44079"}],"wp:attachment":[{"href":"https:\/\/librairie7l.com\/en\/wp-json\/wp\/v2\/media?parent=29623"}],"wp:term":[{"taxonomy":"product_cat","embeddable":true,"href":"https:\/\/librairie7l.com\/en\/wp-json\/wp\/v2\/product_cat?post=29623"},{"taxonomy":"product_tag","embeddable":true,"href":"https:\/\/librairie7l.com\/en\/wp-json\/wp\/v2\/product_tag?post=29623"}],"curies":[{"name":"wp","href":"https:\/\/api.w.org\/{rel}","templated":true}]}}