{"id":29627,"date":"2023-05-10T14:09:28","date_gmt":"2023-05-10T12:09:28","guid":{"rendered":"https:\/\/librairie7l.com\/?post_type=product&#038;p=29627"},"modified":"2026-04-06T06:56:47","modified_gmt":"2026-04-06T04:56:47","slug":"santiago-calatrava-bridges","status":"publish","type":"product","link":"https:\/\/librairie7l.com\/en\/produit\/santiago-calatrava-bridges\/","title":{"rendered":"SANTIAGO CALATRAVA : BRIDGES"},"content":{"rendered":"<p>L&#8217;Espagnol Santiago Calatrava compte parmi les architectes les plus influents de notre \u00e9poque. Ses \u00bduvres, principalement de ponts caract\u00e9ris\u00e9s par un style volontaire, polarisent les opinions. Apr\u00e8s avoir attir\u00e9 l&#8217;attention des critiques internationaux tant par leur \u00e9l\u00e9gance sculpturale que par les prouesses techniques qu&#8217;ils repr\u00e9sentent, ces ouvrages d&#8217;art font d\u00e9sormais partie int\u00e9grante du paysage urbain de villes telles que Venise, Dallas et J\u00e9rusalem.<br \/>\nLa pr\u00e9sente publication entend rendre hommage \u00e0 l&#8217;\u00bduvre de Calatrava. L&#8217;artiste y parle des conceptions philosophiques \u00e0 la base de ses ponts audacieux, ces consid\u00e9rations se compl\u00e9tant par divers documents (aquarelles, \u00e9bauches, photographies, textes descriptifs et vues d&#8217;artistes) relatifs \u00e0 des ouvrages d\u00e9j\u00e0 r\u00e9alis\u00e9s et des projets en attente.<\/p>\n","protected":false},"excerpt":{"rendered":"<p>L&#8217;Espagnol Santiago Calatrava compte parmi les architectes les plus influents de notre \u00e9poque. Ses \u00bduvres, principalement de ponts caract\u00e9ris\u00e9s par un style volontaire, polarisent les opinions. Apr\u00e8s avoir attir\u00e9 l&#8217;attention des critiques internationaux tant par leur \u00e9l\u00e9gance sculpturale que par les prouesses techniques qu&#8217;ils repr\u00e9sentent, ces ouvrages d&#8217;art font d\u00e9sormais partie int\u00e9grante du paysage urbain [&hellip;]<\/p>\n","protected":false},"featured_media":29625,"template":"","meta":[],"product_cat":[55,2948,22,2950],"product_tag":[],"acf":[],"yoast_head":"<!-- This site is optimized with the Yoast SEO plugin v20.11 - https:\/\/yoast.com\/wordpress\/plugins\/seo\/ -->\n<title>SANTIAGO CALATRAVA : BRIDGES - Librairie 7L<\/title>\n<meta name=\"robots\" content=\"index, follow, max-snippet:-1, max-image-preview:large, max-video-preview:-1\" \/>\n<link rel=\"canonical\" href=\"https:\/\/librairie7l.com\/en\/produit\/santiago-calatrava-bridges\/\" \/>\n<meta property=\"og:locale\" content=\"en_US\" \/>\n<meta property=\"og:type\" content=\"article\" \/>\n<meta property=\"og:title\" content=\"SANTIAGO CALATRAVA : BRIDGES - Librairie 7L\" \/>\n<meta property=\"og:description\" content=\"L&#8217;Espagnol Santiago Calatrava compte parmi les architectes les plus influents de notre \u00e9poque. Ses \u00bduvres, principalement de ponts caract\u00e9ris\u00e9s par un style volontaire, polarisent les opinions. Apr\u00e8s avoir attir\u00e9 l&#8217;attention des critiques internationaux tant par leur \u00e9l\u00e9gance sculpturale que par les prouesses techniques qu&#8217;ils repr\u00e9sentent, ces ouvrages d&#8217;art font d\u00e9sormais partie int\u00e9grante du paysage urbain [&hellip;]\" \/>\n<meta property=\"og:url\" content=\"https:\/\/librairie7l.com\/en\/produit\/santiago-calatrava-bridges\/\" \/>\n<meta property=\"og:site_name\" content=\"Librairie 7L\" \/>\n<meta property=\"article:modified_time\" content=\"2026-04-06T04:56:47+00:00\" \/>\n<meta property=\"og:image\" content=\"https:\/\/librairie7l.com\/wp-content\/uploads\/2019\/03\/9783721209846_1_75.jpg\" \/>\n\t<meta property=\"og:image:width\" content=\"730\" \/>\n\t<meta property=\"og:image:height\" content=\"600\" \/>\n\t<meta property=\"og:image:type\" content=\"image\/jpeg\" \/>\n<meta name=\"twitter:card\" content=\"summary_large_image\" \/>\n<meta name=\"twitter:label1\" content=\"Est. reading time\" \/>\n\t<meta name=\"twitter:data1\" content=\"1 minute\" \/>\n<script type=\"application\/ld+json\" class=\"yoast-schema-graph\">{\"@context\":\"https:\/\/schema.org\",\"@graph\":[{\"@type\":\"WebPage\",\"@id\":\"https:\/\/librairie7l.com\/en\/produit\/santiago-calatrava-bridges\/\",\"url\":\"https:\/\/librairie7l.com\/en\/produit\/santiago-calatrava-bridges\/\",\"name\":\"SANTIAGO CALATRAVA : BRIDGES - Librairie 7L\",\"isPartOf\":{\"@id\":\"https:\/\/librairie7l.com\/en\/#website\"},\"datePublished\":\"2023-05-10T12:09:28+00:00\",\"dateModified\":\"2026-04-06T04:56:47+00:00\",\"breadcrumb\":{\"@id\":\"https:\/\/librairie7l.com\/en\/produit\/santiago-calatrava-bridges\/#breadcrumb\"},\"inLanguage\":\"en-US\",\"potentialAction\":[{\"@type\":\"ReadAction\",\"target\":[\"https:\/\/librairie7l.com\/en\/produit\/santiago-calatrava-bridges\/\"]}]},{\"@type\":\"BreadcrumbList\",\"@id\":\"https:\/\/librairie7l.com\/en\/produit\/santiago-calatrava-bridges\/#breadcrumb\",\"itemListElement\":[{\"@type\":\"ListItem\",\"position\":1,\"name\":\"Accueil\",\"item\":\"https:\/\/librairie7l.com\/en\/\"},{\"@type\":\"ListItem\",\"position\":2,\"name\":\"Shop\",\"item\":\"https:\/\/librairie7l.com\/en\/shop\/\"},{\"@type\":\"ListItem\",\"position\":3,\"name\":\"SANTIAGO CALATRAVA : BRIDGES\"}]},{\"@type\":\"WebSite\",\"@id\":\"https:\/\/librairie7l.com\/en\/#website\",\"url\":\"https:\/\/librairie7l.com\/en\/\",\"name\":\"Librairie 7L\",\"description\":\"Librairie fond\u00e9e en 1999 par Karl Lagerfeld \u00e0 Paris\",\"publisher\":{\"@id\":\"https:\/\/librairie7l.com\/en\/#organization\"},\"potentialAction\":[{\"@type\":\"SearchAction\",\"target\":{\"@type\":\"EntryPoint\",\"urlTemplate\":\"https:\/\/librairie7l.com\/en\/?s={search_term_string}\"},\"query-input\":\"required name=search_term_string\"}],\"inLanguage\":\"en-US\"},{\"@type\":\"Organization\",\"@id\":\"https:\/\/librairie7l.com\/en\/#organization\",\"name\":\"Librairie 7L\",\"url\":\"https:\/\/librairie7l.com\/en\/\",\"logo\":{\"@type\":\"ImageObject\",\"inLanguage\":\"en-US\",\"@id\":\"https:\/\/librairie7l.com\/en\/#\/schema\/logo\/image\/\",\"url\":\"https:\/\/librairie7l.com\/wp-content\/uploads\/2022\/08\/logo-1.png\",\"contentUrl\":\"https:\/\/librairie7l.com\/wp-content\/uploads\/2022\/08\/logo-1.png\",\"width\":227,\"height\":301,\"caption\":\"Librairie 7L\"},\"image\":{\"@id\":\"https:\/\/librairie7l.com\/en\/#\/schema\/logo\/image\/\"}}]}<\/script>\n<!-- \/ Yoast SEO plugin. -->","yoast_head_json":{"title":"SANTIAGO CALATRAVA : BRIDGES - Librairie 7L","robots":{"index":"index","follow":"follow","max-snippet":"max-snippet:-1","max-image-preview":"max-image-preview:large","max-video-preview":"max-video-preview:-1"},"canonical":"https:\/\/librairie7l.com\/en\/produit\/santiago-calatrava-bridges\/","og_locale":"en_US","og_type":"article","og_title":"SANTIAGO CALATRAVA : BRIDGES - Librairie 7L","og_description":"L&#8217;Espagnol Santiago Calatrava compte parmi les architectes les plus influents de notre \u00e9poque. Ses \u00bduvres, principalement de ponts caract\u00e9ris\u00e9s par un style volontaire, polarisent les opinions. Apr\u00e8s avoir attir\u00e9 l&#8217;attention des critiques internationaux tant par leur \u00e9l\u00e9gance sculpturale que par les prouesses techniques qu&#8217;ils repr\u00e9sentent, ces ouvrages d&#8217;art font d\u00e9sormais partie int\u00e9grante du paysage urbain [&hellip;]","og_url":"https:\/\/librairie7l.com\/en\/produit\/santiago-calatrava-bridges\/","og_site_name":"Librairie 7L","article_modified_time":"2026-04-06T04:56:47+00:00","og_image":[{"width":730,"height":600,"url":"https:\/\/librairie7l.com\/wp-content\/uploads\/2019\/03\/9783721209846_1_75.jpg","type":"image\/jpeg"}],"twitter_card":"summary_large_image","twitter_misc":{"Est. reading time":"1 minute"},"schema":{"@context":"https:\/\/schema.org","@graph":[{"@type":"WebPage","@id":"https:\/\/librairie7l.com\/en\/produit\/santiago-calatrava-bridges\/","url":"https:\/\/librairie7l.com\/en\/produit\/santiago-calatrava-bridges\/","name":"SANTIAGO CALATRAVA : BRIDGES - Librairie 7L","isPartOf":{"@id":"https:\/\/librairie7l.com\/en\/#website"},"datePublished":"2023-05-10T12:09:28+00:00","dateModified":"2026-04-06T04:56:47+00:00","breadcrumb":{"@id":"https:\/\/librairie7l.com\/en\/produit\/santiago-calatrava-bridges\/#breadcrumb"},"inLanguage":"en-US","potentialAction":[{"@type":"ReadAction","target":["https:\/\/librairie7l.com\/en\/produit\/santiago-calatrava-bridges\/"]}]},{"@type":"BreadcrumbList","@id":"https:\/\/librairie7l.com\/en\/produit\/santiago-calatrava-bridges\/#breadcrumb","itemListElement":[{"@type":"ListItem","position":1,"name":"Accueil","item":"https:\/\/librairie7l.com\/en\/"},{"@type":"ListItem","position":2,"name":"Shop","item":"https:\/\/librairie7l.com\/en\/shop\/"},{"@type":"ListItem","position":3,"name":"SANTIAGO CALATRAVA : BRIDGES"}]},{"@type":"WebSite","@id":"https:\/\/librairie7l.com\/en\/#website","url":"https:\/\/librairie7l.com\/en\/","name":"Librairie 7L","description":"Librairie fond\u00e9e en 1999 par Karl Lagerfeld \u00e0 Paris","publisher":{"@id":"https:\/\/librairie7l.com\/en\/#organization"},"potentialAction":[{"@type":"SearchAction","target":{"@type":"EntryPoint","urlTemplate":"https:\/\/librairie7l.com\/en\/?s={search_term_string}"},"query-input":"required name=search_term_string"}],"inLanguage":"en-US"},{"@type":"Organization","@id":"https:\/\/librairie7l.com\/en\/#organization","name":"Librairie 7L","url":"https:\/\/librairie7l.com\/en\/","logo":{"@type":"ImageObject","inLanguage":"en-US","@id":"https:\/\/librairie7l.com\/en\/#\/schema\/logo\/image\/","url":"https:\/\/librairie7l.com\/wp-content\/uploads\/2022\/08\/logo-1.png","contentUrl":"https:\/\/librairie7l.com\/wp-content\/uploads\/2022\/08\/logo-1.png","width":227,"height":301,"caption":"Librairie 7L"},"image":{"@id":"https:\/\/librairie7l.com\/en\/#\/schema\/logo\/image\/"}}]}},"_links":{"self":[{"href":"https:\/\/librairie7l.com\/en\/wp-json\/wp\/v2\/product\/29627"}],"collection":[{"href":"https:\/\/librairie7l.com\/en\/wp-json\/wp\/v2\/product"}],"about":[{"href":"https:\/\/librairie7l.com\/en\/wp-json\/wp\/v2\/types\/product"}],"wp:featuredmedia":[{"embeddable":true,"href":"https:\/\/librairie7l.com\/en\/wp-json\/wp\/v2\/media\/29625"}],"wp:attachment":[{"href":"https:\/\/librairie7l.com\/en\/wp-json\/wp\/v2\/media?parent=29627"}],"wp:term":[{"taxonomy":"product_cat","embeddable":true,"href":"https:\/\/librairie7l.com\/en\/wp-json\/wp\/v2\/product_cat?post=29627"},{"taxonomy":"product_tag","embeddable":true,"href":"https:\/\/librairie7l.com\/en\/wp-json\/wp\/v2\/product_tag?post=29627"}],"curies":[{"name":"wp","href":"https:\/\/api.w.org\/{rel}","templated":true}]}}