{"id":29639,"date":"2023-05-10T14:09:52","date_gmt":"2023-05-10T12:09:52","guid":{"rendered":"https:\/\/librairie7l.com\/?post_type=product&#038;p=29639"},"modified":"2026-04-17T17:06:19","modified_gmt":"2026-04-17T15:06:19","slug":"afghan-style","status":"publish","type":"product","link":"https:\/\/librairie7l.com\/en\/produit\/afghan-style\/","title":{"rendered":"AFGHAN STYLE"},"content":{"rendered":"<p>Afghan Style est un beau livre d&#8217;image imprim\u00e9 en France par Escourbiac. Dans ce livre, Robert Spangle \u00e9tudie le style et la mode afghane masculine, via sa photographie. Robert Spangle s&#8217;est engag\u00e9 dans la marine \u00e0 17 ans, avant de devenir tailleur sur mesure puis designer \u00e0 Londres. Son service militaire a \u00e9veill\u00e9 son int\u00e9r\u00eat pour les voyages et une vie riche en exp\u00e9rience. C&#8217;est \u00e0 la demande du British GQ en 2013, qu&#8217;il devient photographe. Il est aujourd&#8217;hui install\u00e9 \u00e0 San Francisco et travaille pour QG. Sont travail photographique a \u00e9t\u00e9 pr\u00e9sent\u00e9 par le British GQ, The Rake, Monrowe, Plaza Uomo, Vogue Online, Men&#8217;s Health Germany, et d&#8217;autres encore. Il continue en parall\u00e8le son travail de designer.<\/p>\n","protected":false},"excerpt":{"rendered":"<p>Afghan Style est un beau livre d&#8217;image imprim\u00e9 en France par Escourbiac. Dans ce livre, Robert Spangle \u00e9tudie le style et la mode afghane masculine, via sa photographie. Robert Spangle s&#8217;est engag\u00e9 dans la marine \u00e0 17 ans, avant de devenir tailleur sur mesure puis designer \u00e0 Londres. Son service militaire a \u00e9veill\u00e9 son int\u00e9r\u00eat [&hellip;]<\/p>\n","protected":false},"featured_media":29637,"template":"","meta":[],"product_cat":[55,2948,2958,17],"product_tag":[],"acf":[],"yoast_head":"<!-- This site is optimized with the Yoast SEO plugin v20.11 - https:\/\/yoast.com\/wordpress\/plugins\/seo\/ -->\n<title>AFGHAN STYLE - Librairie 7L<\/title>\n<meta name=\"robots\" content=\"index, follow, max-snippet:-1, max-image-preview:large, max-video-preview:-1\" \/>\n<link rel=\"canonical\" href=\"https:\/\/librairie7l.com\/en\/produit\/afghan-style\/\" \/>\n<meta property=\"og:locale\" content=\"en_US\" \/>\n<meta property=\"og:type\" content=\"article\" \/>\n<meta property=\"og:title\" content=\"AFGHAN STYLE - Librairie 7L\" \/>\n<meta property=\"og:description\" content=\"Afghan Style est un beau livre d&#8217;image imprim\u00e9 en France par Escourbiac. Dans ce livre, Robert Spangle \u00e9tudie le style et la mode afghane masculine, via sa photographie. Robert Spangle s&#8217;est engag\u00e9 dans la marine \u00e0 17 ans, avant de devenir tailleur sur mesure puis designer \u00e0 Londres. Son service militaire a \u00e9veill\u00e9 son int\u00e9r\u00eat [&hellip;]\" \/>\n<meta property=\"og:url\" content=\"https:\/\/librairie7l.com\/en\/produit\/afghan-style\/\" \/>\n<meta property=\"og:site_name\" content=\"Librairie 7L\" \/>\n<meta property=\"article:modified_time\" content=\"2026-04-17T15:06:19+00:00\" \/>\n<meta property=\"og:image\" content=\"https:\/\/librairie7l.com\/wp-content\/uploads\/2022\/08\/9782909478524_1_75.jpg\" \/>\n\t<meta property=\"og:image:width\" content=\"400\" \/>\n\t<meta property=\"og:image:height\" content=\"569\" \/>\n\t<meta property=\"og:image:type\" content=\"image\/jpeg\" \/>\n<meta name=\"twitter:card\" content=\"summary_large_image\" \/>\n<meta name=\"twitter:label1\" content=\"Est. reading time\" \/>\n\t<meta name=\"twitter:data1\" content=\"1 minute\" \/>\n<script type=\"application\/ld+json\" class=\"yoast-schema-graph\">{\"@context\":\"https:\/\/schema.org\",\"@graph\":[{\"@type\":\"WebPage\",\"@id\":\"https:\/\/librairie7l.com\/en\/produit\/afghan-style\/\",\"url\":\"https:\/\/librairie7l.com\/en\/produit\/afghan-style\/\",\"name\":\"AFGHAN STYLE - Librairie 7L\",\"isPartOf\":{\"@id\":\"https:\/\/librairie7l.com\/en\/#website\"},\"datePublished\":\"2023-05-10T12:09:52+00:00\",\"dateModified\":\"2026-04-17T15:06:19+00:00\",\"breadcrumb\":{\"@id\":\"https:\/\/librairie7l.com\/en\/produit\/afghan-style\/#breadcrumb\"},\"inLanguage\":\"en-US\",\"potentialAction\":[{\"@type\":\"ReadAction\",\"target\":[\"https:\/\/librairie7l.com\/en\/produit\/afghan-style\/\"]}]},{\"@type\":\"BreadcrumbList\",\"@id\":\"https:\/\/librairie7l.com\/en\/produit\/afghan-style\/#breadcrumb\",\"itemListElement\":[{\"@type\":\"ListItem\",\"position\":1,\"name\":\"Accueil\",\"item\":\"https:\/\/librairie7l.com\/en\/\"},{\"@type\":\"ListItem\",\"position\":2,\"name\":\"Shop\",\"item\":\"https:\/\/librairie7l.com\/en\/shop\/\"},{\"@type\":\"ListItem\",\"position\":3,\"name\":\"AFGHAN STYLE\"}]},{\"@type\":\"WebSite\",\"@id\":\"https:\/\/librairie7l.com\/en\/#website\",\"url\":\"https:\/\/librairie7l.com\/en\/\",\"name\":\"Librairie 7L\",\"description\":\"Librairie fond\u00e9e en 1999 par Karl Lagerfeld \u00e0 Paris\",\"publisher\":{\"@id\":\"https:\/\/librairie7l.com\/en\/#organization\"},\"potentialAction\":[{\"@type\":\"SearchAction\",\"target\":{\"@type\":\"EntryPoint\",\"urlTemplate\":\"https:\/\/librairie7l.com\/en\/?s={search_term_string}\"},\"query-input\":\"required name=search_term_string\"}],\"inLanguage\":\"en-US\"},{\"@type\":\"Organization\",\"@id\":\"https:\/\/librairie7l.com\/en\/#organization\",\"name\":\"Librairie 7L\",\"url\":\"https:\/\/librairie7l.com\/en\/\",\"logo\":{\"@type\":\"ImageObject\",\"inLanguage\":\"en-US\",\"@id\":\"https:\/\/librairie7l.com\/en\/#\/schema\/logo\/image\/\",\"url\":\"https:\/\/librairie7l.com\/wp-content\/uploads\/2022\/08\/logo-1.png\",\"contentUrl\":\"https:\/\/librairie7l.com\/wp-content\/uploads\/2022\/08\/logo-1.png\",\"width\":227,\"height\":301,\"caption\":\"Librairie 7L\"},\"image\":{\"@id\":\"https:\/\/librairie7l.com\/en\/#\/schema\/logo\/image\/\"}}]}<\/script>\n<!-- \/ Yoast SEO plugin. -->","yoast_head_json":{"title":"AFGHAN STYLE - Librairie 7L","robots":{"index":"index","follow":"follow","max-snippet":"max-snippet:-1","max-image-preview":"max-image-preview:large","max-video-preview":"max-video-preview:-1"},"canonical":"https:\/\/librairie7l.com\/en\/produit\/afghan-style\/","og_locale":"en_US","og_type":"article","og_title":"AFGHAN STYLE - Librairie 7L","og_description":"Afghan Style est un beau livre d&#8217;image imprim\u00e9 en France par Escourbiac. Dans ce livre, Robert Spangle \u00e9tudie le style et la mode afghane masculine, via sa photographie. Robert Spangle s&#8217;est engag\u00e9 dans la marine \u00e0 17 ans, avant de devenir tailleur sur mesure puis designer \u00e0 Londres. Son service militaire a \u00e9veill\u00e9 son int\u00e9r\u00eat [&hellip;]","og_url":"https:\/\/librairie7l.com\/en\/produit\/afghan-style\/","og_site_name":"Librairie 7L","article_modified_time":"2026-04-17T15:06:19+00:00","og_image":[{"width":400,"height":569,"url":"https:\/\/librairie7l.com\/wp-content\/uploads\/2022\/08\/9782909478524_1_75.jpg","type":"image\/jpeg"}],"twitter_card":"summary_large_image","twitter_misc":{"Est. reading time":"1 minute"},"schema":{"@context":"https:\/\/schema.org","@graph":[{"@type":"WebPage","@id":"https:\/\/librairie7l.com\/en\/produit\/afghan-style\/","url":"https:\/\/librairie7l.com\/en\/produit\/afghan-style\/","name":"AFGHAN STYLE - Librairie 7L","isPartOf":{"@id":"https:\/\/librairie7l.com\/en\/#website"},"datePublished":"2023-05-10T12:09:52+00:00","dateModified":"2026-04-17T15:06:19+00:00","breadcrumb":{"@id":"https:\/\/librairie7l.com\/en\/produit\/afghan-style\/#breadcrumb"},"inLanguage":"en-US","potentialAction":[{"@type":"ReadAction","target":["https:\/\/librairie7l.com\/en\/produit\/afghan-style\/"]}]},{"@type":"BreadcrumbList","@id":"https:\/\/librairie7l.com\/en\/produit\/afghan-style\/#breadcrumb","itemListElement":[{"@type":"ListItem","position":1,"name":"Accueil","item":"https:\/\/librairie7l.com\/en\/"},{"@type":"ListItem","position":2,"name":"Shop","item":"https:\/\/librairie7l.com\/en\/shop\/"},{"@type":"ListItem","position":3,"name":"AFGHAN STYLE"}]},{"@type":"WebSite","@id":"https:\/\/librairie7l.com\/en\/#website","url":"https:\/\/librairie7l.com\/en\/","name":"Librairie 7L","description":"Librairie fond\u00e9e en 1999 par Karl Lagerfeld \u00e0 Paris","publisher":{"@id":"https:\/\/librairie7l.com\/en\/#organization"},"potentialAction":[{"@type":"SearchAction","target":{"@type":"EntryPoint","urlTemplate":"https:\/\/librairie7l.com\/en\/?s={search_term_string}"},"query-input":"required name=search_term_string"}],"inLanguage":"en-US"},{"@type":"Organization","@id":"https:\/\/librairie7l.com\/en\/#organization","name":"Librairie 7L","url":"https:\/\/librairie7l.com\/en\/","logo":{"@type":"ImageObject","inLanguage":"en-US","@id":"https:\/\/librairie7l.com\/en\/#\/schema\/logo\/image\/","url":"https:\/\/librairie7l.com\/wp-content\/uploads\/2022\/08\/logo-1.png","contentUrl":"https:\/\/librairie7l.com\/wp-content\/uploads\/2022\/08\/logo-1.png","width":227,"height":301,"caption":"Librairie 7L"},"image":{"@id":"https:\/\/librairie7l.com\/en\/#\/schema\/logo\/image\/"}}]}},"_links":{"self":[{"href":"https:\/\/librairie7l.com\/en\/wp-json\/wp\/v2\/product\/29639"}],"collection":[{"href":"https:\/\/librairie7l.com\/en\/wp-json\/wp\/v2\/product"}],"about":[{"href":"https:\/\/librairie7l.com\/en\/wp-json\/wp\/v2\/types\/product"}],"wp:featuredmedia":[{"embeddable":true,"href":"https:\/\/librairie7l.com\/en\/wp-json\/wp\/v2\/media\/29637"}],"wp:attachment":[{"href":"https:\/\/librairie7l.com\/en\/wp-json\/wp\/v2\/media?parent=29639"}],"wp:term":[{"taxonomy":"product_cat","embeddable":true,"href":"https:\/\/librairie7l.com\/en\/wp-json\/wp\/v2\/product_cat?post=29639"},{"taxonomy":"product_tag","embeddable":true,"href":"https:\/\/librairie7l.com\/en\/wp-json\/wp\/v2\/product_tag?post=29639"}],"curies":[{"name":"wp","href":"https:\/\/api.w.org\/{rel}","templated":true}]}}