{"id":29655,"date":"2023-05-10T14:11:24","date_gmt":"2023-05-10T12:11:24","guid":{"rendered":"https:\/\/librairie7l.com\/?post_type=product&#038;p=29655"},"modified":"2026-04-23T13:05:44","modified_gmt":"2026-04-23T11:05:44","slug":"broderies-dartistes-intimite-et-creativite-dans-les-arts-textiles-de-la-fin-du-xixe-au-milieu-du-xxe-siecle","status":"publish","type":"product","link":"https:\/\/librairie7l.com\/en\/produit\/broderies-dartistes-intimite-et-creativite-dans-les-arts-textiles-de-la-fin-du-xixe-au-milieu-du-xxe-siecle\/","title":{"rendered":"BRODERIES D&#8217;ARTISTES ; INTIMIT\u00c9 ET CR\u00c9ATIVIT\u00c9 DANS LES ARTS TEXTILES DE LA FIN DU XIXE AU MILIEU DU XXE SI\u00c8CLE"},"content":{"rendered":"<p>Consacr\u00e9 aux tapisseries brod\u00e9es d&#8217;artistes entre 1880 et 1950, ce catalogue accompagnant l&#8217;exposition homonyme explore les origines de la R\u00e9novation de la tapisserie au XX e si\u00e8cle et met en avant les femmes rest\u00e9es dans l&#8217;ombre des artistes dont elles ont brod\u00e9 les oeuvres.<\/p>\n<p>\u00c0 la fin du XIX e si\u00e8cle, les artistes d&#8217;avant-garde, s\u00e9duits par l&#8217;esth\u00e9tique de la tapisserie m\u00e9di\u00e9vale, cherchent \u00e0 faire tisser leurs oeuvres selon ces techniques. Mais celles-ci sont perdues et ces artistes n&#8217;ont ni la notori\u00e9t\u00e9 ni les moyens pour faire appel aux manufactures d&#8217;\u00c9tat ou aux ateliers priv\u00e9s. Ils se tournent alors vers des femmes de leur premier cercle. Consid\u00e9r\u00e9es comme des \u00abouvrages de dames\u00bb ces oeuvres ont \u00e9t\u00e9 peu collectionn\u00e9es par les mus\u00e9es fran\u00e7ais et se trouvent aujourd&#8217;hui surtout en Hollande, au Danemark, en Allemagne, ou dans des collections priv\u00e9es. Il s&#8217;agit donc de presenter une s\u00e9lection de pi\u00e8ces textiles rares souvent plus vues en France depuis un si\u00e8cle.<\/p>\n<p>Aristide Maillol, \u00c9mile Bernard, Paul-\u00c9lie Ranson, Fernand Maillaud, Jean Arp, Paul Deltombe, Jean Lur\u00e7at, Henri de Waroquier, Roger Bissi\u00e8re, etc. Plusieurs des artistes expos\u00e9s sont d&#8217;ailleurs des chevilles ouvri\u00e8res de la R\u00e9novation de la tapisserie, \u00e0 travers le travail textile de femmes comme Marthe Hennebert, premi\u00e8re \u00e9pouse de Jean Lur\u00e7at ou Mme Deltombe, amie d&#8217;Antoine-Marius Martin, directeur de l&#8217;\u00c9cole Nationale d&#8217;Art D\u00e9coratif d&#8217;Aubusson.<\/p>\n","protected":false},"excerpt":{"rendered":"<p>Consacr\u00e9 aux tapisseries brod\u00e9es d&#8217;artistes entre 1880 et 1950, ce catalogue accompagnant l&#8217;exposition homonyme explore les origines de la R\u00e9novation de la tapisserie au XX e si\u00e8cle et met en avant les femmes rest\u00e9es dans l&#8217;ombre des artistes dont elles ont brod\u00e9 les oeuvres. \u00c0 la fin du XIX e si\u00e8cle, les artistes d&#8217;avant-garde, s\u00e9duits [&hellip;]<\/p>\n","protected":false},"featured_media":29653,"template":"","meta":[],"product_cat":[55,2948,18,2952],"product_tag":[],"acf":[],"yoast_head":"<!-- This site is optimized with the Yoast SEO plugin v20.11 - https:\/\/yoast.com\/wordpress\/plugins\/seo\/ -->\n<title>BRODERIES D&#039;ARTISTES ; INTIMIT\u00c9 ET CR\u00c9ATIVIT\u00c9 DANS LES ARTS TEXTILES DE LA FIN DU XIXE AU MILIEU DU XXE SI\u00c8CLE - Librairie 7L<\/title>\n<meta name=\"robots\" content=\"index, follow, max-snippet:-1, max-image-preview:large, max-video-preview:-1\" \/>\n<link rel=\"canonical\" href=\"https:\/\/librairie7l.com\/en\/produit\/broderies-dartistes-intimite-et-creativite-dans-les-arts-textiles-de-la-fin-du-xixe-au-milieu-du-xxe-siecle\/\" \/>\n<meta property=\"og:locale\" content=\"en_US\" \/>\n<meta property=\"og:type\" content=\"article\" \/>\n<meta property=\"og:title\" content=\"BRODERIES D&#039;ARTISTES ; INTIMIT\u00c9 ET CR\u00c9ATIVIT\u00c9 DANS LES ARTS TEXTILES DE LA FIN DU XIXE AU MILIEU DU XXE SI\u00c8CLE - Librairie 7L\" \/>\n<meta property=\"og:description\" content=\"Consacr\u00e9 aux tapisseries brod\u00e9es d&#8217;artistes entre 1880 et 1950, ce catalogue accompagnant l&#8217;exposition homonyme explore les origines de la R\u00e9novation de la tapisserie au XX e si\u00e8cle et met en avant les femmes rest\u00e9es dans l&#8217;ombre des artistes dont elles ont brod\u00e9 les oeuvres. \u00c0 la fin du XIX e si\u00e8cle, les artistes d&#8217;avant-garde, s\u00e9duits [&hellip;]\" \/>\n<meta property=\"og:url\" content=\"https:\/\/librairie7l.com\/en\/produit\/broderies-dartistes-intimite-et-creativite-dans-les-arts-textiles-de-la-fin-du-xixe-au-milieu-du-xxe-siecle\/\" \/>\n<meta property=\"og:site_name\" content=\"Librairie 7L\" \/>\n<meta property=\"article:modified_time\" content=\"2026-04-23T11:05:44+00:00\" \/>\n<meta property=\"og:image\" content=\"https:\/\/librairie7l.com\/wp-content\/uploads\/2018\/06\/9788836638826_1_75.jpg\" \/>\n\t<meta property=\"og:image:width\" content=\"475\" \/>\n\t<meta property=\"og:image:height\" content=\"468\" \/>\n\t<meta property=\"og:image:type\" content=\"image\/jpeg\" \/>\n<meta name=\"twitter:card\" content=\"summary_large_image\" \/>\n<meta name=\"twitter:label1\" content=\"Est. reading time\" \/>\n\t<meta name=\"twitter:data1\" content=\"1 minute\" \/>\n<script type=\"application\/ld+json\" class=\"yoast-schema-graph\">{\"@context\":\"https:\/\/schema.org\",\"@graph\":[{\"@type\":\"WebPage\",\"@id\":\"https:\/\/librairie7l.com\/en\/produit\/broderies-dartistes-intimite-et-creativite-dans-les-arts-textiles-de-la-fin-du-xixe-au-milieu-du-xxe-siecle\/\",\"url\":\"https:\/\/librairie7l.com\/en\/produit\/broderies-dartistes-intimite-et-creativite-dans-les-arts-textiles-de-la-fin-du-xixe-au-milieu-du-xxe-siecle\/\",\"name\":\"BRODERIES D'ARTISTES ; INTIMIT\u00c9 ET CR\u00c9ATIVIT\u00c9 DANS LES ARTS TEXTILES DE LA FIN DU XIXE AU MILIEU DU XXE SI\u00c8CLE - Librairie 7L\",\"isPartOf\":{\"@id\":\"https:\/\/librairie7l.com\/en\/#website\"},\"datePublished\":\"2023-05-10T12:11:24+00:00\",\"dateModified\":\"2026-04-23T11:05:44+00:00\",\"breadcrumb\":{\"@id\":\"https:\/\/librairie7l.com\/en\/produit\/broderies-dartistes-intimite-et-creativite-dans-les-arts-textiles-de-la-fin-du-xixe-au-milieu-du-xxe-siecle\/#breadcrumb\"},\"inLanguage\":\"en-US\",\"potentialAction\":[{\"@type\":\"ReadAction\",\"target\":[\"https:\/\/librairie7l.com\/en\/produit\/broderies-dartistes-intimite-et-creativite-dans-les-arts-textiles-de-la-fin-du-xixe-au-milieu-du-xxe-siecle\/\"]}]},{\"@type\":\"BreadcrumbList\",\"@id\":\"https:\/\/librairie7l.com\/en\/produit\/broderies-dartistes-intimite-et-creativite-dans-les-arts-textiles-de-la-fin-du-xixe-au-milieu-du-xxe-siecle\/#breadcrumb\",\"itemListElement\":[{\"@type\":\"ListItem\",\"position\":1,\"name\":\"Accueil\",\"item\":\"https:\/\/librairie7l.com\/en\/\"},{\"@type\":\"ListItem\",\"position\":2,\"name\":\"Shop\",\"item\":\"https:\/\/librairie7l.com\/en\/shop\/\"},{\"@type\":\"ListItem\",\"position\":3,\"name\":\"BRODERIES D&#8217;ARTISTES ; INTIMIT\u00c9 ET CR\u00c9ATIVIT\u00c9 DANS LES ARTS TEXTILES DE LA FIN DU XIXE AU MILIEU DU XXE SI\u00c8CLE\"}]},{\"@type\":\"WebSite\",\"@id\":\"https:\/\/librairie7l.com\/en\/#website\",\"url\":\"https:\/\/librairie7l.com\/en\/\",\"name\":\"Librairie 7L\",\"description\":\"Librairie fond\u00e9e en 1999 par Karl Lagerfeld \u00e0 Paris\",\"publisher\":{\"@id\":\"https:\/\/librairie7l.com\/en\/#organization\"},\"potentialAction\":[{\"@type\":\"SearchAction\",\"target\":{\"@type\":\"EntryPoint\",\"urlTemplate\":\"https:\/\/librairie7l.com\/en\/?s={search_term_string}\"},\"query-input\":\"required name=search_term_string\"}],\"inLanguage\":\"en-US\"},{\"@type\":\"Organization\",\"@id\":\"https:\/\/librairie7l.com\/en\/#organization\",\"name\":\"Librairie 7L\",\"url\":\"https:\/\/librairie7l.com\/en\/\",\"logo\":{\"@type\":\"ImageObject\",\"inLanguage\":\"en-US\",\"@id\":\"https:\/\/librairie7l.com\/en\/#\/schema\/logo\/image\/\",\"url\":\"https:\/\/librairie7l.com\/wp-content\/uploads\/2022\/08\/logo-1.png\",\"contentUrl\":\"https:\/\/librairie7l.com\/wp-content\/uploads\/2022\/08\/logo-1.png\",\"width\":227,\"height\":301,\"caption\":\"Librairie 7L\"},\"image\":{\"@id\":\"https:\/\/librairie7l.com\/en\/#\/schema\/logo\/image\/\"}}]}<\/script>\n<!-- \/ Yoast SEO plugin. -->","yoast_head_json":{"title":"BRODERIES D'ARTISTES ; INTIMIT\u00c9 ET CR\u00c9ATIVIT\u00c9 DANS LES ARTS TEXTILES DE LA FIN DU XIXE AU MILIEU DU XXE SI\u00c8CLE - Librairie 7L","robots":{"index":"index","follow":"follow","max-snippet":"max-snippet:-1","max-image-preview":"max-image-preview:large","max-video-preview":"max-video-preview:-1"},"canonical":"https:\/\/librairie7l.com\/en\/produit\/broderies-dartistes-intimite-et-creativite-dans-les-arts-textiles-de-la-fin-du-xixe-au-milieu-du-xxe-siecle\/","og_locale":"en_US","og_type":"article","og_title":"BRODERIES D'ARTISTES ; INTIMIT\u00c9 ET CR\u00c9ATIVIT\u00c9 DANS LES ARTS TEXTILES DE LA FIN DU XIXE AU MILIEU DU XXE SI\u00c8CLE - Librairie 7L","og_description":"Consacr\u00e9 aux tapisseries brod\u00e9es d&#8217;artistes entre 1880 et 1950, ce catalogue accompagnant l&#8217;exposition homonyme explore les origines de la R\u00e9novation de la tapisserie au XX e si\u00e8cle et met en avant les femmes rest\u00e9es dans l&#8217;ombre des artistes dont elles ont brod\u00e9 les oeuvres. \u00c0 la fin du XIX e si\u00e8cle, les artistes d&#8217;avant-garde, s\u00e9duits [&hellip;]","og_url":"https:\/\/librairie7l.com\/en\/produit\/broderies-dartistes-intimite-et-creativite-dans-les-arts-textiles-de-la-fin-du-xixe-au-milieu-du-xxe-siecle\/","og_site_name":"Librairie 7L","article_modified_time":"2026-04-23T11:05:44+00:00","og_image":[{"width":475,"height":468,"url":"https:\/\/librairie7l.com\/wp-content\/uploads\/2018\/06\/9788836638826_1_75.jpg","type":"image\/jpeg"}],"twitter_card":"summary_large_image","twitter_misc":{"Est. reading time":"1 minute"},"schema":{"@context":"https:\/\/schema.org","@graph":[{"@type":"WebPage","@id":"https:\/\/librairie7l.com\/en\/produit\/broderies-dartistes-intimite-et-creativite-dans-les-arts-textiles-de-la-fin-du-xixe-au-milieu-du-xxe-siecle\/","url":"https:\/\/librairie7l.com\/en\/produit\/broderies-dartistes-intimite-et-creativite-dans-les-arts-textiles-de-la-fin-du-xixe-au-milieu-du-xxe-siecle\/","name":"BRODERIES D'ARTISTES ; INTIMIT\u00c9 ET CR\u00c9ATIVIT\u00c9 DANS LES ARTS TEXTILES DE LA FIN DU XIXE AU MILIEU DU XXE SI\u00c8CLE - Librairie 7L","isPartOf":{"@id":"https:\/\/librairie7l.com\/en\/#website"},"datePublished":"2023-05-10T12:11:24+00:00","dateModified":"2026-04-23T11:05:44+00:00","breadcrumb":{"@id":"https:\/\/librairie7l.com\/en\/produit\/broderies-dartistes-intimite-et-creativite-dans-les-arts-textiles-de-la-fin-du-xixe-au-milieu-du-xxe-siecle\/#breadcrumb"},"inLanguage":"en-US","potentialAction":[{"@type":"ReadAction","target":["https:\/\/librairie7l.com\/en\/produit\/broderies-dartistes-intimite-et-creativite-dans-les-arts-textiles-de-la-fin-du-xixe-au-milieu-du-xxe-siecle\/"]}]},{"@type":"BreadcrumbList","@id":"https:\/\/librairie7l.com\/en\/produit\/broderies-dartistes-intimite-et-creativite-dans-les-arts-textiles-de-la-fin-du-xixe-au-milieu-du-xxe-siecle\/#breadcrumb","itemListElement":[{"@type":"ListItem","position":1,"name":"Accueil","item":"https:\/\/librairie7l.com\/en\/"},{"@type":"ListItem","position":2,"name":"Shop","item":"https:\/\/librairie7l.com\/en\/shop\/"},{"@type":"ListItem","position":3,"name":"BRODERIES D&#8217;ARTISTES ; INTIMIT\u00c9 ET CR\u00c9ATIVIT\u00c9 DANS LES ARTS TEXTILES DE LA FIN DU XIXE AU MILIEU DU XXE SI\u00c8CLE"}]},{"@type":"WebSite","@id":"https:\/\/librairie7l.com\/en\/#website","url":"https:\/\/librairie7l.com\/en\/","name":"Librairie 7L","description":"Librairie fond\u00e9e en 1999 par Karl Lagerfeld \u00e0 Paris","publisher":{"@id":"https:\/\/librairie7l.com\/en\/#organization"},"potentialAction":[{"@type":"SearchAction","target":{"@type":"EntryPoint","urlTemplate":"https:\/\/librairie7l.com\/en\/?s={search_term_string}"},"query-input":"required name=search_term_string"}],"inLanguage":"en-US"},{"@type":"Organization","@id":"https:\/\/librairie7l.com\/en\/#organization","name":"Librairie 7L","url":"https:\/\/librairie7l.com\/en\/","logo":{"@type":"ImageObject","inLanguage":"en-US","@id":"https:\/\/librairie7l.com\/en\/#\/schema\/logo\/image\/","url":"https:\/\/librairie7l.com\/wp-content\/uploads\/2022\/08\/logo-1.png","contentUrl":"https:\/\/librairie7l.com\/wp-content\/uploads\/2022\/08\/logo-1.png","width":227,"height":301,"caption":"Librairie 7L"},"image":{"@id":"https:\/\/librairie7l.com\/en\/#\/schema\/logo\/image\/"}}]}},"_links":{"self":[{"href":"https:\/\/librairie7l.com\/en\/wp-json\/wp\/v2\/product\/29655"}],"collection":[{"href":"https:\/\/librairie7l.com\/en\/wp-json\/wp\/v2\/product"}],"about":[{"href":"https:\/\/librairie7l.com\/en\/wp-json\/wp\/v2\/types\/product"}],"wp:featuredmedia":[{"embeddable":true,"href":"https:\/\/librairie7l.com\/en\/wp-json\/wp\/v2\/media\/29653"}],"wp:attachment":[{"href":"https:\/\/librairie7l.com\/en\/wp-json\/wp\/v2\/media?parent=29655"}],"wp:term":[{"taxonomy":"product_cat","embeddable":true,"href":"https:\/\/librairie7l.com\/en\/wp-json\/wp\/v2\/product_cat?post=29655"},{"taxonomy":"product_tag","embeddable":true,"href":"https:\/\/librairie7l.com\/en\/wp-json\/wp\/v2\/product_tag?post=29655"}],"curies":[{"name":"wp","href":"https:\/\/api.w.org\/{rel}","templated":true}]}}