{"id":29663,"date":"2023-05-10T14:11:33","date_gmt":"2023-05-10T12:11:33","guid":{"rendered":"https:\/\/librairie7l.com\/?post_type=product&#038;p=29663"},"modified":"2026-04-16T18:06:30","modified_gmt":"2026-04-16T16:06:30","slug":"fashion-in-the-90s-reinvention-and-restlessness","status":"publish","type":"product","link":"https:\/\/librairie7l.com\/en\/produit\/fashion-in-the-90s-reinvention-and-restlessness\/","title":{"rendered":"FASHION IN THE 90&#8217;S REINVENTION AND RESTLESSNESS"},"content":{"rendered":"<p>Au cours des vingt ann\u00e9es \u00e9coul\u00e9es depuis la fin de la d\u00e9cennie, le monde de la mode a connu plusieurs reprises des ann\u00e9es 90. Cet ouvrage se concentre sp\u00e9cifiquement sur les cr\u00e9ateurs qui ont d\u00e9fi\u00e9 les attentes de la haute couture et qui ont jou\u00e9 un r\u00f4le important dans la pose des bases de la mode du XXIe si\u00e8cle, notamment: Tom Ford, John Galliano, Alexander McQueen, Marc Jacobs, Michael Kors, Martin Margiela, Stella McCartney, Helmut Lang, Jil Sander, Yohji Yamamoto, Rei Kawakubo et Viktor et Rolf.<\/p>\n","protected":false},"excerpt":{"rendered":"<p>Au cours des vingt ann\u00e9es \u00e9coul\u00e9es depuis la fin de la d\u00e9cennie, le monde de la mode a connu plusieurs reprises des ann\u00e9es 90. Cet ouvrage se concentre sp\u00e9cifiquement sur les cr\u00e9ateurs qui ont d\u00e9fi\u00e9 les attentes de la haute couture et qui ont jou\u00e9 un r\u00f4le important dans la pose des bases de la [&hellip;]<\/p>\n","protected":false},"featured_media":29661,"template":"","meta":[],"product_cat":[55,2948,2957,19],"product_tag":[],"acf":[],"yoast_head":"<!-- This site is optimized with the Yoast SEO plugin v20.11 - https:\/\/yoast.com\/wordpress\/plugins\/seo\/ -->\n<title>FASHION IN THE 90&#039;S REINVENTION AND RESTLESSNESS - Librairie 7L<\/title>\n<meta name=\"robots\" content=\"index, follow, max-snippet:-1, max-image-preview:large, max-video-preview:-1\" \/>\n<link rel=\"canonical\" href=\"https:\/\/librairie7l.com\/en\/produit\/fashion-in-the-90s-reinvention-and-restlessness\/\" \/>\n<meta property=\"og:locale\" content=\"en_US\" \/>\n<meta property=\"og:type\" content=\"article\" \/>\n<meta property=\"og:title\" content=\"FASHION IN THE 90&#039;S REINVENTION AND RESTLESSNESS - Librairie 7L\" \/>\n<meta property=\"og:description\" content=\"Au cours des vingt ann\u00e9es \u00e9coul\u00e9es depuis la fin de la d\u00e9cennie, le monde de la mode a connu plusieurs reprises des ann\u00e9es 90. Cet ouvrage se concentre sp\u00e9cifiquement sur les cr\u00e9ateurs qui ont d\u00e9fi\u00e9 les attentes de la haute couture et qui ont jou\u00e9 un r\u00f4le important dans la pose des bases de la [&hellip;]\" \/>\n<meta property=\"og:url\" content=\"https:\/\/librairie7l.com\/en\/produit\/fashion-in-the-90s-reinvention-and-restlessness\/\" \/>\n<meta property=\"og:site_name\" content=\"Librairie 7L\" \/>\n<meta property=\"article:modified_time\" content=\"2026-04-16T16:06:30+00:00\" \/>\n<meta property=\"og:image\" content=\"https:\/\/librairie7l.com\/wp-content\/uploads\/2020\/12\/9780847869770_1_75.jpg\" \/>\n\t<meta property=\"og:image:width\" content=\"600\" \/>\n\t<meta property=\"og:image:height\" content=\"794\" \/>\n\t<meta property=\"og:image:type\" content=\"image\/jpeg\" \/>\n<meta name=\"twitter:card\" content=\"summary_large_image\" \/>\n<script type=\"application\/ld+json\" class=\"yoast-schema-graph\">{\"@context\":\"https:\/\/schema.org\",\"@graph\":[{\"@type\":\"WebPage\",\"@id\":\"https:\/\/librairie7l.com\/en\/produit\/fashion-in-the-90s-reinvention-and-restlessness\/\",\"url\":\"https:\/\/librairie7l.com\/en\/produit\/fashion-in-the-90s-reinvention-and-restlessness\/\",\"name\":\"FASHION IN THE 90'S REINVENTION AND RESTLESSNESS - Librairie 7L\",\"isPartOf\":{\"@id\":\"https:\/\/librairie7l.com\/en\/#website\"},\"datePublished\":\"2023-05-10T12:11:33+00:00\",\"dateModified\":\"2026-04-16T16:06:30+00:00\",\"breadcrumb\":{\"@id\":\"https:\/\/librairie7l.com\/en\/produit\/fashion-in-the-90s-reinvention-and-restlessness\/#breadcrumb\"},\"inLanguage\":\"en-US\",\"potentialAction\":[{\"@type\":\"ReadAction\",\"target\":[\"https:\/\/librairie7l.com\/en\/produit\/fashion-in-the-90s-reinvention-and-restlessness\/\"]}]},{\"@type\":\"BreadcrumbList\",\"@id\":\"https:\/\/librairie7l.com\/en\/produit\/fashion-in-the-90s-reinvention-and-restlessness\/#breadcrumb\",\"itemListElement\":[{\"@type\":\"ListItem\",\"position\":1,\"name\":\"Accueil\",\"item\":\"https:\/\/librairie7l.com\/en\/\"},{\"@type\":\"ListItem\",\"position\":2,\"name\":\"Shop\",\"item\":\"https:\/\/librairie7l.com\/en\/shop\/\"},{\"@type\":\"ListItem\",\"position\":3,\"name\":\"FASHION IN THE 90&#8217;S REINVENTION AND RESTLESSNESS\"}]},{\"@type\":\"WebSite\",\"@id\":\"https:\/\/librairie7l.com\/en\/#website\",\"url\":\"https:\/\/librairie7l.com\/en\/\",\"name\":\"Librairie 7L\",\"description\":\"Librairie fond\u00e9e en 1999 par Karl Lagerfeld \u00e0 Paris\",\"publisher\":{\"@id\":\"https:\/\/librairie7l.com\/en\/#organization\"},\"potentialAction\":[{\"@type\":\"SearchAction\",\"target\":{\"@type\":\"EntryPoint\",\"urlTemplate\":\"https:\/\/librairie7l.com\/en\/?s={search_term_string}\"},\"query-input\":\"required name=search_term_string\"}],\"inLanguage\":\"en-US\"},{\"@type\":\"Organization\",\"@id\":\"https:\/\/librairie7l.com\/en\/#organization\",\"name\":\"Librairie 7L\",\"url\":\"https:\/\/librairie7l.com\/en\/\",\"logo\":{\"@type\":\"ImageObject\",\"inLanguage\":\"en-US\",\"@id\":\"https:\/\/librairie7l.com\/en\/#\/schema\/logo\/image\/\",\"url\":\"https:\/\/librairie7l.com\/wp-content\/uploads\/2022\/08\/logo-1.png\",\"contentUrl\":\"https:\/\/librairie7l.com\/wp-content\/uploads\/2022\/08\/logo-1.png\",\"width\":227,\"height\":301,\"caption\":\"Librairie 7L\"},\"image\":{\"@id\":\"https:\/\/librairie7l.com\/en\/#\/schema\/logo\/image\/\"}}]}<\/script>\n<!-- \/ Yoast SEO plugin. -->","yoast_head_json":{"title":"FASHION IN THE 90'S REINVENTION AND RESTLESSNESS - Librairie 7L","robots":{"index":"index","follow":"follow","max-snippet":"max-snippet:-1","max-image-preview":"max-image-preview:large","max-video-preview":"max-video-preview:-1"},"canonical":"https:\/\/librairie7l.com\/en\/produit\/fashion-in-the-90s-reinvention-and-restlessness\/","og_locale":"en_US","og_type":"article","og_title":"FASHION IN THE 90'S REINVENTION AND RESTLESSNESS - Librairie 7L","og_description":"Au cours des vingt ann\u00e9es \u00e9coul\u00e9es depuis la fin de la d\u00e9cennie, le monde de la mode a connu plusieurs reprises des ann\u00e9es 90. Cet ouvrage se concentre sp\u00e9cifiquement sur les cr\u00e9ateurs qui ont d\u00e9fi\u00e9 les attentes de la haute couture et qui ont jou\u00e9 un r\u00f4le important dans la pose des bases de la [&hellip;]","og_url":"https:\/\/librairie7l.com\/en\/produit\/fashion-in-the-90s-reinvention-and-restlessness\/","og_site_name":"Librairie 7L","article_modified_time":"2026-04-16T16:06:30+00:00","og_image":[{"width":600,"height":794,"url":"https:\/\/librairie7l.com\/wp-content\/uploads\/2020\/12\/9780847869770_1_75.jpg","type":"image\/jpeg"}],"twitter_card":"summary_large_image","schema":{"@context":"https:\/\/schema.org","@graph":[{"@type":"WebPage","@id":"https:\/\/librairie7l.com\/en\/produit\/fashion-in-the-90s-reinvention-and-restlessness\/","url":"https:\/\/librairie7l.com\/en\/produit\/fashion-in-the-90s-reinvention-and-restlessness\/","name":"FASHION IN THE 90'S REINVENTION AND RESTLESSNESS - Librairie 7L","isPartOf":{"@id":"https:\/\/librairie7l.com\/en\/#website"},"datePublished":"2023-05-10T12:11:33+00:00","dateModified":"2026-04-16T16:06:30+00:00","breadcrumb":{"@id":"https:\/\/librairie7l.com\/en\/produit\/fashion-in-the-90s-reinvention-and-restlessness\/#breadcrumb"},"inLanguage":"en-US","potentialAction":[{"@type":"ReadAction","target":["https:\/\/librairie7l.com\/en\/produit\/fashion-in-the-90s-reinvention-and-restlessness\/"]}]},{"@type":"BreadcrumbList","@id":"https:\/\/librairie7l.com\/en\/produit\/fashion-in-the-90s-reinvention-and-restlessness\/#breadcrumb","itemListElement":[{"@type":"ListItem","position":1,"name":"Accueil","item":"https:\/\/librairie7l.com\/en\/"},{"@type":"ListItem","position":2,"name":"Shop","item":"https:\/\/librairie7l.com\/en\/shop\/"},{"@type":"ListItem","position":3,"name":"FASHION IN THE 90&#8217;S REINVENTION AND RESTLESSNESS"}]},{"@type":"WebSite","@id":"https:\/\/librairie7l.com\/en\/#website","url":"https:\/\/librairie7l.com\/en\/","name":"Librairie 7L","description":"Librairie fond\u00e9e en 1999 par Karl Lagerfeld \u00e0 Paris","publisher":{"@id":"https:\/\/librairie7l.com\/en\/#organization"},"potentialAction":[{"@type":"SearchAction","target":{"@type":"EntryPoint","urlTemplate":"https:\/\/librairie7l.com\/en\/?s={search_term_string}"},"query-input":"required name=search_term_string"}],"inLanguage":"en-US"},{"@type":"Organization","@id":"https:\/\/librairie7l.com\/en\/#organization","name":"Librairie 7L","url":"https:\/\/librairie7l.com\/en\/","logo":{"@type":"ImageObject","inLanguage":"en-US","@id":"https:\/\/librairie7l.com\/en\/#\/schema\/logo\/image\/","url":"https:\/\/librairie7l.com\/wp-content\/uploads\/2022\/08\/logo-1.png","contentUrl":"https:\/\/librairie7l.com\/wp-content\/uploads\/2022\/08\/logo-1.png","width":227,"height":301,"caption":"Librairie 7L"},"image":{"@id":"https:\/\/librairie7l.com\/en\/#\/schema\/logo\/image\/"}}]}},"_links":{"self":[{"href":"https:\/\/librairie7l.com\/en\/wp-json\/wp\/v2\/product\/29663"}],"collection":[{"href":"https:\/\/librairie7l.com\/en\/wp-json\/wp\/v2\/product"}],"about":[{"href":"https:\/\/librairie7l.com\/en\/wp-json\/wp\/v2\/types\/product"}],"wp:featuredmedia":[{"embeddable":true,"href":"https:\/\/librairie7l.com\/en\/wp-json\/wp\/v2\/media\/29661"}],"wp:attachment":[{"href":"https:\/\/librairie7l.com\/en\/wp-json\/wp\/v2\/media?parent=29663"}],"wp:term":[{"taxonomy":"product_cat","embeddable":true,"href":"https:\/\/librairie7l.com\/en\/wp-json\/wp\/v2\/product_cat?post=29663"},{"taxonomy":"product_tag","embeddable":true,"href":"https:\/\/librairie7l.com\/en\/wp-json\/wp\/v2\/product_tag?post=29663"}],"curies":[{"name":"wp","href":"https:\/\/api.w.org\/{rel}","templated":true}]}}