{"id":29691,"date":"2023-05-10T14:12:35","date_gmt":"2023-05-10T12:12:35","guid":{"rendered":"https:\/\/librairie7l.com\/?post_type=product&#038;p=29691"},"modified":"2026-04-21T14:15:29","modified_gmt":"2026-04-21T12:15:29","slug":"abstract","status":"publish","type":"product","link":"https:\/\/librairie7l.com\/en\/produit\/abstract\/","title":{"rendered":"ABSTRACT"},"content":{"rendered":"<p>Une fissure noire sur un sol ou un mur gris. Dessine-t-elle un soleil ? Un ballon qui laisse pendre son fil ? Un soleil qui ne tient qu&#8217;\u00e0 un fil ? Nous conduit-elle dans le po\u00eale de Descartes ? Ou dans la faille obscure qui se niche au coeur des images ? ABSTRACT : un r\u00e9sum\u00e9, mais aussi une abstraction. L&#8217;abstraction de l&#8217;image n&#8217;est-ce pas une fa\u00e7on de faire appara\u00eetre sa structure masqu\u00e9e, celle qui r\u00e8gle sa composition, l&#8217;ordonnancement g\u00e9om\u00e9trique secret de ce qui nous est donn\u00e9 \u00e0 voir ? Abstraire, c&#8217;est viser le concept, ou plut\u00f4t, ici, l&#8217;id\u00e9e en bousculant l&#8217;\u00e9cran.<br \/>\nTo abstract c&#8217;est soustraire, soit faire appara\u00eetre ce qui est soustrait, implicite dans l&#8217;image. ? Le cadre, qui sous-entend mais aussi fait oublier ce qui le d\u00e9borde, car la perspective, immanente \u00e0 la photographie, l&#8217;implique comme l&#8217;avait montr\u00e9 Panofsky pour la peinture ; le noir et blanc qui magnifie les couleurs en les absentant ; 4 le silence assourdissant des images. Mais en d\u00e9-figurant la photographie, Olivier Degen ne nous indique-t-il pas ce qui nous aveugle dans l&#8217;image pour essayer de nous faire voir ce que l&#8217;\u00e9cran des formes o\u00f9 nous nous identifions, o\u00f9 nous nous logeons, rend invisible.<br \/>\nLe regard est ce qui manque \u00e0 ce que nous voyons, c&#8217;est pourquoi, sans doute, je regarde pour ne pas le voir. To abstract c&#8217;est aussi extraire. En effet, \u00e0 proprement parler, il ne s&#8217;agit pas de photographies abstraites comme il en existe, mais de transitions, d&#8217;images s&#8217;abstrayant comme lorsque le cr\u00e9puscule ou la lente cl\u00f4ture des yeux nous les d\u00e9robe. L&#8217;image saisit-elle alors le silence qui se d\u00e9roule inlassablement dans l&#8217;\u00e9coulement du temps, l&#8217;instant que masque le mouvement ? Ne nous oriente-t-elle pas, par un clin d&#8217;oeil, en d\u00e9jouant la fixation intemporelle de ce qui est absolument \u00e9ph\u00e9m\u00e8re, vers ce qui est au-del\u00e0 de l&#8217;apparence et qui se tient dans le silence, innommable ? Ou encore est-ce une vue myope dans la p\u00e9nombre qui rend les images inqui\u00e9tantes comme l&#8217;astigmatisme hypoth\u00e9tique du Gr\u00e9co en son temps ? Ou, supposons, une image que le photographe voudrait nous faire croire aussi involontaire que le lapsus de Portia qui n&#8217;avait pas \u00e9chapp\u00e9 \u00e0 Freud, un appui comme impr\u00e9vu sur le d\u00e9clencheur, une pellicule qu&#8217;on 5 n&#8217;aurait pas remont\u00e9e, un acte manqu\u00e9 du photographe qui r\u00e9ussirait \u00e0 saisir ce qui ne se voit pas, ce que le clich\u00e9 se doit d&#8217;ordinaire effacer.<br \/>\nDans ce cas s&#8217;agit-il, en pr\u00e9sentant ces images, qui sembleraient des rebuts, de contester. Alain Vanier -Psychanalyse<\/p>\n","protected":false},"excerpt":{"rendered":"<p>Une fissure noire sur un sol ou un mur gris. Dessine-t-elle un soleil ? Un ballon qui laisse pendre son fil ? Un soleil qui ne tient qu&#8217;\u00e0 un fil ? Nous conduit-elle dans le po\u00eale de Descartes ? Ou dans la faille obscure qui se niche au coeur des images ? ABSTRACT : un [&hellip;]<\/p>\n","protected":false},"featured_media":29689,"template":"","meta":[],"product_cat":[55,2948,2958,17],"product_tag":[],"acf":[],"yoast_head":"<!-- This site is optimized with the Yoast SEO plugin v20.11 - https:\/\/yoast.com\/wordpress\/plugins\/seo\/ -->\n<title>ABSTRACT - Librairie 7L<\/title>\n<meta name=\"robots\" content=\"index, follow, max-snippet:-1, max-image-preview:large, max-video-preview:-1\" \/>\n<link rel=\"canonical\" href=\"https:\/\/librairie7l.com\/en\/produit\/abstract\/\" \/>\n<meta property=\"og:locale\" content=\"en_US\" \/>\n<meta property=\"og:type\" content=\"article\" \/>\n<meta property=\"og:title\" content=\"ABSTRACT - Librairie 7L\" \/>\n<meta property=\"og:description\" content=\"Une fissure noire sur un sol ou un mur gris. Dessine-t-elle un soleil ? Un ballon qui laisse pendre son fil ? Un soleil qui ne tient qu&#8217;\u00e0 un fil ? Nous conduit-elle dans le po\u00eale de Descartes ? Ou dans la faille obscure qui se niche au coeur des images ? ABSTRACT : un [&hellip;]\" \/>\n<meta property=\"og:url\" content=\"https:\/\/librairie7l.com\/en\/produit\/abstract\/\" \/>\n<meta property=\"og:site_name\" content=\"Librairie 7L\" \/>\n<meta property=\"article:modified_time\" content=\"2026-04-21T12:15:29+00:00\" \/>\n<meta property=\"og:image\" content=\"https:\/\/librairie7l.com\/wp-content\/uploads\/2021\/09\/9782957276219_1_75.jpg\" \/>\n\t<meta property=\"og:image:width\" content=\"297\" \/>\n\t<meta property=\"og:image:height\" content=\"390\" \/>\n\t<meta property=\"og:image:type\" content=\"image\/jpeg\" \/>\n<meta name=\"twitter:card\" content=\"summary_large_image\" \/>\n<meta name=\"twitter:label1\" content=\"Est. reading time\" \/>\n\t<meta name=\"twitter:data1\" content=\"2 minutes\" \/>\n<script type=\"application\/ld+json\" class=\"yoast-schema-graph\">{\"@context\":\"https:\/\/schema.org\",\"@graph\":[{\"@type\":\"WebPage\",\"@id\":\"https:\/\/librairie7l.com\/en\/produit\/abstract\/\",\"url\":\"https:\/\/librairie7l.com\/en\/produit\/abstract\/\",\"name\":\"ABSTRACT - Librairie 7L\",\"isPartOf\":{\"@id\":\"https:\/\/librairie7l.com\/en\/#website\"},\"datePublished\":\"2023-05-10T12:12:35+00:00\",\"dateModified\":\"2026-04-21T12:15:29+00:00\",\"breadcrumb\":{\"@id\":\"https:\/\/librairie7l.com\/en\/produit\/abstract\/#breadcrumb\"},\"inLanguage\":\"en-US\",\"potentialAction\":[{\"@type\":\"ReadAction\",\"target\":[\"https:\/\/librairie7l.com\/en\/produit\/abstract\/\"]}]},{\"@type\":\"BreadcrumbList\",\"@id\":\"https:\/\/librairie7l.com\/en\/produit\/abstract\/#breadcrumb\",\"itemListElement\":[{\"@type\":\"ListItem\",\"position\":1,\"name\":\"Accueil\",\"item\":\"https:\/\/librairie7l.com\/en\/\"},{\"@type\":\"ListItem\",\"position\":2,\"name\":\"Shop\",\"item\":\"https:\/\/librairie7l.com\/en\/shop\/\"},{\"@type\":\"ListItem\",\"position\":3,\"name\":\"ABSTRACT\"}]},{\"@type\":\"WebSite\",\"@id\":\"https:\/\/librairie7l.com\/en\/#website\",\"url\":\"https:\/\/librairie7l.com\/en\/\",\"name\":\"Librairie 7L\",\"description\":\"Librairie fond\u00e9e en 1999 par Karl Lagerfeld \u00e0 Paris\",\"publisher\":{\"@id\":\"https:\/\/librairie7l.com\/en\/#organization\"},\"potentialAction\":[{\"@type\":\"SearchAction\",\"target\":{\"@type\":\"EntryPoint\",\"urlTemplate\":\"https:\/\/librairie7l.com\/en\/?s={search_term_string}\"},\"query-input\":\"required name=search_term_string\"}],\"inLanguage\":\"en-US\"},{\"@type\":\"Organization\",\"@id\":\"https:\/\/librairie7l.com\/en\/#organization\",\"name\":\"Librairie 7L\",\"url\":\"https:\/\/librairie7l.com\/en\/\",\"logo\":{\"@type\":\"ImageObject\",\"inLanguage\":\"en-US\",\"@id\":\"https:\/\/librairie7l.com\/en\/#\/schema\/logo\/image\/\",\"url\":\"https:\/\/librairie7l.com\/wp-content\/uploads\/2022\/08\/logo-1.png\",\"contentUrl\":\"https:\/\/librairie7l.com\/wp-content\/uploads\/2022\/08\/logo-1.png\",\"width\":227,\"height\":301,\"caption\":\"Librairie 7L\"},\"image\":{\"@id\":\"https:\/\/librairie7l.com\/en\/#\/schema\/logo\/image\/\"}}]}<\/script>\n<!-- \/ Yoast SEO plugin. -->","yoast_head_json":{"title":"ABSTRACT - Librairie 7L","robots":{"index":"index","follow":"follow","max-snippet":"max-snippet:-1","max-image-preview":"max-image-preview:large","max-video-preview":"max-video-preview:-1"},"canonical":"https:\/\/librairie7l.com\/en\/produit\/abstract\/","og_locale":"en_US","og_type":"article","og_title":"ABSTRACT - Librairie 7L","og_description":"Une fissure noire sur un sol ou un mur gris. Dessine-t-elle un soleil ? Un ballon qui laisse pendre son fil ? Un soleil qui ne tient qu&#8217;\u00e0 un fil ? Nous conduit-elle dans le po\u00eale de Descartes ? Ou dans la faille obscure qui se niche au coeur des images ? ABSTRACT : un [&hellip;]","og_url":"https:\/\/librairie7l.com\/en\/produit\/abstract\/","og_site_name":"Librairie 7L","article_modified_time":"2026-04-21T12:15:29+00:00","og_image":[{"width":297,"height":390,"url":"https:\/\/librairie7l.com\/wp-content\/uploads\/2021\/09\/9782957276219_1_75.jpg","type":"image\/jpeg"}],"twitter_card":"summary_large_image","twitter_misc":{"Est. reading time":"2 minutes"},"schema":{"@context":"https:\/\/schema.org","@graph":[{"@type":"WebPage","@id":"https:\/\/librairie7l.com\/en\/produit\/abstract\/","url":"https:\/\/librairie7l.com\/en\/produit\/abstract\/","name":"ABSTRACT - Librairie 7L","isPartOf":{"@id":"https:\/\/librairie7l.com\/en\/#website"},"datePublished":"2023-05-10T12:12:35+00:00","dateModified":"2026-04-21T12:15:29+00:00","breadcrumb":{"@id":"https:\/\/librairie7l.com\/en\/produit\/abstract\/#breadcrumb"},"inLanguage":"en-US","potentialAction":[{"@type":"ReadAction","target":["https:\/\/librairie7l.com\/en\/produit\/abstract\/"]}]},{"@type":"BreadcrumbList","@id":"https:\/\/librairie7l.com\/en\/produit\/abstract\/#breadcrumb","itemListElement":[{"@type":"ListItem","position":1,"name":"Accueil","item":"https:\/\/librairie7l.com\/en\/"},{"@type":"ListItem","position":2,"name":"Shop","item":"https:\/\/librairie7l.com\/en\/shop\/"},{"@type":"ListItem","position":3,"name":"ABSTRACT"}]},{"@type":"WebSite","@id":"https:\/\/librairie7l.com\/en\/#website","url":"https:\/\/librairie7l.com\/en\/","name":"Librairie 7L","description":"Librairie fond\u00e9e en 1999 par Karl Lagerfeld \u00e0 Paris","publisher":{"@id":"https:\/\/librairie7l.com\/en\/#organization"},"potentialAction":[{"@type":"SearchAction","target":{"@type":"EntryPoint","urlTemplate":"https:\/\/librairie7l.com\/en\/?s={search_term_string}"},"query-input":"required name=search_term_string"}],"inLanguage":"en-US"},{"@type":"Organization","@id":"https:\/\/librairie7l.com\/en\/#organization","name":"Librairie 7L","url":"https:\/\/librairie7l.com\/en\/","logo":{"@type":"ImageObject","inLanguage":"en-US","@id":"https:\/\/librairie7l.com\/en\/#\/schema\/logo\/image\/","url":"https:\/\/librairie7l.com\/wp-content\/uploads\/2022\/08\/logo-1.png","contentUrl":"https:\/\/librairie7l.com\/wp-content\/uploads\/2022\/08\/logo-1.png","width":227,"height":301,"caption":"Librairie 7L"},"image":{"@id":"https:\/\/librairie7l.com\/en\/#\/schema\/logo\/image\/"}}]}},"_links":{"self":[{"href":"https:\/\/librairie7l.com\/en\/wp-json\/wp\/v2\/product\/29691"}],"collection":[{"href":"https:\/\/librairie7l.com\/en\/wp-json\/wp\/v2\/product"}],"about":[{"href":"https:\/\/librairie7l.com\/en\/wp-json\/wp\/v2\/types\/product"}],"wp:featuredmedia":[{"embeddable":true,"href":"https:\/\/librairie7l.com\/en\/wp-json\/wp\/v2\/media\/29689"}],"wp:attachment":[{"href":"https:\/\/librairie7l.com\/en\/wp-json\/wp\/v2\/media?parent=29691"}],"wp:term":[{"taxonomy":"product_cat","embeddable":true,"href":"https:\/\/librairie7l.com\/en\/wp-json\/wp\/v2\/product_cat?post=29691"},{"taxonomy":"product_tag","embeddable":true,"href":"https:\/\/librairie7l.com\/en\/wp-json\/wp\/v2\/product_tag?post=29691"}],"curies":[{"name":"wp","href":"https:\/\/api.w.org\/{rel}","templated":true}]}}