{"id":29707,"date":"2023-05-10T14:13:10","date_gmt":"2023-05-10T12:13:10","guid":{"rendered":"https:\/\/librairie7l.com\/?post_type=product&#038;p=29707"},"modified":"2026-04-07T13:34:11","modified_gmt":"2026-04-07T11:34:11","slug":"le-miroir-des-vanites","status":"publish","type":"product","link":"https:\/\/librairie7l.com\/en\/produit\/le-miroir-des-vanites\/","title":{"rendered":"LE MIROIR DES VANITES"},"content":{"rendered":"<p>Graveur \u00e0 la technique \u00e9blouissante, et \u00e0 l&#8217;oeuvre d\u00e9j\u00e0 tr\u00e8s riche, Erik Desmazi\u00e8res jouit d&#8217;une r\u00e9putation d&#8217;exception dans un cercle d&#8217;amateurs exigeants un peu partout \u00e0 travers le monde. Chacune de ses eaux-fortes est \u00e9puis\u00e9e \u00e0 peine \u00e9dit\u00e9e. Il a \u00e9t\u00e9 expos\u00e9 dans les plus grands mus\u00e9es d&#8217;Europe et d&#8217;Am\u00e9rique. Il a aussi illustr\u00e9 plusieurs grandes oeuvres litt\u00e9raires, du Tremblement de terre du Chili de Kleist \u00e0 La biblioth\u00e8que de Babel de Jorge Luis Borges. En 2009, il a ex\u00e9cut\u00e9, \u00e0 la demande des Presses de Serendip, \u00e0 Paris, une suite de gravures autour d&#8217;un court trait\u00e9 de Sir Thomas Browne, Musaeum Clausum. Les planches, projets et variantes ex\u00e9cut\u00e9s pour l&#8217;occasion, et qui auraient pu finir dans le secret des cabinets d&#8217;amateurs, sont au coeur du pr\u00e9sent ouvrage ; on les a associ\u00e9es aux gravures, gouaches et dessins  accumul\u00e9s depuis des ann\u00e9es par Desmazi\u00e8res autour du th\u00e8me de la curiosit\u00e9, des vanit\u00e9s et des collections de merveilles. Elles sont compl\u00e9t\u00e9es de gravures et dessins in\u00e9dits, sp\u00e9cialement con\u00e7us pour ce livre Patrick Mauri\u00e8s, situe dans un premier temps la d\u00e9marche de Desmazi\u00e8res dans le contexte de la cr\u00e9ation contemporaine ; il s&#8217;attarde ensuite sur l&#8217;\u00e9trange aura dont brille, depuis Charles Lamb et Lytton Strachey jusqu&#8217;\u00e0 Borges et WG Sebald, l&#8217;oeuvre secr\u00e8te de Browne et de ceux, amateurs et curieux, qui l&#8217;entour\u00e8rent ; il s&#8217;interroge enfin sur la soudaine et persistante r\u00e9surgence du th\u00e8me de la vanit\u00e9 et de la curiosit\u00e9, longtemps r\u00e9serv\u00e9s aux seuls sp\u00e9cialistes, au coeur de la culture actuelle .<\/p>\n","protected":false},"excerpt":{"rendered":"<p>Graveur \u00e0 la technique \u00e9blouissante, et \u00e0 l&#8217;oeuvre d\u00e9j\u00e0 tr\u00e8s riche, Erik Desmazi\u00e8res jouit d&#8217;une r\u00e9putation d&#8217;exception dans un cercle d&#8217;amateurs exigeants un peu partout \u00e0 travers le monde. Chacune de ses eaux-fortes est \u00e9puis\u00e9e \u00e0 peine \u00e9dit\u00e9e. Il a \u00e9t\u00e9 expos\u00e9 dans les plus grands mus\u00e9es d&#8217;Europe et d&#8217;Am\u00e9rique. Il a aussi illustr\u00e9 plusieurs [&hellip;]<\/p>\n","protected":false},"featured_media":29705,"template":"","meta":[],"product_cat":[2948,2953],"product_tag":[],"acf":[],"yoast_head":"<!-- This site is optimized with the Yoast SEO plugin v20.11 - https:\/\/yoast.com\/wordpress\/plugins\/seo\/ -->\n<title>LE MIROIR DES VANITES - Librairie 7L<\/title>\n<meta name=\"robots\" content=\"index, follow, max-snippet:-1, max-image-preview:large, max-video-preview:-1\" \/>\n<link rel=\"canonical\" href=\"https:\/\/librairie7l.com\/en\/produit\/le-miroir-des-vanites\/\" \/>\n<meta property=\"og:locale\" content=\"en_US\" \/>\n<meta property=\"og:type\" content=\"article\" \/>\n<meta property=\"og:title\" content=\"LE MIROIR DES VANITES - Librairie 7L\" \/>\n<meta property=\"og:description\" content=\"Graveur \u00e0 la technique \u00e9blouissante, et \u00e0 l&#8217;oeuvre d\u00e9j\u00e0 tr\u00e8s riche, Erik Desmazi\u00e8res jouit d&#8217;une r\u00e9putation d&#8217;exception dans un cercle d&#8217;amateurs exigeants un peu partout \u00e0 travers le monde. Chacune de ses eaux-fortes est \u00e9puis\u00e9e \u00e0 peine \u00e9dit\u00e9e. Il a \u00e9t\u00e9 expos\u00e9 dans les plus grands mus\u00e9es d&#8217;Europe et d&#8217;Am\u00e9rique. Il a aussi illustr\u00e9 plusieurs [&hellip;]\" \/>\n<meta property=\"og:url\" content=\"https:\/\/librairie7l.com\/en\/produit\/le-miroir-des-vanites\/\" \/>\n<meta property=\"og:site_name\" content=\"Librairie 7L\" \/>\n<meta property=\"article:modified_time\" content=\"2026-04-07T11:34:11+00:00\" \/>\n<meta property=\"og:image\" content=\"https:\/\/librairie7l.com\/wp-content\/uploads\/2012\/05\/9782841052998_1_75.jpg\" \/>\n\t<meta property=\"og:image:width\" content=\"353\" \/>\n\t<meta property=\"og:image:height\" content=\"475\" \/>\n\t<meta property=\"og:image:type\" content=\"image\/jpeg\" \/>\n<meta name=\"twitter:card\" content=\"summary_large_image\" \/>\n<meta name=\"twitter:label1\" content=\"Est. reading time\" \/>\n\t<meta name=\"twitter:data1\" content=\"1 minute\" \/>\n<script type=\"application\/ld+json\" class=\"yoast-schema-graph\">{\"@context\":\"https:\/\/schema.org\",\"@graph\":[{\"@type\":\"WebPage\",\"@id\":\"https:\/\/librairie7l.com\/en\/produit\/le-miroir-des-vanites\/\",\"url\":\"https:\/\/librairie7l.com\/en\/produit\/le-miroir-des-vanites\/\",\"name\":\"LE MIROIR DES VANITES - Librairie 7L\",\"isPartOf\":{\"@id\":\"https:\/\/librairie7l.com\/en\/#website\"},\"datePublished\":\"2023-05-10T12:13:10+00:00\",\"dateModified\":\"2026-04-07T11:34:11+00:00\",\"breadcrumb\":{\"@id\":\"https:\/\/librairie7l.com\/en\/produit\/le-miroir-des-vanites\/#breadcrumb\"},\"inLanguage\":\"en-US\",\"potentialAction\":[{\"@type\":\"ReadAction\",\"target\":[\"https:\/\/librairie7l.com\/en\/produit\/le-miroir-des-vanites\/\"]}]},{\"@type\":\"BreadcrumbList\",\"@id\":\"https:\/\/librairie7l.com\/en\/produit\/le-miroir-des-vanites\/#breadcrumb\",\"itemListElement\":[{\"@type\":\"ListItem\",\"position\":1,\"name\":\"Accueil\",\"item\":\"https:\/\/librairie7l.com\/en\/\"},{\"@type\":\"ListItem\",\"position\":2,\"name\":\"Shop\",\"item\":\"https:\/\/librairie7l.com\/en\/shop\/\"},{\"@type\":\"ListItem\",\"position\":3,\"name\":\"LE MIROIR DES VANITES\"}]},{\"@type\":\"WebSite\",\"@id\":\"https:\/\/librairie7l.com\/en\/#website\",\"url\":\"https:\/\/librairie7l.com\/en\/\",\"name\":\"Librairie 7L\",\"description\":\"Librairie fond\u00e9e en 1999 par Karl Lagerfeld \u00e0 Paris\",\"publisher\":{\"@id\":\"https:\/\/librairie7l.com\/en\/#organization\"},\"potentialAction\":[{\"@type\":\"SearchAction\",\"target\":{\"@type\":\"EntryPoint\",\"urlTemplate\":\"https:\/\/librairie7l.com\/en\/?s={search_term_string}\"},\"query-input\":\"required name=search_term_string\"}],\"inLanguage\":\"en-US\"},{\"@type\":\"Organization\",\"@id\":\"https:\/\/librairie7l.com\/en\/#organization\",\"name\":\"Librairie 7L\",\"url\":\"https:\/\/librairie7l.com\/en\/\",\"logo\":{\"@type\":\"ImageObject\",\"inLanguage\":\"en-US\",\"@id\":\"https:\/\/librairie7l.com\/en\/#\/schema\/logo\/image\/\",\"url\":\"https:\/\/librairie7l.com\/wp-content\/uploads\/2022\/08\/logo-1.png\",\"contentUrl\":\"https:\/\/librairie7l.com\/wp-content\/uploads\/2022\/08\/logo-1.png\",\"width\":227,\"height\":301,\"caption\":\"Librairie 7L\"},\"image\":{\"@id\":\"https:\/\/librairie7l.com\/en\/#\/schema\/logo\/image\/\"}}]}<\/script>\n<!-- \/ Yoast SEO plugin. -->","yoast_head_json":{"title":"LE MIROIR DES VANITES - Librairie 7L","robots":{"index":"index","follow":"follow","max-snippet":"max-snippet:-1","max-image-preview":"max-image-preview:large","max-video-preview":"max-video-preview:-1"},"canonical":"https:\/\/librairie7l.com\/en\/produit\/le-miroir-des-vanites\/","og_locale":"en_US","og_type":"article","og_title":"LE MIROIR DES VANITES - Librairie 7L","og_description":"Graveur \u00e0 la technique \u00e9blouissante, et \u00e0 l&#8217;oeuvre d\u00e9j\u00e0 tr\u00e8s riche, Erik Desmazi\u00e8res jouit d&#8217;une r\u00e9putation d&#8217;exception dans un cercle d&#8217;amateurs exigeants un peu partout \u00e0 travers le monde. Chacune de ses eaux-fortes est \u00e9puis\u00e9e \u00e0 peine \u00e9dit\u00e9e. Il a \u00e9t\u00e9 expos\u00e9 dans les plus grands mus\u00e9es d&#8217;Europe et d&#8217;Am\u00e9rique. Il a aussi illustr\u00e9 plusieurs [&hellip;]","og_url":"https:\/\/librairie7l.com\/en\/produit\/le-miroir-des-vanites\/","og_site_name":"Librairie 7L","article_modified_time":"2026-04-07T11:34:11+00:00","og_image":[{"width":353,"height":475,"url":"https:\/\/librairie7l.com\/wp-content\/uploads\/2012\/05\/9782841052998_1_75.jpg","type":"image\/jpeg"}],"twitter_card":"summary_large_image","twitter_misc":{"Est. reading time":"1 minute"},"schema":{"@context":"https:\/\/schema.org","@graph":[{"@type":"WebPage","@id":"https:\/\/librairie7l.com\/en\/produit\/le-miroir-des-vanites\/","url":"https:\/\/librairie7l.com\/en\/produit\/le-miroir-des-vanites\/","name":"LE MIROIR DES VANITES - Librairie 7L","isPartOf":{"@id":"https:\/\/librairie7l.com\/en\/#website"},"datePublished":"2023-05-10T12:13:10+00:00","dateModified":"2026-04-07T11:34:11+00:00","breadcrumb":{"@id":"https:\/\/librairie7l.com\/en\/produit\/le-miroir-des-vanites\/#breadcrumb"},"inLanguage":"en-US","potentialAction":[{"@type":"ReadAction","target":["https:\/\/librairie7l.com\/en\/produit\/le-miroir-des-vanites\/"]}]},{"@type":"BreadcrumbList","@id":"https:\/\/librairie7l.com\/en\/produit\/le-miroir-des-vanites\/#breadcrumb","itemListElement":[{"@type":"ListItem","position":1,"name":"Accueil","item":"https:\/\/librairie7l.com\/en\/"},{"@type":"ListItem","position":2,"name":"Shop","item":"https:\/\/librairie7l.com\/en\/shop\/"},{"@type":"ListItem","position":3,"name":"LE MIROIR DES VANITES"}]},{"@type":"WebSite","@id":"https:\/\/librairie7l.com\/en\/#website","url":"https:\/\/librairie7l.com\/en\/","name":"Librairie 7L","description":"Librairie fond\u00e9e en 1999 par Karl Lagerfeld \u00e0 Paris","publisher":{"@id":"https:\/\/librairie7l.com\/en\/#organization"},"potentialAction":[{"@type":"SearchAction","target":{"@type":"EntryPoint","urlTemplate":"https:\/\/librairie7l.com\/en\/?s={search_term_string}"},"query-input":"required name=search_term_string"}],"inLanguage":"en-US"},{"@type":"Organization","@id":"https:\/\/librairie7l.com\/en\/#organization","name":"Librairie 7L","url":"https:\/\/librairie7l.com\/en\/","logo":{"@type":"ImageObject","inLanguage":"en-US","@id":"https:\/\/librairie7l.com\/en\/#\/schema\/logo\/image\/","url":"https:\/\/librairie7l.com\/wp-content\/uploads\/2022\/08\/logo-1.png","contentUrl":"https:\/\/librairie7l.com\/wp-content\/uploads\/2022\/08\/logo-1.png","width":227,"height":301,"caption":"Librairie 7L"},"image":{"@id":"https:\/\/librairie7l.com\/en\/#\/schema\/logo\/image\/"}}]}},"_links":{"self":[{"href":"https:\/\/librairie7l.com\/en\/wp-json\/wp\/v2\/product\/29707"}],"collection":[{"href":"https:\/\/librairie7l.com\/en\/wp-json\/wp\/v2\/product"}],"about":[{"href":"https:\/\/librairie7l.com\/en\/wp-json\/wp\/v2\/types\/product"}],"wp:featuredmedia":[{"embeddable":true,"href":"https:\/\/librairie7l.com\/en\/wp-json\/wp\/v2\/media\/29705"}],"wp:attachment":[{"href":"https:\/\/librairie7l.com\/en\/wp-json\/wp\/v2\/media?parent=29707"}],"wp:term":[{"taxonomy":"product_cat","embeddable":true,"href":"https:\/\/librairie7l.com\/en\/wp-json\/wp\/v2\/product_cat?post=29707"},{"taxonomy":"product_tag","embeddable":true,"href":"https:\/\/librairie7l.com\/en\/wp-json\/wp\/v2\/product_tag?post=29707"}],"curies":[{"name":"wp","href":"https:\/\/api.w.org\/{rel}","templated":true}]}}