{"id":29731,"date":"2023-05-10T14:13:33","date_gmt":"2023-05-10T12:13:33","guid":{"rendered":"https:\/\/librairie7l.com\/?post_type=product&#038;p=29731"},"modified":"2026-04-06T07:02:24","modified_gmt":"2026-04-06T05:02:24","slug":"parures-de-tete-afrique-asie","status":"publish","type":"product","link":"https:\/\/librairie7l.com\/en\/produit\/parures-de-tete-afrique-asie\/","title":{"rendered":"PARURES DE T\u00caTE ; AFRIQUE, ASIE"},"content":{"rendered":"<p>Parures de t\u00eate d&#8217;outre-mer Afrique &#8211; Asie Textes de Anne van Cutsem- Vanderstraete Photographies de Mauro Magliani Les quelque cent vingt coiffures de la collection Ira Brind pr\u00e9sent\u00e9es dans Parures de t\u00eate d&#8217;outre-mer. Afrique &#8211; Asie nous conduisent jusque dans les terres les plus recul\u00e9es de ces deux continents. La nature environnante s&#8217;est montr\u00e9e g\u00e9n\u00e9reuse envers les artisans qui, gr\u00e2ce \u00e0 leur g\u00e9nie cr\u00e9ateur et leur savoir-faire, en ont merveilleusement exploit\u00e9 les ressources. Fibres, graines, feuillages et fleurs sont emprunt\u00e9s au monde v\u00e9g\u00e9tal tandis que plumes chatoyantes, coquillages immacul\u00e9s ou iridescents, dents et fourrures le sont au r\u00e8gne animal; fer, cuivre, argent et or ont aussi largement contribu\u00e9 \u00e0 conf\u00e9rer leur force ou leur \u00e9clat aux parures de t\u00eate. Ces derni\u00e8res se d\u00e9clinent sous forme de chapeaux, bonnets, coiffes, couronnes et bandeaux. Des si\u00e8cles durant, les grandes voies commerciales et de p\u00e8lerinage ont facilit\u00e9 l&#8217;acquisition de mat\u00e9riaux rares et de produits manufactur\u00e9s ainsi que la diffusion de techniques de fabrication nouvelles. Adolescents initi\u00e9s et adultes, chasseurs et guerriers, dignitaires religieux et gu\u00e9risseurs, souverains et notables; filles nubiles, femmes mari\u00e9es et jeunes m\u00e8res arborent des parures de t\u00eate distinctes. L&#8217;auteur en fait d\u00e9couvrir la richesse symbolique au lecteur.<\/p>\n","protected":false},"excerpt":{"rendered":"<p>Parures de t\u00eate d&#8217;outre-mer Afrique &#8211; Asie Textes de Anne van Cutsem- Vanderstraete Photographies de Mauro Magliani Les quelque cent vingt coiffures de la collection Ira Brind pr\u00e9sent\u00e9es dans Parures de t\u00eate d&#8217;outre-mer. Afrique &#8211; Asie nous conduisent jusque dans les terres les plus recul\u00e9es de ces deux continents. La nature environnante s&#8217;est montr\u00e9e g\u00e9n\u00e9reuse [&hellip;]<\/p>\n","protected":false},"featured_media":29729,"template":"","meta":[],"product_cat":[55,2948,2957,19],"product_tag":[],"acf":[],"yoast_head":"<!-- This site is optimized with the Yoast SEO plugin v20.11 - https:\/\/yoast.com\/wordpress\/plugins\/seo\/ -->\n<title>PARURES DE T\u00caTE ; AFRIQUE, ASIE - Librairie 7L<\/title>\n<meta name=\"robots\" content=\"index, follow, max-snippet:-1, max-image-preview:large, max-video-preview:-1\" \/>\n<link rel=\"canonical\" href=\"https:\/\/librairie7l.com\/en\/produit\/parures-de-tete-afrique-asie\/\" \/>\n<meta property=\"og:locale\" content=\"en_US\" \/>\n<meta property=\"og:type\" content=\"article\" \/>\n<meta property=\"og:title\" content=\"PARURES DE T\u00caTE ; AFRIQUE, ASIE - Librairie 7L\" \/>\n<meta property=\"og:description\" content=\"Parures de t\u00eate d&#8217;outre-mer Afrique &#8211; Asie Textes de Anne van Cutsem- Vanderstraete Photographies de Mauro Magliani Les quelque cent vingt coiffures de la collection Ira Brind pr\u00e9sent\u00e9es dans Parures de t\u00eate d&#8217;outre-mer. Afrique &#8211; Asie nous conduisent jusque dans les terres les plus recul\u00e9es de ces deux continents. La nature environnante s&#8217;est montr\u00e9e g\u00e9n\u00e9reuse [&hellip;]\" \/>\n<meta property=\"og:url\" content=\"https:\/\/librairie7l.com\/en\/produit\/parures-de-tete-afrique-asie\/\" \/>\n<meta property=\"og:site_name\" content=\"Librairie 7L\" \/>\n<meta property=\"article:modified_time\" content=\"2026-04-06T05:02:24+00:00\" \/>\n<meta property=\"og:image\" content=\"https:\/\/librairie7l.com\/wp-content\/uploads\/2010\/03\/9788874395507_1_75.jpg\" \/>\n\t<meta property=\"og:image:width\" content=\"689\" \/>\n\t<meta property=\"og:image:height\" content=\"821\" \/>\n\t<meta property=\"og:image:type\" content=\"image\/jpeg\" \/>\n<meta name=\"twitter:card\" content=\"summary_large_image\" \/>\n<meta name=\"twitter:label1\" content=\"Est. reading time\" \/>\n\t<meta name=\"twitter:data1\" content=\"1 minute\" \/>\n<script type=\"application\/ld+json\" class=\"yoast-schema-graph\">{\"@context\":\"https:\/\/schema.org\",\"@graph\":[{\"@type\":\"WebPage\",\"@id\":\"https:\/\/librairie7l.com\/en\/produit\/parures-de-tete-afrique-asie\/\",\"url\":\"https:\/\/librairie7l.com\/en\/produit\/parures-de-tete-afrique-asie\/\",\"name\":\"PARURES DE T\u00caTE ; AFRIQUE, ASIE - Librairie 7L\",\"isPartOf\":{\"@id\":\"https:\/\/librairie7l.com\/en\/#website\"},\"datePublished\":\"2023-05-10T12:13:33+00:00\",\"dateModified\":\"2026-04-06T05:02:24+00:00\",\"breadcrumb\":{\"@id\":\"https:\/\/librairie7l.com\/en\/produit\/parures-de-tete-afrique-asie\/#breadcrumb\"},\"inLanguage\":\"en-US\",\"potentialAction\":[{\"@type\":\"ReadAction\",\"target\":[\"https:\/\/librairie7l.com\/en\/produit\/parures-de-tete-afrique-asie\/\"]}]},{\"@type\":\"BreadcrumbList\",\"@id\":\"https:\/\/librairie7l.com\/en\/produit\/parures-de-tete-afrique-asie\/#breadcrumb\",\"itemListElement\":[{\"@type\":\"ListItem\",\"position\":1,\"name\":\"Accueil\",\"item\":\"https:\/\/librairie7l.com\/en\/\"},{\"@type\":\"ListItem\",\"position\":2,\"name\":\"Shop\",\"item\":\"https:\/\/librairie7l.com\/en\/shop\/\"},{\"@type\":\"ListItem\",\"position\":3,\"name\":\"PARURES DE T\u00caTE ; AFRIQUE, ASIE\"}]},{\"@type\":\"WebSite\",\"@id\":\"https:\/\/librairie7l.com\/en\/#website\",\"url\":\"https:\/\/librairie7l.com\/en\/\",\"name\":\"Librairie 7L\",\"description\":\"Librairie fond\u00e9e en 1999 par Karl Lagerfeld \u00e0 Paris\",\"publisher\":{\"@id\":\"https:\/\/librairie7l.com\/en\/#organization\"},\"potentialAction\":[{\"@type\":\"SearchAction\",\"target\":{\"@type\":\"EntryPoint\",\"urlTemplate\":\"https:\/\/librairie7l.com\/en\/?s={search_term_string}\"},\"query-input\":\"required name=search_term_string\"}],\"inLanguage\":\"en-US\"},{\"@type\":\"Organization\",\"@id\":\"https:\/\/librairie7l.com\/en\/#organization\",\"name\":\"Librairie 7L\",\"url\":\"https:\/\/librairie7l.com\/en\/\",\"logo\":{\"@type\":\"ImageObject\",\"inLanguage\":\"en-US\",\"@id\":\"https:\/\/librairie7l.com\/en\/#\/schema\/logo\/image\/\",\"url\":\"https:\/\/librairie7l.com\/wp-content\/uploads\/2022\/08\/logo-1.png\",\"contentUrl\":\"https:\/\/librairie7l.com\/wp-content\/uploads\/2022\/08\/logo-1.png\",\"width\":227,\"height\":301,\"caption\":\"Librairie 7L\"},\"image\":{\"@id\":\"https:\/\/librairie7l.com\/en\/#\/schema\/logo\/image\/\"}}]}<\/script>\n<!-- \/ Yoast SEO plugin. -->","yoast_head_json":{"title":"PARURES DE T\u00caTE ; AFRIQUE, ASIE - Librairie 7L","robots":{"index":"index","follow":"follow","max-snippet":"max-snippet:-1","max-image-preview":"max-image-preview:large","max-video-preview":"max-video-preview:-1"},"canonical":"https:\/\/librairie7l.com\/en\/produit\/parures-de-tete-afrique-asie\/","og_locale":"en_US","og_type":"article","og_title":"PARURES DE T\u00caTE ; AFRIQUE, ASIE - Librairie 7L","og_description":"Parures de t\u00eate d&#8217;outre-mer Afrique &#8211; Asie Textes de Anne van Cutsem- Vanderstraete Photographies de Mauro Magliani Les quelque cent vingt coiffures de la collection Ira Brind pr\u00e9sent\u00e9es dans Parures de t\u00eate d&#8217;outre-mer. Afrique &#8211; Asie nous conduisent jusque dans les terres les plus recul\u00e9es de ces deux continents. La nature environnante s&#8217;est montr\u00e9e g\u00e9n\u00e9reuse [&hellip;]","og_url":"https:\/\/librairie7l.com\/en\/produit\/parures-de-tete-afrique-asie\/","og_site_name":"Librairie 7L","article_modified_time":"2026-04-06T05:02:24+00:00","og_image":[{"width":689,"height":821,"url":"https:\/\/librairie7l.com\/wp-content\/uploads\/2010\/03\/9788874395507_1_75.jpg","type":"image\/jpeg"}],"twitter_card":"summary_large_image","twitter_misc":{"Est. reading time":"1 minute"},"schema":{"@context":"https:\/\/schema.org","@graph":[{"@type":"WebPage","@id":"https:\/\/librairie7l.com\/en\/produit\/parures-de-tete-afrique-asie\/","url":"https:\/\/librairie7l.com\/en\/produit\/parures-de-tete-afrique-asie\/","name":"PARURES DE T\u00caTE ; AFRIQUE, ASIE - Librairie 7L","isPartOf":{"@id":"https:\/\/librairie7l.com\/en\/#website"},"datePublished":"2023-05-10T12:13:33+00:00","dateModified":"2026-04-06T05:02:24+00:00","breadcrumb":{"@id":"https:\/\/librairie7l.com\/en\/produit\/parures-de-tete-afrique-asie\/#breadcrumb"},"inLanguage":"en-US","potentialAction":[{"@type":"ReadAction","target":["https:\/\/librairie7l.com\/en\/produit\/parures-de-tete-afrique-asie\/"]}]},{"@type":"BreadcrumbList","@id":"https:\/\/librairie7l.com\/en\/produit\/parures-de-tete-afrique-asie\/#breadcrumb","itemListElement":[{"@type":"ListItem","position":1,"name":"Accueil","item":"https:\/\/librairie7l.com\/en\/"},{"@type":"ListItem","position":2,"name":"Shop","item":"https:\/\/librairie7l.com\/en\/shop\/"},{"@type":"ListItem","position":3,"name":"PARURES DE T\u00caTE ; AFRIQUE, ASIE"}]},{"@type":"WebSite","@id":"https:\/\/librairie7l.com\/en\/#website","url":"https:\/\/librairie7l.com\/en\/","name":"Librairie 7L","description":"Librairie fond\u00e9e en 1999 par Karl Lagerfeld \u00e0 Paris","publisher":{"@id":"https:\/\/librairie7l.com\/en\/#organization"},"potentialAction":[{"@type":"SearchAction","target":{"@type":"EntryPoint","urlTemplate":"https:\/\/librairie7l.com\/en\/?s={search_term_string}"},"query-input":"required name=search_term_string"}],"inLanguage":"en-US"},{"@type":"Organization","@id":"https:\/\/librairie7l.com\/en\/#organization","name":"Librairie 7L","url":"https:\/\/librairie7l.com\/en\/","logo":{"@type":"ImageObject","inLanguage":"en-US","@id":"https:\/\/librairie7l.com\/en\/#\/schema\/logo\/image\/","url":"https:\/\/librairie7l.com\/wp-content\/uploads\/2022\/08\/logo-1.png","contentUrl":"https:\/\/librairie7l.com\/wp-content\/uploads\/2022\/08\/logo-1.png","width":227,"height":301,"caption":"Librairie 7L"},"image":{"@id":"https:\/\/librairie7l.com\/en\/#\/schema\/logo\/image\/"}}]}},"_links":{"self":[{"href":"https:\/\/librairie7l.com\/en\/wp-json\/wp\/v2\/product\/29731"}],"collection":[{"href":"https:\/\/librairie7l.com\/en\/wp-json\/wp\/v2\/product"}],"about":[{"href":"https:\/\/librairie7l.com\/en\/wp-json\/wp\/v2\/types\/product"}],"wp:featuredmedia":[{"embeddable":true,"href":"https:\/\/librairie7l.com\/en\/wp-json\/wp\/v2\/media\/29729"}],"wp:attachment":[{"href":"https:\/\/librairie7l.com\/en\/wp-json\/wp\/v2\/media?parent=29731"}],"wp:term":[{"taxonomy":"product_cat","embeddable":true,"href":"https:\/\/librairie7l.com\/en\/wp-json\/wp\/v2\/product_cat?post=29731"},{"taxonomy":"product_tag","embeddable":true,"href":"https:\/\/librairie7l.com\/en\/wp-json\/wp\/v2\/product_tag?post=29731"}],"curies":[{"name":"wp","href":"https:\/\/api.w.org\/{rel}","templated":true}]}}