{"id":29747,"date":"2023-05-10T14:13:51","date_gmt":"2023-05-10T12:13:51","guid":{"rendered":"https:\/\/librairie7l.com\/?post_type=product&#038;p=29747"},"modified":"2026-04-14T23:36:35","modified_gmt":"2026-04-14T21:36:35","slug":"les-annees-30","status":"publish","type":"product","link":"https:\/\/librairie7l.com\/en\/produit\/les-annees-30\/","title":{"rendered":"LES ANN\u00c9ES 30"},"content":{"rendered":"<p>Les d\u00e9cennies sont rarement exactes au rendez-vous de l&#8217;histoire et cachent souvent leur \u00e2ge.<br \/>\n Les ann\u00e9es 30 s&#8217;inaugurent quant \u00e0 elles avec ponctualit\u00e9 le vendredi 24 octobre 1929 alors que ferme la bourse de wall street et s&#8217;\u00e9vanouissent le 3 septembre 1939 lors de la d\u00e9claration de guerre \u00e0 l&#8217;allemagne par la france et le royaume-uni.  pendant dix ans, l&#8217;\u00e9conomie naufrage tandis que le syst\u00e8me financier explose en une suite de krachs in\u00e9dits et contagieux.  les d\u00e9mocraties vivent sous la menace hypnotique du totalitarisme toujours plus arrogant.<br \/>\n Les diplomates renoncent aux l\u00e9nifiantes conf\u00e9rences lacustres en improvisant des contre-feux fragiles.  les etats-unis sont ailleurs.  l&#8217;asie nous semble de plus en plus lointaine.  la russie rentre dans le jeu.  l&#8217;italie se laisse s\u00e9duire \u00e0 coups d&#8217;abandons.  seul hitler sait ce qu&#8217;il veut.  l&#8217;aventure est partout, le drame s&#8217;insinue.  la litt\u00e9rature t\u00e9moigne de toutes ces turbulences.  les surr\u00e9alistes s&#8217;\u00e9poumonent en d\u00e9risoires excommunications et la nrf s&#8217;auto \u00e9difie un mausol\u00e9e en imposant un certain style sans pour autant faire \u00e9cole.<br \/>\n L&#8217;engagement divise les intellectuels tant sur les enjeux que sur les objectifs.  l&#8217;art en d\u00e9coud avec la r\u00e9alit\u00e9.  la figuration creuse son sillon, les avant-gardes s&#8217;\u00e9clipsent et l&#8217;abstraction s&#8217;affirme.  la musique s&#8217;\u00e9tonne de l&#8217;atonalit\u00e9 en se marginalisant encore davantage.  au th\u00e9\u00e2tre de boulevard, la soci\u00e9t\u00e9 s&#8217;amuse de son propre spectacle, mais la cr\u00e9ation est ailleurs \u00e0 paris, berlin ou moscou pour quelques ann\u00e9es encore.<br \/>\n Le monde se fonde sur l&#8217;al\u00e9atoire alors que les architectes construisent pour l&#8217;\u00e9ternit\u00e9, et si l&#8217;\u00e9poque cherche sa voix dans une incroyable cacophonie, le cin\u00e9ma trouve la sienne dans des salles qui sont des temples.  anne bony.<\/p>\n","protected":false},"excerpt":{"rendered":"<p>Les d\u00e9cennies sont rarement exactes au rendez-vous de l&#8217;histoire et cachent souvent leur \u00e2ge. Les ann\u00e9es 30 s&#8217;inaugurent quant \u00e0 elles avec ponctualit\u00e9 le vendredi 24 octobre 1929 alors que ferme la bourse de wall street et s&#8217;\u00e9vanouissent le 3 septembre 1939 lors de la d\u00e9claration de guerre \u00e0 l&#8217;allemagne par la france et le [&hellip;]<\/p>\n","protected":false},"featured_media":29745,"template":"","meta":[],"product_cat":[55,2948,47,2953],"product_tag":[],"acf":[],"yoast_head":"<!-- This site is optimized with the Yoast SEO plugin v20.11 - https:\/\/yoast.com\/wordpress\/plugins\/seo\/ -->\n<title>LES ANN\u00c9ES 30 - Librairie 7L<\/title>\n<meta name=\"robots\" content=\"index, follow, max-snippet:-1, max-image-preview:large, max-video-preview:-1\" \/>\n<link rel=\"canonical\" href=\"https:\/\/librairie7l.com\/en\/produit\/les-annees-30\/\" \/>\n<meta property=\"og:locale\" content=\"en_US\" \/>\n<meta property=\"og:type\" content=\"article\" \/>\n<meta property=\"og:title\" content=\"LES ANN\u00c9ES 30 - Librairie 7L\" \/>\n<meta property=\"og:description\" content=\"Les d\u00e9cennies sont rarement exactes au rendez-vous de l&#8217;histoire et cachent souvent leur \u00e2ge. Les ann\u00e9es 30 s&#8217;inaugurent quant \u00e0 elles avec ponctualit\u00e9 le vendredi 24 octobre 1929 alors que ferme la bourse de wall street et s&#8217;\u00e9vanouissent le 3 septembre 1939 lors de la d\u00e9claration de guerre \u00e0 l&#8217;allemagne par la france et le [&hellip;]\" \/>\n<meta property=\"og:url\" content=\"https:\/\/librairie7l.com\/en\/produit\/les-annees-30\/\" \/>\n<meta property=\"og:site_name\" content=\"Librairie 7L\" \/>\n<meta property=\"article:modified_time\" content=\"2026-04-14T21:36:35+00:00\" \/>\n<meta property=\"og:image\" content=\"https:\/\/librairie7l.com\/wp-content\/uploads\/2005\/08\/9782841051915_1_75.jpg\" \/>\n\t<meta property=\"og:image:width\" content=\"400\" \/>\n\t<meta property=\"og:image:height\" content=\"566\" \/>\n\t<meta property=\"og:image:type\" content=\"image\/jpeg\" \/>\n<meta name=\"twitter:card\" content=\"summary_large_image\" \/>\n<meta name=\"twitter:label1\" content=\"Est. reading time\" \/>\n\t<meta name=\"twitter:data1\" content=\"1 minute\" \/>\n<script type=\"application\/ld+json\" class=\"yoast-schema-graph\">{\"@context\":\"https:\/\/schema.org\",\"@graph\":[{\"@type\":\"WebPage\",\"@id\":\"https:\/\/librairie7l.com\/en\/produit\/les-annees-30\/\",\"url\":\"https:\/\/librairie7l.com\/en\/produit\/les-annees-30\/\",\"name\":\"LES ANN\u00c9ES 30 - Librairie 7L\",\"isPartOf\":{\"@id\":\"https:\/\/librairie7l.com\/en\/#website\"},\"datePublished\":\"2023-05-10T12:13:51+00:00\",\"dateModified\":\"2026-04-14T21:36:35+00:00\",\"breadcrumb\":{\"@id\":\"https:\/\/librairie7l.com\/en\/produit\/les-annees-30\/#breadcrumb\"},\"inLanguage\":\"en-US\",\"potentialAction\":[{\"@type\":\"ReadAction\",\"target\":[\"https:\/\/librairie7l.com\/en\/produit\/les-annees-30\/\"]}]},{\"@type\":\"BreadcrumbList\",\"@id\":\"https:\/\/librairie7l.com\/en\/produit\/les-annees-30\/#breadcrumb\",\"itemListElement\":[{\"@type\":\"ListItem\",\"position\":1,\"name\":\"Accueil\",\"item\":\"https:\/\/librairie7l.com\/en\/\"},{\"@type\":\"ListItem\",\"position\":2,\"name\":\"Shop\",\"item\":\"https:\/\/librairie7l.com\/en\/shop\/\"},{\"@type\":\"ListItem\",\"position\":3,\"name\":\"LES ANN\u00c9ES 30\"}]},{\"@type\":\"WebSite\",\"@id\":\"https:\/\/librairie7l.com\/en\/#website\",\"url\":\"https:\/\/librairie7l.com\/en\/\",\"name\":\"Librairie 7L\",\"description\":\"Librairie fond\u00e9e en 1999 par Karl Lagerfeld \u00e0 Paris\",\"publisher\":{\"@id\":\"https:\/\/librairie7l.com\/en\/#organization\"},\"potentialAction\":[{\"@type\":\"SearchAction\",\"target\":{\"@type\":\"EntryPoint\",\"urlTemplate\":\"https:\/\/librairie7l.com\/en\/?s={search_term_string}\"},\"query-input\":\"required name=search_term_string\"}],\"inLanguage\":\"en-US\"},{\"@type\":\"Organization\",\"@id\":\"https:\/\/librairie7l.com\/en\/#organization\",\"name\":\"Librairie 7L\",\"url\":\"https:\/\/librairie7l.com\/en\/\",\"logo\":{\"@type\":\"ImageObject\",\"inLanguage\":\"en-US\",\"@id\":\"https:\/\/librairie7l.com\/en\/#\/schema\/logo\/image\/\",\"url\":\"https:\/\/librairie7l.com\/wp-content\/uploads\/2022\/08\/logo-1.png\",\"contentUrl\":\"https:\/\/librairie7l.com\/wp-content\/uploads\/2022\/08\/logo-1.png\",\"width\":227,\"height\":301,\"caption\":\"Librairie 7L\"},\"image\":{\"@id\":\"https:\/\/librairie7l.com\/en\/#\/schema\/logo\/image\/\"}}]}<\/script>\n<!-- \/ Yoast SEO plugin. -->","yoast_head_json":{"title":"LES ANN\u00c9ES 30 - Librairie 7L","robots":{"index":"index","follow":"follow","max-snippet":"max-snippet:-1","max-image-preview":"max-image-preview:large","max-video-preview":"max-video-preview:-1"},"canonical":"https:\/\/librairie7l.com\/en\/produit\/les-annees-30\/","og_locale":"en_US","og_type":"article","og_title":"LES ANN\u00c9ES 30 - Librairie 7L","og_description":"Les d\u00e9cennies sont rarement exactes au rendez-vous de l&#8217;histoire et cachent souvent leur \u00e2ge. Les ann\u00e9es 30 s&#8217;inaugurent quant \u00e0 elles avec ponctualit\u00e9 le vendredi 24 octobre 1929 alors que ferme la bourse de wall street et s&#8217;\u00e9vanouissent le 3 septembre 1939 lors de la d\u00e9claration de guerre \u00e0 l&#8217;allemagne par la france et le [&hellip;]","og_url":"https:\/\/librairie7l.com\/en\/produit\/les-annees-30\/","og_site_name":"Librairie 7L","article_modified_time":"2026-04-14T21:36:35+00:00","og_image":[{"width":400,"height":566,"url":"https:\/\/librairie7l.com\/wp-content\/uploads\/2005\/08\/9782841051915_1_75.jpg","type":"image\/jpeg"}],"twitter_card":"summary_large_image","twitter_misc":{"Est. reading time":"1 minute"},"schema":{"@context":"https:\/\/schema.org","@graph":[{"@type":"WebPage","@id":"https:\/\/librairie7l.com\/en\/produit\/les-annees-30\/","url":"https:\/\/librairie7l.com\/en\/produit\/les-annees-30\/","name":"LES ANN\u00c9ES 30 - Librairie 7L","isPartOf":{"@id":"https:\/\/librairie7l.com\/en\/#website"},"datePublished":"2023-05-10T12:13:51+00:00","dateModified":"2026-04-14T21:36:35+00:00","breadcrumb":{"@id":"https:\/\/librairie7l.com\/en\/produit\/les-annees-30\/#breadcrumb"},"inLanguage":"en-US","potentialAction":[{"@type":"ReadAction","target":["https:\/\/librairie7l.com\/en\/produit\/les-annees-30\/"]}]},{"@type":"BreadcrumbList","@id":"https:\/\/librairie7l.com\/en\/produit\/les-annees-30\/#breadcrumb","itemListElement":[{"@type":"ListItem","position":1,"name":"Accueil","item":"https:\/\/librairie7l.com\/en\/"},{"@type":"ListItem","position":2,"name":"Shop","item":"https:\/\/librairie7l.com\/en\/shop\/"},{"@type":"ListItem","position":3,"name":"LES ANN\u00c9ES 30"}]},{"@type":"WebSite","@id":"https:\/\/librairie7l.com\/en\/#website","url":"https:\/\/librairie7l.com\/en\/","name":"Librairie 7L","description":"Librairie fond\u00e9e en 1999 par Karl Lagerfeld \u00e0 Paris","publisher":{"@id":"https:\/\/librairie7l.com\/en\/#organization"},"potentialAction":[{"@type":"SearchAction","target":{"@type":"EntryPoint","urlTemplate":"https:\/\/librairie7l.com\/en\/?s={search_term_string}"},"query-input":"required name=search_term_string"}],"inLanguage":"en-US"},{"@type":"Organization","@id":"https:\/\/librairie7l.com\/en\/#organization","name":"Librairie 7L","url":"https:\/\/librairie7l.com\/en\/","logo":{"@type":"ImageObject","inLanguage":"en-US","@id":"https:\/\/librairie7l.com\/en\/#\/schema\/logo\/image\/","url":"https:\/\/librairie7l.com\/wp-content\/uploads\/2022\/08\/logo-1.png","contentUrl":"https:\/\/librairie7l.com\/wp-content\/uploads\/2022\/08\/logo-1.png","width":227,"height":301,"caption":"Librairie 7L"},"image":{"@id":"https:\/\/librairie7l.com\/en\/#\/schema\/logo\/image\/"}}]}},"_links":{"self":[{"href":"https:\/\/librairie7l.com\/en\/wp-json\/wp\/v2\/product\/29747"}],"collection":[{"href":"https:\/\/librairie7l.com\/en\/wp-json\/wp\/v2\/product"}],"about":[{"href":"https:\/\/librairie7l.com\/en\/wp-json\/wp\/v2\/types\/product"}],"wp:featuredmedia":[{"embeddable":true,"href":"https:\/\/librairie7l.com\/en\/wp-json\/wp\/v2\/media\/29745"}],"wp:attachment":[{"href":"https:\/\/librairie7l.com\/en\/wp-json\/wp\/v2\/media?parent=29747"}],"wp:term":[{"taxonomy":"product_cat","embeddable":true,"href":"https:\/\/librairie7l.com\/en\/wp-json\/wp\/v2\/product_cat?post=29747"},{"taxonomy":"product_tag","embeddable":true,"href":"https:\/\/librairie7l.com\/en\/wp-json\/wp\/v2\/product_tag?post=29747"}],"curies":[{"name":"wp","href":"https:\/\/api.w.org\/{rel}","templated":true}]}}