{"id":29779,"date":"2023-05-10T14:15:24","date_gmt":"2023-05-10T12:15:24","guid":{"rendered":"https:\/\/librairie7l.com\/?post_type=product&#038;p=29779"},"modified":"2026-04-06T07:06:19","modified_gmt":"2026-04-06T05:06:19","slug":"eclairage-dexposition-musees-et-autres-espaces","status":"publish","type":"product","link":"https:\/\/librairie7l.com\/en\/produit\/eclairage-dexposition-musees-et-autres-espaces\/","title":{"rendered":"\u00c9CLAIRAGE D&#8217;EXPOSITION ; MUS\u00c9ES ET AUTRES ESPACES"},"content":{"rendered":"<p>Cet ouvrage s&#8217;adresse \u00e0 tous les \u00e9tudiants et jeunes professionnels &#8211; qu&#8217;ils soient concepteurs lumi\u00e8re ou \u00e9clairagistes, architectes, sc\u00e9nographes, chefs de projets culturels, conservateurs ou techniciens &#8211; qui s&#8217;int\u00e9ressent \u00e0 l&#8217;\u00e9clairage d&#8217;exposition et souhaitent s&#8217;approprier les notions essentielles de cette activit\u00e9.<br \/>\nParce que la pratique de l&#8217;\u00e9clairage tire ses origines du c\u00f4t\u00e9 du th\u00e9\u00e2tre, c&#8217;est ce mod\u00e8le historique qui est d&#8217;abord interrog\u00e9, afin de permettre aux lecteurs de d\u00e9couvrir diff\u00e9rentes applications professionnelles et de les transposer.<br \/>\nL&#8217;\u00e9clairage est ensuite abord\u00e9 dans sa dimension conceptuelle, car il est avant tout l&#8217;un des supports du message de l&#8217;exposition. L&#8217;auteur le d\u00e9compose en de multiples variables lumineuses (plastiques, g\u00e9om\u00e9triques, spatiales et temporelles) qu&#8217;il faut apprendre \u00e0 utiliser et combiner.<br \/>\nDu point de vue technique, les r\u00e8gles principales de conservation pr\u00e9ventive et d&#8217;ergonomie visuelle sont bien s\u00fbr d\u00e9taill\u00e9es, ainsi que les diff\u00e9rents aspects technologiques de l&#8217;\u00e9clairage dont la connaissance est essentielle. Ceux-ci comprennent la description des multiples sources artificielles (lampes fluorescentes, halog\u00e8nes et LED), l&#8217;utilisation des filtres ou encore l&#8217;emploi de l&#8217;\u00e9clairage dynamique avec l&#8217;usage des protocoles, tel le DALI.<br \/>\nPlusieurs \u00e9tudes de cas, tir\u00e9es des exp\u00e9riences de l&#8217;auteur, et des entretiens avec des professionnels donneront des pistes concr\u00e8tes pour exploiter toutes ces notions essentielles, \u00e0 des degr\u00e9s diff\u00e9rents en fonction des situations.<\/p>\n","protected":false},"excerpt":{"rendered":"<p>Cet ouvrage s&#8217;adresse \u00e0 tous les \u00e9tudiants et jeunes professionnels &#8211; qu&#8217;ils soient concepteurs lumi\u00e8re ou \u00e9clairagistes, architectes, sc\u00e9nographes, chefs de projets culturels, conservateurs ou techniciens &#8211; qui s&#8217;int\u00e9ressent \u00e0 l&#8217;\u00e9clairage d&#8217;exposition et souhaitent s&#8217;approprier les notions essentielles de cette activit\u00e9. Parce que la pratique de l&#8217;\u00e9clairage tire ses origines du c\u00f4t\u00e9 du th\u00e9\u00e2tre, c&#8217;est [&hellip;]<\/p>\n","protected":false},"featured_media":29777,"template":"","meta":[],"product_cat":[55,2948,22,2950],"product_tag":[],"acf":[],"yoast_head":"<!-- This site is optimized with the Yoast SEO plugin v20.11 - https:\/\/yoast.com\/wordpress\/plugins\/seo\/ -->\n<title>\u00c9CLAIRAGE D&#039;EXPOSITION ; MUS\u00c9ES ET AUTRES ESPACES - Librairie 7L<\/title>\n<meta name=\"robots\" content=\"index, follow, max-snippet:-1, max-image-preview:large, max-video-preview:-1\" \/>\n<link rel=\"canonical\" href=\"https:\/\/librairie7l.com\/en\/produit\/eclairage-dexposition-musees-et-autres-espaces\/\" \/>\n<meta property=\"og:locale\" content=\"en_US\" \/>\n<meta property=\"og:type\" content=\"article\" \/>\n<meta property=\"og:title\" content=\"\u00c9CLAIRAGE D&#039;EXPOSITION ; MUS\u00c9ES ET AUTRES ESPACES - Librairie 7L\" \/>\n<meta property=\"og:description\" content=\"Cet ouvrage s&#8217;adresse \u00e0 tous les \u00e9tudiants et jeunes professionnels &#8211; qu&#8217;ils soient concepteurs lumi\u00e8re ou \u00e9clairagistes, architectes, sc\u00e9nographes, chefs de projets culturels, conservateurs ou techniciens &#8211; qui s&#8217;int\u00e9ressent \u00e0 l&#8217;\u00e9clairage d&#8217;exposition et souhaitent s&#8217;approprier les notions essentielles de cette activit\u00e9. Parce que la pratique de l&#8217;\u00e9clairage tire ses origines du c\u00f4t\u00e9 du th\u00e9\u00e2tre, c&#8217;est [&hellip;]\" \/>\n<meta property=\"og:url\" content=\"https:\/\/librairie7l.com\/en\/produit\/eclairage-dexposition-musees-et-autres-espaces\/\" \/>\n<meta property=\"og:site_name\" content=\"Librairie 7L\" \/>\n<meta property=\"article:modified_time\" content=\"2026-04-06T05:06:19+00:00\" \/>\n<meta property=\"og:image\" content=\"https:\/\/librairie7l.com\/wp-content\/uploads\/2014\/07\/9782212140736_1_75.jpg\" \/>\n\t<meta property=\"og:image:width\" content=\"425\" \/>\n\t<meta property=\"og:image:height\" content=\"500\" \/>\n\t<meta property=\"og:image:type\" content=\"image\/jpeg\" \/>\n<meta name=\"twitter:card\" content=\"summary_large_image\" \/>\n<meta name=\"twitter:label1\" content=\"Est. reading time\" \/>\n\t<meta name=\"twitter:data1\" content=\"1 minute\" \/>\n<script type=\"application\/ld+json\" class=\"yoast-schema-graph\">{\"@context\":\"https:\/\/schema.org\",\"@graph\":[{\"@type\":\"WebPage\",\"@id\":\"https:\/\/librairie7l.com\/en\/produit\/eclairage-dexposition-musees-et-autres-espaces\/\",\"url\":\"https:\/\/librairie7l.com\/en\/produit\/eclairage-dexposition-musees-et-autres-espaces\/\",\"name\":\"\u00c9CLAIRAGE D'EXPOSITION ; MUS\u00c9ES ET AUTRES ESPACES - Librairie 7L\",\"isPartOf\":{\"@id\":\"https:\/\/librairie7l.com\/en\/#website\"},\"datePublished\":\"2023-05-10T12:15:24+00:00\",\"dateModified\":\"2026-04-06T05:06:19+00:00\",\"breadcrumb\":{\"@id\":\"https:\/\/librairie7l.com\/en\/produit\/eclairage-dexposition-musees-et-autres-espaces\/#breadcrumb\"},\"inLanguage\":\"en-US\",\"potentialAction\":[{\"@type\":\"ReadAction\",\"target\":[\"https:\/\/librairie7l.com\/en\/produit\/eclairage-dexposition-musees-et-autres-espaces\/\"]}]},{\"@type\":\"BreadcrumbList\",\"@id\":\"https:\/\/librairie7l.com\/en\/produit\/eclairage-dexposition-musees-et-autres-espaces\/#breadcrumb\",\"itemListElement\":[{\"@type\":\"ListItem\",\"position\":1,\"name\":\"Accueil\",\"item\":\"https:\/\/librairie7l.com\/en\/\"},{\"@type\":\"ListItem\",\"position\":2,\"name\":\"Shop\",\"item\":\"https:\/\/librairie7l.com\/en\/shop\/\"},{\"@type\":\"ListItem\",\"position\":3,\"name\":\"\u00c9CLAIRAGE D&#8217;EXPOSITION ; MUS\u00c9ES ET AUTRES ESPACES\"}]},{\"@type\":\"WebSite\",\"@id\":\"https:\/\/librairie7l.com\/en\/#website\",\"url\":\"https:\/\/librairie7l.com\/en\/\",\"name\":\"Librairie 7L\",\"description\":\"Librairie fond\u00e9e en 1999 par Karl Lagerfeld \u00e0 Paris\",\"publisher\":{\"@id\":\"https:\/\/librairie7l.com\/en\/#organization\"},\"potentialAction\":[{\"@type\":\"SearchAction\",\"target\":{\"@type\":\"EntryPoint\",\"urlTemplate\":\"https:\/\/librairie7l.com\/en\/?s={search_term_string}\"},\"query-input\":\"required name=search_term_string\"}],\"inLanguage\":\"en-US\"},{\"@type\":\"Organization\",\"@id\":\"https:\/\/librairie7l.com\/en\/#organization\",\"name\":\"Librairie 7L\",\"url\":\"https:\/\/librairie7l.com\/en\/\",\"logo\":{\"@type\":\"ImageObject\",\"inLanguage\":\"en-US\",\"@id\":\"https:\/\/librairie7l.com\/en\/#\/schema\/logo\/image\/\",\"url\":\"https:\/\/librairie7l.com\/wp-content\/uploads\/2022\/08\/logo-1.png\",\"contentUrl\":\"https:\/\/librairie7l.com\/wp-content\/uploads\/2022\/08\/logo-1.png\",\"width\":227,\"height\":301,\"caption\":\"Librairie 7L\"},\"image\":{\"@id\":\"https:\/\/librairie7l.com\/en\/#\/schema\/logo\/image\/\"}}]}<\/script>\n<!-- \/ Yoast SEO plugin. -->","yoast_head_json":{"title":"\u00c9CLAIRAGE D'EXPOSITION ; MUS\u00c9ES ET AUTRES ESPACES - Librairie 7L","robots":{"index":"index","follow":"follow","max-snippet":"max-snippet:-1","max-image-preview":"max-image-preview:large","max-video-preview":"max-video-preview:-1"},"canonical":"https:\/\/librairie7l.com\/en\/produit\/eclairage-dexposition-musees-et-autres-espaces\/","og_locale":"en_US","og_type":"article","og_title":"\u00c9CLAIRAGE D'EXPOSITION ; MUS\u00c9ES ET AUTRES ESPACES - Librairie 7L","og_description":"Cet ouvrage s&#8217;adresse \u00e0 tous les \u00e9tudiants et jeunes professionnels &#8211; qu&#8217;ils soient concepteurs lumi\u00e8re ou \u00e9clairagistes, architectes, sc\u00e9nographes, chefs de projets culturels, conservateurs ou techniciens &#8211; qui s&#8217;int\u00e9ressent \u00e0 l&#8217;\u00e9clairage d&#8217;exposition et souhaitent s&#8217;approprier les notions essentielles de cette activit\u00e9. Parce que la pratique de l&#8217;\u00e9clairage tire ses origines du c\u00f4t\u00e9 du th\u00e9\u00e2tre, c&#8217;est [&hellip;]","og_url":"https:\/\/librairie7l.com\/en\/produit\/eclairage-dexposition-musees-et-autres-espaces\/","og_site_name":"Librairie 7L","article_modified_time":"2026-04-06T05:06:19+00:00","og_image":[{"width":425,"height":500,"url":"https:\/\/librairie7l.com\/wp-content\/uploads\/2014\/07\/9782212140736_1_75.jpg","type":"image\/jpeg"}],"twitter_card":"summary_large_image","twitter_misc":{"Est. reading time":"1 minute"},"schema":{"@context":"https:\/\/schema.org","@graph":[{"@type":"WebPage","@id":"https:\/\/librairie7l.com\/en\/produit\/eclairage-dexposition-musees-et-autres-espaces\/","url":"https:\/\/librairie7l.com\/en\/produit\/eclairage-dexposition-musees-et-autres-espaces\/","name":"\u00c9CLAIRAGE D'EXPOSITION ; MUS\u00c9ES ET AUTRES ESPACES - Librairie 7L","isPartOf":{"@id":"https:\/\/librairie7l.com\/en\/#website"},"datePublished":"2023-05-10T12:15:24+00:00","dateModified":"2026-04-06T05:06:19+00:00","breadcrumb":{"@id":"https:\/\/librairie7l.com\/en\/produit\/eclairage-dexposition-musees-et-autres-espaces\/#breadcrumb"},"inLanguage":"en-US","potentialAction":[{"@type":"ReadAction","target":["https:\/\/librairie7l.com\/en\/produit\/eclairage-dexposition-musees-et-autres-espaces\/"]}]},{"@type":"BreadcrumbList","@id":"https:\/\/librairie7l.com\/en\/produit\/eclairage-dexposition-musees-et-autres-espaces\/#breadcrumb","itemListElement":[{"@type":"ListItem","position":1,"name":"Accueil","item":"https:\/\/librairie7l.com\/en\/"},{"@type":"ListItem","position":2,"name":"Shop","item":"https:\/\/librairie7l.com\/en\/shop\/"},{"@type":"ListItem","position":3,"name":"\u00c9CLAIRAGE D&#8217;EXPOSITION ; MUS\u00c9ES ET AUTRES ESPACES"}]},{"@type":"WebSite","@id":"https:\/\/librairie7l.com\/en\/#website","url":"https:\/\/librairie7l.com\/en\/","name":"Librairie 7L","description":"Librairie fond\u00e9e en 1999 par Karl Lagerfeld \u00e0 Paris","publisher":{"@id":"https:\/\/librairie7l.com\/en\/#organization"},"potentialAction":[{"@type":"SearchAction","target":{"@type":"EntryPoint","urlTemplate":"https:\/\/librairie7l.com\/en\/?s={search_term_string}"},"query-input":"required name=search_term_string"}],"inLanguage":"en-US"},{"@type":"Organization","@id":"https:\/\/librairie7l.com\/en\/#organization","name":"Librairie 7L","url":"https:\/\/librairie7l.com\/en\/","logo":{"@type":"ImageObject","inLanguage":"en-US","@id":"https:\/\/librairie7l.com\/en\/#\/schema\/logo\/image\/","url":"https:\/\/librairie7l.com\/wp-content\/uploads\/2022\/08\/logo-1.png","contentUrl":"https:\/\/librairie7l.com\/wp-content\/uploads\/2022\/08\/logo-1.png","width":227,"height":301,"caption":"Librairie 7L"},"image":{"@id":"https:\/\/librairie7l.com\/en\/#\/schema\/logo\/image\/"}}]}},"_links":{"self":[{"href":"https:\/\/librairie7l.com\/en\/wp-json\/wp\/v2\/product\/29779"}],"collection":[{"href":"https:\/\/librairie7l.com\/en\/wp-json\/wp\/v2\/product"}],"about":[{"href":"https:\/\/librairie7l.com\/en\/wp-json\/wp\/v2\/types\/product"}],"wp:featuredmedia":[{"embeddable":true,"href":"https:\/\/librairie7l.com\/en\/wp-json\/wp\/v2\/media\/29777"}],"wp:attachment":[{"href":"https:\/\/librairie7l.com\/en\/wp-json\/wp\/v2\/media?parent=29779"}],"wp:term":[{"taxonomy":"product_cat","embeddable":true,"href":"https:\/\/librairie7l.com\/en\/wp-json\/wp\/v2\/product_cat?post=29779"},{"taxonomy":"product_tag","embeddable":true,"href":"https:\/\/librairie7l.com\/en\/wp-json\/wp\/v2\/product_tag?post=29779"}],"curies":[{"name":"wp","href":"https:\/\/api.w.org\/{rel}","templated":true}]}}