{"id":29783,"date":"2023-05-10T14:15:35","date_gmt":"2023-05-10T12:15:35","guid":{"rendered":"https:\/\/librairie7l.com\/?post_type=product&#038;p=29783"},"modified":"2026-04-20T11:20:02","modified_gmt":"2026-04-20T09:20:02","slug":"tricots-et-pulls-marins-de-la-mer-du-nord-a-locean-atlantique","status":"publish","type":"product","link":"https:\/\/librairie7l.com\/en\/produit\/tricots-et-pulls-marins-de-la-mer-du-nord-a-locean-atlantique\/","title":{"rendered":"TRICOTS ET PULLS MARINS ; DE LA MER DU NORD \u00c0 L&#8217;OC\u00c9AN ATLANTIQUE"},"content":{"rendered":"<p>Pulls, vestes, \u00e9charpes, accessoires&#8230; plus de 45 fiches mod\u00e8les sont r\u00e9unies dans ce bel ouvrage. Losanges horizontaux, torsades doubles, petites vagues, damiers, lignes de mariage&#8230; des points plus que centenaires, tous originaires de la mer du Nord et de l&#8217;oc\u00e9an Atlantique. R\u00e9alis\u00e9s avec talent et g\u00e9n\u00e9reusement propos\u00e9s par Luce Smits, styliste mod\u00e9liste qui d\u00e9veloppe depuis plus de 50 ans des pi\u00e8ces uniques, ces tricots sont aussi la m\u00e9moire d&#8217;une \u00e9poque.<br \/>\nClass\u00e9es par r\u00e9gion d&#8217;origine, Cornouailles, Ecosse, Irlande&#8230; ces tricots de caract\u00e8re, color\u00e9s et doux restent ind\u00e9modables. V\u00e9ritable voyage dans le temps et la maille, ce beau livre s&#8217;attache, parall\u00e8lement aux r\u00e9cits des exp\u00e9ditions de marins partis \u00e0 la d\u00e9couverte du nouveau monde \u00e0 Terre-Neuve et d&#8217;Islande, \u00e0 rendre hommage aux hommes disparus en mer. Il retrace leur histoire et d\u00e9voile les sp\u00e9cificit\u00e9s de ces solides tricots qui accompagnaient les marins en haute mer et dont les caract\u00e9ristiques des points sont li\u00e9es \u00e0 leur terre d&#8217;origine.<br \/>\nTricot\u00e9s en laines de pays, ces pulls marins leur offraient un confort incomparable. Ils n&#8217;h\u00e9sitaient pourtant pas \u00e0 les troquer au cours de leurs escales contre des rations d&#8217;alcool, de biscuits ou de tabac. On en retrouve ainsi les traces au-del\u00e0 de leur terre natale sur les C\u00f4tes d&#8217;Armor ou m\u00eame d&#8217;Espagne.<\/p>\n","protected":false},"excerpt":{"rendered":"<p>Pulls, vestes, \u00e9charpes, accessoires&#8230; plus de 45 fiches mod\u00e8les sont r\u00e9unies dans ce bel ouvrage. Losanges horizontaux, torsades doubles, petites vagues, damiers, lignes de mariage&#8230; des points plus que centenaires, tous originaires de la mer du Nord et de l&#8217;oc\u00e9an Atlantique. R\u00e9alis\u00e9s avec talent et g\u00e9n\u00e9reusement propos\u00e9s par Luce Smits, styliste mod\u00e9liste qui d\u00e9veloppe depuis [&hellip;]<\/p>\n","protected":false},"featured_media":29781,"template":"","meta":[],"product_cat":[55,2948,2957,19],"product_tag":[],"acf":[],"yoast_head":"<!-- This site is optimized with the Yoast SEO plugin v20.11 - https:\/\/yoast.com\/wordpress\/plugins\/seo\/ -->\n<title>TRICOTS ET PULLS MARINS ; DE LA MER DU NORD \u00c0 L&#039;OC\u00c9AN ATLANTIQUE - Librairie 7L<\/title>\n<meta name=\"robots\" content=\"index, follow, max-snippet:-1, max-image-preview:large, max-video-preview:-1\" \/>\n<link rel=\"canonical\" href=\"https:\/\/librairie7l.com\/en\/produit\/tricots-et-pulls-marins-de-la-mer-du-nord-a-locean-atlantique\/\" \/>\n<meta property=\"og:locale\" content=\"en_US\" \/>\n<meta property=\"og:type\" content=\"article\" \/>\n<meta property=\"og:title\" content=\"TRICOTS ET PULLS MARINS ; DE LA MER DU NORD \u00c0 L&#039;OC\u00c9AN ATLANTIQUE - Librairie 7L\" \/>\n<meta property=\"og:description\" content=\"Pulls, vestes, \u00e9charpes, accessoires&#8230; plus de 45 fiches mod\u00e8les sont r\u00e9unies dans ce bel ouvrage. Losanges horizontaux, torsades doubles, petites vagues, damiers, lignes de mariage&#8230; des points plus que centenaires, tous originaires de la mer du Nord et de l&#8217;oc\u00e9an Atlantique. R\u00e9alis\u00e9s avec talent et g\u00e9n\u00e9reusement propos\u00e9s par Luce Smits, styliste mod\u00e9liste qui d\u00e9veloppe depuis [&hellip;]\" \/>\n<meta property=\"og:url\" content=\"https:\/\/librairie7l.com\/en\/produit\/tricots-et-pulls-marins-de-la-mer-du-nord-a-locean-atlantique\/\" \/>\n<meta property=\"og:site_name\" content=\"Librairie 7L\" \/>\n<meta property=\"article:modified_time\" content=\"2026-04-20T09:20:02+00:00\" \/>\n<meta property=\"og:image\" content=\"https:\/\/librairie7l.com\/wp-content\/uploads\/2016\/04\/9782732478470_1_75.jpg\" \/>\n\t<meta property=\"og:image:width\" content=\"500\" \/>\n\t<meta property=\"og:image:height\" content=\"663\" \/>\n\t<meta property=\"og:image:type\" content=\"image\/jpeg\" \/>\n<meta name=\"twitter:card\" content=\"summary_large_image\" \/>\n<meta name=\"twitter:label1\" content=\"Est. reading time\" \/>\n\t<meta name=\"twitter:data1\" content=\"1 minute\" \/>\n<script type=\"application\/ld+json\" class=\"yoast-schema-graph\">{\"@context\":\"https:\/\/schema.org\",\"@graph\":[{\"@type\":\"WebPage\",\"@id\":\"https:\/\/librairie7l.com\/en\/produit\/tricots-et-pulls-marins-de-la-mer-du-nord-a-locean-atlantique\/\",\"url\":\"https:\/\/librairie7l.com\/en\/produit\/tricots-et-pulls-marins-de-la-mer-du-nord-a-locean-atlantique\/\",\"name\":\"TRICOTS ET PULLS MARINS ; DE LA MER DU NORD \u00c0 L'OC\u00c9AN ATLANTIQUE - Librairie 7L\",\"isPartOf\":{\"@id\":\"https:\/\/librairie7l.com\/en\/#website\"},\"datePublished\":\"2023-05-10T12:15:35+00:00\",\"dateModified\":\"2026-04-20T09:20:02+00:00\",\"breadcrumb\":{\"@id\":\"https:\/\/librairie7l.com\/en\/produit\/tricots-et-pulls-marins-de-la-mer-du-nord-a-locean-atlantique\/#breadcrumb\"},\"inLanguage\":\"en-US\",\"potentialAction\":[{\"@type\":\"ReadAction\",\"target\":[\"https:\/\/librairie7l.com\/en\/produit\/tricots-et-pulls-marins-de-la-mer-du-nord-a-locean-atlantique\/\"]}]},{\"@type\":\"BreadcrumbList\",\"@id\":\"https:\/\/librairie7l.com\/en\/produit\/tricots-et-pulls-marins-de-la-mer-du-nord-a-locean-atlantique\/#breadcrumb\",\"itemListElement\":[{\"@type\":\"ListItem\",\"position\":1,\"name\":\"Accueil\",\"item\":\"https:\/\/librairie7l.com\/en\/\"},{\"@type\":\"ListItem\",\"position\":2,\"name\":\"Shop\",\"item\":\"https:\/\/librairie7l.com\/en\/shop\/\"},{\"@type\":\"ListItem\",\"position\":3,\"name\":\"TRICOTS ET PULLS MARINS ; DE LA MER DU NORD \u00c0 L&#8217;OC\u00c9AN ATLANTIQUE\"}]},{\"@type\":\"WebSite\",\"@id\":\"https:\/\/librairie7l.com\/en\/#website\",\"url\":\"https:\/\/librairie7l.com\/en\/\",\"name\":\"Librairie 7L\",\"description\":\"Librairie fond\u00e9e en 1999 par Karl Lagerfeld \u00e0 Paris\",\"publisher\":{\"@id\":\"https:\/\/librairie7l.com\/en\/#organization\"},\"potentialAction\":[{\"@type\":\"SearchAction\",\"target\":{\"@type\":\"EntryPoint\",\"urlTemplate\":\"https:\/\/librairie7l.com\/en\/?s={search_term_string}\"},\"query-input\":\"required name=search_term_string\"}],\"inLanguage\":\"en-US\"},{\"@type\":\"Organization\",\"@id\":\"https:\/\/librairie7l.com\/en\/#organization\",\"name\":\"Librairie 7L\",\"url\":\"https:\/\/librairie7l.com\/en\/\",\"logo\":{\"@type\":\"ImageObject\",\"inLanguage\":\"en-US\",\"@id\":\"https:\/\/librairie7l.com\/en\/#\/schema\/logo\/image\/\",\"url\":\"https:\/\/librairie7l.com\/wp-content\/uploads\/2022\/08\/logo-1.png\",\"contentUrl\":\"https:\/\/librairie7l.com\/wp-content\/uploads\/2022\/08\/logo-1.png\",\"width\":227,\"height\":301,\"caption\":\"Librairie 7L\"},\"image\":{\"@id\":\"https:\/\/librairie7l.com\/en\/#\/schema\/logo\/image\/\"}}]}<\/script>\n<!-- \/ Yoast SEO plugin. -->","yoast_head_json":{"title":"TRICOTS ET PULLS MARINS ; DE LA MER DU NORD \u00c0 L'OC\u00c9AN ATLANTIQUE - Librairie 7L","robots":{"index":"index","follow":"follow","max-snippet":"max-snippet:-1","max-image-preview":"max-image-preview:large","max-video-preview":"max-video-preview:-1"},"canonical":"https:\/\/librairie7l.com\/en\/produit\/tricots-et-pulls-marins-de-la-mer-du-nord-a-locean-atlantique\/","og_locale":"en_US","og_type":"article","og_title":"TRICOTS ET PULLS MARINS ; DE LA MER DU NORD \u00c0 L'OC\u00c9AN ATLANTIQUE - Librairie 7L","og_description":"Pulls, vestes, \u00e9charpes, accessoires&#8230; plus de 45 fiches mod\u00e8les sont r\u00e9unies dans ce bel ouvrage. Losanges horizontaux, torsades doubles, petites vagues, damiers, lignes de mariage&#8230; des points plus que centenaires, tous originaires de la mer du Nord et de l&#8217;oc\u00e9an Atlantique. R\u00e9alis\u00e9s avec talent et g\u00e9n\u00e9reusement propos\u00e9s par Luce Smits, styliste mod\u00e9liste qui d\u00e9veloppe depuis [&hellip;]","og_url":"https:\/\/librairie7l.com\/en\/produit\/tricots-et-pulls-marins-de-la-mer-du-nord-a-locean-atlantique\/","og_site_name":"Librairie 7L","article_modified_time":"2026-04-20T09:20:02+00:00","og_image":[{"width":500,"height":663,"url":"https:\/\/librairie7l.com\/wp-content\/uploads\/2016\/04\/9782732478470_1_75.jpg","type":"image\/jpeg"}],"twitter_card":"summary_large_image","twitter_misc":{"Est. reading time":"1 minute"},"schema":{"@context":"https:\/\/schema.org","@graph":[{"@type":"WebPage","@id":"https:\/\/librairie7l.com\/en\/produit\/tricots-et-pulls-marins-de-la-mer-du-nord-a-locean-atlantique\/","url":"https:\/\/librairie7l.com\/en\/produit\/tricots-et-pulls-marins-de-la-mer-du-nord-a-locean-atlantique\/","name":"TRICOTS ET PULLS MARINS ; DE LA MER DU NORD \u00c0 L'OC\u00c9AN ATLANTIQUE - Librairie 7L","isPartOf":{"@id":"https:\/\/librairie7l.com\/en\/#website"},"datePublished":"2023-05-10T12:15:35+00:00","dateModified":"2026-04-20T09:20:02+00:00","breadcrumb":{"@id":"https:\/\/librairie7l.com\/en\/produit\/tricots-et-pulls-marins-de-la-mer-du-nord-a-locean-atlantique\/#breadcrumb"},"inLanguage":"en-US","potentialAction":[{"@type":"ReadAction","target":["https:\/\/librairie7l.com\/en\/produit\/tricots-et-pulls-marins-de-la-mer-du-nord-a-locean-atlantique\/"]}]},{"@type":"BreadcrumbList","@id":"https:\/\/librairie7l.com\/en\/produit\/tricots-et-pulls-marins-de-la-mer-du-nord-a-locean-atlantique\/#breadcrumb","itemListElement":[{"@type":"ListItem","position":1,"name":"Accueil","item":"https:\/\/librairie7l.com\/en\/"},{"@type":"ListItem","position":2,"name":"Shop","item":"https:\/\/librairie7l.com\/en\/shop\/"},{"@type":"ListItem","position":3,"name":"TRICOTS ET PULLS MARINS ; DE LA MER DU NORD \u00c0 L&#8217;OC\u00c9AN ATLANTIQUE"}]},{"@type":"WebSite","@id":"https:\/\/librairie7l.com\/en\/#website","url":"https:\/\/librairie7l.com\/en\/","name":"Librairie 7L","description":"Librairie fond\u00e9e en 1999 par Karl Lagerfeld \u00e0 Paris","publisher":{"@id":"https:\/\/librairie7l.com\/en\/#organization"},"potentialAction":[{"@type":"SearchAction","target":{"@type":"EntryPoint","urlTemplate":"https:\/\/librairie7l.com\/en\/?s={search_term_string}"},"query-input":"required name=search_term_string"}],"inLanguage":"en-US"},{"@type":"Organization","@id":"https:\/\/librairie7l.com\/en\/#organization","name":"Librairie 7L","url":"https:\/\/librairie7l.com\/en\/","logo":{"@type":"ImageObject","inLanguage":"en-US","@id":"https:\/\/librairie7l.com\/en\/#\/schema\/logo\/image\/","url":"https:\/\/librairie7l.com\/wp-content\/uploads\/2022\/08\/logo-1.png","contentUrl":"https:\/\/librairie7l.com\/wp-content\/uploads\/2022\/08\/logo-1.png","width":227,"height":301,"caption":"Librairie 7L"},"image":{"@id":"https:\/\/librairie7l.com\/en\/#\/schema\/logo\/image\/"}}]}},"_links":{"self":[{"href":"https:\/\/librairie7l.com\/en\/wp-json\/wp\/v2\/product\/29783"}],"collection":[{"href":"https:\/\/librairie7l.com\/en\/wp-json\/wp\/v2\/product"}],"about":[{"href":"https:\/\/librairie7l.com\/en\/wp-json\/wp\/v2\/types\/product"}],"wp:featuredmedia":[{"embeddable":true,"href":"https:\/\/librairie7l.com\/en\/wp-json\/wp\/v2\/media\/29781"}],"wp:attachment":[{"href":"https:\/\/librairie7l.com\/en\/wp-json\/wp\/v2\/media?parent=29783"}],"wp:term":[{"taxonomy":"product_cat","embeddable":true,"href":"https:\/\/librairie7l.com\/en\/wp-json\/wp\/v2\/product_cat?post=29783"},{"taxonomy":"product_tag","embeddable":true,"href":"https:\/\/librairie7l.com\/en\/wp-json\/wp\/v2\/product_tag?post=29783"}],"curies":[{"name":"wp","href":"https:\/\/api.w.org\/{rel}","templated":true}]}}