{"id":29795,"date":"2023-05-10T14:15:59","date_gmt":"2023-05-10T12:15:59","guid":{"rendered":"https:\/\/librairie7l.com\/?post_type=product&#038;p=29795"},"modified":"2026-05-09T16:52:44","modified_gmt":"2026-05-09T14:52:44","slug":"cheminees-francaises-a-travers-les-styles","status":"publish","type":"product","link":"https:\/\/librairie7l.com\/en\/produit\/cheminees-francaises-a-travers-les-styles\/","title":{"rendered":"CHEMIN\u00c9ES FRAN\u00c7AISES ; \u00c0 TRAVERS LES STYLES"},"content":{"rendered":"<p>Par une approche stylistique, cet important ouvrage s&#8217;attache \u00e0 pr\u00e9senter les chemin\u00e9es fran\u00e7aises depuis l&#8217;\u00e9poque gothique jusqu&#8217;\u00e0 la premi\u00e8re moiti\u00e9 du XXe si\u00e8cle. Essentiellement en pierre et en marbre, mais aussi en bois, elles t\u00e9moignent des constantes recherches des architectes, ornemanistes, tailleurs de pierre et sculpteurs pour sublimer le d\u00e9cor de la chemin\u00e9e.<\/p>\n","protected":false},"excerpt":{"rendered":"<p>Par une approche stylistique, cet important ouvrage s&#8217;attache \u00e0 pr\u00e9senter les chemin\u00e9es fran\u00e7aises depuis l&#8217;\u00e9poque gothique jusqu&#8217;\u00e0 la premi\u00e8re moiti\u00e9 du XXe si\u00e8cle. Essentiellement en pierre et en marbre, mais aussi en bois, elles t\u00e9moignent des constantes recherches des architectes, ornemanistes, tailleurs de pierre et sculpteurs pour sublimer le d\u00e9cor de la chemin\u00e9e.<\/p>\n","protected":false},"featured_media":29793,"template":"","meta":[],"product_cat":[2948,2952],"product_tag":[],"acf":[],"yoast_head":"<!-- This site is optimized with the Yoast SEO plugin v20.11 - https:\/\/yoast.com\/wordpress\/plugins\/seo\/ -->\n<title>CHEMIN\u00c9ES FRAN\u00c7AISES ; \u00c0 TRAVERS LES STYLES - Librairie 7L<\/title>\n<meta name=\"robots\" content=\"index, follow, max-snippet:-1, max-image-preview:large, max-video-preview:-1\" \/>\n<link rel=\"canonical\" href=\"https:\/\/librairie7l.com\/en\/produit\/cheminees-francaises-a-travers-les-styles\/\" \/>\n<meta property=\"og:locale\" content=\"en_US\" \/>\n<meta property=\"og:type\" content=\"article\" \/>\n<meta property=\"og:title\" content=\"CHEMIN\u00c9ES FRAN\u00c7AISES ; \u00c0 TRAVERS LES STYLES - Librairie 7L\" \/>\n<meta property=\"og:description\" content=\"Par une approche stylistique, cet important ouvrage s&#8217;attache \u00e0 pr\u00e9senter les chemin\u00e9es fran\u00e7aises depuis l&#8217;\u00e9poque gothique jusqu&#8217;\u00e0 la premi\u00e8re moiti\u00e9 du XXe si\u00e8cle. Essentiellement en pierre et en marbre, mais aussi en bois, elles t\u00e9moignent des constantes recherches des architectes, ornemanistes, tailleurs de pierre et sculpteurs pour sublimer le d\u00e9cor de la chemin\u00e9e.\" \/>\n<meta property=\"og:url\" content=\"https:\/\/librairie7l.com\/en\/produit\/cheminees-francaises-a-travers-les-styles\/\" \/>\n<meta property=\"og:site_name\" content=\"Librairie 7L\" \/>\n<meta property=\"article:modified_time\" content=\"2026-05-09T14:52:44+00:00\" \/>\n<meta property=\"og:image\" content=\"https:\/\/librairie7l.com\/wp-content\/uploads\/1998\/02\/9782851011626_1_75.jpg\" \/>\n\t<meta property=\"og:image:width\" content=\"283\" \/>\n\t<meta property=\"og:image:height\" content=\"397\" \/>\n\t<meta property=\"og:image:type\" content=\"image\/jpeg\" \/>\n<meta name=\"twitter:card\" content=\"summary_large_image\" \/>\n<script type=\"application\/ld+json\" class=\"yoast-schema-graph\">{\"@context\":\"https:\/\/schema.org\",\"@graph\":[{\"@type\":\"WebPage\",\"@id\":\"https:\/\/librairie7l.com\/en\/produit\/cheminees-francaises-a-travers-les-styles\/\",\"url\":\"https:\/\/librairie7l.com\/en\/produit\/cheminees-francaises-a-travers-les-styles\/\",\"name\":\"CHEMIN\u00c9ES FRAN\u00c7AISES ; \u00c0 TRAVERS LES STYLES - Librairie 7L\",\"isPartOf\":{\"@id\":\"https:\/\/librairie7l.com\/en\/#website\"},\"datePublished\":\"2023-05-10T12:15:59+00:00\",\"dateModified\":\"2026-05-09T14:52:44+00:00\",\"breadcrumb\":{\"@id\":\"https:\/\/librairie7l.com\/en\/produit\/cheminees-francaises-a-travers-les-styles\/#breadcrumb\"},\"inLanguage\":\"en-US\",\"potentialAction\":[{\"@type\":\"ReadAction\",\"target\":[\"https:\/\/librairie7l.com\/en\/produit\/cheminees-francaises-a-travers-les-styles\/\"]}]},{\"@type\":\"BreadcrumbList\",\"@id\":\"https:\/\/librairie7l.com\/en\/produit\/cheminees-francaises-a-travers-les-styles\/#breadcrumb\",\"itemListElement\":[{\"@type\":\"ListItem\",\"position\":1,\"name\":\"Accueil\",\"item\":\"https:\/\/librairie7l.com\/en\/\"},{\"@type\":\"ListItem\",\"position\":2,\"name\":\"Shop\",\"item\":\"https:\/\/librairie7l.com\/en\/shop\/\"},{\"@type\":\"ListItem\",\"position\":3,\"name\":\"CHEMIN\u00c9ES FRAN\u00c7AISES ; \u00c0 TRAVERS LES STYLES\"}]},{\"@type\":\"WebSite\",\"@id\":\"https:\/\/librairie7l.com\/en\/#website\",\"url\":\"https:\/\/librairie7l.com\/en\/\",\"name\":\"Librairie 7L\",\"description\":\"Librairie fond\u00e9e en 1999 par Karl Lagerfeld \u00e0 Paris\",\"publisher\":{\"@id\":\"https:\/\/librairie7l.com\/en\/#organization\"},\"potentialAction\":[{\"@type\":\"SearchAction\",\"target\":{\"@type\":\"EntryPoint\",\"urlTemplate\":\"https:\/\/librairie7l.com\/en\/?s={search_term_string}\"},\"query-input\":\"required name=search_term_string\"}],\"inLanguage\":\"en-US\"},{\"@type\":\"Organization\",\"@id\":\"https:\/\/librairie7l.com\/en\/#organization\",\"name\":\"Librairie 7L\",\"url\":\"https:\/\/librairie7l.com\/en\/\",\"logo\":{\"@type\":\"ImageObject\",\"inLanguage\":\"en-US\",\"@id\":\"https:\/\/librairie7l.com\/en\/#\/schema\/logo\/image\/\",\"url\":\"https:\/\/librairie7l.com\/wp-content\/uploads\/2022\/08\/logo-1.png\",\"contentUrl\":\"https:\/\/librairie7l.com\/wp-content\/uploads\/2022\/08\/logo-1.png\",\"width\":227,\"height\":301,\"caption\":\"Librairie 7L\"},\"image\":{\"@id\":\"https:\/\/librairie7l.com\/en\/#\/schema\/logo\/image\/\"}}]}<\/script>\n<!-- \/ Yoast SEO plugin. -->","yoast_head_json":{"title":"CHEMIN\u00c9ES FRAN\u00c7AISES ; \u00c0 TRAVERS LES STYLES - Librairie 7L","robots":{"index":"index","follow":"follow","max-snippet":"max-snippet:-1","max-image-preview":"max-image-preview:large","max-video-preview":"max-video-preview:-1"},"canonical":"https:\/\/librairie7l.com\/en\/produit\/cheminees-francaises-a-travers-les-styles\/","og_locale":"en_US","og_type":"article","og_title":"CHEMIN\u00c9ES FRAN\u00c7AISES ; \u00c0 TRAVERS LES STYLES - Librairie 7L","og_description":"Par une approche stylistique, cet important ouvrage s&#8217;attache \u00e0 pr\u00e9senter les chemin\u00e9es fran\u00e7aises depuis l&#8217;\u00e9poque gothique jusqu&#8217;\u00e0 la premi\u00e8re moiti\u00e9 du XXe si\u00e8cle. Essentiellement en pierre et en marbre, mais aussi en bois, elles t\u00e9moignent des constantes recherches des architectes, ornemanistes, tailleurs de pierre et sculpteurs pour sublimer le d\u00e9cor de la chemin\u00e9e.","og_url":"https:\/\/librairie7l.com\/en\/produit\/cheminees-francaises-a-travers-les-styles\/","og_site_name":"Librairie 7L","article_modified_time":"2026-05-09T14:52:44+00:00","og_image":[{"width":283,"height":397,"url":"https:\/\/librairie7l.com\/wp-content\/uploads\/1998\/02\/9782851011626_1_75.jpg","type":"image\/jpeg"}],"twitter_card":"summary_large_image","schema":{"@context":"https:\/\/schema.org","@graph":[{"@type":"WebPage","@id":"https:\/\/librairie7l.com\/en\/produit\/cheminees-francaises-a-travers-les-styles\/","url":"https:\/\/librairie7l.com\/en\/produit\/cheminees-francaises-a-travers-les-styles\/","name":"CHEMIN\u00c9ES FRAN\u00c7AISES ; \u00c0 TRAVERS LES STYLES - Librairie 7L","isPartOf":{"@id":"https:\/\/librairie7l.com\/en\/#website"},"datePublished":"2023-05-10T12:15:59+00:00","dateModified":"2026-05-09T14:52:44+00:00","breadcrumb":{"@id":"https:\/\/librairie7l.com\/en\/produit\/cheminees-francaises-a-travers-les-styles\/#breadcrumb"},"inLanguage":"en-US","potentialAction":[{"@type":"ReadAction","target":["https:\/\/librairie7l.com\/en\/produit\/cheminees-francaises-a-travers-les-styles\/"]}]},{"@type":"BreadcrumbList","@id":"https:\/\/librairie7l.com\/en\/produit\/cheminees-francaises-a-travers-les-styles\/#breadcrumb","itemListElement":[{"@type":"ListItem","position":1,"name":"Accueil","item":"https:\/\/librairie7l.com\/en\/"},{"@type":"ListItem","position":2,"name":"Shop","item":"https:\/\/librairie7l.com\/en\/shop\/"},{"@type":"ListItem","position":3,"name":"CHEMIN\u00c9ES FRAN\u00c7AISES ; \u00c0 TRAVERS LES STYLES"}]},{"@type":"WebSite","@id":"https:\/\/librairie7l.com\/en\/#website","url":"https:\/\/librairie7l.com\/en\/","name":"Librairie 7L","description":"Librairie fond\u00e9e en 1999 par Karl Lagerfeld \u00e0 Paris","publisher":{"@id":"https:\/\/librairie7l.com\/en\/#organization"},"potentialAction":[{"@type":"SearchAction","target":{"@type":"EntryPoint","urlTemplate":"https:\/\/librairie7l.com\/en\/?s={search_term_string}"},"query-input":"required name=search_term_string"}],"inLanguage":"en-US"},{"@type":"Organization","@id":"https:\/\/librairie7l.com\/en\/#organization","name":"Librairie 7L","url":"https:\/\/librairie7l.com\/en\/","logo":{"@type":"ImageObject","inLanguage":"en-US","@id":"https:\/\/librairie7l.com\/en\/#\/schema\/logo\/image\/","url":"https:\/\/librairie7l.com\/wp-content\/uploads\/2022\/08\/logo-1.png","contentUrl":"https:\/\/librairie7l.com\/wp-content\/uploads\/2022\/08\/logo-1.png","width":227,"height":301,"caption":"Librairie 7L"},"image":{"@id":"https:\/\/librairie7l.com\/en\/#\/schema\/logo\/image\/"}}]}},"_links":{"self":[{"href":"https:\/\/librairie7l.com\/en\/wp-json\/wp\/v2\/product\/29795"}],"collection":[{"href":"https:\/\/librairie7l.com\/en\/wp-json\/wp\/v2\/product"}],"about":[{"href":"https:\/\/librairie7l.com\/en\/wp-json\/wp\/v2\/types\/product"}],"wp:featuredmedia":[{"embeddable":true,"href":"https:\/\/librairie7l.com\/en\/wp-json\/wp\/v2\/media\/29793"}],"wp:attachment":[{"href":"https:\/\/librairie7l.com\/en\/wp-json\/wp\/v2\/media?parent=29795"}],"wp:term":[{"taxonomy":"product_cat","embeddable":true,"href":"https:\/\/librairie7l.com\/en\/wp-json\/wp\/v2\/product_cat?post=29795"},{"taxonomy":"product_tag","embeddable":true,"href":"https:\/\/librairie7l.com\/en\/wp-json\/wp\/v2\/product_tag?post=29795"}],"curies":[{"name":"wp","href":"https:\/\/api.w.org\/{rel}","templated":true}]}}