{"id":29811,"date":"2023-05-10T14:16:32","date_gmt":"2023-05-10T12:16:32","guid":{"rendered":"https:\/\/librairie7l.com\/?post_type=product&#038;p=29811"},"modified":"2026-04-20T19:06:10","modified_gmt":"2026-04-20T17:06:10","slug":"william-eggleston-flowers","status":"publish","type":"product","link":"https:\/\/librairie7l.com\/en\/produit\/william-eggleston-flowers\/","title":{"rendered":"WILLIAM EGGLESTON FLOWERS"},"content":{"rendered":"<p>Flowers est un fac-simil\u00e9 du troisi\u00e8me livre d&#8217;artiste de William Eggleston, qui a \u00e9t\u00e9 publi\u00e9 pour la premi\u00e8re fois dans une \u00e9dition de quinze exemplaires seulement par Caldecott Chubb \u00e0 New York en 1978. Si les fleurs ont toujours \u00e9t\u00e9 pr\u00e9sentes dans les clich\u00e9s du photographe, elles occupent ici le devant de la sc\u00e8ne et deviennent le seul et unique sujet photographi\u00e9. Avec Morals of Vision, \u00e9galement publi\u00e9 cette saison, Flowers fait partie de la s\u00e9rie de livres d&#8217;artiste d&#8217;Eggleston publi\u00e9s par Steidl dans de nouvelles \u00e9ditions qui honorent le design et l&#8217;esprit des originaux.<\/p>\n","protected":false},"excerpt":{"rendered":"<p>Flowers est un fac-simil\u00e9 du troisi\u00e8me livre d&#8217;artiste de William Eggleston, qui a \u00e9t\u00e9 publi\u00e9 pour la premi\u00e8re fois dans une \u00e9dition de quinze exemplaires seulement par Caldecott Chubb \u00e0 New York en 1978. Si les fleurs ont toujours \u00e9t\u00e9 pr\u00e9sentes dans les clich\u00e9s du photographe, elles occupent ici le devant de la sc\u00e8ne et [&hellip;]<\/p>\n","protected":false},"featured_media":29809,"template":"","meta":[],"product_cat":[55,2948,2958,17],"product_tag":[],"acf":[],"yoast_head":"<!-- This site is optimized with the Yoast SEO plugin v20.11 - https:\/\/yoast.com\/wordpress\/plugins\/seo\/ -->\n<title>WILLIAM EGGLESTON FLOWERS - Librairie 7L<\/title>\n<meta name=\"robots\" content=\"index, follow, max-snippet:-1, max-image-preview:large, max-video-preview:-1\" \/>\n<link rel=\"canonical\" href=\"https:\/\/librairie7l.com\/en\/produit\/william-eggleston-flowers\/\" \/>\n<meta property=\"og:locale\" content=\"en_US\" \/>\n<meta property=\"og:type\" content=\"article\" \/>\n<meta property=\"og:title\" content=\"WILLIAM EGGLESTON FLOWERS - Librairie 7L\" \/>\n<meta property=\"og:description\" content=\"Flowers est un fac-simil\u00e9 du troisi\u00e8me livre d&#8217;artiste de William Eggleston, qui a \u00e9t\u00e9 publi\u00e9 pour la premi\u00e8re fois dans une \u00e9dition de quinze exemplaires seulement par Caldecott Chubb \u00e0 New York en 1978. Si les fleurs ont toujours \u00e9t\u00e9 pr\u00e9sentes dans les clich\u00e9s du photographe, elles occupent ici le devant de la sc\u00e8ne et [&hellip;]\" \/>\n<meta property=\"og:url\" content=\"https:\/\/librairie7l.com\/en\/produit\/william-eggleston-flowers\/\" \/>\n<meta property=\"og:site_name\" content=\"Librairie 7L\" \/>\n<meta property=\"article:modified_time\" content=\"2026-04-20T17:06:10+00:00\" \/>\n<meta property=\"og:image\" content=\"https:\/\/librairie7l.com\/wp-content\/uploads\/2018\/01\/9783958293892_1_75.jpg\" \/>\n\t<meta property=\"og:image:width\" content=\"770\" \/>\n\t<meta property=\"og:image:height\" content=\"600\" \/>\n\t<meta property=\"og:image:type\" content=\"image\/jpeg\" \/>\n<meta name=\"twitter:card\" content=\"summary_large_image\" \/>\n<meta name=\"twitter:label1\" content=\"Est. reading time\" \/>\n\t<meta name=\"twitter:data1\" content=\"1 minute\" \/>\n<script type=\"application\/ld+json\" class=\"yoast-schema-graph\">{\"@context\":\"https:\/\/schema.org\",\"@graph\":[{\"@type\":\"WebPage\",\"@id\":\"https:\/\/librairie7l.com\/en\/produit\/william-eggleston-flowers\/\",\"url\":\"https:\/\/librairie7l.com\/en\/produit\/william-eggleston-flowers\/\",\"name\":\"WILLIAM EGGLESTON FLOWERS - Librairie 7L\",\"isPartOf\":{\"@id\":\"https:\/\/librairie7l.com\/en\/#website\"},\"datePublished\":\"2023-05-10T12:16:32+00:00\",\"dateModified\":\"2026-04-20T17:06:10+00:00\",\"breadcrumb\":{\"@id\":\"https:\/\/librairie7l.com\/en\/produit\/william-eggleston-flowers\/#breadcrumb\"},\"inLanguage\":\"en-US\",\"potentialAction\":[{\"@type\":\"ReadAction\",\"target\":[\"https:\/\/librairie7l.com\/en\/produit\/william-eggleston-flowers\/\"]}]},{\"@type\":\"BreadcrumbList\",\"@id\":\"https:\/\/librairie7l.com\/en\/produit\/william-eggleston-flowers\/#breadcrumb\",\"itemListElement\":[{\"@type\":\"ListItem\",\"position\":1,\"name\":\"Accueil\",\"item\":\"https:\/\/librairie7l.com\/en\/\"},{\"@type\":\"ListItem\",\"position\":2,\"name\":\"Shop\",\"item\":\"https:\/\/librairie7l.com\/en\/shop\/\"},{\"@type\":\"ListItem\",\"position\":3,\"name\":\"WILLIAM EGGLESTON FLOWERS\"}]},{\"@type\":\"WebSite\",\"@id\":\"https:\/\/librairie7l.com\/en\/#website\",\"url\":\"https:\/\/librairie7l.com\/en\/\",\"name\":\"Librairie 7L\",\"description\":\"Librairie fond\u00e9e en 1999 par Karl Lagerfeld \u00e0 Paris\",\"publisher\":{\"@id\":\"https:\/\/librairie7l.com\/en\/#organization\"},\"potentialAction\":[{\"@type\":\"SearchAction\",\"target\":{\"@type\":\"EntryPoint\",\"urlTemplate\":\"https:\/\/librairie7l.com\/en\/?s={search_term_string}\"},\"query-input\":\"required name=search_term_string\"}],\"inLanguage\":\"en-US\"},{\"@type\":\"Organization\",\"@id\":\"https:\/\/librairie7l.com\/en\/#organization\",\"name\":\"Librairie 7L\",\"url\":\"https:\/\/librairie7l.com\/en\/\",\"logo\":{\"@type\":\"ImageObject\",\"inLanguage\":\"en-US\",\"@id\":\"https:\/\/librairie7l.com\/en\/#\/schema\/logo\/image\/\",\"url\":\"https:\/\/librairie7l.com\/wp-content\/uploads\/2022\/08\/logo-1.png\",\"contentUrl\":\"https:\/\/librairie7l.com\/wp-content\/uploads\/2022\/08\/logo-1.png\",\"width\":227,\"height\":301,\"caption\":\"Librairie 7L\"},\"image\":{\"@id\":\"https:\/\/librairie7l.com\/en\/#\/schema\/logo\/image\/\"}}]}<\/script>\n<!-- \/ Yoast SEO plugin. -->","yoast_head_json":{"title":"WILLIAM EGGLESTON FLOWERS - Librairie 7L","robots":{"index":"index","follow":"follow","max-snippet":"max-snippet:-1","max-image-preview":"max-image-preview:large","max-video-preview":"max-video-preview:-1"},"canonical":"https:\/\/librairie7l.com\/en\/produit\/william-eggleston-flowers\/","og_locale":"en_US","og_type":"article","og_title":"WILLIAM EGGLESTON FLOWERS - Librairie 7L","og_description":"Flowers est un fac-simil\u00e9 du troisi\u00e8me livre d&#8217;artiste de William Eggleston, qui a \u00e9t\u00e9 publi\u00e9 pour la premi\u00e8re fois dans une \u00e9dition de quinze exemplaires seulement par Caldecott Chubb \u00e0 New York en 1978. Si les fleurs ont toujours \u00e9t\u00e9 pr\u00e9sentes dans les clich\u00e9s du photographe, elles occupent ici le devant de la sc\u00e8ne et [&hellip;]","og_url":"https:\/\/librairie7l.com\/en\/produit\/william-eggleston-flowers\/","og_site_name":"Librairie 7L","article_modified_time":"2026-04-20T17:06:10+00:00","og_image":[{"width":770,"height":600,"url":"https:\/\/librairie7l.com\/wp-content\/uploads\/2018\/01\/9783958293892_1_75.jpg","type":"image\/jpeg"}],"twitter_card":"summary_large_image","twitter_misc":{"Est. reading time":"1 minute"},"schema":{"@context":"https:\/\/schema.org","@graph":[{"@type":"WebPage","@id":"https:\/\/librairie7l.com\/en\/produit\/william-eggleston-flowers\/","url":"https:\/\/librairie7l.com\/en\/produit\/william-eggleston-flowers\/","name":"WILLIAM EGGLESTON FLOWERS - Librairie 7L","isPartOf":{"@id":"https:\/\/librairie7l.com\/en\/#website"},"datePublished":"2023-05-10T12:16:32+00:00","dateModified":"2026-04-20T17:06:10+00:00","breadcrumb":{"@id":"https:\/\/librairie7l.com\/en\/produit\/william-eggleston-flowers\/#breadcrumb"},"inLanguage":"en-US","potentialAction":[{"@type":"ReadAction","target":["https:\/\/librairie7l.com\/en\/produit\/william-eggleston-flowers\/"]}]},{"@type":"BreadcrumbList","@id":"https:\/\/librairie7l.com\/en\/produit\/william-eggleston-flowers\/#breadcrumb","itemListElement":[{"@type":"ListItem","position":1,"name":"Accueil","item":"https:\/\/librairie7l.com\/en\/"},{"@type":"ListItem","position":2,"name":"Shop","item":"https:\/\/librairie7l.com\/en\/shop\/"},{"@type":"ListItem","position":3,"name":"WILLIAM EGGLESTON FLOWERS"}]},{"@type":"WebSite","@id":"https:\/\/librairie7l.com\/en\/#website","url":"https:\/\/librairie7l.com\/en\/","name":"Librairie 7L","description":"Librairie fond\u00e9e en 1999 par Karl Lagerfeld \u00e0 Paris","publisher":{"@id":"https:\/\/librairie7l.com\/en\/#organization"},"potentialAction":[{"@type":"SearchAction","target":{"@type":"EntryPoint","urlTemplate":"https:\/\/librairie7l.com\/en\/?s={search_term_string}"},"query-input":"required name=search_term_string"}],"inLanguage":"en-US"},{"@type":"Organization","@id":"https:\/\/librairie7l.com\/en\/#organization","name":"Librairie 7L","url":"https:\/\/librairie7l.com\/en\/","logo":{"@type":"ImageObject","inLanguage":"en-US","@id":"https:\/\/librairie7l.com\/en\/#\/schema\/logo\/image\/","url":"https:\/\/librairie7l.com\/wp-content\/uploads\/2022\/08\/logo-1.png","contentUrl":"https:\/\/librairie7l.com\/wp-content\/uploads\/2022\/08\/logo-1.png","width":227,"height":301,"caption":"Librairie 7L"},"image":{"@id":"https:\/\/librairie7l.com\/en\/#\/schema\/logo\/image\/"}}]}},"_links":{"self":[{"href":"https:\/\/librairie7l.com\/en\/wp-json\/wp\/v2\/product\/29811"}],"collection":[{"href":"https:\/\/librairie7l.com\/en\/wp-json\/wp\/v2\/product"}],"about":[{"href":"https:\/\/librairie7l.com\/en\/wp-json\/wp\/v2\/types\/product"}],"wp:featuredmedia":[{"embeddable":true,"href":"https:\/\/librairie7l.com\/en\/wp-json\/wp\/v2\/media\/29809"}],"wp:attachment":[{"href":"https:\/\/librairie7l.com\/en\/wp-json\/wp\/v2\/media?parent=29811"}],"wp:term":[{"taxonomy":"product_cat","embeddable":true,"href":"https:\/\/librairie7l.com\/en\/wp-json\/wp\/v2\/product_cat?post=29811"},{"taxonomy":"product_tag","embeddable":true,"href":"https:\/\/librairie7l.com\/en\/wp-json\/wp\/v2\/product_tag?post=29811"}],"curies":[{"name":"wp","href":"https:\/\/api.w.org\/{rel}","templated":true}]}}