{"id":29831,"date":"2023-05-10T14:16:52","date_gmt":"2023-05-10T12:16:52","guid":{"rendered":"https:\/\/librairie7l.com\/?post_type=product&#038;p=29831"},"modified":"2026-04-15T21:06:13","modified_gmt":"2026-04-15T19:06:13","slug":"la-chaumiere-aux-coquillages-de-rambouillet-la-fabrique-de-lillusion-au-xviii","status":"publish","type":"product","link":"https:\/\/librairie7l.com\/en\/produit\/la-chaumiere-aux-coquillages-de-rambouillet-la-fabrique-de-lillusion-au-xviii\/","title":{"rendered":"LA CHAUMIERE AUX COQUILLAGES DE RAMBOUILLET ; LA FABRIQUE DE L&#8217;ILLUSION AU XVIIIE"},"content":{"rendered":"<p>En 1761, la publication de Julie ou la Nouvelle H\u00e9lo\u00efse par Jean-Jacques Rousseau, qui pr\u00f4- nait alors le retour \u00e0 la nature, contribua \u00e0 l&#8217;apparition et au d\u00e9veloppement des jardins pitto- resques en France dans le dernier tiers du  xviii e si\u00e8cle.<br \/>\nLe domaine princier de Rambouillet ne fit pas excep- tion. Dans la lign\u00e9e du prince de Cond\u00e9 \u00e0 Chantilly ou de la reine Marie-Antoinette \u00e0 Trianon, le duc de Penthi\u00e8vre fit am\u00e9nager dans le parc de sa r\u00e9sidence, en 1779-1780, un jardin anglais agr\u00e9ment\u00e9 de trois fabriques, rustiques et exotiques : un kiosque chinois, un ermitage et une chaumi\u00e8re. \u00c9lev\u00e9e au coeur d&#8217;une \u00eele pour le plaisir de la princesse de Lamballe, celle-ci fut enti\u00e8rement restaur\u00e9e en 2005 : cet \u00e9difice, dans lequel le naturalisme est port\u00e9 \u00e0 son paroxysme, renferme notamment un salon dont l&#8217;extraordinaire d\u00e9cor aquatique fait toujours \u00e9cho au somptueux mobilier de Fran\u00e7ois-Toussaint Folio. La chau- mi\u00e8re aux coquillages de Rambouillet fut pour le belle- fille de Penthi\u00e8vre ce que la laiterie de la reine sera pour Marie-Antoinette : un bijou d&#8217;architecture dans un \u00e9crin de verdure, o\u00f9 tant de raffinement suscite l&#8217;\u00e9merveillement.<\/p>\n","protected":false},"excerpt":{"rendered":"<p>En 1761, la publication de Julie ou la Nouvelle H\u00e9lo\u00efse par Jean-Jacques Rousseau, qui pr\u00f4- nait alors le retour \u00e0 la nature, contribua \u00e0 l&#8217;apparition et au d\u00e9veloppement des jardins pitto- resques en France dans le dernier tiers du xviii e si\u00e8cle. Le domaine princier de Rambouillet ne fit pas excep- tion. Dans la lign\u00e9e [&hellip;]<\/p>\n","protected":false},"featured_media":29829,"template":"","meta":[],"product_cat":[2948,2956],"product_tag":[],"acf":[],"yoast_head":"<!-- This site is optimized with the Yoast SEO plugin v20.11 - https:\/\/yoast.com\/wordpress\/plugins\/seo\/ -->\n<title>LA CHAUMIERE AUX COQUILLAGES DE RAMBOUILLET ; LA FABRIQUE DE L&#039;ILLUSION AU XVIIIE - Librairie 7L<\/title>\n<meta name=\"robots\" content=\"index, follow, max-snippet:-1, max-image-preview:large, max-video-preview:-1\" \/>\n<link rel=\"canonical\" href=\"https:\/\/librairie7l.com\/en\/produit\/la-chaumiere-aux-coquillages-de-rambouillet-la-fabrique-de-lillusion-au-xviii\/\" \/>\n<meta property=\"og:locale\" content=\"en_US\" \/>\n<meta property=\"og:type\" content=\"article\" \/>\n<meta property=\"og:title\" content=\"LA CHAUMIERE AUX COQUILLAGES DE RAMBOUILLET ; LA FABRIQUE DE L&#039;ILLUSION AU XVIIIE - Librairie 7L\" \/>\n<meta property=\"og:description\" content=\"En 1761, la publication de Julie ou la Nouvelle H\u00e9lo\u00efse par Jean-Jacques Rousseau, qui pr\u00f4- nait alors le retour \u00e0 la nature, contribua \u00e0 l&#8217;apparition et au d\u00e9veloppement des jardins pitto- resques en France dans le dernier tiers du xviii e si\u00e8cle. Le domaine princier de Rambouillet ne fit pas excep- tion. Dans la lign\u00e9e [&hellip;]\" \/>\n<meta property=\"og:url\" content=\"https:\/\/librairie7l.com\/en\/produit\/la-chaumiere-aux-coquillages-de-rambouillet-la-fabrique-de-lillusion-au-xviii\/\" \/>\n<meta property=\"og:site_name\" content=\"Librairie 7L\" \/>\n<meta property=\"article:modified_time\" content=\"2026-04-15T19:06:13+00:00\" \/>\n<meta property=\"og:image\" content=\"https:\/\/librairie7l.com\/wp-content\/uploads\/2018\/06\/9782353402885_1_75.jpg\" \/>\n\t<meta property=\"og:image:width\" content=\"600\" \/>\n\t<meta property=\"og:image:height\" content=\"872\" \/>\n\t<meta property=\"og:image:type\" content=\"image\/jpeg\" \/>\n<meta name=\"twitter:card\" content=\"summary_large_image\" \/>\n<meta name=\"twitter:label1\" content=\"Est. reading time\" \/>\n\t<meta name=\"twitter:data1\" content=\"1 minute\" \/>\n<script type=\"application\/ld+json\" class=\"yoast-schema-graph\">{\"@context\":\"https:\/\/schema.org\",\"@graph\":[{\"@type\":\"WebPage\",\"@id\":\"https:\/\/librairie7l.com\/en\/produit\/la-chaumiere-aux-coquillages-de-rambouillet-la-fabrique-de-lillusion-au-xviii\/\",\"url\":\"https:\/\/librairie7l.com\/en\/produit\/la-chaumiere-aux-coquillages-de-rambouillet-la-fabrique-de-lillusion-au-xviii\/\",\"name\":\"LA CHAUMIERE AUX COQUILLAGES DE RAMBOUILLET ; LA FABRIQUE DE L'ILLUSION AU XVIIIE - Librairie 7L\",\"isPartOf\":{\"@id\":\"https:\/\/librairie7l.com\/en\/#website\"},\"datePublished\":\"2023-05-10T12:16:52+00:00\",\"dateModified\":\"2026-04-15T19:06:13+00:00\",\"breadcrumb\":{\"@id\":\"https:\/\/librairie7l.com\/en\/produit\/la-chaumiere-aux-coquillages-de-rambouillet-la-fabrique-de-lillusion-au-xviii\/#breadcrumb\"},\"inLanguage\":\"en-US\",\"potentialAction\":[{\"@type\":\"ReadAction\",\"target\":[\"https:\/\/librairie7l.com\/en\/produit\/la-chaumiere-aux-coquillages-de-rambouillet-la-fabrique-de-lillusion-au-xviii\/\"]}]},{\"@type\":\"BreadcrumbList\",\"@id\":\"https:\/\/librairie7l.com\/en\/produit\/la-chaumiere-aux-coquillages-de-rambouillet-la-fabrique-de-lillusion-au-xviii\/#breadcrumb\",\"itemListElement\":[{\"@type\":\"ListItem\",\"position\":1,\"name\":\"Accueil\",\"item\":\"https:\/\/librairie7l.com\/en\/\"},{\"@type\":\"ListItem\",\"position\":2,\"name\":\"Shop\",\"item\":\"https:\/\/librairie7l.com\/en\/shop\/\"},{\"@type\":\"ListItem\",\"position\":3,\"name\":\"LA CHAUMIERE AUX COQUILLAGES DE RAMBOUILLET ; LA FABRIQUE DE L&#8217;ILLUSION AU XVIIIE\"}]},{\"@type\":\"WebSite\",\"@id\":\"https:\/\/librairie7l.com\/en\/#website\",\"url\":\"https:\/\/librairie7l.com\/en\/\",\"name\":\"Librairie 7L\",\"description\":\"Librairie fond\u00e9e en 1999 par Karl Lagerfeld \u00e0 Paris\",\"publisher\":{\"@id\":\"https:\/\/librairie7l.com\/en\/#organization\"},\"potentialAction\":[{\"@type\":\"SearchAction\",\"target\":{\"@type\":\"EntryPoint\",\"urlTemplate\":\"https:\/\/librairie7l.com\/en\/?s={search_term_string}\"},\"query-input\":\"required name=search_term_string\"}],\"inLanguage\":\"en-US\"},{\"@type\":\"Organization\",\"@id\":\"https:\/\/librairie7l.com\/en\/#organization\",\"name\":\"Librairie 7L\",\"url\":\"https:\/\/librairie7l.com\/en\/\",\"logo\":{\"@type\":\"ImageObject\",\"inLanguage\":\"en-US\",\"@id\":\"https:\/\/librairie7l.com\/en\/#\/schema\/logo\/image\/\",\"url\":\"https:\/\/librairie7l.com\/wp-content\/uploads\/2022\/08\/logo-1.png\",\"contentUrl\":\"https:\/\/librairie7l.com\/wp-content\/uploads\/2022\/08\/logo-1.png\",\"width\":227,\"height\":301,\"caption\":\"Librairie 7L\"},\"image\":{\"@id\":\"https:\/\/librairie7l.com\/en\/#\/schema\/logo\/image\/\"}}]}<\/script>\n<!-- \/ Yoast SEO plugin. -->","yoast_head_json":{"title":"LA CHAUMIERE AUX COQUILLAGES DE RAMBOUILLET ; LA FABRIQUE DE L'ILLUSION AU XVIIIE - Librairie 7L","robots":{"index":"index","follow":"follow","max-snippet":"max-snippet:-1","max-image-preview":"max-image-preview:large","max-video-preview":"max-video-preview:-1"},"canonical":"https:\/\/librairie7l.com\/en\/produit\/la-chaumiere-aux-coquillages-de-rambouillet-la-fabrique-de-lillusion-au-xviii\/","og_locale":"en_US","og_type":"article","og_title":"LA CHAUMIERE AUX COQUILLAGES DE RAMBOUILLET ; LA FABRIQUE DE L'ILLUSION AU XVIIIE - Librairie 7L","og_description":"En 1761, la publication de Julie ou la Nouvelle H\u00e9lo\u00efse par Jean-Jacques Rousseau, qui pr\u00f4- nait alors le retour \u00e0 la nature, contribua \u00e0 l&#8217;apparition et au d\u00e9veloppement des jardins pitto- resques en France dans le dernier tiers du xviii e si\u00e8cle. Le domaine princier de Rambouillet ne fit pas excep- tion. Dans la lign\u00e9e [&hellip;]","og_url":"https:\/\/librairie7l.com\/en\/produit\/la-chaumiere-aux-coquillages-de-rambouillet-la-fabrique-de-lillusion-au-xviii\/","og_site_name":"Librairie 7L","article_modified_time":"2026-04-15T19:06:13+00:00","og_image":[{"width":600,"height":872,"url":"https:\/\/librairie7l.com\/wp-content\/uploads\/2018\/06\/9782353402885_1_75.jpg","type":"image\/jpeg"}],"twitter_card":"summary_large_image","twitter_misc":{"Est. reading time":"1 minute"},"schema":{"@context":"https:\/\/schema.org","@graph":[{"@type":"WebPage","@id":"https:\/\/librairie7l.com\/en\/produit\/la-chaumiere-aux-coquillages-de-rambouillet-la-fabrique-de-lillusion-au-xviii\/","url":"https:\/\/librairie7l.com\/en\/produit\/la-chaumiere-aux-coquillages-de-rambouillet-la-fabrique-de-lillusion-au-xviii\/","name":"LA CHAUMIERE AUX COQUILLAGES DE RAMBOUILLET ; LA FABRIQUE DE L'ILLUSION AU XVIIIE - Librairie 7L","isPartOf":{"@id":"https:\/\/librairie7l.com\/en\/#website"},"datePublished":"2023-05-10T12:16:52+00:00","dateModified":"2026-04-15T19:06:13+00:00","breadcrumb":{"@id":"https:\/\/librairie7l.com\/en\/produit\/la-chaumiere-aux-coquillages-de-rambouillet-la-fabrique-de-lillusion-au-xviii\/#breadcrumb"},"inLanguage":"en-US","potentialAction":[{"@type":"ReadAction","target":["https:\/\/librairie7l.com\/en\/produit\/la-chaumiere-aux-coquillages-de-rambouillet-la-fabrique-de-lillusion-au-xviii\/"]}]},{"@type":"BreadcrumbList","@id":"https:\/\/librairie7l.com\/en\/produit\/la-chaumiere-aux-coquillages-de-rambouillet-la-fabrique-de-lillusion-au-xviii\/#breadcrumb","itemListElement":[{"@type":"ListItem","position":1,"name":"Accueil","item":"https:\/\/librairie7l.com\/en\/"},{"@type":"ListItem","position":2,"name":"Shop","item":"https:\/\/librairie7l.com\/en\/shop\/"},{"@type":"ListItem","position":3,"name":"LA CHAUMIERE AUX COQUILLAGES DE RAMBOUILLET ; LA FABRIQUE DE L&#8217;ILLUSION AU XVIIIE"}]},{"@type":"WebSite","@id":"https:\/\/librairie7l.com\/en\/#website","url":"https:\/\/librairie7l.com\/en\/","name":"Librairie 7L","description":"Librairie fond\u00e9e en 1999 par Karl Lagerfeld \u00e0 Paris","publisher":{"@id":"https:\/\/librairie7l.com\/en\/#organization"},"potentialAction":[{"@type":"SearchAction","target":{"@type":"EntryPoint","urlTemplate":"https:\/\/librairie7l.com\/en\/?s={search_term_string}"},"query-input":"required name=search_term_string"}],"inLanguage":"en-US"},{"@type":"Organization","@id":"https:\/\/librairie7l.com\/en\/#organization","name":"Librairie 7L","url":"https:\/\/librairie7l.com\/en\/","logo":{"@type":"ImageObject","inLanguage":"en-US","@id":"https:\/\/librairie7l.com\/en\/#\/schema\/logo\/image\/","url":"https:\/\/librairie7l.com\/wp-content\/uploads\/2022\/08\/logo-1.png","contentUrl":"https:\/\/librairie7l.com\/wp-content\/uploads\/2022\/08\/logo-1.png","width":227,"height":301,"caption":"Librairie 7L"},"image":{"@id":"https:\/\/librairie7l.com\/en\/#\/schema\/logo\/image\/"}}]}},"_links":{"self":[{"href":"https:\/\/librairie7l.com\/en\/wp-json\/wp\/v2\/product\/29831"}],"collection":[{"href":"https:\/\/librairie7l.com\/en\/wp-json\/wp\/v2\/product"}],"about":[{"href":"https:\/\/librairie7l.com\/en\/wp-json\/wp\/v2\/types\/product"}],"wp:featuredmedia":[{"embeddable":true,"href":"https:\/\/librairie7l.com\/en\/wp-json\/wp\/v2\/media\/29829"}],"wp:attachment":[{"href":"https:\/\/librairie7l.com\/en\/wp-json\/wp\/v2\/media?parent=29831"}],"wp:term":[{"taxonomy":"product_cat","embeddable":true,"href":"https:\/\/librairie7l.com\/en\/wp-json\/wp\/v2\/product_cat?post=29831"},{"taxonomy":"product_tag","embeddable":true,"href":"https:\/\/librairie7l.com\/en\/wp-json\/wp\/v2\/product_tag?post=29831"}],"curies":[{"name":"wp","href":"https:\/\/api.w.org\/{rel}","templated":true}]}}