{"id":29847,"date":"2023-05-10T14:17:20","date_gmt":"2023-05-10T12:17:20","guid":{"rendered":"https:\/\/librairie7l.com\/?post_type=product&#038;p=29847"},"modified":"2026-04-21T10:06:20","modified_gmt":"2026-04-21T08:06:20","slug":"objects-of-desire-surrealism-and-design-in-dialogue","status":"publish","type":"product","link":"https:\/\/librairie7l.com\/en\/produit\/objects-of-desire-surrealism-and-design-in-dialogue\/","title":{"rendered":"OBJECTS OF DESIRE: SURREALISM AND DESIGN IN DIALOGUE"},"content":{"rendered":"<p>\u00c0 partir des ann\u00e9es 1930, le mouvement surr\u00e9aliste a eu un impact crucial sur le design et continue encore aujourd&#8217;hui \u00e0 inspirer les designers. Objects of Desire: Surrealism and Design est le premier livre \u00e0 documenter ce dialogue fascinant. Il comprend de nombreux essais et une s\u00e9lection compl\u00e8te d&#8217;images qui retracent ces \u00e9changes r\u00e9ciproques en juxtaposant des oeuvres d&#8217;art et des objets de design. Parmi les artistes et concepteurs pr\u00e9sent\u00e9s figurent Gae Aulenti, Achille Castiglioni, Giorgio de Chirico, Le Corbusier, Salvador Dal\u00ed, Marcel Duchamp, Antoni Gaud\u00ed, Frederick Kiesler, Ren\u00e9 Magritte, Carlo Mollino, Meret Oppenheim et beaucoup d&#8217;autres.<\/p>\n","protected":false},"excerpt":{"rendered":"<p>\u00c0 partir des ann\u00e9es 1930, le mouvement surr\u00e9aliste a eu un impact crucial sur le design et continue encore aujourd&#8217;hui \u00e0 inspirer les designers. Objects of Desire: Surrealism and Design est le premier livre \u00e0 documenter ce dialogue fascinant. Il comprend de nombreux essais et une s\u00e9lection compl\u00e8te d&#8217;images qui retracent ces \u00e9changes r\u00e9ciproques en [&hellip;]<\/p>\n","protected":false},"featured_media":29845,"template":"","meta":[],"product_cat":[2948,2952],"product_tag":[],"acf":[],"yoast_head":"<!-- This site is optimized with the Yoast SEO plugin v20.11 - https:\/\/yoast.com\/wordpress\/plugins\/seo\/ -->\n<title>OBJECTS OF DESIRE: SURREALISM AND DESIGN IN DIALOGUE - Librairie 7L<\/title>\n<meta name=\"robots\" content=\"index, follow, max-snippet:-1, max-image-preview:large, max-video-preview:-1\" \/>\n<link rel=\"canonical\" href=\"https:\/\/librairie7l.com\/en\/produit\/objects-of-desire-surrealism-and-design-in-dialogue\/\" \/>\n<meta property=\"og:locale\" content=\"en_US\" \/>\n<meta property=\"og:type\" content=\"article\" \/>\n<meta property=\"og:title\" content=\"OBJECTS OF DESIRE: SURREALISM AND DESIGN IN DIALOGUE - Librairie 7L\" \/>\n<meta property=\"og:description\" content=\"\u00c0 partir des ann\u00e9es 1930, le mouvement surr\u00e9aliste a eu un impact crucial sur le design et continue encore aujourd&#8217;hui \u00e0 inspirer les designers. Objects of Desire: Surrealism and Design est le premier livre \u00e0 documenter ce dialogue fascinant. Il comprend de nombreux essais et une s\u00e9lection compl\u00e8te d&#8217;images qui retracent ces \u00e9changes r\u00e9ciproques en [&hellip;]\" \/>\n<meta property=\"og:url\" content=\"https:\/\/librairie7l.com\/en\/produit\/objects-of-desire-surrealism-and-design-in-dialogue\/\" \/>\n<meta property=\"og:site_name\" content=\"Librairie 7L\" \/>\n<meta property=\"article:modified_time\" content=\"2026-04-21T08:06:20+00:00\" \/>\n<meta property=\"og:image\" content=\"https:\/\/librairie7l.com\/wp-content\/uploads\/2019\/01\/9783945852330_1_75.jpg\" \/>\n\t<meta property=\"og:image:width\" content=\"600\" \/>\n\t<meta property=\"og:image:height\" content=\"838\" \/>\n\t<meta property=\"og:image:type\" content=\"image\/jpeg\" \/>\n<meta name=\"twitter:card\" content=\"summary_large_image\" \/>\n<meta name=\"twitter:label1\" content=\"Est. reading time\" \/>\n\t<meta name=\"twitter:data1\" content=\"1 minute\" \/>\n<script type=\"application\/ld+json\" class=\"yoast-schema-graph\">{\"@context\":\"https:\/\/schema.org\",\"@graph\":[{\"@type\":\"WebPage\",\"@id\":\"https:\/\/librairie7l.com\/en\/produit\/objects-of-desire-surrealism-and-design-in-dialogue\/\",\"url\":\"https:\/\/librairie7l.com\/en\/produit\/objects-of-desire-surrealism-and-design-in-dialogue\/\",\"name\":\"OBJECTS OF DESIRE: SURREALISM AND DESIGN IN DIALOGUE - Librairie 7L\",\"isPartOf\":{\"@id\":\"https:\/\/librairie7l.com\/en\/#website\"},\"datePublished\":\"2023-05-10T12:17:20+00:00\",\"dateModified\":\"2026-04-21T08:06:20+00:00\",\"breadcrumb\":{\"@id\":\"https:\/\/librairie7l.com\/en\/produit\/objects-of-desire-surrealism-and-design-in-dialogue\/#breadcrumb\"},\"inLanguage\":\"en-US\",\"potentialAction\":[{\"@type\":\"ReadAction\",\"target\":[\"https:\/\/librairie7l.com\/en\/produit\/objects-of-desire-surrealism-and-design-in-dialogue\/\"]}]},{\"@type\":\"BreadcrumbList\",\"@id\":\"https:\/\/librairie7l.com\/en\/produit\/objects-of-desire-surrealism-and-design-in-dialogue\/#breadcrumb\",\"itemListElement\":[{\"@type\":\"ListItem\",\"position\":1,\"name\":\"Accueil\",\"item\":\"https:\/\/librairie7l.com\/en\/\"},{\"@type\":\"ListItem\",\"position\":2,\"name\":\"Shop\",\"item\":\"https:\/\/librairie7l.com\/en\/shop\/\"},{\"@type\":\"ListItem\",\"position\":3,\"name\":\"OBJECTS OF DESIRE: SURREALISM AND DESIGN IN DIALOGUE\"}]},{\"@type\":\"WebSite\",\"@id\":\"https:\/\/librairie7l.com\/en\/#website\",\"url\":\"https:\/\/librairie7l.com\/en\/\",\"name\":\"Librairie 7L\",\"description\":\"Librairie fond\u00e9e en 1999 par Karl Lagerfeld \u00e0 Paris\",\"publisher\":{\"@id\":\"https:\/\/librairie7l.com\/en\/#organization\"},\"potentialAction\":[{\"@type\":\"SearchAction\",\"target\":{\"@type\":\"EntryPoint\",\"urlTemplate\":\"https:\/\/librairie7l.com\/en\/?s={search_term_string}\"},\"query-input\":\"required name=search_term_string\"}],\"inLanguage\":\"en-US\"},{\"@type\":\"Organization\",\"@id\":\"https:\/\/librairie7l.com\/en\/#organization\",\"name\":\"Librairie 7L\",\"url\":\"https:\/\/librairie7l.com\/en\/\",\"logo\":{\"@type\":\"ImageObject\",\"inLanguage\":\"en-US\",\"@id\":\"https:\/\/librairie7l.com\/en\/#\/schema\/logo\/image\/\",\"url\":\"https:\/\/librairie7l.com\/wp-content\/uploads\/2022\/08\/logo-1.png\",\"contentUrl\":\"https:\/\/librairie7l.com\/wp-content\/uploads\/2022\/08\/logo-1.png\",\"width\":227,\"height\":301,\"caption\":\"Librairie 7L\"},\"image\":{\"@id\":\"https:\/\/librairie7l.com\/en\/#\/schema\/logo\/image\/\"}}]}<\/script>\n<!-- \/ Yoast SEO plugin. -->","yoast_head_json":{"title":"OBJECTS OF DESIRE: SURREALISM AND DESIGN IN DIALOGUE - Librairie 7L","robots":{"index":"index","follow":"follow","max-snippet":"max-snippet:-1","max-image-preview":"max-image-preview:large","max-video-preview":"max-video-preview:-1"},"canonical":"https:\/\/librairie7l.com\/en\/produit\/objects-of-desire-surrealism-and-design-in-dialogue\/","og_locale":"en_US","og_type":"article","og_title":"OBJECTS OF DESIRE: SURREALISM AND DESIGN IN DIALOGUE - Librairie 7L","og_description":"\u00c0 partir des ann\u00e9es 1930, le mouvement surr\u00e9aliste a eu un impact crucial sur le design et continue encore aujourd&#8217;hui \u00e0 inspirer les designers. Objects of Desire: Surrealism and Design est le premier livre \u00e0 documenter ce dialogue fascinant. Il comprend de nombreux essais et une s\u00e9lection compl\u00e8te d&#8217;images qui retracent ces \u00e9changes r\u00e9ciproques en [&hellip;]","og_url":"https:\/\/librairie7l.com\/en\/produit\/objects-of-desire-surrealism-and-design-in-dialogue\/","og_site_name":"Librairie 7L","article_modified_time":"2026-04-21T08:06:20+00:00","og_image":[{"width":600,"height":838,"url":"https:\/\/librairie7l.com\/wp-content\/uploads\/2019\/01\/9783945852330_1_75.jpg","type":"image\/jpeg"}],"twitter_card":"summary_large_image","twitter_misc":{"Est. reading time":"1 minute"},"schema":{"@context":"https:\/\/schema.org","@graph":[{"@type":"WebPage","@id":"https:\/\/librairie7l.com\/en\/produit\/objects-of-desire-surrealism-and-design-in-dialogue\/","url":"https:\/\/librairie7l.com\/en\/produit\/objects-of-desire-surrealism-and-design-in-dialogue\/","name":"OBJECTS OF DESIRE: SURREALISM AND DESIGN IN DIALOGUE - Librairie 7L","isPartOf":{"@id":"https:\/\/librairie7l.com\/en\/#website"},"datePublished":"2023-05-10T12:17:20+00:00","dateModified":"2026-04-21T08:06:20+00:00","breadcrumb":{"@id":"https:\/\/librairie7l.com\/en\/produit\/objects-of-desire-surrealism-and-design-in-dialogue\/#breadcrumb"},"inLanguage":"en-US","potentialAction":[{"@type":"ReadAction","target":["https:\/\/librairie7l.com\/en\/produit\/objects-of-desire-surrealism-and-design-in-dialogue\/"]}]},{"@type":"BreadcrumbList","@id":"https:\/\/librairie7l.com\/en\/produit\/objects-of-desire-surrealism-and-design-in-dialogue\/#breadcrumb","itemListElement":[{"@type":"ListItem","position":1,"name":"Accueil","item":"https:\/\/librairie7l.com\/en\/"},{"@type":"ListItem","position":2,"name":"Shop","item":"https:\/\/librairie7l.com\/en\/shop\/"},{"@type":"ListItem","position":3,"name":"OBJECTS OF DESIRE: SURREALISM AND DESIGN IN DIALOGUE"}]},{"@type":"WebSite","@id":"https:\/\/librairie7l.com\/en\/#website","url":"https:\/\/librairie7l.com\/en\/","name":"Librairie 7L","description":"Librairie fond\u00e9e en 1999 par Karl Lagerfeld \u00e0 Paris","publisher":{"@id":"https:\/\/librairie7l.com\/en\/#organization"},"potentialAction":[{"@type":"SearchAction","target":{"@type":"EntryPoint","urlTemplate":"https:\/\/librairie7l.com\/en\/?s={search_term_string}"},"query-input":"required name=search_term_string"}],"inLanguage":"en-US"},{"@type":"Organization","@id":"https:\/\/librairie7l.com\/en\/#organization","name":"Librairie 7L","url":"https:\/\/librairie7l.com\/en\/","logo":{"@type":"ImageObject","inLanguage":"en-US","@id":"https:\/\/librairie7l.com\/en\/#\/schema\/logo\/image\/","url":"https:\/\/librairie7l.com\/wp-content\/uploads\/2022\/08\/logo-1.png","contentUrl":"https:\/\/librairie7l.com\/wp-content\/uploads\/2022\/08\/logo-1.png","width":227,"height":301,"caption":"Librairie 7L"},"image":{"@id":"https:\/\/librairie7l.com\/en\/#\/schema\/logo\/image\/"}}]}},"_links":{"self":[{"href":"https:\/\/librairie7l.com\/en\/wp-json\/wp\/v2\/product\/29847"}],"collection":[{"href":"https:\/\/librairie7l.com\/en\/wp-json\/wp\/v2\/product"}],"about":[{"href":"https:\/\/librairie7l.com\/en\/wp-json\/wp\/v2\/types\/product"}],"wp:featuredmedia":[{"embeddable":true,"href":"https:\/\/librairie7l.com\/en\/wp-json\/wp\/v2\/media\/29845"}],"wp:attachment":[{"href":"https:\/\/librairie7l.com\/en\/wp-json\/wp\/v2\/media?parent=29847"}],"wp:term":[{"taxonomy":"product_cat","embeddable":true,"href":"https:\/\/librairie7l.com\/en\/wp-json\/wp\/v2\/product_cat?post=29847"},{"taxonomy":"product_tag","embeddable":true,"href":"https:\/\/librairie7l.com\/en\/wp-json\/wp\/v2\/product_tag?post=29847"}],"curies":[{"name":"wp","href":"https:\/\/api.w.org\/{rel}","templated":true}]}}