{"id":29875,"date":"2023-05-10T14:17:59","date_gmt":"2023-05-10T12:17:59","guid":{"rendered":"https:\/\/librairie7l.com\/?post_type=product&#038;p=29875"},"modified":"2026-04-08T23:06:55","modified_gmt":"2026-04-08T21:06:55","slug":"indie-type-typefaces-and-creative-font-application-in-design","status":"publish","type":"product","link":"https:\/\/librairie7l.com\/en\/produit\/indie-type-typefaces-and-creative-font-application-in-design\/","title":{"rendered":"INDIE TYPE ; TYPEFACES AND CREATIVE FONT APPLICATION IN DESIGN"},"content":{"rendered":"<p>Ce livre comprend une s\u00e9rie de polices d&#8217;\u00e9criture s\u00e9lectionn\u00e9es pour leur approche innovante, esth\u00e9tique ou adaptable, avec une repr\u00e9sentation de leur utilisation dans diff\u00e9rents projets internationaux. Il contient \u00e9galement les interviews de 5 cr\u00e9ateurs de police d&#8217;\u00e9criture repr\u00e9sentative rendant compte du processus cr\u00e9atif pour la concevoir, de la fa\u00e7on dont elle a \u00e9t\u00e9 cr\u00e9\u00e9e, et dont elle trouve sa place dans le design. Cet ouvrage int\u00e9ressera les amateurs de typographie souhaitant cr\u00e9er quelque chose de nouveau. Il sera sans aucun doute leur meilleure source d&#8217;inspiration.<\/p>\n","protected":false},"excerpt":{"rendered":"<p>Ce livre comprend une s\u00e9rie de polices d&#8217;\u00e9criture s\u00e9lectionn\u00e9es pour leur approche innovante, esth\u00e9tique ou adaptable, avec une repr\u00e9sentation de leur utilisation dans diff\u00e9rents projets internationaux. Il contient \u00e9galement les interviews de 5 cr\u00e9ateurs de police d&#8217;\u00e9criture repr\u00e9sentative rendant compte du processus cr\u00e9atif pour la concevoir, de la fa\u00e7on dont elle a \u00e9t\u00e9 cr\u00e9\u00e9e, et [&hellip;]<\/p>\n","protected":false},"featured_media":29873,"template":"","meta":[],"product_cat":[55,2948,18,2952],"product_tag":[],"acf":[],"yoast_head":"<!-- This site is optimized with the Yoast SEO plugin v20.11 - https:\/\/yoast.com\/wordpress\/plugins\/seo\/ -->\n<title>INDIE TYPE ; TYPEFACES AND CREATIVE FONT APPLICATION IN DESIGN - Librairie 7L<\/title>\n<meta name=\"robots\" content=\"index, follow, max-snippet:-1, max-image-preview:large, max-video-preview:-1\" \/>\n<link rel=\"canonical\" href=\"https:\/\/librairie7l.com\/en\/produit\/indie-type-typefaces-and-creative-font-application-in-design\/\" \/>\n<meta property=\"og:locale\" content=\"en_US\" \/>\n<meta property=\"og:type\" content=\"article\" \/>\n<meta property=\"og:title\" content=\"INDIE TYPE ; TYPEFACES AND CREATIVE FONT APPLICATION IN DESIGN - Librairie 7L\" \/>\n<meta property=\"og:description\" content=\"Ce livre comprend une s\u00e9rie de polices d&#8217;\u00e9criture s\u00e9lectionn\u00e9es pour leur approche innovante, esth\u00e9tique ou adaptable, avec une repr\u00e9sentation de leur utilisation dans diff\u00e9rents projets internationaux. Il contient \u00e9galement les interviews de 5 cr\u00e9ateurs de police d&#8217;\u00e9criture repr\u00e9sentative rendant compte du processus cr\u00e9atif pour la concevoir, de la fa\u00e7on dont elle a \u00e9t\u00e9 cr\u00e9\u00e9e, et [&hellip;]\" \/>\n<meta property=\"og:url\" content=\"https:\/\/librairie7l.com\/en\/produit\/indie-type-typefaces-and-creative-font-application-in-design\/\" \/>\n<meta property=\"og:site_name\" content=\"Librairie 7L\" \/>\n<meta property=\"article:modified_time\" content=\"2026-04-08T21:06:55+00:00\" \/>\n<meta property=\"og:image\" content=\"https:\/\/librairie7l.com\/wp-content\/uploads\/2019\/06\/9788417084127_1_75.jpg\" \/>\n\t<meta property=\"og:image:width\" content=\"400\" \/>\n\t<meta property=\"og:image:height\" content=\"533\" \/>\n\t<meta property=\"og:image:type\" content=\"image\/jpeg\" \/>\n<meta name=\"twitter:card\" content=\"summary_large_image\" \/>\n<script type=\"application\/ld+json\" class=\"yoast-schema-graph\">{\"@context\":\"https:\/\/schema.org\",\"@graph\":[{\"@type\":\"WebPage\",\"@id\":\"https:\/\/librairie7l.com\/en\/produit\/indie-type-typefaces-and-creative-font-application-in-design\/\",\"url\":\"https:\/\/librairie7l.com\/en\/produit\/indie-type-typefaces-and-creative-font-application-in-design\/\",\"name\":\"INDIE TYPE ; TYPEFACES AND CREATIVE FONT APPLICATION IN DESIGN - Librairie 7L\",\"isPartOf\":{\"@id\":\"https:\/\/librairie7l.com\/en\/#website\"},\"datePublished\":\"2023-05-10T12:17:59+00:00\",\"dateModified\":\"2026-04-08T21:06:55+00:00\",\"breadcrumb\":{\"@id\":\"https:\/\/librairie7l.com\/en\/produit\/indie-type-typefaces-and-creative-font-application-in-design\/#breadcrumb\"},\"inLanguage\":\"en-US\",\"potentialAction\":[{\"@type\":\"ReadAction\",\"target\":[\"https:\/\/librairie7l.com\/en\/produit\/indie-type-typefaces-and-creative-font-application-in-design\/\"]}]},{\"@type\":\"BreadcrumbList\",\"@id\":\"https:\/\/librairie7l.com\/en\/produit\/indie-type-typefaces-and-creative-font-application-in-design\/#breadcrumb\",\"itemListElement\":[{\"@type\":\"ListItem\",\"position\":1,\"name\":\"Accueil\",\"item\":\"https:\/\/librairie7l.com\/en\/\"},{\"@type\":\"ListItem\",\"position\":2,\"name\":\"Shop\",\"item\":\"https:\/\/librairie7l.com\/en\/shop\/\"},{\"@type\":\"ListItem\",\"position\":3,\"name\":\"INDIE TYPE ; TYPEFACES AND CREATIVE FONT APPLICATION IN DESIGN\"}]},{\"@type\":\"WebSite\",\"@id\":\"https:\/\/librairie7l.com\/en\/#website\",\"url\":\"https:\/\/librairie7l.com\/en\/\",\"name\":\"Librairie 7L\",\"description\":\"Librairie fond\u00e9e en 1999 par Karl Lagerfeld \u00e0 Paris\",\"publisher\":{\"@id\":\"https:\/\/librairie7l.com\/en\/#organization\"},\"potentialAction\":[{\"@type\":\"SearchAction\",\"target\":{\"@type\":\"EntryPoint\",\"urlTemplate\":\"https:\/\/librairie7l.com\/en\/?s={search_term_string}\"},\"query-input\":\"required name=search_term_string\"}],\"inLanguage\":\"en-US\"},{\"@type\":\"Organization\",\"@id\":\"https:\/\/librairie7l.com\/en\/#organization\",\"name\":\"Librairie 7L\",\"url\":\"https:\/\/librairie7l.com\/en\/\",\"logo\":{\"@type\":\"ImageObject\",\"inLanguage\":\"en-US\",\"@id\":\"https:\/\/librairie7l.com\/en\/#\/schema\/logo\/image\/\",\"url\":\"https:\/\/librairie7l.com\/wp-content\/uploads\/2022\/08\/logo-1.png\",\"contentUrl\":\"https:\/\/librairie7l.com\/wp-content\/uploads\/2022\/08\/logo-1.png\",\"width\":227,\"height\":301,\"caption\":\"Librairie 7L\"},\"image\":{\"@id\":\"https:\/\/librairie7l.com\/en\/#\/schema\/logo\/image\/\"}}]}<\/script>\n<!-- \/ Yoast SEO plugin. -->","yoast_head_json":{"title":"INDIE TYPE ; TYPEFACES AND CREATIVE FONT APPLICATION IN DESIGN - Librairie 7L","robots":{"index":"index","follow":"follow","max-snippet":"max-snippet:-1","max-image-preview":"max-image-preview:large","max-video-preview":"max-video-preview:-1"},"canonical":"https:\/\/librairie7l.com\/en\/produit\/indie-type-typefaces-and-creative-font-application-in-design\/","og_locale":"en_US","og_type":"article","og_title":"INDIE TYPE ; TYPEFACES AND CREATIVE FONT APPLICATION IN DESIGN - Librairie 7L","og_description":"Ce livre comprend une s\u00e9rie de polices d&#8217;\u00e9criture s\u00e9lectionn\u00e9es pour leur approche innovante, esth\u00e9tique ou adaptable, avec une repr\u00e9sentation de leur utilisation dans diff\u00e9rents projets internationaux. Il contient \u00e9galement les interviews de 5 cr\u00e9ateurs de police d&#8217;\u00e9criture repr\u00e9sentative rendant compte du processus cr\u00e9atif pour la concevoir, de la fa\u00e7on dont elle a \u00e9t\u00e9 cr\u00e9\u00e9e, et [&hellip;]","og_url":"https:\/\/librairie7l.com\/en\/produit\/indie-type-typefaces-and-creative-font-application-in-design\/","og_site_name":"Librairie 7L","article_modified_time":"2026-04-08T21:06:55+00:00","og_image":[{"width":400,"height":533,"url":"https:\/\/librairie7l.com\/wp-content\/uploads\/2019\/06\/9788417084127_1_75.jpg","type":"image\/jpeg"}],"twitter_card":"summary_large_image","schema":{"@context":"https:\/\/schema.org","@graph":[{"@type":"WebPage","@id":"https:\/\/librairie7l.com\/en\/produit\/indie-type-typefaces-and-creative-font-application-in-design\/","url":"https:\/\/librairie7l.com\/en\/produit\/indie-type-typefaces-and-creative-font-application-in-design\/","name":"INDIE TYPE ; TYPEFACES AND CREATIVE FONT APPLICATION IN DESIGN - Librairie 7L","isPartOf":{"@id":"https:\/\/librairie7l.com\/en\/#website"},"datePublished":"2023-05-10T12:17:59+00:00","dateModified":"2026-04-08T21:06:55+00:00","breadcrumb":{"@id":"https:\/\/librairie7l.com\/en\/produit\/indie-type-typefaces-and-creative-font-application-in-design\/#breadcrumb"},"inLanguage":"en-US","potentialAction":[{"@type":"ReadAction","target":["https:\/\/librairie7l.com\/en\/produit\/indie-type-typefaces-and-creative-font-application-in-design\/"]}]},{"@type":"BreadcrumbList","@id":"https:\/\/librairie7l.com\/en\/produit\/indie-type-typefaces-and-creative-font-application-in-design\/#breadcrumb","itemListElement":[{"@type":"ListItem","position":1,"name":"Accueil","item":"https:\/\/librairie7l.com\/en\/"},{"@type":"ListItem","position":2,"name":"Shop","item":"https:\/\/librairie7l.com\/en\/shop\/"},{"@type":"ListItem","position":3,"name":"INDIE TYPE ; TYPEFACES AND CREATIVE FONT APPLICATION IN DESIGN"}]},{"@type":"WebSite","@id":"https:\/\/librairie7l.com\/en\/#website","url":"https:\/\/librairie7l.com\/en\/","name":"Librairie 7L","description":"Librairie fond\u00e9e en 1999 par Karl Lagerfeld \u00e0 Paris","publisher":{"@id":"https:\/\/librairie7l.com\/en\/#organization"},"potentialAction":[{"@type":"SearchAction","target":{"@type":"EntryPoint","urlTemplate":"https:\/\/librairie7l.com\/en\/?s={search_term_string}"},"query-input":"required name=search_term_string"}],"inLanguage":"en-US"},{"@type":"Organization","@id":"https:\/\/librairie7l.com\/en\/#organization","name":"Librairie 7L","url":"https:\/\/librairie7l.com\/en\/","logo":{"@type":"ImageObject","inLanguage":"en-US","@id":"https:\/\/librairie7l.com\/en\/#\/schema\/logo\/image\/","url":"https:\/\/librairie7l.com\/wp-content\/uploads\/2022\/08\/logo-1.png","contentUrl":"https:\/\/librairie7l.com\/wp-content\/uploads\/2022\/08\/logo-1.png","width":227,"height":301,"caption":"Librairie 7L"},"image":{"@id":"https:\/\/librairie7l.com\/en\/#\/schema\/logo\/image\/"}}]}},"_links":{"self":[{"href":"https:\/\/librairie7l.com\/en\/wp-json\/wp\/v2\/product\/29875"}],"collection":[{"href":"https:\/\/librairie7l.com\/en\/wp-json\/wp\/v2\/product"}],"about":[{"href":"https:\/\/librairie7l.com\/en\/wp-json\/wp\/v2\/types\/product"}],"wp:featuredmedia":[{"embeddable":true,"href":"https:\/\/librairie7l.com\/en\/wp-json\/wp\/v2\/media\/29873"}],"wp:attachment":[{"href":"https:\/\/librairie7l.com\/en\/wp-json\/wp\/v2\/media?parent=29875"}],"wp:term":[{"taxonomy":"product_cat","embeddable":true,"href":"https:\/\/librairie7l.com\/en\/wp-json\/wp\/v2\/product_cat?post=29875"},{"taxonomy":"product_tag","embeddable":true,"href":"https:\/\/librairie7l.com\/en\/wp-json\/wp\/v2\/product_tag?post=29875"}],"curies":[{"name":"wp","href":"https:\/\/api.w.org\/{rel}","templated":true}]}}