{"id":29879,"date":"2023-05-10T14:18:03","date_gmt":"2023-05-10T12:18:03","guid":{"rendered":"https:\/\/librairie7l.com\/?post_type=product&#038;p=29879"},"modified":"2026-04-16T20:17:54","modified_gmt":"2026-04-16T18:17:54","slug":"wade-guyton","status":"publish","type":"product","link":"https:\/\/librairie7l.com\/en\/produit\/wade-guyton\/","title":{"rendered":"WADE GUYTON"},"content":{"rendered":"<p>Nouvelle monographie de l&#8217;artiste am\u00e9ricain, pr\u00e9sentant une trentaine d&#8217;oeuvres in\u00e9dite r\u00e9alis\u00e9e sp\u00e9cifiquement pour un double projet curatorial d&#8217;envergure, avec un essai approfondi, sous la forme d&#8217;une enqu\u00eate, de Tristan Garcia.<\/p>\n<p>Wade Guyton produit \u00e9galement des sculptures, des dessins ou des installations, mais il a choisi pour ce projet de se restreindre uniquement au format \u00ab peinture \u00bb. Il aborde ici un nouveau chapitre avec un ensemble de pi\u00e8ces clairement figuratives en parall\u00e8le \u00e0 d&#8217;autres plus abstraites, toutes ayant \u00e9t\u00e9 con\u00e7ues entre 2015 et 2016. L&#8217;image centrale du projet, d\u00e9clin\u00e9e dans diverses dimensions, est une photographie prise dans son atelier.<br \/>\nAu premier plan, se dresse l&#8217;une de ses sculptures, constitu\u00e9e de l&#8217;armature tubulaire modifi\u00e9e d&#8217;une chaise de Marcel Breuer pos\u00e9e \u00e0 m\u00eame le sol.<br \/>\n\u00c0 l&#8217;arri\u00e8re-plan, on aper\u00e7oit la partie droite d&#8217;une des peintures de la s\u00e9rie des Black Paintings, ainsi que le mur blanc auquel l&#8217;oeuvre est adoss\u00e9e. D&#8217;autres images qui repr\u00e9sentent le sol en bois de l&#8217;atelier \u00e0 New York ainsi que certains zooms dans des fichiers bitmap compl\u00e8tent l&#8217;ensemble de ces nouveaux travaux.<br \/>\n\u00ab Pour comprendre mon travail autrement, j&#8217;ai commenc\u00e9 \u00e0 le photographier dans l&#8217;atelier et \u00e0 produire des peintures \u00e0 partir de ces images. C&#8217;est parfaitement logique d&#8217;utiliser une image photographique avec les outils dont je me sers. Mes imprimantes ont \u00e9t\u00e9 con\u00e7ues pour remplacer la photographie qu&#8217;on d\u00e9veloppait en chambre noire&#8230; Une sorte d&#8217;op\u00e9ration commerciale hostile d\u00e9guis\u00e9e en progr\u00e8s technologique et en am\u00e9lioration de l&#8217;image. \u00bb L&#8217;irruption soudaine d&#8217;\u00e9l\u00e9ments biographiques tir\u00e9s du r\u00e9el et de son quotidien bouleverse l&#8217;iconographie \u00e0 laquelle l&#8217;artiste nous avait habitu\u00e9 et ouvre de nouvelles perspectives. \u00c0 travers la mise en abyme de son propre travail, Wade Guyton continue d&#8217;interroger l&#8217;ensemble de la cha\u00eene de production et de repr\u00e9sentation ainsi que le devenir image de l&#8217;art.<\/p>\n<p>Publi\u00e9 \u00e0 l&#8217;occasion des expositions de Wade Guyton au Consortium, Dijon, du 25 juin au 25 septembre 2016 et au MAMCO, Gen\u00e8ve, du 12 octobre 2016 au 29 janvier 2017.<\/p>\n","protected":false},"excerpt":{"rendered":"<p>Nouvelle monographie de l&#8217;artiste am\u00e9ricain, pr\u00e9sentant une trentaine d&#8217;oeuvres in\u00e9dite r\u00e9alis\u00e9e sp\u00e9cifiquement pour un double projet curatorial d&#8217;envergure, avec un essai approfondi, sous la forme d&#8217;une enqu\u00eate, de Tristan Garcia. Wade Guyton produit \u00e9galement des sculptures, des dessins ou des installations, mais il a choisi pour ce projet de se restreindre uniquement au format \u00ab [&hellip;]<\/p>\n","protected":false},"featured_media":29877,"template":"","meta":[],"product_cat":[55,2948,47,2953],"product_tag":[],"acf":[],"yoast_head":"<!-- This site is optimized with the Yoast SEO plugin v20.11 - https:\/\/yoast.com\/wordpress\/plugins\/seo\/ -->\n<title>WADE GUYTON - Librairie 7L<\/title>\n<meta name=\"robots\" content=\"index, follow, max-snippet:-1, max-image-preview:large, max-video-preview:-1\" \/>\n<link rel=\"canonical\" href=\"https:\/\/librairie7l.com\/en\/produit\/wade-guyton\/\" \/>\n<meta property=\"og:locale\" content=\"en_US\" \/>\n<meta property=\"og:type\" content=\"article\" \/>\n<meta property=\"og:title\" content=\"WADE GUYTON - Librairie 7L\" \/>\n<meta property=\"og:description\" content=\"Nouvelle monographie de l&#8217;artiste am\u00e9ricain, pr\u00e9sentant une trentaine d&#8217;oeuvres in\u00e9dite r\u00e9alis\u00e9e sp\u00e9cifiquement pour un double projet curatorial d&#8217;envergure, avec un essai approfondi, sous la forme d&#8217;une enqu\u00eate, de Tristan Garcia. Wade Guyton produit \u00e9galement des sculptures, des dessins ou des installations, mais il a choisi pour ce projet de se restreindre uniquement au format \u00ab [&hellip;]\" \/>\n<meta property=\"og:url\" content=\"https:\/\/librairie7l.com\/en\/produit\/wade-guyton\/\" \/>\n<meta property=\"og:site_name\" content=\"Librairie 7L\" \/>\n<meta property=\"article:modified_time\" content=\"2026-04-16T18:17:54+00:00\" \/>\n<meta property=\"og:image\" content=\"https:\/\/librairie7l.com\/wp-content\/uploads\/2019\/08\/9782378960674_1_75.jpg\" \/>\n\t<meta property=\"og:image:width\" content=\"206\" \/>\n\t<meta property=\"og:image:height\" content=\"300\" \/>\n\t<meta property=\"og:image:type\" content=\"image\/jpeg\" \/>\n<meta name=\"twitter:card\" content=\"summary_large_image\" \/>\n<meta name=\"twitter:label1\" content=\"Est. reading time\" \/>\n\t<meta name=\"twitter:data1\" content=\"2 minutes\" \/>\n<script type=\"application\/ld+json\" class=\"yoast-schema-graph\">{\"@context\":\"https:\/\/schema.org\",\"@graph\":[{\"@type\":\"WebPage\",\"@id\":\"https:\/\/librairie7l.com\/en\/produit\/wade-guyton\/\",\"url\":\"https:\/\/librairie7l.com\/en\/produit\/wade-guyton\/\",\"name\":\"WADE GUYTON - Librairie 7L\",\"isPartOf\":{\"@id\":\"https:\/\/librairie7l.com\/en\/#website\"},\"datePublished\":\"2023-05-10T12:18:03+00:00\",\"dateModified\":\"2026-04-16T18:17:54+00:00\",\"breadcrumb\":{\"@id\":\"https:\/\/librairie7l.com\/en\/produit\/wade-guyton\/#breadcrumb\"},\"inLanguage\":\"en-US\",\"potentialAction\":[{\"@type\":\"ReadAction\",\"target\":[\"https:\/\/librairie7l.com\/en\/produit\/wade-guyton\/\"]}]},{\"@type\":\"BreadcrumbList\",\"@id\":\"https:\/\/librairie7l.com\/en\/produit\/wade-guyton\/#breadcrumb\",\"itemListElement\":[{\"@type\":\"ListItem\",\"position\":1,\"name\":\"Accueil\",\"item\":\"https:\/\/librairie7l.com\/en\/\"},{\"@type\":\"ListItem\",\"position\":2,\"name\":\"Shop\",\"item\":\"https:\/\/librairie7l.com\/en\/shop\/\"},{\"@type\":\"ListItem\",\"position\":3,\"name\":\"WADE GUYTON\"}]},{\"@type\":\"WebSite\",\"@id\":\"https:\/\/librairie7l.com\/en\/#website\",\"url\":\"https:\/\/librairie7l.com\/en\/\",\"name\":\"Librairie 7L\",\"description\":\"Librairie fond\u00e9e en 1999 par Karl Lagerfeld \u00e0 Paris\",\"publisher\":{\"@id\":\"https:\/\/librairie7l.com\/en\/#organization\"},\"potentialAction\":[{\"@type\":\"SearchAction\",\"target\":{\"@type\":\"EntryPoint\",\"urlTemplate\":\"https:\/\/librairie7l.com\/en\/?s={search_term_string}\"},\"query-input\":\"required name=search_term_string\"}],\"inLanguage\":\"en-US\"},{\"@type\":\"Organization\",\"@id\":\"https:\/\/librairie7l.com\/en\/#organization\",\"name\":\"Librairie 7L\",\"url\":\"https:\/\/librairie7l.com\/en\/\",\"logo\":{\"@type\":\"ImageObject\",\"inLanguage\":\"en-US\",\"@id\":\"https:\/\/librairie7l.com\/en\/#\/schema\/logo\/image\/\",\"url\":\"https:\/\/librairie7l.com\/wp-content\/uploads\/2022\/08\/logo-1.png\",\"contentUrl\":\"https:\/\/librairie7l.com\/wp-content\/uploads\/2022\/08\/logo-1.png\",\"width\":227,\"height\":301,\"caption\":\"Librairie 7L\"},\"image\":{\"@id\":\"https:\/\/librairie7l.com\/en\/#\/schema\/logo\/image\/\"}}]}<\/script>\n<!-- \/ Yoast SEO plugin. -->","yoast_head_json":{"title":"WADE GUYTON - Librairie 7L","robots":{"index":"index","follow":"follow","max-snippet":"max-snippet:-1","max-image-preview":"max-image-preview:large","max-video-preview":"max-video-preview:-1"},"canonical":"https:\/\/librairie7l.com\/en\/produit\/wade-guyton\/","og_locale":"en_US","og_type":"article","og_title":"WADE GUYTON - Librairie 7L","og_description":"Nouvelle monographie de l&#8217;artiste am\u00e9ricain, pr\u00e9sentant une trentaine d&#8217;oeuvres in\u00e9dite r\u00e9alis\u00e9e sp\u00e9cifiquement pour un double projet curatorial d&#8217;envergure, avec un essai approfondi, sous la forme d&#8217;une enqu\u00eate, de Tristan Garcia. Wade Guyton produit \u00e9galement des sculptures, des dessins ou des installations, mais il a choisi pour ce projet de se restreindre uniquement au format \u00ab [&hellip;]","og_url":"https:\/\/librairie7l.com\/en\/produit\/wade-guyton\/","og_site_name":"Librairie 7L","article_modified_time":"2026-04-16T18:17:54+00:00","og_image":[{"width":206,"height":300,"url":"https:\/\/librairie7l.com\/wp-content\/uploads\/2019\/08\/9782378960674_1_75.jpg","type":"image\/jpeg"}],"twitter_card":"summary_large_image","twitter_misc":{"Est. reading time":"2 minutes"},"schema":{"@context":"https:\/\/schema.org","@graph":[{"@type":"WebPage","@id":"https:\/\/librairie7l.com\/en\/produit\/wade-guyton\/","url":"https:\/\/librairie7l.com\/en\/produit\/wade-guyton\/","name":"WADE GUYTON - Librairie 7L","isPartOf":{"@id":"https:\/\/librairie7l.com\/en\/#website"},"datePublished":"2023-05-10T12:18:03+00:00","dateModified":"2026-04-16T18:17:54+00:00","breadcrumb":{"@id":"https:\/\/librairie7l.com\/en\/produit\/wade-guyton\/#breadcrumb"},"inLanguage":"en-US","potentialAction":[{"@type":"ReadAction","target":["https:\/\/librairie7l.com\/en\/produit\/wade-guyton\/"]}]},{"@type":"BreadcrumbList","@id":"https:\/\/librairie7l.com\/en\/produit\/wade-guyton\/#breadcrumb","itemListElement":[{"@type":"ListItem","position":1,"name":"Accueil","item":"https:\/\/librairie7l.com\/en\/"},{"@type":"ListItem","position":2,"name":"Shop","item":"https:\/\/librairie7l.com\/en\/shop\/"},{"@type":"ListItem","position":3,"name":"WADE GUYTON"}]},{"@type":"WebSite","@id":"https:\/\/librairie7l.com\/en\/#website","url":"https:\/\/librairie7l.com\/en\/","name":"Librairie 7L","description":"Librairie fond\u00e9e en 1999 par Karl Lagerfeld \u00e0 Paris","publisher":{"@id":"https:\/\/librairie7l.com\/en\/#organization"},"potentialAction":[{"@type":"SearchAction","target":{"@type":"EntryPoint","urlTemplate":"https:\/\/librairie7l.com\/en\/?s={search_term_string}"},"query-input":"required name=search_term_string"}],"inLanguage":"en-US"},{"@type":"Organization","@id":"https:\/\/librairie7l.com\/en\/#organization","name":"Librairie 7L","url":"https:\/\/librairie7l.com\/en\/","logo":{"@type":"ImageObject","inLanguage":"en-US","@id":"https:\/\/librairie7l.com\/en\/#\/schema\/logo\/image\/","url":"https:\/\/librairie7l.com\/wp-content\/uploads\/2022\/08\/logo-1.png","contentUrl":"https:\/\/librairie7l.com\/wp-content\/uploads\/2022\/08\/logo-1.png","width":227,"height":301,"caption":"Librairie 7L"},"image":{"@id":"https:\/\/librairie7l.com\/en\/#\/schema\/logo\/image\/"}}]}},"_links":{"self":[{"href":"https:\/\/librairie7l.com\/en\/wp-json\/wp\/v2\/product\/29879"}],"collection":[{"href":"https:\/\/librairie7l.com\/en\/wp-json\/wp\/v2\/product"}],"about":[{"href":"https:\/\/librairie7l.com\/en\/wp-json\/wp\/v2\/types\/product"}],"wp:featuredmedia":[{"embeddable":true,"href":"https:\/\/librairie7l.com\/en\/wp-json\/wp\/v2\/media\/29877"}],"wp:attachment":[{"href":"https:\/\/librairie7l.com\/en\/wp-json\/wp\/v2\/media?parent=29879"}],"wp:term":[{"taxonomy":"product_cat","embeddable":true,"href":"https:\/\/librairie7l.com\/en\/wp-json\/wp\/v2\/product_cat?post=29879"},{"taxonomy":"product_tag","embeddable":true,"href":"https:\/\/librairie7l.com\/en\/wp-json\/wp\/v2\/product_tag?post=29879"}],"curies":[{"name":"wp","href":"https:\/\/api.w.org\/{rel}","templated":true}]}}