{"id":29895,"date":"2023-05-10T14:18:18","date_gmt":"2023-05-10T12:18:18","guid":{"rendered":"https:\/\/librairie7l.com\/?post_type=product&#038;p=29895"},"modified":"2026-04-06T00:05:46","modified_gmt":"2026-04-05T22:05:46","slug":"goude-croque-chanel","status":"publish","type":"product","link":"https:\/\/librairie7l.com\/en\/produit\/goude-croque-chanel\/","title":{"rendered":"GOUDE CROQUE CHANEL"},"content":{"rendered":"<p>Pour la premi\u00e8re fois, Chanel et Jean-Paul Goude r\u00e9v\u00e8lent les dessins, collages et croquis invisibles qui ont inspir\u00e9 les campagnes publicitaires embl\u00e9matiques de Goude pour les parfums de Chanel \u00ab Egoiste \u00bb et \u00ab Coco \u00bb \u00e0 \u00ab Chanel n \u00b0 5 \u00bb et plus r\u00e9cemment \u00abChance\u00bb. Incontournable pour les amoureux de la maison, cet ouvrage permet \u00e9galement aux cr\u00e9atifs et aux passionn\u00e9s de publicit\u00e9 de d\u00e9couvrir l&#8217;imagination et le processus cr\u00e9atif \u00e0 l&#8217;oeuvre derri\u00e8re ces images inoubliables.<\/p>\n","protected":false},"excerpt":{"rendered":"<p>Pour la premi\u00e8re fois, Chanel et Jean-Paul Goude r\u00e9v\u00e8lent les dessins, collages et croquis invisibles qui ont inspir\u00e9 les campagnes publicitaires embl\u00e9matiques de Goude pour les parfums de Chanel \u00ab Egoiste \u00bb et \u00ab Coco \u00bb \u00e0 \u00ab Chanel n \u00b0 5 \u00bb et plus r\u00e9cemment \u00abChance\u00bb. Incontournable pour les amoureux de la maison, cet [&hellip;]<\/p>\n","protected":false},"featured_media":29893,"template":"","meta":[],"product_cat":[55,2948,2957,19],"product_tag":[],"acf":[],"yoast_head":"<!-- This site is optimized with the Yoast SEO plugin v20.11 - https:\/\/yoast.com\/wordpress\/plugins\/seo\/ -->\n<title>GOUDE CROQUE CHANEL - Librairie 7L<\/title>\n<meta name=\"robots\" content=\"index, follow, max-snippet:-1, max-image-preview:large, max-video-preview:-1\" \/>\n<link rel=\"canonical\" href=\"https:\/\/librairie7l.com\/en\/produit\/goude-croque-chanel\/\" \/>\n<meta property=\"og:locale\" content=\"en_US\" \/>\n<meta property=\"og:type\" content=\"article\" \/>\n<meta property=\"og:title\" content=\"GOUDE CROQUE CHANEL - Librairie 7L\" \/>\n<meta property=\"og:description\" content=\"Pour la premi\u00e8re fois, Chanel et Jean-Paul Goude r\u00e9v\u00e8lent les dessins, collages et croquis invisibles qui ont inspir\u00e9 les campagnes publicitaires embl\u00e9matiques de Goude pour les parfums de Chanel \u00ab Egoiste \u00bb et \u00ab Coco \u00bb \u00e0 \u00ab Chanel n \u00b0 5 \u00bb et plus r\u00e9cemment \u00abChance\u00bb. Incontournable pour les amoureux de la maison, cet [&hellip;]\" \/>\n<meta property=\"og:url\" content=\"https:\/\/librairie7l.com\/en\/produit\/goude-croque-chanel\/\" \/>\n<meta property=\"og:site_name\" content=\"Librairie 7L\" \/>\n<meta property=\"article:modified_time\" content=\"2026-04-05T22:05:46+00:00\" \/>\n<meta property=\"og:image\" content=\"https:\/\/librairie7l.com\/wp-content\/uploads\/2019\/12\/9780500023518_1_75.jpg\" \/>\n\t<meta property=\"og:image:width\" content=\"597\" \/>\n\t<meta property=\"og:image:height\" content=\"600\" \/>\n\t<meta property=\"og:image:type\" content=\"image\/jpeg\" \/>\n<meta name=\"twitter:card\" content=\"summary_large_image\" \/>\n<script type=\"application\/ld+json\" class=\"yoast-schema-graph\">{\"@context\":\"https:\/\/schema.org\",\"@graph\":[{\"@type\":\"WebPage\",\"@id\":\"https:\/\/librairie7l.com\/en\/produit\/goude-croque-chanel\/\",\"url\":\"https:\/\/librairie7l.com\/en\/produit\/goude-croque-chanel\/\",\"name\":\"GOUDE CROQUE CHANEL - Librairie 7L\",\"isPartOf\":{\"@id\":\"https:\/\/librairie7l.com\/en\/#website\"},\"datePublished\":\"2023-05-10T12:18:18+00:00\",\"dateModified\":\"2026-04-05T22:05:46+00:00\",\"breadcrumb\":{\"@id\":\"https:\/\/librairie7l.com\/en\/produit\/goude-croque-chanel\/#breadcrumb\"},\"inLanguage\":\"en-US\",\"potentialAction\":[{\"@type\":\"ReadAction\",\"target\":[\"https:\/\/librairie7l.com\/en\/produit\/goude-croque-chanel\/\"]}]},{\"@type\":\"BreadcrumbList\",\"@id\":\"https:\/\/librairie7l.com\/en\/produit\/goude-croque-chanel\/#breadcrumb\",\"itemListElement\":[{\"@type\":\"ListItem\",\"position\":1,\"name\":\"Accueil\",\"item\":\"https:\/\/librairie7l.com\/en\/\"},{\"@type\":\"ListItem\",\"position\":2,\"name\":\"Shop\",\"item\":\"https:\/\/librairie7l.com\/en\/shop\/\"},{\"@type\":\"ListItem\",\"position\":3,\"name\":\"GOUDE CROQUE CHANEL\"}]},{\"@type\":\"WebSite\",\"@id\":\"https:\/\/librairie7l.com\/en\/#website\",\"url\":\"https:\/\/librairie7l.com\/en\/\",\"name\":\"Librairie 7L\",\"description\":\"Librairie fond\u00e9e en 1999 par Karl Lagerfeld \u00e0 Paris\",\"publisher\":{\"@id\":\"https:\/\/librairie7l.com\/en\/#organization\"},\"potentialAction\":[{\"@type\":\"SearchAction\",\"target\":{\"@type\":\"EntryPoint\",\"urlTemplate\":\"https:\/\/librairie7l.com\/en\/?s={search_term_string}\"},\"query-input\":\"required name=search_term_string\"}],\"inLanguage\":\"en-US\"},{\"@type\":\"Organization\",\"@id\":\"https:\/\/librairie7l.com\/en\/#organization\",\"name\":\"Librairie 7L\",\"url\":\"https:\/\/librairie7l.com\/en\/\",\"logo\":{\"@type\":\"ImageObject\",\"inLanguage\":\"en-US\",\"@id\":\"https:\/\/librairie7l.com\/en\/#\/schema\/logo\/image\/\",\"url\":\"https:\/\/librairie7l.com\/wp-content\/uploads\/2022\/08\/logo-1.png\",\"contentUrl\":\"https:\/\/librairie7l.com\/wp-content\/uploads\/2022\/08\/logo-1.png\",\"width\":227,\"height\":301,\"caption\":\"Librairie 7L\"},\"image\":{\"@id\":\"https:\/\/librairie7l.com\/en\/#\/schema\/logo\/image\/\"}}]}<\/script>\n<!-- \/ Yoast SEO plugin. -->","yoast_head_json":{"title":"GOUDE CROQUE CHANEL - Librairie 7L","robots":{"index":"index","follow":"follow","max-snippet":"max-snippet:-1","max-image-preview":"max-image-preview:large","max-video-preview":"max-video-preview:-1"},"canonical":"https:\/\/librairie7l.com\/en\/produit\/goude-croque-chanel\/","og_locale":"en_US","og_type":"article","og_title":"GOUDE CROQUE CHANEL - Librairie 7L","og_description":"Pour la premi\u00e8re fois, Chanel et Jean-Paul Goude r\u00e9v\u00e8lent les dessins, collages et croquis invisibles qui ont inspir\u00e9 les campagnes publicitaires embl\u00e9matiques de Goude pour les parfums de Chanel \u00ab Egoiste \u00bb et \u00ab Coco \u00bb \u00e0 \u00ab Chanel n \u00b0 5 \u00bb et plus r\u00e9cemment \u00abChance\u00bb. Incontournable pour les amoureux de la maison, cet [&hellip;]","og_url":"https:\/\/librairie7l.com\/en\/produit\/goude-croque-chanel\/","og_site_name":"Librairie 7L","article_modified_time":"2026-04-05T22:05:46+00:00","og_image":[{"width":597,"height":600,"url":"https:\/\/librairie7l.com\/wp-content\/uploads\/2019\/12\/9780500023518_1_75.jpg","type":"image\/jpeg"}],"twitter_card":"summary_large_image","schema":{"@context":"https:\/\/schema.org","@graph":[{"@type":"WebPage","@id":"https:\/\/librairie7l.com\/en\/produit\/goude-croque-chanel\/","url":"https:\/\/librairie7l.com\/en\/produit\/goude-croque-chanel\/","name":"GOUDE CROQUE CHANEL - Librairie 7L","isPartOf":{"@id":"https:\/\/librairie7l.com\/en\/#website"},"datePublished":"2023-05-10T12:18:18+00:00","dateModified":"2026-04-05T22:05:46+00:00","breadcrumb":{"@id":"https:\/\/librairie7l.com\/en\/produit\/goude-croque-chanel\/#breadcrumb"},"inLanguage":"en-US","potentialAction":[{"@type":"ReadAction","target":["https:\/\/librairie7l.com\/en\/produit\/goude-croque-chanel\/"]}]},{"@type":"BreadcrumbList","@id":"https:\/\/librairie7l.com\/en\/produit\/goude-croque-chanel\/#breadcrumb","itemListElement":[{"@type":"ListItem","position":1,"name":"Accueil","item":"https:\/\/librairie7l.com\/en\/"},{"@type":"ListItem","position":2,"name":"Shop","item":"https:\/\/librairie7l.com\/en\/shop\/"},{"@type":"ListItem","position":3,"name":"GOUDE CROQUE CHANEL"}]},{"@type":"WebSite","@id":"https:\/\/librairie7l.com\/en\/#website","url":"https:\/\/librairie7l.com\/en\/","name":"Librairie 7L","description":"Librairie fond\u00e9e en 1999 par Karl Lagerfeld \u00e0 Paris","publisher":{"@id":"https:\/\/librairie7l.com\/en\/#organization"},"potentialAction":[{"@type":"SearchAction","target":{"@type":"EntryPoint","urlTemplate":"https:\/\/librairie7l.com\/en\/?s={search_term_string}"},"query-input":"required name=search_term_string"}],"inLanguage":"en-US"},{"@type":"Organization","@id":"https:\/\/librairie7l.com\/en\/#organization","name":"Librairie 7L","url":"https:\/\/librairie7l.com\/en\/","logo":{"@type":"ImageObject","inLanguage":"en-US","@id":"https:\/\/librairie7l.com\/en\/#\/schema\/logo\/image\/","url":"https:\/\/librairie7l.com\/wp-content\/uploads\/2022\/08\/logo-1.png","contentUrl":"https:\/\/librairie7l.com\/wp-content\/uploads\/2022\/08\/logo-1.png","width":227,"height":301,"caption":"Librairie 7L"},"image":{"@id":"https:\/\/librairie7l.com\/en\/#\/schema\/logo\/image\/"}}]}},"_links":{"self":[{"href":"https:\/\/librairie7l.com\/en\/wp-json\/wp\/v2\/product\/29895"}],"collection":[{"href":"https:\/\/librairie7l.com\/en\/wp-json\/wp\/v2\/product"}],"about":[{"href":"https:\/\/librairie7l.com\/en\/wp-json\/wp\/v2\/types\/product"}],"wp:featuredmedia":[{"embeddable":true,"href":"https:\/\/librairie7l.com\/en\/wp-json\/wp\/v2\/media\/29893"}],"wp:attachment":[{"href":"https:\/\/librairie7l.com\/en\/wp-json\/wp\/v2\/media?parent=29895"}],"wp:term":[{"taxonomy":"product_cat","embeddable":true,"href":"https:\/\/librairie7l.com\/en\/wp-json\/wp\/v2\/product_cat?post=29895"},{"taxonomy":"product_tag","embeddable":true,"href":"https:\/\/librairie7l.com\/en\/wp-json\/wp\/v2\/product_tag?post=29895"}],"curies":[{"name":"wp","href":"https:\/\/api.w.org\/{rel}","templated":true}]}}