{"id":29903,"date":"2023-05-10T14:18:33","date_gmt":"2023-05-10T12:18:33","guid":{"rendered":"https:\/\/librairie7l.com\/?post_type=product&#038;p=29903"},"modified":"2026-04-06T05:10:30","modified_gmt":"2026-04-06T03:10:30","slug":"optimum-type-custom-typography-design-and-application","status":"publish","type":"product","link":"https:\/\/librairie7l.com\/en\/produit\/optimum-type-custom-typography-design-and-application\/","title":{"rendered":"OPTIMUM TYPE ; CUSTOM TYPOGRAPHY DESIGN AND APPLICATION"},"content":{"rendered":"<p>Lorsque nous lisons, notre cerveau d\u00e9code une s\u00e9rie de symboles abstraits et synth\u00e9tise les r\u00e9sultats en id\u00e9es complexes. En fait, nous voyons avant de lire. Nous reconnaissons le caract\u00e8re d&#8217;un mot avant d&#8217;en d\u00e9terminer sa signification. Un type de caract\u00e8re d&#8217;\u00e9criture personnalis\u00e9 exploite cet avantage pour mettre en \u00e9vidence une marque sp\u00e9cifique, d\u00e9livrer \u00e0 la fois son image et son message et la faire ressortir du lot. Pour cr\u00e9er un caract\u00e8re optimal, un designer doit comprendre la philosophie de la marque, communiquer avec son client en ressentant de l&#8217;empathie et parvenir \u00e0 une solution parfaite gr\u00e2ce \u00e0 ses comp\u00e9tences professionnelles.<br \/>\nCette publication pr\u00e9sente plus d&#8217;une centaine de caract\u00e8res personnalis\u00e9s cr\u00e9\u00e9s par des concepteurs et des agences dans divers contextes culturels. Le lecteur se familiarisera avec ces processus de cr\u00e9ation et trouvera l&#8217;inspiration pour concevoir des caract\u00e8res d&#8217;\u00e9criture qui satisferont ses clients et impressionneront tous ceux qui les auront sous les yeux.<\/p>\n","protected":false},"excerpt":{"rendered":"<p>Lorsque nous lisons, notre cerveau d\u00e9code une s\u00e9rie de symboles abstraits et synth\u00e9tise les r\u00e9sultats en id\u00e9es complexes. En fait, nous voyons avant de lire. Nous reconnaissons le caract\u00e8re d&#8217;un mot avant d&#8217;en d\u00e9terminer sa signification. Un type de caract\u00e8re d&#8217;\u00e9criture personnalis\u00e9 exploite cet avantage pour mettre en \u00e9vidence une marque sp\u00e9cifique, d\u00e9livrer \u00e0 la [&hellip;]<\/p>\n","protected":false},"featured_media":29901,"template":"","meta":[],"product_cat":[55,2948,18,2952],"product_tag":[],"acf":[],"yoast_head":"<!-- This site is optimized with the Yoast SEO plugin v20.11 - https:\/\/yoast.com\/wordpress\/plugins\/seo\/ -->\n<title>OPTIMUM TYPE ; CUSTOM TYPOGRAPHY DESIGN AND APPLICATION - Librairie 7L<\/title>\n<meta name=\"robots\" content=\"index, follow, max-snippet:-1, max-image-preview:large, max-video-preview:-1\" \/>\n<link rel=\"canonical\" href=\"https:\/\/librairie7l.com\/en\/produit\/optimum-type-custom-typography-design-and-application\/\" \/>\n<meta property=\"og:locale\" content=\"en_US\" \/>\n<meta property=\"og:type\" content=\"article\" \/>\n<meta property=\"og:title\" content=\"OPTIMUM TYPE ; CUSTOM TYPOGRAPHY DESIGN AND APPLICATION - Librairie 7L\" \/>\n<meta property=\"og:description\" content=\"Lorsque nous lisons, notre cerveau d\u00e9code une s\u00e9rie de symboles abstraits et synth\u00e9tise les r\u00e9sultats en id\u00e9es complexes. En fait, nous voyons avant de lire. Nous reconnaissons le caract\u00e8re d&#8217;un mot avant d&#8217;en d\u00e9terminer sa signification. Un type de caract\u00e8re d&#8217;\u00e9criture personnalis\u00e9 exploite cet avantage pour mettre en \u00e9vidence une marque sp\u00e9cifique, d\u00e9livrer \u00e0 la [&hellip;]\" \/>\n<meta property=\"og:url\" content=\"https:\/\/librairie7l.com\/en\/produit\/optimum-type-custom-typography-design-and-application\/\" \/>\n<meta property=\"og:site_name\" content=\"Librairie 7L\" \/>\n<meta property=\"article:modified_time\" content=\"2026-04-06T03:10:30+00:00\" \/>\n<meta property=\"og:image\" content=\"https:\/\/librairie7l.com\/wp-content\/uploads\/2020\/01\/9788417656249_1_75.jpg\" \/>\n\t<meta property=\"og:image:width\" content=\"400\" \/>\n\t<meta property=\"og:image:height\" content=\"538\" \/>\n\t<meta property=\"og:image:type\" content=\"image\/jpeg\" \/>\n<meta name=\"twitter:card\" content=\"summary_large_image\" \/>\n<meta name=\"twitter:label1\" content=\"Est. reading time\" \/>\n\t<meta name=\"twitter:data1\" content=\"1 minute\" \/>\n<script type=\"application\/ld+json\" class=\"yoast-schema-graph\">{\"@context\":\"https:\/\/schema.org\",\"@graph\":[{\"@type\":\"WebPage\",\"@id\":\"https:\/\/librairie7l.com\/en\/produit\/optimum-type-custom-typography-design-and-application\/\",\"url\":\"https:\/\/librairie7l.com\/en\/produit\/optimum-type-custom-typography-design-and-application\/\",\"name\":\"OPTIMUM TYPE ; CUSTOM TYPOGRAPHY DESIGN AND APPLICATION - Librairie 7L\",\"isPartOf\":{\"@id\":\"https:\/\/librairie7l.com\/en\/#website\"},\"datePublished\":\"2023-05-10T12:18:33+00:00\",\"dateModified\":\"2026-04-06T03:10:30+00:00\",\"breadcrumb\":{\"@id\":\"https:\/\/librairie7l.com\/en\/produit\/optimum-type-custom-typography-design-and-application\/#breadcrumb\"},\"inLanguage\":\"en-US\",\"potentialAction\":[{\"@type\":\"ReadAction\",\"target\":[\"https:\/\/librairie7l.com\/en\/produit\/optimum-type-custom-typography-design-and-application\/\"]}]},{\"@type\":\"BreadcrumbList\",\"@id\":\"https:\/\/librairie7l.com\/en\/produit\/optimum-type-custom-typography-design-and-application\/#breadcrumb\",\"itemListElement\":[{\"@type\":\"ListItem\",\"position\":1,\"name\":\"Accueil\",\"item\":\"https:\/\/librairie7l.com\/en\/\"},{\"@type\":\"ListItem\",\"position\":2,\"name\":\"Shop\",\"item\":\"https:\/\/librairie7l.com\/en\/shop\/\"},{\"@type\":\"ListItem\",\"position\":3,\"name\":\"OPTIMUM TYPE ; CUSTOM TYPOGRAPHY DESIGN AND APPLICATION\"}]},{\"@type\":\"WebSite\",\"@id\":\"https:\/\/librairie7l.com\/en\/#website\",\"url\":\"https:\/\/librairie7l.com\/en\/\",\"name\":\"Librairie 7L\",\"description\":\"Librairie fond\u00e9e en 1999 par Karl Lagerfeld \u00e0 Paris\",\"publisher\":{\"@id\":\"https:\/\/librairie7l.com\/en\/#organization\"},\"potentialAction\":[{\"@type\":\"SearchAction\",\"target\":{\"@type\":\"EntryPoint\",\"urlTemplate\":\"https:\/\/librairie7l.com\/en\/?s={search_term_string}\"},\"query-input\":\"required name=search_term_string\"}],\"inLanguage\":\"en-US\"},{\"@type\":\"Organization\",\"@id\":\"https:\/\/librairie7l.com\/en\/#organization\",\"name\":\"Librairie 7L\",\"url\":\"https:\/\/librairie7l.com\/en\/\",\"logo\":{\"@type\":\"ImageObject\",\"inLanguage\":\"en-US\",\"@id\":\"https:\/\/librairie7l.com\/en\/#\/schema\/logo\/image\/\",\"url\":\"https:\/\/librairie7l.com\/wp-content\/uploads\/2022\/08\/logo-1.png\",\"contentUrl\":\"https:\/\/librairie7l.com\/wp-content\/uploads\/2022\/08\/logo-1.png\",\"width\":227,\"height\":301,\"caption\":\"Librairie 7L\"},\"image\":{\"@id\":\"https:\/\/librairie7l.com\/en\/#\/schema\/logo\/image\/\"}}]}<\/script>\n<!-- \/ Yoast SEO plugin. -->","yoast_head_json":{"title":"OPTIMUM TYPE ; CUSTOM TYPOGRAPHY DESIGN AND APPLICATION - Librairie 7L","robots":{"index":"index","follow":"follow","max-snippet":"max-snippet:-1","max-image-preview":"max-image-preview:large","max-video-preview":"max-video-preview:-1"},"canonical":"https:\/\/librairie7l.com\/en\/produit\/optimum-type-custom-typography-design-and-application\/","og_locale":"en_US","og_type":"article","og_title":"OPTIMUM TYPE ; CUSTOM TYPOGRAPHY DESIGN AND APPLICATION - Librairie 7L","og_description":"Lorsque nous lisons, notre cerveau d\u00e9code une s\u00e9rie de symboles abstraits et synth\u00e9tise les r\u00e9sultats en id\u00e9es complexes. En fait, nous voyons avant de lire. Nous reconnaissons le caract\u00e8re d&#8217;un mot avant d&#8217;en d\u00e9terminer sa signification. Un type de caract\u00e8re d&#8217;\u00e9criture personnalis\u00e9 exploite cet avantage pour mettre en \u00e9vidence une marque sp\u00e9cifique, d\u00e9livrer \u00e0 la [&hellip;]","og_url":"https:\/\/librairie7l.com\/en\/produit\/optimum-type-custom-typography-design-and-application\/","og_site_name":"Librairie 7L","article_modified_time":"2026-04-06T03:10:30+00:00","og_image":[{"width":400,"height":538,"url":"https:\/\/librairie7l.com\/wp-content\/uploads\/2020\/01\/9788417656249_1_75.jpg","type":"image\/jpeg"}],"twitter_card":"summary_large_image","twitter_misc":{"Est. reading time":"1 minute"},"schema":{"@context":"https:\/\/schema.org","@graph":[{"@type":"WebPage","@id":"https:\/\/librairie7l.com\/en\/produit\/optimum-type-custom-typography-design-and-application\/","url":"https:\/\/librairie7l.com\/en\/produit\/optimum-type-custom-typography-design-and-application\/","name":"OPTIMUM TYPE ; CUSTOM TYPOGRAPHY DESIGN AND APPLICATION - Librairie 7L","isPartOf":{"@id":"https:\/\/librairie7l.com\/en\/#website"},"datePublished":"2023-05-10T12:18:33+00:00","dateModified":"2026-04-06T03:10:30+00:00","breadcrumb":{"@id":"https:\/\/librairie7l.com\/en\/produit\/optimum-type-custom-typography-design-and-application\/#breadcrumb"},"inLanguage":"en-US","potentialAction":[{"@type":"ReadAction","target":["https:\/\/librairie7l.com\/en\/produit\/optimum-type-custom-typography-design-and-application\/"]}]},{"@type":"BreadcrumbList","@id":"https:\/\/librairie7l.com\/en\/produit\/optimum-type-custom-typography-design-and-application\/#breadcrumb","itemListElement":[{"@type":"ListItem","position":1,"name":"Accueil","item":"https:\/\/librairie7l.com\/en\/"},{"@type":"ListItem","position":2,"name":"Shop","item":"https:\/\/librairie7l.com\/en\/shop\/"},{"@type":"ListItem","position":3,"name":"OPTIMUM TYPE ; CUSTOM TYPOGRAPHY DESIGN AND APPLICATION"}]},{"@type":"WebSite","@id":"https:\/\/librairie7l.com\/en\/#website","url":"https:\/\/librairie7l.com\/en\/","name":"Librairie 7L","description":"Librairie fond\u00e9e en 1999 par Karl Lagerfeld \u00e0 Paris","publisher":{"@id":"https:\/\/librairie7l.com\/en\/#organization"},"potentialAction":[{"@type":"SearchAction","target":{"@type":"EntryPoint","urlTemplate":"https:\/\/librairie7l.com\/en\/?s={search_term_string}"},"query-input":"required name=search_term_string"}],"inLanguage":"en-US"},{"@type":"Organization","@id":"https:\/\/librairie7l.com\/en\/#organization","name":"Librairie 7L","url":"https:\/\/librairie7l.com\/en\/","logo":{"@type":"ImageObject","inLanguage":"en-US","@id":"https:\/\/librairie7l.com\/en\/#\/schema\/logo\/image\/","url":"https:\/\/librairie7l.com\/wp-content\/uploads\/2022\/08\/logo-1.png","contentUrl":"https:\/\/librairie7l.com\/wp-content\/uploads\/2022\/08\/logo-1.png","width":227,"height":301,"caption":"Librairie 7L"},"image":{"@id":"https:\/\/librairie7l.com\/en\/#\/schema\/logo\/image\/"}}]}},"_links":{"self":[{"href":"https:\/\/librairie7l.com\/en\/wp-json\/wp\/v2\/product\/29903"}],"collection":[{"href":"https:\/\/librairie7l.com\/en\/wp-json\/wp\/v2\/product"}],"about":[{"href":"https:\/\/librairie7l.com\/en\/wp-json\/wp\/v2\/types\/product"}],"wp:featuredmedia":[{"embeddable":true,"href":"https:\/\/librairie7l.com\/en\/wp-json\/wp\/v2\/media\/29901"}],"wp:attachment":[{"href":"https:\/\/librairie7l.com\/en\/wp-json\/wp\/v2\/media?parent=29903"}],"wp:term":[{"taxonomy":"product_cat","embeddable":true,"href":"https:\/\/librairie7l.com\/en\/wp-json\/wp\/v2\/product_cat?post=29903"},{"taxonomy":"product_tag","embeddable":true,"href":"https:\/\/librairie7l.com\/en\/wp-json\/wp\/v2\/product_tag?post=29903"}],"curies":[{"name":"wp","href":"https:\/\/api.w.org\/{rel}","templated":true}]}}